{"id":1323,"date":"2020-04-21T18:19:02","date_gmt":"2020-04-21T22:19:02","guid":{"rendered":"https:\/\/www.archspm.org\/what-are-holy-orders-and-where-do-they-come-from\/"},"modified":"2020-04-21T18:19:02","modified_gmt":"2020-04-21T22:19:02","slug":"what-are-holy-orders-and-where-do-they-come-from","status":"publish","type":"page","link":"https:\/\/www.archspm.org\/es\/what-are-holy-orders-and-where-do-they-come-from\/","title":{"rendered":"\u00bfQu\u00e9 son las \"Sagradas \u00d3rdenes\" y de d\u00f3nde proceden?"},"content":{"rendered":"<h1 class=\"entry-title\">\u00bfQu\u00e9 son las \"Sagradas \u00d3rdenes\" y de d\u00f3nde proceden?<\/h1>\n<div class=\"entry-content\">\n<div>\n<p><strong>Un sacramento<\/strong>. La Ordenaci\u00f3n Sacerdotal es uno de los siete sacramentos. Junto con el Sacramento del Matrimonio, pertenece a un grupo especial de sacramentos conocidos como los Sacramentos del Compromiso. Estos dos sacramentos son \u201csacramentos al servicio de la comuni\u00f3n\u201d, \u201cdirigidos a la salvaci\u00f3n de los dem\u00e1s\u201d y \u201csirven para edificar al pueblo de Dios\u201d (<em>Catecismo<\/em>, n.\u00ba 1534).<\/p>\n<p><strong>Tres grados<\/strong>. Si bien todos los bautizados participan del sacerdocio universal, las \u00d3rdenes Sagradas son el sacramento del ministerio ordenado. Las \u00d3rdenes Sagradas se dividen en tres grados: di\u00e1cono, sacerdote o presb\u00edtero y obispo. Solo dos grados comparten el sacerdocio ministerial: los obispos y los sacerdotes. Los sacerdotes son colaboradores de los obispos, mientras que los di\u00e1conos asisten a los sacerdotes.<\/p>\n<p><strong>Ministerios ordenados<\/strong>. Las \u00f3rdenes sagradas son \u201csagradas\u201d porque tienen un car\u00e1cter sagrado y son \u201cordenadas\u201d porque est\u00e1n estructuradas, jerarquizadas con niveles crecientes de responsabilidad. Por ejemplo, un di\u00e1cono puede predicar y bautizar, pero no puede celebrar la misa ni escuchar confesiones; un sacerdote puede celebrar la misa y escuchar confesiones, pero no puede ordenar; un obispo puede ordenar, pero no solo eso, sino que tambi\u00e9n puede desempe\u00f1ar todas las funciones sacerdotales porque posee la plenitud de las \u00d3rdenes Sagradas. Estos ministerios dan \u201csanta orden\u201d a la Iglesia.<\/p>\n<p><strong>Los primeros fundamentos b\u00edblicos<\/strong>. Los inicios del sacerdocio ministerial se encuentran en el Antiguo Testamento. Melquisedec era un sacerdote de Dios, el primero en ofrecer pan y vino (G\u00e9nesis 14:18). Luego, comenzando con Aar\u00f3n, los levitas fueron elegidos especialmente para el servicio sacerdotal (N\u00fameros 3:5-10), y fueron consagrados para este deber sagrado en un ritual de ordenaci\u00f3n cuidadosamente prescrito (\u00c9xodo 29; Lev\u00edtico 8). Los levitas presid\u00edan los asuntos del Templo y serv\u00edan de mediadores en la ofrenda de sacrificios en nombre de los pecadores. El sacerdocio de la Primera Alianza anticipa a Jes\u00fas, el \u00fanico y eterno sumo sacerdote, \u201c\u00fanico mediador entre Dios y los hombres\u201d (1 Tim 2, 5), y los sacerdotes ordenados participan en su sacerdocio.<\/p>\n<p><strong>Un sacramento instituido por Cristo<\/strong>. El sacerdocio ministerial fue establecido por Jes\u00fas cuando pidi\u00f3 a sus ap\u00f3stoles que continuaran los ministerios que \u00e9l hab\u00eda iniciado. La noche del Jueves Santo, cuando Jes\u00fas instituy\u00f3 la Eucarist\u00eda, dijo a sus ap\u00f3stoles: \u201cHaced esto en memoria m\u00eda\u201d (Lc 22, 19). Cuando Jes\u00fas resucitado se apareci\u00f3 a los ap\u00f3stoles en el Cen\u00e1culo, les dijo: \u201cComo el Padre me envi\u00f3, as\u00ed os env\u00edo yo\u201d (Jn 20, 21), y para prepararlos para su misi\u00f3n, Jes\u00fas sopl\u00f3 sobre ellos y les dijo: \u201cRecibid el Esp\u00edritu Santo\u201d (Jn 20, 22). Antes de ascender al cielo, Jes\u00fas dio instrucciones a los ap\u00f3stoles: \u201cId y haced disc\u00edpulos a todas las naciones. Bautizadlos. Ense\u00f1adles\u201d (v\u00e9ase Mt 28, 19-20). Jes\u00fas, el Buen Pastor, pidi\u00f3 a Pedro que continuara con sus tareas de pastor cuando le dijo: \u201cApacienta mis corderos, cuida mis ovejas\u201d (Jn 21, 15-16). Las \u00faltimas palabras de instrucci\u00f3n de Jes\u00fas a sus ap\u00f3stoles fueron: \u2019Ser\u00e9is mis testigos [...] hasta los confines de la tierra\u201c (Hch 1, 8).<\/p>\n<p><strong>Una llamada divina<\/strong>. La llamada a la vocaci\u00f3n sacerdotal comienza con Dios, no con la persona. La carta a los Hebreos explica: \u201cNadie toma para s\u00ed este honor, sino solo cuando es llamado por Dios\u201d (Heb 5, 4). El sacerdote es \u201ctomado de entre los hombres y hecho su representante ante Dios\u201d, y es deber del sacerdote \u201cofrecer dones y sacrificios por los pecados\u201d (Heb 5, 1).<\/p>\n<p><strong>Una vocaci\u00f3n extraordinariamente elevada<\/strong>. El sacerdote sirve.\u00a0<em>en persona Christi<\/em>, del lat\u00edn \u201cen la persona de Cristo\u201d. El sacerdote nunca act\u00faa en su propio nombre. M\u00e1s bien, Cristo se apodera de su ser y, en su humilde y amoroso servicio, \u00e9l es la presencia visible de Cristo en la comunidad.<\/p>\n<p><strong>Ministerios del Oficio Sacerdotal<\/strong>. Las principales funciones del sacerdote son ofrecer el santo sacrificio de la Misa y predicar el Evangelio. La Eucarist\u00eda es la fuente y la cumbre de la vida cristiana, y sin sacerdotes, la Iglesia estar\u00eda privada de la Eucarist\u00eda. El sacerdote es tambi\u00e9n un predicador, y debe predicar primero con la santidad de su vida y, solo entonces, con sus palabras. El sacerdote es un santificador, un veh\u00edculo de la gracia de Dios para el pueblo, y el pastor que gu\u00eda al pueblo hacia una mayor virtud y su conducto hacia un v\u00ednculo m\u00e1s \u00edntimo con Dios.<\/p>\n<p><strong>Una ventana a Dios<\/strong>. Un sacerdote nunca debe llamar la atenci\u00f3n sobre s\u00ed mismo. Debe ser transparente. Cuando la gente ve al sacerdote, debe poder ver a trav\u00e9s de \u00e9l a Dios. El pecado es suciedad en la superficie que oscurece una visi\u00f3n clara. Por lo tanto, cada sacerdote est\u00e1 llamado a una santidad ejemplar, a ser una ventana reluciente, para que la gente no se distraiga con el sacerdote, sino que pueda ver m\u00e1s all\u00e1 de \u00e9l, hacia el verdadero centro de su oraci\u00f3n y los deseos de su coraz\u00f3n, hacia Dios \u00fanicamente.<\/p>\n<p><em>2011, Rev. Michael A. Van Sloun<\/em><br \/>\n<em>Utilizado con autorizaci\u00f3n.<\/em><\/p>\n<\/div>\n<\/div>","protected":false},"excerpt":{"rendered":"<p>What are \u201cHoly Orders\u201d and where do they come from? A Sacrament. Holy Orders is one of the seven sacraments. It, along with the Sacrament of Marriage, belongs to a special group of sacraments known as the Sacraments of Commitment. These two sacraments are \u201csacraments at the service of communion,\u201d \u201cdirected toward the salvation of [&hellip;]<\/p>\n","protected":false},"author":2,"featured_media":6955,"parent":0,"menu_order":0,"comment_status":"closed","ping_status":"closed","template":"","meta":{"footnotes":""},"class_list":["post-1323","page","type-page","status-publish","has-post-thumbnail","hentry"],"_links":{"self":[{"href":"https:\/\/www.archspm.org\/es\/wp-json\/wp\/v2\/pages\/1323","targetHints":{"allow":["GET"]}}],"collection":[{"href":"https:\/\/www.archspm.org\/es\/wp-json\/wp\/v2\/pages"}],"about":[{"href":"https:\/\/www.archspm.org\/es\/wp-json\/wp\/v2\/types\/page"}],"author":[{"embeddable":true,"href":"https:\/\/www.archspm.org\/es\/wp-json\/wp\/v2\/users\/2"}],"replies":[{"embeddable":true,"href":"https:\/\/www.archspm.org\/es\/wp-json\/wp\/v2\/comments?post=1323"}],"version-history":[{"count":0,"href":"https:\/\/www.archspm.org\/es\/wp-json\/wp\/v2\/pages\/1323\/revisions"}],"wp:featuredmedia":[{"embeddable":true,"href":"https:\/\/www.archspm.org\/es\/wp-json\/wp\/v2\/media\/6955"}],"wp:attachment":[{"href":"https:\/\/www.archspm.org\/es\/wp-json\/wp\/v2\/media?parent=1323"}],"curies":[{"name":"wp","href":"https:\/\/api.w.org\/{rel}","templated":true}]}}