{"id":1324,"date":"2020-04-21T18:22:07","date_gmt":"2020-04-21T22:22:07","guid":{"rendered":"https:\/\/www.archspm.org\/what-effect-does-holy-orders-have-on-the-man-who-receives-the-sacrament\/"},"modified":"2020-04-21T18:22:07","modified_gmt":"2020-04-21T22:22:07","slug":"what-effect-does-holy-orders-have-on-the-man-who-receives-the-sacrament","status":"publish","type":"page","link":"https:\/\/www.archspm.org\/es\/what-effect-does-holy-orders-have-on-the-man-who-receives-the-sacrament\/","title":{"rendered":"\u00bfQu\u00e9 efecto tiene el Orden Sagrado en el hombre que recibe el sacramento?"},"content":{"rendered":"<h1 class=\"entry-title\">\u00bfQu\u00e9 efecto tiene el Orden Sagrado en el hombre que recibe el sacramento?<\/h1>\n<p>Este sacramento configura al obispo y al sacerdote con Cristo como Cabeza de la Iglesia en su triple oficio de sacerdote, profeta y rey. Este sacramento configura al di\u00e1cono con Cristo como siervo.<\/p>\n<p>El sacramento del Orden Sagrado, al igual que el Bautismo y la Confirmaci\u00f3n, confiere un car\u00e1cter indeleble o permanente al que lo recibe. Esto significa que este sacramento no puede recibirse de nuevo. El car\u00e1cter indeleble es un recordatorio para el obispo, el sacerdote o el di\u00e1cono de que la vocaci\u00f3n y la misi\u00f3n que recibi\u00f3 el d\u00eda de su ordenaci\u00f3n lo marcan de forma permanente. Al igual que el Bautismo y la Confirmaci\u00f3n, que tambi\u00e9n confieren un car\u00e1cter permanente, el Orden Sagrado nunca se repite.<\/p>\n<p>A un obispo se le concede la gracia de ense\u00f1ar en nombre de Cristo; santificar a la Iglesia mediante la celebraci\u00f3n de los sacramentos; guiar, gobernar y defender a la Iglesia; y ser un signo de la unidad de la Iglesia.<\/p>\n<p>A un sacerdote se le concede la gracia de proclamar el Evangelio y predicar, celebrar los sacramentos (excepto las \u00f3rdenes sagradas) y pastorear al pueblo que se le ha confiado.<\/p>\n<p>Un di\u00e1cono en la Iglesia latina es ordenado para proclamar el Evangelio y predicar, bautizar, ayudar al obispo o al sacerdote en la celebraci\u00f3n de la Eucarist\u00eda, asistir y bendecir matrimonios, presidir funerales y servir a la comunidad a trav\u00e9s de obras de caridad.<\/p>\n<p>Puede leer m\u00e1s en\u00a0<em>Catecismo Cat\u00f3lico de los Estados Unidos para Adultos<\/em>pida su propio ejemplar o lea preguntas sobre \u00e9l en el\u00a0<a href=\"http:\/\/usccb.org\/\" target=\"_blank\" rel=\"noopener noreferrer\">Sitio web de la Conferencia Episcopal de Estados Unidos<\/a>.<\/p>\n<p><em>Copyright \u00a9 2006, United States Conference of Catholic Bishops, Washington, D.C. Todos los derechos reservados. Ninguna parte de esta obra puede ser reproducida o transmitida de ninguna forma o por ning\u00fan medio, electr\u00f3nico o mec\u00e1nico, incluyendo fotocopia, grabaci\u00f3n o por cualquier sistema de almacenamiento y recuperaci\u00f3n de informaci\u00f3n, sin el permiso por escrito del titular de los derechos de autor.<\/em><\/p>","protected":false},"excerpt":{"rendered":"<p>What effect does Holy Orders have on the man who receives the sacrament? This Sacrament configures the bishop and priest to Christ as the Head of the Church in Christ\u2019s threefold office of priest, prophet, and king. This Sacrament configures the deacon to Christ as servant. The Sacrament of Holy Orders, like that of Baptism [&hellip;]<\/p>\n","protected":false},"author":2,"featured_media":6955,"parent":0,"menu_order":0,"comment_status":"closed","ping_status":"closed","template":"","meta":{"footnotes":""},"class_list":["post-1324","page","type-page","status-publish","has-post-thumbnail","hentry"],"_links":{"self":[{"href":"https:\/\/www.archspm.org\/es\/wp-json\/wp\/v2\/pages\/1324","targetHints":{"allow":["GET"]}}],"collection":[{"href":"https:\/\/www.archspm.org\/es\/wp-json\/wp\/v2\/pages"}],"about":[{"href":"https:\/\/www.archspm.org\/es\/wp-json\/wp\/v2\/types\/page"}],"author":[{"embeddable":true,"href":"https:\/\/www.archspm.org\/es\/wp-json\/wp\/v2\/users\/2"}],"replies":[{"embeddable":true,"href":"https:\/\/www.archspm.org\/es\/wp-json\/wp\/v2\/comments?post=1324"}],"version-history":[{"count":0,"href":"https:\/\/www.archspm.org\/es\/wp-json\/wp\/v2\/pages\/1324\/revisions"}],"wp:featuredmedia":[{"embeddable":true,"href":"https:\/\/www.archspm.org\/es\/wp-json\/wp\/v2\/media\/6955"}],"wp:attachment":[{"href":"https:\/\/www.archspm.org\/es\/wp-json\/wp\/v2\/media?parent=1324"}],"curies":[{"name":"wp","href":"https:\/\/api.w.org\/{rel}","templated":true}]}}