{"id":1326,"date":"2020-04-21T18:27:20","date_gmt":"2020-04-21T22:27:20","guid":{"rendered":"https:\/\/www.archspm.org\/what-is-a-deacon-and-what-does-he-do\/"},"modified":"2020-04-21T18:27:20","modified_gmt":"2020-04-21T22:27:20","slug":"what-is-a-deacon-and-what-does-he-do","status":"publish","type":"page","link":"https:\/\/www.archspm.org\/es\/what-is-a-deacon-and-what-does-he-do\/","title":{"rendered":"\u00bfQu\u00e9 es un di\u00e1cono y qu\u00e9 hace?"},"content":{"rendered":"<h1 class=\"entry-title\">\u00bfQu\u00e9 es un di\u00e1cono y qu\u00e9 hace?<\/h1>\n<p>La palabra \u201cdi\u00e1cono\u201d deriva de las palabras griegas\u00a0<em>diacon\u00eda<\/em>, servicio y\u00a0<em>di\u00e1cono<\/em>, traducido de diversas maneras como siervo, ayudante, asistente o ministro. Filipenses 1:1 reconoce el concepto evolutivo del ministerio diaconal en la Iglesia primitiva, y 1 Timoteo 3:8-10, 12-13 enumera los requisitos necesarios para el cargo de di\u00e1cono una vez que se estableci\u00f3 de manera m\u00e1s formal.<\/p>\n<p>El diaconado, di\u00e1cono, es conferido por un obispo mediante la imposici\u00f3n de manos, y es uno de los tres grados del Sacramento del Orden Sagrado. Los otros dos grados son el presbiterado, sacerdocio, y el episcopado, obispo. El diaconado es un grado de servicio, mientras que el presbiterado y el episcopado son grados del sacerdocio. Los di\u00e1conos, por lo tanto, son cl\u00e9rigos ordenados que no son sacerdotes, y su funci\u00f3n especial es ayudar a los sacerdotes.<\/p>\n<p>El di\u00e1cono asiste al sacerdote en la misa cuando este ofrece las invocaciones del rito penitencial, proclama el Evangelio, predica la homil\u00eda ocasionalmente, lee las peticiones de las intercesiones generales, recibe las ofrendas, prepara el altar, ayuda con el incienso, da instrucciones sobre la postura y los movimientos, distribuye la Sagrada Comuni\u00f3n y despide a la asamblea.<\/p>\n<p>Un di\u00e1cono ayuda al sacerdote fuera de la misa cuando administra el sacramento del bautismo; lleva el vi\u00e1tico a los moribundos; preside los servicios de oraci\u00f3n; oficia velatorios, funerales y servicios funerarios; y es testigo de matrimonios. Los di\u00e1conos pueden bendecir objetos religiosos.<\/p>\n<p>Como ministros del servicio, los di\u00e1conos tienen muchas opciones para realizar obras de caridad: ayudar a los pobres; visitar a los enfermos, ya sea en sus hogares, en residencias de ancianos o en hospitales; atender a los reclusos en prisiones y c\u00e1rceles; impartir clases de preparaci\u00f3n sacramental y educaci\u00f3n religiosa; y desempe\u00f1ar diversas tareas administrativas, por nombrar solo algunas de sus funciones principales.<\/p>\n<p>Un di\u00e1cono permanente debe tener al menos treinta y cinco a\u00f1os de edad, haber completado los sacramentos de iniciaci\u00f3n (bautismo, eucarist\u00eda y confirmaci\u00f3n), haber sido nombrado lector y ac\u00f3lito, y haber completado un programa de formaci\u00f3n exhaustivo. Si un candidato al diaconado est\u00e1 casado, debe obtener el consentimiento de su esposa antes de poder ser ordenado. Una vez ordenado, si la esposa del di\u00e1cono fallece, este no puede volver a casarse.<\/p>\n<p><em>\u00a9 2007, Rev. Michael A. Van Sloun<\/em><br \/>\n<em>Utilizado con autorizaci\u00f3n.<\/em><\/p>","protected":false},"excerpt":{"rendered":"<p>What is a deacon and what does he do? The word \u201cdeacon\u201d is derived from the Greek words\u00a0diakonia, service, and\u00a0diakonos, variously translated as servant, helper, attendant, or minister. Phil 1:1 acknowledges the evolving concept of diaconal ministry in the early Church, and 1 Tim 3:8-10,12-13 lists the necessary qualifications for the office of deacon once [&hellip;]<\/p>\n","protected":false},"author":2,"featured_media":6955,"parent":0,"menu_order":0,"comment_status":"closed","ping_status":"closed","template":"","meta":{"footnotes":""},"class_list":["post-1326","page","type-page","status-publish","has-post-thumbnail","hentry"],"_links":{"self":[{"href":"https:\/\/www.archspm.org\/es\/wp-json\/wp\/v2\/pages\/1326","targetHints":{"allow":["GET"]}}],"collection":[{"href":"https:\/\/www.archspm.org\/es\/wp-json\/wp\/v2\/pages"}],"about":[{"href":"https:\/\/www.archspm.org\/es\/wp-json\/wp\/v2\/types\/page"}],"author":[{"embeddable":true,"href":"https:\/\/www.archspm.org\/es\/wp-json\/wp\/v2\/users\/2"}],"replies":[{"embeddable":true,"href":"https:\/\/www.archspm.org\/es\/wp-json\/wp\/v2\/comments?post=1326"}],"version-history":[{"count":0,"href":"https:\/\/www.archspm.org\/es\/wp-json\/wp\/v2\/pages\/1326\/revisions"}],"wp:featuredmedia":[{"embeddable":true,"href":"https:\/\/www.archspm.org\/es\/wp-json\/wp\/v2\/media\/6955"}],"wp:attachment":[{"href":"https:\/\/www.archspm.org\/es\/wp-json\/wp\/v2\/media?parent=1326"}],"curies":[{"name":"wp","href":"https:\/\/api.w.org\/{rel}","templated":true}]}}