{"id":1327,"date":"2020-04-21T18:30:01","date_gmt":"2020-04-21T22:30:01","guid":{"rendered":"https:\/\/www.archspm.org\/what-are-the-important-symbols-associated-with-deacons\/"},"modified":"2024-12-19T22:24:20","modified_gmt":"2024-12-20T03:24:20","slug":"what-are-the-important-symbols-associated-with-deacons","status":"publish","type":"page","link":"https:\/\/www.archspm.org\/es\/what-are-the-important-symbols-associated-with-deacons\/","title":{"rendered":"\u00bfCu\u00e1les son los s\u00edmbolos importantes asociados a los Di\u00e1conos?"},"content":{"rendered":"<h1 class=\"entry-title\">\u00bfCu\u00e1les son los s\u00edmbolos importantes asociados a los Di\u00e1conos?<\/h1>\n<p><strong>La estola del di\u00e1cono<\/strong>. La estola diaconal es el s\u00edmbolo m\u00e1s distintivo y reconocible del oficio de di\u00e1cono. Es una prenda o atuendo lit\u00fargico que se lleva sobre la alba y debajo de la dalm\u00e1tica, si se utiliza. Se coloca sobre el hombro izquierdo y se extiende en diagonal por la parte delantera y trasera de la parte superior del cuerpo, y se sujeta cerca de la cadera derecha. Dos tiras cuelgan de la cadera derecha, una hacia delante y otra hacia atr\u00e1s, y ambas caen por igual por debajo de la rodilla. Se utiliza cuando el di\u00e1cono ejerce una funci\u00f3n lit\u00fargica o sacramental en la iglesia, como cuando asiste a la misa, preside un bautismo o celebra un funeral. La estola en s\u00ed es una pieza de tela, normalmente de unos 11 cm de ancho y entre 140 y 150 cm de largo por cada lado. Algunas estolas est\u00e1n bellamente decoradas con s\u00edmbolos espirituales, mientras que otras son sencillas, lisas y elegantes; algunas tienen borlas en los extremos y otras no. Las estolas de di\u00e1cono est\u00e1n disponibles en todos los colores lit\u00fargicos, y la que se lleva en un d\u00eda concreto debe coincidir con la ocasi\u00f3n lit\u00fargica.<\/p>\n<p><strong>Una palangana y una toalla<\/strong>. El diaconado es un orden de servicio, y la palangana y la toalla, utilizadas por Jes\u00fas para el lavatorio de los pies (Jn 13, 4-5), son un s\u00edmbolo profundo del humilde servicio que Jes\u00fas prest\u00f3 a sus disc\u00edpulos y del humilde servicio que el di\u00e1cono pretende prestar al Pueblo de Dios. Despu\u00e9s de completar su tarea, Jes\u00fas dijo a sus disc\u00edpulos: \u201cOs he dado un ejemplo, para que tambi\u00e9n vosotros hag\u00e1is como yo he hecho con vosotros\u201d (Jn 13, 15), y la respuesta del di\u00e1cono es ser un\u00a0<em>di\u00e1cono<\/em>\u00a0(griego), un servidor que da libre y alegremente.\u00a0<em>diacon\u00eda<\/em>, servicio, imitando a su Salvador.<\/p>\n<p><strong>La Cruz<\/strong>. Otro s\u00edmbolo importante del diaconado es la cruz misma, a veces tosca o nudosa, para representar los grandes desaf\u00edos asociados con el servicio. El lavado de pies prefiguraba el acto definitivo de servicio de Jes\u00fas, su entrega total, su muerte en la cruz, lo que convierte a la cruz en el s\u00edmbolo supremo del servicio. Jes\u00fas tom\u00f3 la decisi\u00f3n consciente y deliberada de servir de esta manera: \u2019Nadie me la quita, sino que yo la entrego por mi propia voluntad\u201c (Jn 10, 18). Para Jes\u00fas, la Cruz representaba su acto supremo de servicio amoroso: \u201dNadie tiene mayor amor que el que da su vida por sus amigos\u201c (Jn 15, 13). El di\u00e1cono, inspirado as\u00ed por Jes\u00fas, toma la decisi\u00f3n consciente de tomar su cruz y seguir los pasos de Jes\u00fas, de dar su vida al servicio, asistiendo en el altar, pero tambi\u00e9n, y lo que es m\u00e1s importante, de amar a Dios sirviendo a su pr\u00f3jimo, especialmente con actos de caridad.<\/p>\n<p><strong>La dalm\u00e1tica<\/strong>, la vestimenta exterior que a veces lleva el di\u00e1cono sobre la alba y la estola, comparable a la casulla del sacerdote, tambi\u00e9n se considera en ocasiones un s\u00edmbolo del diaconado.<\/p>\n<p><em>\u00a9 2007, Rev. Michael A. Van Sloun<\/em><br \/>\n<em>Utilizado con autorizaci\u00f3n.<\/em><\/p>","protected":false},"excerpt":{"rendered":"<p>What are the important symbols associated with Deacons? The Deacon Stole. The deacon stole is the single most distinguishing and recognizable symbol of the office of deacon. It is an item of vesture or liturgical attire worn over the alb and under the dalmatic, if it is used. It is placed over the left shoulder, [&hellip;]<\/p>\n","protected":false},"author":2,"featured_media":6955,"parent":0,"menu_order":0,"comment_status":"closed","ping_status":"closed","template":"","meta":{"footnotes":""},"class_list":["post-1327","page","type-page","status-publish","has-post-thumbnail","hentry"],"_links":{"self":[{"href":"https:\/\/www.archspm.org\/es\/wp-json\/wp\/v2\/pages\/1327","targetHints":{"allow":["GET"]}}],"collection":[{"href":"https:\/\/www.archspm.org\/es\/wp-json\/wp\/v2\/pages"}],"about":[{"href":"https:\/\/www.archspm.org\/es\/wp-json\/wp\/v2\/types\/page"}],"author":[{"embeddable":true,"href":"https:\/\/www.archspm.org\/es\/wp-json\/wp\/v2\/users\/2"}],"replies":[{"embeddable":true,"href":"https:\/\/www.archspm.org\/es\/wp-json\/wp\/v2\/comments?post=1327"}],"version-history":[{"count":0,"href":"https:\/\/www.archspm.org\/es\/wp-json\/wp\/v2\/pages\/1327\/revisions"}],"wp:featuredmedia":[{"embeddable":true,"href":"https:\/\/www.archspm.org\/es\/wp-json\/wp\/v2\/media\/6955"}],"wp:attachment":[{"href":"https:\/\/www.archspm.org\/es\/wp-json\/wp\/v2\/media?parent=1327"}],"curies":[{"name":"wp","href":"https:\/\/api.w.org\/{rel}","templated":true}]}}