{"id":1328,"date":"2020-04-21T18:33:15","date_gmt":"2020-04-21T22:33:15","guid":{"rendered":"https:\/\/www.archspm.org\/what-is-faith-how-does-it-tie-in-to-what-we-believe-as-catholics\/"},"modified":"2024-12-19T22:24:20","modified_gmt":"2024-12-20T03:24:20","slug":"what-is-faith-how-does-it-tie-in-to-what-we-believe-as-catholics","status":"publish","type":"page","link":"https:\/\/www.archspm.org\/es\/what-is-faith-how-does-it-tie-in-to-what-we-believe-as-catholics\/","title":{"rendered":"\u00bfQu\u00e9 es la fe? \u00bfC\u00f3mo se relaciona con lo que creemos como cat\u00f3licos?"},"content":{"rendered":"<h1 class=\"entry-title\">\u00bfQu\u00e9 es la fe? \u00bfC\u00f3mo se relaciona con lo que creemos como cat\u00f3licos?<\/h1>\n<p>Nuestra vida de fe es una gracia o un don que nos lleva a una uni\u00f3n personal y amorosa con el Padre, el Hijo y el Esp\u00edritu Santo. Esta gracia nos permite tanto escuchar la Palabra de Dios como guardarla. Las cualidades de la fe que aqu\u00ed se enumeran nos recuerdan las formas b\u00e1sicas en que expresamos nuestra creencia en Dios y nos invitan a poner en pr\u00e1ctica nuestra fe en nuestra vida cotidiana:<\/p>\n<ul>\n<li>La fe es una relaci\u00f3n personal y comunitaria. \u201cLa fe es, ante todo, una adhesi\u00f3n personal [\u2026] a Dios. Al mismo tiempo, es una aceptaci\u00f3n libre de toda la verdad que Dios ha revelado\u201d (CIC, n.\u00ba 150). Una fe personal dice: \u201cCreo en Dios\u201d. Este es un acto de creencia en el \u00fanico Dios verdadero y vivo. Es como si reuni\u00e9ramos todo lo que somos y entreg\u00e1ramos con gratitud nuestros corazones y nuestras mentes a Dios. Tenemos una relaci\u00f3n personal con el Dios Trino, Padre, Hijo y Esp\u00edritu Santo. Pero la fe tambi\u00e9n es comunitaria. No es solo un acto privado. En la asamblea de creyentes en la Misa, profesamos nuestra fe juntos y unimos nuestros corazones al experimentarnos como el Cuerpo de Cristo. Nuestra fe personal nos lleva a una relaci\u00f3n con el pueblo de Dios, y la fe de todo el pueblo nos fortalece en nuestra relaci\u00f3n con Dios.<\/li>\n<\/ul>\n<ul>\n<li>La fe busca el entendimiento y es amiga de la raz\u00f3n. La fe, como gracia o don de Dios, nos permite alcanzar cierto entendimiento de todo lo que \u00c9l nos ha revelado, incluyendo la totalidad de su plan, as\u00ed como los numerosos misterios de la fe. El crecimiento en la comprensi\u00f3n de la Revelaci\u00f3n de Dios es un proceso que dura toda la vida. La teolog\u00eda y la catequesis nos ayudan. Nunca llegamos a comprender completamente estos misterios divinos, pero a menudo logramos penetrar en ellos. En este contexto, la fe y la raz\u00f3n trabajan juntas para descubrir la verdad. Suponer que el pensamiento humano o la investigaci\u00f3n cient\u00edfica pueden o deben estar en conflicto con la fe es un enfoque err\u00f3neo, porque esta postura niega la verdad b\u00e1sica de que todo ha sido creado por Dios. La investigaci\u00f3n acad\u00e9mica y cient\u00edfica que se lleva a cabo de manera fiel a la raz\u00f3n y a la ley moral no entrar\u00e1 en conflicto con la verdad revelada por Dios (v\u00e9ase CCC, n.\u00ba 159).<\/li>\n<\/ul>\n<ul>\n<li>La fe es necesaria para la salvaci\u00f3n. \u201cCreer en Jesucristo y en Aquel que lo envi\u00f3 para nuestra salvaci\u00f3n es necesario para obtener dicha salvaci\u00f3n\u201d (CIC, n.\u00ba 161). \u201cLa fe es necesaria para la salvaci\u00f3n. El Se\u00f1or mismo dijo: \u2018El que crea y sea bautizado, se salvar\u00e1; pero el que no crea, ser\u00e1 condenado\u2019\u201d (CIC, n.\u00ba 183, citando Mc 16, 16). (Nota: Para la ense\u00f1anza de la Iglesia sobre la salvaci\u00f3n de quienes no han conocido a Cristo ni el Evangelio, v\u00e9ase el CIC, n.\u00ba 1260, y el cap\u00edtulo 11 del Catecismo Cat\u00f3lico para Adultos de los Estados Unidos).<\/li>\n<\/ul>\n<ul>\n<li>La fe es un don de la gracia. Dios no solo nos habla, sino que tambi\u00e9n nos concede la gracia de responder. Para creer en la Revelaci\u00f3n necesitamos el don de la fe. Pedro pudo reconocer que Jes\u00fas era el Mes\u00edas, no por \u201ccarne y sangre\u201d, es decir, no por medio de la raz\u00f3n o del sentido com\u00fan, sino por la gracia del Padre (cf. Mt 16, 16-18). Cuando por la fe y el Bautismo entramos en la Iglesia, ya participamos de la vida eterna. La fe percibe esto de manera cada vez m\u00e1s profunda, como a trav\u00e9s de un espejo oscuro (cf. 1 Cor 13, 12).<\/li>\n<\/ul>\n<ul>\n<li>La fe es un acto humano libre. La fe es un don de Dios que nos permite conocerlo y amarlo. La fe es una forma de conocer, al igual que la raz\u00f3n. Pero vivir en la fe no es posible a menos que haya una acci\u00f3n por nuestra parte. Con la ayuda del Esp\u00edritu Santo, somos capaces de tomar la decisi\u00f3n de responder a la Revelaci\u00f3n divina y de llevar a cabo nuestra respuesta en la vida. Dios nunca nos impone su verdad y su amor. \u00c9l se nos revela como seres humanos libres, y nuestra respuesta de fe hacia \u00c9l se da en el contexto de nuestra libertad. En Cafarna\u00fam, Jes\u00fas pregunt\u00f3 a los ap\u00f3stoles: \u201c\u00bfTambi\u00e9n ustedes quieren irse?\u201d. Pedro responde en nombre de todos: \u201cMaestro, \u00bfa qui\u00e9n iremos?\u201d (Jn 6, 67-68). La respuesta de Pedro es libremente buscada y libremente dada. Lo mismo ocurre con cada uno de nosotros.<\/li>\n<\/ul>\n<ul>\n<li>La fe cree con convicci\u00f3n en un mensaje. Hemos visto que la fe es una relaci\u00f3n con Dios. Ahora observamos que tambi\u00e9n es creer en un mensaje. Este mensaje se encuentra en la Escritura y en la Tradici\u00f3n, y nos es transmitido a trav\u00e9s de diversos medios, como las oraciones lit\u00fargicas y los Credos. La fe nos llena de convicci\u00f3n porque Dios garantiza la veracidad de lo que revel\u00f3. \u201cNuestro Evangelio no lleg\u00f3 a vosotros solo en palabras, sino tambi\u00e9n en poder y en el Esp\u00edritu Santo y en gran convicci\u00f3n\u201d (1 Tes 1, 5). El Esp\u00edritu nos ayuda a ser creyentes. \u201cLa fe es la realizaci\u00f3n de lo que se espera y la evidencia de lo que no se ve\u201d (Heb 11, 1).<\/li>\n<\/ul>\n<p>Puede leer m\u00e1s sobre el Catecismo Cat\u00f3lico para Adultos de los Estados Unidos, solicitar su propio ejemplar o leer preguntas al respecto en el\u00a0<a href=\"http:\/\/usccb.org\/\" target=\"_blank\" rel=\"noopener noreferrer\">Sitio web de la Conferencia Episcopal de Estados Unidos<\/a>.<\/p>\n<p><em>Copyright \u00a9 2006, United States Conference of Catholic Bishops, Washington, D.C. Todos los derechos reservados. Ninguna parte de esta obra puede ser reproducida o transmitida de ninguna forma o por ning\u00fan medio, electr\u00f3nico o mec\u00e1nico, incluyendo fotocopia, grabaci\u00f3n o por cualquier sistema de almacenamiento y recuperaci\u00f3n de informaci\u00f3n, sin el permiso por escrito del titular de los derechos de autor.<\/em><\/p>","protected":false},"excerpt":{"rendered":"<p>What is faith? How does it tie in to what we believe as Catholics? Our faith life is a grace or a gift that brings us into a personal, loving union with the Father, Son, and Holy Spirit. This grace enables us both to hear the Word of God and to keep it. The qualities [&hellip;]<\/p>\n","protected":false},"author":2,"featured_media":6955,"parent":0,"menu_order":0,"comment_status":"closed","ping_status":"closed","template":"","meta":{"footnotes":""},"class_list":["post-1328","page","type-page","status-publish","has-post-thumbnail","hentry"],"_links":{"self":[{"href":"https:\/\/www.archspm.org\/es\/wp-json\/wp\/v2\/pages\/1328","targetHints":{"allow":["GET"]}}],"collection":[{"href":"https:\/\/www.archspm.org\/es\/wp-json\/wp\/v2\/pages"}],"about":[{"href":"https:\/\/www.archspm.org\/es\/wp-json\/wp\/v2\/types\/page"}],"author":[{"embeddable":true,"href":"https:\/\/www.archspm.org\/es\/wp-json\/wp\/v2\/users\/2"}],"replies":[{"embeddable":true,"href":"https:\/\/www.archspm.org\/es\/wp-json\/wp\/v2\/comments?post=1328"}],"version-history":[{"count":0,"href":"https:\/\/www.archspm.org\/es\/wp-json\/wp\/v2\/pages\/1328\/revisions"}],"wp:featuredmedia":[{"embeddable":true,"href":"https:\/\/www.archspm.org\/es\/wp-json\/wp\/v2\/media\/6955"}],"wp:attachment":[{"href":"https:\/\/www.archspm.org\/es\/wp-json\/wp\/v2\/media?parent=1328"}],"curies":[{"name":"wp","href":"https:\/\/api.w.org\/{rel}","templated":true}]}}