{"id":1332,"date":"2020-04-21T18:43:23","date_gmt":"2020-04-21T22:43:23","guid":{"rendered":"https:\/\/www.archspm.org\/how-is-mary-the-greatest-role-model-for-christian-mothers\/"},"modified":"2020-04-21T18:43:23","modified_gmt":"2020-04-21T22:43:23","slug":"how-is-mary-the-greatest-role-model-for-christian-mothers","status":"publish","type":"page","link":"https:\/\/www.archspm.org\/es\/how-is-mary-the-greatest-role-model-for-christian-mothers\/","title":{"rendered":"\u00bfPor qu\u00e9 Mar\u00eda es el mejor modelo para las madres cristianas?"},"content":{"rendered":"<h1 class=\"entry-title\">\u00bfPor qu\u00e9 Mar\u00eda es el mejor modelo para las madres cristianas?<\/h1>\n<p>El D\u00eda de la Madre tiene una profunda dimensi\u00f3n espiritual. Mar\u00eda, la madre de Jes\u00fas, es la m\u00e1s grande de todas las madres. La maternidad siempre ha sido una vocaci\u00f3n sagrada y noble, pero Mar\u00eda la elev\u00f3 a una categor\u00eda a\u00fan mayor cuando se convirti\u00f3 en la Madre de Dios. Como madre \u201cbendita entre las mujeres\u201d (Lc 1, 42), Mar\u00eda nos ofrece la imagen m\u00e1s clara e inspiradora de c\u00f3mo debe ser la madre ideal, y toda madre cristiana har\u00eda bien en seguir el ejemplo de quien destac\u00f3 en la maternidad como ninguna otra.<\/p>\n<p>Mar\u00eda estaba \u201cllena de gracia\u201d o, dicho de manera m\u00e1s sencilla, Dios viv\u00eda en ella. Esto era algo natural debido a su educaci\u00f3n. Santa Ana era la madre de Mar\u00eda, y la anciana Ana ense\u00f1\u00f3 a su joven hija a ser amorosa y bondadosa, atenta a la Palabra de Dios y obediente a la voluntad de Dios. Con una base tan s\u00f3lida, Mar\u00eda estaba tan favorablemente dispuesta hacia Dios que cuando el arc\u00e1ngel Gabriel se le apareci\u00f3 y le dijo: \u201cTendr\u00e1s un hijo\u201d, ella respondi\u00f3 con profunda fe y confianza: \u201cH\u00e1gase en m\u00ed seg\u00fan tu palabra\u201d (Lc 1, 31.38). Toda madre cristiana ama a Dios con todo su coraz\u00f3n y responde favorablemente cada vez que Dios la llama.<\/p>\n<p>Mar\u00eda fue cubierta por la sombra del Esp\u00edritu Santo (Lc 1, 35); fue por la gracia de Dios que concibi\u00f3. Cada concepci\u00f3n es un milagro, y cada madre cristiana sabe que es compa\u00f1era de Dios en la obra continua de la creaci\u00f3n, profundamente consciente de que su hijo es un regalo de Dios. Por eso, cuando una mujer cristiana tiene la bendici\u00f3n de quedar embarazada, se regocija por su hijo como Mar\u00eda se regocij\u00f3 por Jes\u00fas, lleva a t\u00e9rmino su embarazo en lugar de interrumpirlo con un aborto y cuida de su hijo por nacer con una buena alimentaci\u00f3n, revisiones m\u00e9dicas y evitando el tabaco, el alcohol o cualquier droga que pueda tener efectos nocivos.<\/p>\n<p>Cuando Mar\u00eda qued\u00f3 embarazada, inmediatamente fue a visitar a Isabel, su pariente, que tambi\u00e9n estaba embarazada (Lc 1:39-45). Las madres cristianas no se centran \u00fanicamente en s\u00ed mismas y en sus propias familias. En cambio, tienen la maravillosa capacidad de ayudar a sus parientes y amigos que lo necesitan.<\/p>\n<p>Poco despu\u00e9s de quedar embarazada, Mar\u00eda elev\u00f3 una magn\u00edfica oraci\u00f3n a Dios, una de las m\u00e1s hermosas de toda la Escritura, el Magnificat (Lc 1, 46-55). Las madres que siguen el ejemplo de Mar\u00eda son profundamente devotas y hablan con Dios desde el coraz\u00f3n cada d\u00eda.<\/p>\n<p>En la primera Navidad, Mar\u00eda dio a luz a su Hijo e inmediatamente envolvi\u00f3 a Jes\u00fas en pa\u00f1ales (Lc 2, 7), atendiendo as\u00ed sus necesidades f\u00edsicas. Las madres cristianas atienden las necesidades f\u00edsicas de sus hijos aliment\u00e1ndolos, visti\u00e9ndolos, cambi\u00e1ndoles los pa\u00f1ales, meci\u00e9ndolos para que se duerman, llev\u00e1ndolos al m\u00e9dico y cuid\u00e1ndolos cuando est\u00e1n enfermos.<\/p>\n<p>Varias semanas despu\u00e9s del nacimiento de Jes\u00fas, Mar\u00eda, junto con su esposo Jos\u00e9, presentaron a su hijo reci\u00e9n nacido Jes\u00fas al sacerdote en el Templo (Lc 2, 22-38). Al hacerlo, Mar\u00eda consagr\u00f3 a Jes\u00fas a Dios, reconoci\u00f3 que Dios ten\u00eda un plan para su hijo y acept\u00f3 hacer todo lo que estuviera en su poder para cooperar con el prop\u00f3sito que Dios ten\u00eda para \u00e9l. Del mismo modo, las madres cristianas consagran a sus hijos a Dios en el sacramento del Bautismo y prometen hacer todo lo posible para ayudar a sus hijos a cumplir la voluntad de Dios en sus vidas.<\/p>\n<p>A continuaci\u00f3n, el malvado rey Herodes intent\u00f3 matar a Jes\u00fas, por lo que Mar\u00eda huy\u00f3 a Egipto para proteger a su hijo (Mt 2, 13-15). Las madres cristianas mantienen a sus hijos alejados de las fuerzas malignas que podr\u00edan hacerles da\u00f1o: adultos violentos o abusivos, compa\u00f1eros de juego indisciplinados y programas de televisi\u00f3n inadecuados, por nombrar algunos.<\/p>\n<p>Mar\u00eda y Jos\u00e9 llevaban a su hijo Jes\u00fas a la sinagoga de Nazaret cada semana para celebrar el s\u00e1bado (Lc 4, 16), y una vez al a\u00f1o lo llevaban al Templo de Jerusal\u00e9n para celebrar la Pascua (Lc 2, 41). Para Mar\u00eda, asistir regularmente a la iglesia era algo autom\u00e1tico. Las madres que siguen el ejemplo de Mar\u00eda van a misa cada semana y llevan a sus hijos con ellas, porque es muy importante rezar con los dem\u00e1s y estar en contacto con otras familias llenas de fe.<\/p>\n<p>El Evangelio dice que Jes\u00fas era obediente a Mar\u00eda (Lc 2, 51), lo que implica que Mar\u00eda era firme y exigente con su Hijo. Las madres cristianas no dejan que sus hijos hagan lo que quieran, sino que tienen altos est\u00e1ndares de conducta cristiana, establecen una serie de reglas en casa e insisten en que se cumplan.<\/p>\n<p>Cuando Jes\u00fas fue crucificado, Mar\u00eda se mantuvo al pie de la cruz y sufri\u00f3 con \u00e9l (Jn 19, 25). Nunca abandon\u00f3 a su hijo, ni siquiera en la edad adulta, especialmente cuando las cosas iban mal. Este tipo de amor perdurable es un ejemplo para las madres cristianas. Los hijos se meten en problemas, a veces por razones justificadas, otras veces no, tanto de ni\u00f1os como de adultos. Las madres como Mar\u00eda permanecen al lado de sus hijos durante toda la vida, especialmente cuando las cosas van mal, aunque no puedan cambiar el curso de los acontecimientos tr\u00e1gicos, para ofrecerles amor y apoyo en todo lo que puedan.<\/p>\n<p><em>\u00a9 2003, Rev. Michael A. Van Sloun<br \/>\nUtilizado con autorizaci\u00f3n.<\/em><\/p>","protected":false},"excerpt":{"rendered":"<p>How is Mary the greatest role model for Christian mothers? Mother\u2019s Day\u00a0has a deep\u00a0spiritual dimension.\u00a0Mary, the mother of Jesus, is the\u00a0greatest of all mothers. Motherhood has always been a\u00a0sacred\u00a0and\u00a0noble vocation, but\u00a0Mary\u00a0raised it to even greater stature when she became the\u00a0Mother of God. As the mother who is \u201cblessed among women\u201d (Lk 1:42), Mary gives us [&hellip;]<\/p>\n","protected":false},"author":2,"featured_media":6955,"parent":0,"menu_order":0,"comment_status":"closed","ping_status":"closed","template":"","meta":{"footnotes":""},"class_list":["post-1332","page","type-page","status-publish","has-post-thumbnail","hentry"],"_links":{"self":[{"href":"https:\/\/www.archspm.org\/es\/wp-json\/wp\/v2\/pages\/1332","targetHints":{"allow":["GET"]}}],"collection":[{"href":"https:\/\/www.archspm.org\/es\/wp-json\/wp\/v2\/pages"}],"about":[{"href":"https:\/\/www.archspm.org\/es\/wp-json\/wp\/v2\/types\/page"}],"author":[{"embeddable":true,"href":"https:\/\/www.archspm.org\/es\/wp-json\/wp\/v2\/users\/2"}],"replies":[{"embeddable":true,"href":"https:\/\/www.archspm.org\/es\/wp-json\/wp\/v2\/comments?post=1332"}],"version-history":[{"count":0,"href":"https:\/\/www.archspm.org\/es\/wp-json\/wp\/v2\/pages\/1332\/revisions"}],"wp:featuredmedia":[{"embeddable":true,"href":"https:\/\/www.archspm.org\/es\/wp-json\/wp\/v2\/media\/6955"}],"wp:attachment":[{"href":"https:\/\/www.archspm.org\/es\/wp-json\/wp\/v2\/media?parent=1332"}],"curies":[{"name":"wp","href":"https:\/\/api.w.org\/{rel}","templated":true}]}}