{"id":1333,"date":"2020-04-21T18:46:00","date_gmt":"2020-04-21T22:46:00","guid":{"rendered":"https:\/\/www.archspm.org\/what-is-liturgy-why-is-it-important\/"},"modified":"2020-04-21T18:46:00","modified_gmt":"2020-04-21T22:46:00","slug":"what-is-liturgy-why-is-it-important","status":"publish","type":"page","link":"https:\/\/www.archspm.org\/es\/what-is-liturgy-why-is-it-important\/","title":{"rendered":"\u00bfQu\u00e9 es la \"liturgia\"? \u00bfPor qu\u00e9 es importante?"},"content":{"rendered":"<h1 class=\"entry-title\">\u00bfQu\u00e9 es la \"liturgia\"? \u00bfPor qu\u00e9 es importante?<\/h1>\n<p>La palabra \u201cliturgia\u201d proviene de un t\u00e9rmino griego que significa \u201cobra p\u00fablica u obra realizada en nombre del pueblo\u201d. La liturgia siempre se ha referido a una comunidad organizada. Por lo tanto, una obra realizada por un individuo o un grupo era una liturgia en nombre de la comunidad en su conjunto. Se espera que todos los fieles participen activamente en cada liturgia, ya que se trata de una \u00abobra\u00bb sagrada, no de un entretenimiento ni de un evento para espectadores. Cada celebraci\u00f3n lit\u00fargica es una acci\u00f3n de Cristo, el Sumo Sacerdote, y de su Cuerpo M\u00edstico, que es la Iglesia. Por lo tanto, requiere la participaci\u00f3n del Pueblo de Dios en la obra de Dios.<\/p>\n<p>La liturgia se centra en la Sant\u00edsima Trinidad. En cada liturgia, la acci\u00f3n de adoraci\u00f3n se dirige al Padre, de quien provienen todas las bendiciones, por medio del Hijo y en la unidad del Esp\u00edritu Santo. Alabamos al Padre, quien primero nos llam\u00f3 para ser su pueblo al enviarnos a su Hijo como nuestro Redentor y al darnos el Esp\u00edritu Santo, para que podamos seguir reuni\u00e9ndonos, recordar lo que Dios ha hecho por nosotros y participar de las bendiciones de la salvaci\u00f3n.<\/p>\n<p>A trav\u00e9s de las celebraciones lit\u00fargicas de la Iglesia, participamos en el Misterio Pascual de Cristo, es decir, en su paso por la muerte desde esta vida hacia la gloria eterna, del mismo modo que Dios permiti\u00f3 al pueblo del antiguo Israel pasar de la esclavitud a la libertad a trav\u00e9s de los acontecimientos narrados en el Libro del \u00c9xodo (cf. \u00c9x 11-13). Las liturgias de la Iglesia tambi\u00e9n nos ayudan a conocer a Jesucristo y el significado de los misterios que celebramos.<\/p>\n<p>Un misterio es una realidad que es a la vez visible y oculta. La muerte y resurrecci\u00f3n de Jesucristo se hacen presentes y efectivas para nosotros en la vida lit\u00fargica de la Iglesia. Su muerte y resurrecci\u00f3n est\u00e1n ahora ocultas en la eternidad de Dios, pero como Se\u00f1or resucitado y Cabeza de la Iglesia, Jesucristo nos llama a participar en ellas a trav\u00e9s de la liturgia de la Iglesia, es decir, mediante la reuni\u00f3n visible de la comunidad para adorar y recordar lo que Dios ha hecho por nosotros. Es el Esp\u00edritu Santo, fuente de la vida de la Iglesia, quien nos une a trav\u00e9s de las acciones lit\u00fargicas, entre las cuales destacan los sacramentos. El t\u00e9rmino \u00abliturgia\u00bb tiene en s\u00ed mismo una aplicaci\u00f3n m\u00e1s amplia que la de \u00absacramento\u00bb, ya que abarca toda la vida de oraci\u00f3n p\u00fablica y oficial de la Iglesia, mientras que el t\u00e9rmino \u00absacramento\u00bb se refiere a una celebraci\u00f3n particular de la obra salv\u00edfica de Cristo.<\/p>\n<p>Puede leer m\u00e1s sobre el Catecismo Cat\u00f3lico para Adultos de los Estados Unidos, solicitar su propio ejemplar o leer preguntas al respecto en el\u00a0<a href=\"http:\/\/usccb.org\/\" target=\"_blank\" rel=\"noopener noreferrer\">Sitio web de la Conferencia Episcopal de Estados Unidos<\/a>.<\/p>\n<p><em>Copyright \u00a9 2006, United States Conference of Catholic Bishops, Washington, D.C. Todos los derechos reservados. Ninguna parte de esta obra puede ser reproducida o transmitida de ninguna forma o por ning\u00fan medio, electr\u00f3nico o mec\u00e1nico, incluyendo fotocopia, grabaci\u00f3n o por cualquier sistema de almacenamiento y recuperaci\u00f3n de informaci\u00f3n, sin el permiso por escrito del titular de los derechos de autor.<\/em><\/p>","protected":false},"excerpt":{"rendered":"<p>What is \u201cliturgy\u201d? Why is it important? The word liturgy comes from a Greek term meaning \u201cpublic work or work done on behalf of the people.\u201d Liturgy always referred to an organized community. A work, then, done by an individual or a group was a liturgy on behalf of the larger community. All the worshipers [&hellip;]<\/p>\n","protected":false},"author":2,"featured_media":6955,"parent":0,"menu_order":0,"comment_status":"closed","ping_status":"closed","template":"","meta":{"footnotes":""},"class_list":["post-1333","page","type-page","status-publish","has-post-thumbnail","hentry"],"_links":{"self":[{"href":"https:\/\/www.archspm.org\/es\/wp-json\/wp\/v2\/pages\/1333","targetHints":{"allow":["GET"]}}],"collection":[{"href":"https:\/\/www.archspm.org\/es\/wp-json\/wp\/v2\/pages"}],"about":[{"href":"https:\/\/www.archspm.org\/es\/wp-json\/wp\/v2\/types\/page"}],"author":[{"embeddable":true,"href":"https:\/\/www.archspm.org\/es\/wp-json\/wp\/v2\/users\/2"}],"replies":[{"embeddable":true,"href":"https:\/\/www.archspm.org\/es\/wp-json\/wp\/v2\/comments?post=1333"}],"version-history":[{"count":0,"href":"https:\/\/www.archspm.org\/es\/wp-json\/wp\/v2\/pages\/1333\/revisions"}],"wp:featuredmedia":[{"embeddable":true,"href":"https:\/\/www.archspm.org\/es\/wp-json\/wp\/v2\/media\/6955"}],"wp:attachment":[{"href":"https:\/\/www.archspm.org\/es\/wp-json\/wp\/v2\/media?parent=1333"}],"curies":[{"name":"wp","href":"https:\/\/api.w.org\/{rel}","templated":true}]}}