{"id":1334,"date":"2020-04-21T18:49:04","date_gmt":"2020-04-21T22:49:04","guid":{"rendered":"https:\/\/www.archspm.org\/what-is-grace-what-role-does-it-play-in-my-life\/"},"modified":"2020-04-21T18:49:04","modified_gmt":"2020-04-21T22:49:04","slug":"what-is-grace-what-role-does-it-play-in-my-life","status":"publish","type":"page","link":"https:\/\/www.archspm.org\/es\/what-is-grace-what-role-does-it-play-in-my-life\/","title":{"rendered":"\u00bfQu\u00e9 es la gracia? \u00bfQu\u00e9 papel desempe\u00f1a en mi vida?"},"content":{"rendered":"<h1 class=\"entry-title\">\u00bfQu\u00e9 es la gracia? \u00bfQu\u00e9 papel desempe\u00f1a en mi vida?<\/h1>\n<p>La gracia es la ayuda gratuita e inmerecida que Dios nos ofrece para que podamos responder a su llamado a compartir su vida divina y alcanzar la vida eterna. La gracia de Dios, como don divino, no nos quita ni restringe nuestra libertad; m\u00e1s bien, la perfecciona al ayudarnos a vencer el poder restrictivo del pecado, verdadero obst\u00e1culo para nuestra libertad. Llamamos Nueva Ley a la gracia del Esp\u00edritu Santo que recibimos a trav\u00e9s de la fe en Jesucristo. Encontramos expresiones significativas de esta Ley en el Serm\u00f3n de la Monta\u00f1a de Cristo y en su discurso de la \u00daltima Cena, donde enfatiza la uni\u00f3n con \u00e9l en el amor como la esencia y la motivaci\u00f3n de su ley de la gracia.<\/p>\n<blockquote><p>La gracia es la ayuda que Dios nos da para responder a nuestra vocaci\u00f3n de convertirnos en sus hijos adoptivos. Nos introduce en la intimidad de la vida trinitaria. La iniciativa divina en la obra de la gracia precede, prepara y suscita la respuesta libre del hombre. La gracia responde a los anhelos m\u00e1s profundos de la libertad humana, llama a la libertad a cooperar con ella y la perfecciona. La gracia santificante es el don gratuito de su vida que Dios nos hace; es infundida por el Esp\u00edritu Santo en el alma para sanarla del pecado y santificarla. (CIC, nos. 2021-2023)<\/p><\/blockquote>\n<p>Adem\u00e1s de hablar de la gracia santificante, tambi\u00e9n hablamos de las gracias actuales. Estas se refieren a las intervenciones particulares que Dios nos ofrece para ayudarnos en el camino de la santificaci\u00f3n. Reconocemos que muchas veces y de muchas maneras el amor especial de Dios es tal que nos ofrece ayuda para vivir de una manera que nos lleve a compartir su vida. Por \u00faltimo, est\u00e1n las gracias sacramentales, propias de la celebraci\u00f3n de los siete sacramentos, y las gracias especiales o carismas, que, aunque se conceden a individuos, est\u00e1n destinadas al bien com\u00fan de la Iglesia (cf. CIC, n. 2003).<\/p>\n<p>Al reconocer la realidad y el importante papel de la gracia en la vida moral cristiana, nos enfrentamos a una lucha provocada por la idea de nuestra cultura de que todo est\u00e1 al alcance de nuestro poder humano. \u201cMi poder es suficiente\u201d. Comparemos esto con nuestra idea de que, aunque somos bendecidos y dotados, gran parte de lo que luchamos por conseguir \u2014aunque est\u00e9 escrito en nuestros corazones\u2014 sigue necesitando la gracia de Dios debido a la presencia del pecado y a nuestra debilidad humana inherente. La Nueva Ley es verdaderamente una Buena Nueva, ya que Dios no solo nos da la ley moral que nos conduce a la salvaci\u00f3n, sino que, a trav\u00e9s de la gracia, recibimos la ayuda divina para seguirla. Debemos animarnos siempre con las palabras que Nuestro Se\u00f1or le dijo a San Pablo: \u201cMi gracia te basta, porque mi poder se perfecciona en la debilidad\u201d (2 Cor 12, 9).<\/p>\n<p>Puede leer m\u00e1s en\u00a0<em>Catecismo Cat\u00f3lico de los Estados Unidos para Adultos<\/em>pida su propio ejemplar o lea preguntas sobre \u00e9l en el\u00a0<a href=\"http:\/\/usccb.org\/\" target=\"_blank\" rel=\"noopener noreferrer\">Sitio web de la Conferencia Episcopal de Estados Unidos<\/a>.<\/p>\n<p><em>Copyright \u00a9 2006, United States Conference of Catholic Bishops, Washington, D.C. Todos los derechos reservados. Ninguna parte de esta obra puede ser reproducida o transmitida de ninguna forma o por ning\u00fan medio, electr\u00f3nico o mec\u00e1nico, incluyendo fotocopia, grabaci\u00f3n o por cualquier sistema de almacenamiento y recuperaci\u00f3n de informaci\u00f3n, sin el permiso por escrito del titular de los derechos de autor.<\/em><\/p>","protected":false},"excerpt":{"rendered":"<p>What is grace? What role does it play in my life? Grace is the free and undeserved assistance God offers us so that we might respond to his call to share in his divine life and attain eternal life. God\u2019s grace, as divinely offered gift, does not take away or restrict our freedom; rather, it [&hellip;]<\/p>\n","protected":false},"author":2,"featured_media":6955,"parent":0,"menu_order":0,"comment_status":"closed","ping_status":"closed","template":"","meta":{"footnotes":""},"class_list":["post-1334","page","type-page","status-publish","has-post-thumbnail","hentry"],"_links":{"self":[{"href":"https:\/\/www.archspm.org\/es\/wp-json\/wp\/v2\/pages\/1334","targetHints":{"allow":["GET"]}}],"collection":[{"href":"https:\/\/www.archspm.org\/es\/wp-json\/wp\/v2\/pages"}],"about":[{"href":"https:\/\/www.archspm.org\/es\/wp-json\/wp\/v2\/types\/page"}],"author":[{"embeddable":true,"href":"https:\/\/www.archspm.org\/es\/wp-json\/wp\/v2\/users\/2"}],"replies":[{"embeddable":true,"href":"https:\/\/www.archspm.org\/es\/wp-json\/wp\/v2\/comments?post=1334"}],"version-history":[{"count":0,"href":"https:\/\/www.archspm.org\/es\/wp-json\/wp\/v2\/pages\/1334\/revisions"}],"wp:featuredmedia":[{"embeddable":true,"href":"https:\/\/www.archspm.org\/es\/wp-json\/wp\/v2\/media\/6955"}],"wp:attachment":[{"href":"https:\/\/www.archspm.org\/es\/wp-json\/wp\/v2\/media?parent=1334"}],"curies":[{"name":"wp","href":"https:\/\/api.w.org\/{rel}","templated":true}]}}