{"id":13352,"date":"2024-01-09T13:43:40","date_gmt":"2024-01-09T18:43:40","guid":{"rendered":"https:\/\/www.archspm.org\/?page_id=13352"},"modified":"2026-01-09T15:10:20","modified_gmt":"2026-01-09T20:10:20","slug":"resources","status":"publish","type":"page","link":"https:\/\/www.archspm.org\/es\/lordrenewyourchurch\/resources\/","title":{"rendered":"Recursos"},"content":{"rendered":"<div data-elementor-type=\"wp-page\" data-elementor-id=\"13352\" class=\"elementor elementor-13352\" data-elementor-post-type=\"page\">\n\t\t\t\t<div class=\"elementor-element elementor-element-df797f2 e-flex e-con-boxed e-con e-parent\" data-id=\"df797f2\" data-element_type=\"container\" data-e-type=\"container\" data-settings=\"{&quot;jet_parallax_layout_list&quot;:[]}\">\n\t\t\t\t\t<div class=\"e-con-inner\">\n\t\t\t\t<div class=\"elementor-element elementor-element-35ca728a elementor-widget elementor-widget-text-editor\" data-id=\"35ca728a\" data-element_type=\"widget\" data-e-type=\"widget\" data-widget_type=\"text-editor.default\">\n\t\t\t\t\t\t\t\t\t<h4>Consulte las preguntas frecuentes, las formas de colaborar y otros recursos para apoyar a la <em>Se\u00f1or, renueva tu Iglesia<\/em> campa\u00f1a a continuaci\u00f3n.<\/h4>\t\t\t\t\t\t\t\t<\/div>\n\t\t\t\t\t<\/div>\n\t\t\t\t<\/div>\n\t\t<div class=\"elementor-element elementor-element-7c6f525 e-con-full e-flex e-con e-parent\" data-id=\"7c6f525\" data-element_type=\"container\" data-e-type=\"container\" data-settings=\"{&quot;jet_parallax_layout_list&quot;:[]}\">\n\t\t<div class=\"elementor-element elementor-element-ad989a e-con-full e-flex e-con e-child\" data-id=\"ad989a\" data-element_type=\"container\" data-e-type=\"container\" data-settings=\"{&quot;jet_parallax_layout_list&quot;:[]}\">\n\t\t\t\t<div class=\"elementor-element elementor-element-15f982e9 elementor-widget elementor-widget-image\" data-id=\"15f982e9\" data-element_type=\"widget\" data-e-type=\"widget\" data-widget_type=\"image.default\">\n\t\t\t\t\t\t\t\t\t\t\t\t\t\t\t\t<a href=\"https:\/\/archspmmainsite.s3.us-east-1.amazonaws.com\/Offices\/Mission+Advancement\/FAQs-+Revised+version.pdf\" target=\"_blank\" rel=\"noopener\">\n\t\t\t\t\t\t\t<img fetchpriority=\"high\" decoding=\"async\" width=\"726\" height=\"936\" src=\"https:\/\/www.archspm.org\/wp-content\/uploads\/2026\/01\/LRYC_FAQs.jpg\" class=\"attachment-large size-large wp-image-13375\" alt=\"\" srcset=\"https:\/\/www.archspm.org\/wp-content\/uploads\/2026\/01\/LRYC_FAQs.jpg 726w, https:\/\/www.archspm.org\/wp-content\/uploads\/2026\/01\/LRYC_FAQs-233x300.jpg 233w, https:\/\/www.archspm.org\/wp-content\/uploads\/2026\/01\/LRYC_FAQs-9x12.jpg 9w\" sizes=\"(max-width: 726px) 100vw, 726px\" \/>\t\t\t\t\t\t\t\t<\/a>\n\t\t\t\t\t\t\t\t\t\t\t\t\t\t\t<\/div>\n\t\t\t\t<div class=\"elementor-element elementor-element-5b09bf32 elementor-widget elementor-widget-heading\" data-id=\"5b09bf32\" data-element_type=\"widget\" data-e-type=\"widget\" data-widget_type=\"heading.default\">\n\t\t\t\t\t<h4 class=\"elementor-heading-title elementor-size-default\"><a href=\"https:\/\/archspmmainsite.s3.us-east-1.amazonaws.com\/Offices\/Mission+Advancement\/FAQs-+Revised+version.pdf\" target=\"_blank\" rel=\"noopener\">Se\u00f1or, renueva tu Iglesia: Preguntas frecuentes<\/a><\/h4>\t\t\t\t<\/div>\n\t\t\t\t<\/div>\n\t\t<div class=\"elementor-element elementor-element-6b192636 e-con-full e-flex e-con e-child\" data-id=\"6b192636\" data-element_type=\"container\" data-e-type=\"container\" data-settings=\"{&quot;jet_parallax_layout_list&quot;:[]}\">\n\t\t\t\t<div class=\"elementor-element elementor-element-3c6c51cd elementor-widget elementor-widget-image\" data-id=\"3c6c51cd\" data-element_type=\"widget\" data-e-type=\"widget\" data-widget_type=\"image.default\">\n\t\t\t\t\t\t\t\t\t\t\t\t\t\t\t\t<a href=\"https:\/\/archspmmainsite.s3.us-east-1.amazonaws.com\/Offices\/Mission+Advancement\/CSA+and+LRYC+side+by+side.pdf\" target=\"_blank\" rel=\"noopener\">\n\t\t\t\t\t\t\t<img decoding=\"async\" width=\"721\" height=\"932\" src=\"https:\/\/www.archspm.org\/wp-content\/uploads\/2026\/01\/CSA_LRYC_compare.jpg\" class=\"attachment-large size-large wp-image-13367\" alt=\"\" srcset=\"https:\/\/www.archspm.org\/wp-content\/uploads\/2026\/01\/CSA_LRYC_compare.jpg 721w, https:\/\/www.archspm.org\/wp-content\/uploads\/2026\/01\/CSA_LRYC_compare-232x300.jpg 232w, https:\/\/www.archspm.org\/wp-content\/uploads\/2026\/01\/CSA_LRYC_compare-9x12.jpg 9w\" sizes=\"(max-width: 721px) 100vw, 721px\" \/>\t\t\t\t\t\t\t\t<\/a>\n\t\t\t\t\t\t\t\t\t\t\t\t\t\t\t<\/div>\n\t\t\t\t<div class=\"elementor-element elementor-element-263de295 elementor-widget elementor-widget-heading\" data-id=\"263de295\" data-element_type=\"widget\" data-e-type=\"widget\" data-widget_type=\"heading.default\">\n\t\t\t\t\t<h4 class=\"elementor-heading-title elementor-size-default\"><a href=\"https:\/\/archspmmainsite.s3.us-east-1.amazonaws.com\/Offices\/Mission+Advancement\/CSA+and+LRYC+side+by+side.pdf\" target=\"_blank\" rel=\"noopener\">Una comparaci\u00f3n entre la Campa\u00f1a de Recaudaci\u00f3n de Fondos para los Servicios Cat\u00f3licos y la Campa\u00f1a \u00abSe\u00f1or, renueva tu Iglesia\u00bb<\/a><\/h4>\t\t\t\t<\/div>\n\t\t\t\t<\/div>\n\t\t<div class=\"elementor-element elementor-element-3748cb49 e-con-full e-flex e-con e-child\" data-id=\"3748cb49\" data-element_type=\"container\" data-e-type=\"container\" data-settings=\"{&quot;jet_parallax_layout_list&quot;:[]}\">\n\t\t\t\t<div class=\"elementor-element elementor-element-1f9075fe elementor-widget elementor-widget-image\" data-id=\"1f9075fe\" data-element_type=\"widget\" data-e-type=\"widget\" data-widget_type=\"image.default\">\n\t\t\t\t\t\t\t\t\t\t\t\t\t\t\t\t<a href=\"https:\/\/archspmmainsite.s3.us-east-1.amazonaws.com\/Offices\/Mission+Advancement\/Stock.QCD.pdf\" target=\"_blank\" rel=\"noopener\">\n\t\t\t\t\t\t\t<img decoding=\"async\" width=\"686\" height=\"901\" src=\"https:\/\/www.archspm.org\/wp-content\/uploads\/2026\/01\/Instructions_stock_mutual_funds.jpg\" class=\"attachment-large size-large wp-image-13370\" alt=\"\" srcset=\"https:\/\/www.archspm.org\/wp-content\/uploads\/2026\/01\/Instructions_stock_mutual_funds.jpg 686w, https:\/\/www.archspm.org\/wp-content\/uploads\/2026\/01\/Instructions_stock_mutual_funds-228x300.jpg 228w, https:\/\/www.archspm.org\/wp-content\/uploads\/2026\/01\/Instructions_stock_mutual_funds-9x12.jpg 9w\" sizes=\"(max-width: 686px) 100vw, 686px\" \/>\t\t\t\t\t\t\t\t<\/a>\n\t\t\t\t\t\t\t\t\t\t\t\t\t\t\t<\/div>\n\t\t\t\t<div class=\"elementor-element elementor-element-4ae7847 elementor-widget elementor-widget-heading\" data-id=\"4ae7847\" data-element_type=\"widget\" data-e-type=\"widget\" data-widget_type=\"heading.default\">\n\t\t\t\t\t<h4 class=\"elementor-heading-title elementor-size-default\"><a href=\"https:\/\/archspmmainsite.s3.us-east-1.amazonaws.com\/Offices\/Mission+Advancement\/Stock.QCD.pdf\" target=\"_blank\" rel=\"noopener\">Instrucciones para realizar una donaci\u00f3n de acciones o fondos de inversi\u00f3n<\/a><\/h4>\t\t\t\t<\/div>\n\t\t\t\t<\/div>\n\t\t<div class=\"elementor-element elementor-element-45a81a2e e-con-full e-flex e-con e-child\" data-id=\"45a81a2e\" data-element_type=\"container\" data-e-type=\"container\" data-settings=\"{&quot;jet_parallax_layout_list&quot;:[]}\">\n\t\t\t\t<div class=\"elementor-element elementor-element-42eeb68 elementor-widget elementor-widget-image\" data-id=\"42eeb68\" data-element_type=\"widget\" data-e-type=\"widget\" data-widget_type=\"image.default\">\n\t\t\t\t\t\t\t\t\t\t\t\t\t\t\t\t<a href=\"https:\/\/archspmmainsite.s3.us-east-1.amazonaws.com\/Offices\/Mission+Advancement\/DAF++Planned+Giving+-+ASPM.pdf\" target=\"_blank\" rel=\"noopener\">\n\t\t\t\t\t\t\t<img loading=\"lazy\" decoding=\"async\" width=\"721\" height=\"938\" src=\"https:\/\/www.archspm.org\/wp-content\/uploads\/2026\/01\/DAF.jpg\" class=\"attachment-large size-large wp-image-13379\" alt=\"\" srcset=\"https:\/\/www.archspm.org\/wp-content\/uploads\/2026\/01\/DAF.jpg 721w, https:\/\/www.archspm.org\/wp-content\/uploads\/2026\/01\/DAF-231x300.jpg 231w, https:\/\/www.archspm.org\/wp-content\/uploads\/2026\/01\/DAF-9x12.jpg 9w\" sizes=\"(max-width: 721px) 100vw, 721px\" \/>\t\t\t\t\t\t\t\t<\/a>\n\t\t\t\t\t\t\t\t\t\t\t\t\t\t\t<\/div>\n\t\t\t\t<div class=\"elementor-element elementor-element-1124b39f elementor-widget elementor-widget-heading\" data-id=\"1124b39f\" data-element_type=\"widget\" data-e-type=\"widget\" data-widget_type=\"heading.default\">\n\t\t\t\t\t<h4 class=\"elementor-heading-title elementor-size-default\"><a href=\"https:\/\/archspmmainsite.s3.us-east-1.amazonaws.com\/Offices\/Mission+Advancement\/DAF++Planned+Giving+-+ASPM.pdf\" target=\"_blank\" rel=\"noopener\">Ficha informativa sobre los fondos asesorados por donantes (DAF)<\/a><\/h4>\t\t\t\t<\/div>\n\t\t\t\t<\/div>\n\t\t<div class=\"elementor-element elementor-element-4b51f38 e-con-full e-flex e-con e-child\" data-id=\"4b51f38\" data-element_type=\"container\" data-e-type=\"container\" data-settings=\"{&quot;jet_parallax_layout_list&quot;:[]}\">\n\t\t\t\t<div class=\"elementor-element elementor-element-489ec27 elementor-widget elementor-widget-image\" data-id=\"489ec27\" data-element_type=\"widget\" data-e-type=\"widget\" data-widget_type=\"image.default\">\n\t\t\t\t\t\t\t\t\t\t\t\t\t\t\t\t<a href=\"https:\/\/archspmmainsite.s3.us-east-1.amazonaws.com\/Offices\/Mission+Advancement\/DAF+Instructions+-+FINAL.pdf\" target=\"_blank\" rel=\"noopener\">\n\t\t\t\t\t\t\t<img loading=\"lazy\" decoding=\"async\" width=\"686\" height=\"896\" src=\"https:\/\/www.archspm.org\/wp-content\/uploads\/2026\/01\/DAF_instructions.jpg\" class=\"attachment-large size-large wp-image-13382\" alt=\"\" srcset=\"https:\/\/www.archspm.org\/wp-content\/uploads\/2026\/01\/DAF_instructions.jpg 686w, https:\/\/www.archspm.org\/wp-content\/uploads\/2026\/01\/DAF_instructions-230x300.jpg 230w, https:\/\/www.archspm.org\/wp-content\/uploads\/2026\/01\/DAF_instructions-9x12.jpg 9w\" sizes=\"(max-width: 686px) 100vw, 686px\" \/>\t\t\t\t\t\t\t\t<\/a>\n\t\t\t\t\t\t\t\t\t\t\t\t\t\t\t<\/div>\n\t\t\t\t<div class=\"elementor-element elementor-element-78ba0234 elementor-widget elementor-widget-heading\" data-id=\"78ba0234\" data-element_type=\"widget\" data-e-type=\"widget\" data-widget_type=\"heading.default\">\n\t\t\t\t\t<h4 class=\"elementor-heading-title elementor-size-default\"><a href=\"https:\/\/archspmmainsite.s3.us-east-1.amazonaws.com\/Offices\/Mission+Advancement\/DAF+Instructions+-+FINAL.pdf\" target=\"_blank\" rel=\"noopener\">Donaciones a trav\u00e9s de un fondo asesorado por donantes (DAF)<\/a><\/h4>\t\t\t\t<\/div>\n\t\t\t\t<\/div>\n\t\t\t\t<\/div>\n\t\t\t\t<\/div>","protected":false},"excerpt":{"rendered":"<p>Encuentra preguntas frecuentes, formas de colaborar y otros recursos para apoyar la campa\u00f1a \u00abLord, Renew Your Church\u00bb.<\/p>","protected":false},"author":2,"featured_media":6375,"parent":1607,"menu_order":0,"comment_status":"closed","ping_status":"closed","template":"","meta":{"footnotes":""},"class_list":["post-13352","page","type-page","status-publish","has-post-thumbnail","hentry"],"_links":{"self":[{"href":"https:\/\/www.archspm.org\/es\/wp-json\/wp\/v2\/pages\/13352","targetHints":{"allow":["GET"]}}],"collection":[{"href":"https:\/\/www.archspm.org\/es\/wp-json\/wp\/v2\/pages"}],"about":[{"href":"https:\/\/www.archspm.org\/es\/wp-json\/wp\/v2\/types\/page"}],"author":[{"embeddable":true,"href":"https:\/\/www.archspm.org\/es\/wp-json\/wp\/v2\/users\/2"}],"replies":[{"embeddable":true,"href":"https:\/\/www.archspm.org\/es\/wp-json\/wp\/v2\/comments?post=13352"}],"version-history":[{"count":0,"href":"https:\/\/www.archspm.org\/es\/wp-json\/wp\/v2\/pages\/13352\/revisions"}],"up":[{"embeddable":true,"href":"https:\/\/www.archspm.org\/es\/wp-json\/wp\/v2\/pages\/1607"}],"wp:featuredmedia":[{"embeddable":true,"href":"https:\/\/www.archspm.org\/es\/wp-json\/wp\/v2\/media\/6375"}],"wp:attachment":[{"href":"https:\/\/www.archspm.org\/es\/wp-json\/wp\/v2\/media?parent=13352"}],"curies":[{"name":"wp","href":"https:\/\/api.w.org\/{rel}","templated":true}]}}