{"id":1336,"date":"2020-04-21T18:53:13","date_gmt":"2020-04-21T22:53:13","guid":{"rendered":"https:\/\/www.archspm.org\/what-is-peters-role-in-the-formation-of-the-church\/"},"modified":"2020-04-21T18:53:13","modified_gmt":"2020-04-21T22:53:13","slug":"what-is-peters-role-in-the-formation-of-the-church","status":"publish","type":"page","link":"https:\/\/www.archspm.org\/es\/what-is-peters-role-in-the-formation-of-the-church\/","title":{"rendered":"\u00bfCu\u00e1l es el papel de Pedro en la formaci\u00f3n de la Iglesia?"},"content":{"rendered":"<h1 class=\"entry-title\">\u00bfCu\u00e1l es el papel de Pedro en la formaci\u00f3n de la Iglesia?<\/h1>\n<div class=\"entry-content\">\n<p>El relato del cap\u00edtulo 16 de Mateo comienza con la llegada de Jes\u00fas y los ap\u00f3stoles a Cesarea de Filipo, una ciudad situada a cuarenta kil\u00f3metros al norte del mar de Galilea. En este contexto, Jes\u00fas pregunta a los ap\u00f3stoles qui\u00e9n cre\u00eda la gente que era \u00e9l. Ellos respondieron que algunos pensaban que Jes\u00fas era Juan el Bautista, otros que era El\u00edas, o Jerem\u00edas, o uno de los profetas. Se preguntaban si Jes\u00fas era uno de los grandes profetas resucitado de entre los muertos.<\/p>\n<p>Jes\u00fas les pregunt\u00f3: \u201c\u00bfQui\u00e9n dicen ustedes que soy yo?\u201d. Solo Sim\u00f3n Pedro respondi\u00f3: \u201cT\u00fa eres el Mes\u00edas, el Hijo del Dios viviente\u201d (v. 16). Jes\u00fas elogi\u00f3 la respuesta de Pedro, se\u00f1alando que no hab\u00eda llegado a tal conclusi\u00f3n por sus propias capacidades humanas. Pedro hab\u00eda recibido una revelaci\u00f3n de Dios y hab\u00eda hablado desde su fe. \u201cBienaventurado eres, Sim\u00f3n, hijo de Jon\u00e1s, porque no te lo ha revelado la carne ni la sangre, sino mi Padre celestial\u201d (v. 17).<\/p>\n<p>Jes\u00fas procedi\u00f3 entonces a convertir a Pedro en la roca sobre la que construir\u00eda la Iglesia. Con el tel\u00f3n de fondo de un templo construido sobre una roca y dedicado al culto id\u00f3latra de un emperador, Pedro, cuyo nombre significa \u201croca\u201d, es elegido para dirigir la Iglesia de Dios. \u201cT\u00fa eres Pedro, y sobre esta roca edificar\u00e9 mi Iglesia\u201d (v. 18). Jes\u00fas fue m\u00e1s all\u00e1 y prometi\u00f3 darle a Pedro las \u201cllaves del Reino de los Cielos\u201d, es decir, la autoridad para pastorear la Iglesia. Jes\u00fas tambi\u00e9n prometi\u00f3 que las puertas del infierno no prevalecer\u00edan contra la Iglesia. Estas palabras son un recordatorio de que, aunque el desorden y el caos puedan amenazar a la Iglesia, nunca prevalecer\u00e1n sobre ella gracias a la protecci\u00f3n de Cristo. Esta escena termina con la predicci\u00f3n de Cristo sobre su sufrimiento y muerte.<\/p>\n<p>Juan 21:15-17 relata una escena de resurrecci\u00f3n. Jes\u00fas resucitado le dijo a Pedro, arrepentido y lleno de tristeza por haber negado tres veces a Cristo: \u201cSim\u00f3n, hijo de Juan, \u00bfme amas m\u00e1s que estos?\u201d. Pedro respondi\u00f3: \u201cS\u00ed, Se\u00f1or, t\u00fa sabes que te amo\u201d. Jes\u00fas le dijo: \u201cApacienta mis corderos\u201d. Jes\u00fas repiti\u00f3 la pregunta dos veces m\u00e1s, y Pedro profes\u00f3 con firmeza su amor. Cada vez, Jes\u00fas le encarg\u00f3 que apacientara a sus corderos y ovejas, es decir, a los miembros de la Iglesia.<\/p>\n<p>Esta escena complementa la de Mateo. All\u00ed, Jes\u00fas llam\u00f3 a Pedro para que fuera la roca de la Iglesia. Aqu\u00ed, Cristo llam\u00f3 a Pedro para que fuera un pastor que ama a Jes\u00fas y al pueblo de la Iglesia.<\/p>\n<p>Pedro fue uno de los Doce Ap\u00f3stoles, todos ellos elegidos por Jes\u00fas para ser los cimientos de su Iglesia. Jes\u00fas puso a Pedro a la cabeza de los Doce. De Jes\u00fas, los Doce recibieron el mandato de predicar el Evangelio a todas las naciones. Pedro finalmente lleg\u00f3 a Roma, donde muri\u00f3 como m\u00e1rtir. Al establecer a los Doce Ap\u00f3stoles con Pedro a la cabeza, Jes\u00fas le dio a la Iglesia la estructura b\u00e1sica de su liderazgo.<\/p>\n<p>Puede leer m\u00e1s sobre el Catecismo Cat\u00f3lico para Adultos de los Estados Unidos, solicitar su propio ejemplar o leer preguntas al respecto en el\u00a0<a href=\"http:\/\/usccb.org\/\" target=\"_blank\" rel=\"noopener\">Sitio web de la Conferencia Episcopal de Estados Unidos<\/a>.<\/p>\n<p><em>Copyright \u00a9 2006, United States Conference of Catholic Bishops, Washington, D.C. Todos los derechos reservados. Ninguna parte de esta obra puede ser reproducida o transmitida de ninguna forma o por ning\u00fan medio, electr\u00f3nico o mec\u00e1nico, incluyendo fotocopia, grabaci\u00f3n o por cualquier sistema de almacenamiento y recuperaci\u00f3n de informaci\u00f3n, sin el permiso por escrito del titular de los derechos de autor.<\/em><\/p>\n<\/div>","protected":false},"excerpt":{"rendered":"<p>What is Peter\u2019s role in the formation of the Church? The account in Chapter 16 of Matthew begins with Jesus and the Apostles\u2019 arrival at Caesarea Philippi, a city that was twenty-five miles north of the Sea of Galilee. In this setting, Jesus asks the Apostles who people thought he was. They replied that some [&hellip;]<\/p>\n","protected":false},"author":2,"featured_media":6955,"parent":0,"menu_order":0,"comment_status":"closed","ping_status":"closed","template":"","meta":{"footnotes":""},"class_list":["post-1336","page","type-page","status-publish","has-post-thumbnail","hentry"],"_links":{"self":[{"href":"https:\/\/www.archspm.org\/es\/wp-json\/wp\/v2\/pages\/1336","targetHints":{"allow":["GET"]}}],"collection":[{"href":"https:\/\/www.archspm.org\/es\/wp-json\/wp\/v2\/pages"}],"about":[{"href":"https:\/\/www.archspm.org\/es\/wp-json\/wp\/v2\/types\/page"}],"author":[{"embeddable":true,"href":"https:\/\/www.archspm.org\/es\/wp-json\/wp\/v2\/users\/2"}],"replies":[{"embeddable":true,"href":"https:\/\/www.archspm.org\/es\/wp-json\/wp\/v2\/comments?post=1336"}],"version-history":[{"count":0,"href":"https:\/\/www.archspm.org\/es\/wp-json\/wp\/v2\/pages\/1336\/revisions"}],"wp:featuredmedia":[{"embeddable":true,"href":"https:\/\/www.archspm.org\/es\/wp-json\/wp\/v2\/media\/6955"}],"wp:attachment":[{"href":"https:\/\/www.archspm.org\/es\/wp-json\/wp\/v2\/media?parent=1336"}],"curies":[{"name":"wp","href":"https:\/\/api.w.org\/{rel}","templated":true}]}}