{"id":1337,"date":"2020-04-21T18:55:19","date_gmt":"2020-04-21T22:55:19","guid":{"rendered":"https:\/\/www.archspm.org\/what-are-the-symbols-of-st-peter-the-apostle\/"},"modified":"2020-04-21T18:55:19","modified_gmt":"2020-04-21T22:55:19","slug":"what-are-the-symbols-of-st-peter-the-apostle","status":"publish","type":"page","link":"https:\/\/www.archspm.org\/es\/what-are-the-symbols-of-st-peter-the-apostle\/","title":{"rendered":"\u00bfCu\u00e1les son los s\u00edmbolos del Ap\u00f3stol San Pedro?"},"content":{"rendered":"<h1 class=\"entry-title\">\u00bfCu\u00e1les son los s\u00edmbolos del Ap\u00f3stol San Pedro?<\/h1>\n<div class=\"entry-content\">\n<p><strong>Un par de llaves superpuestas<\/strong>. Las llaves representan la autoridad de Pedro como l\u00edder de los doce ap\u00f3stoles y cabeza de la Iglesia primitiva. Despu\u00e9s de que Pedro profesara su fe en Jes\u00fas como Mes\u00edas e Hijo del Dios vivo (Mt 16, 16), Jes\u00fas le dijo: \u201cTe dar\u00e9 las llaves del reino de los cielos. Todo lo que ates en la tierra quedar\u00e1 atado en el cielo, y todo lo que desates en la tierra quedar\u00e1 desatado en el cielo\u201d (Mt 16:19). A menudo, una llave es de oro y la otra de plata; la primera representa el poder de atar y desatar en el cielo, la autoridad espiritual; mientras que la segunda representa el poder de atar y desatar en la tierra, la autoridad temporal. Las llaves tambi\u00e9n representan la autoridad para absolver los pecados o, en casos extremos en los que los pecados no se desatan, para excomulgar.<\/p>\n<p><strong>El bast\u00f3n de un pastor<\/strong>\u00a0representa el papel de Pedro como pastor principal del reba\u00f1o de Jes\u00fas. Jes\u00fas es el Buen Pastor (Jn 10:11, 14), y de pie a orillas del mar de Galilea despu\u00e9s de la resurrecci\u00f3n, Jes\u00fas encarg\u00f3 a Pedro que continuara su ministerio de pastor cuando le instruy\u00f3: \u2019Apacienta mis corderos, cuida mis ovejas\u201c (Jn 21:15, 16, 17).<\/p>\n<p><strong>Una cruz invertida<\/strong>\u00a0representa el tipo de cruz en la que Pedro fue martirizado durante la persecuci\u00f3n del emperador Ner\u00f3n (64-68 d. C.). Seg\u00fan la tradici\u00f3n, Pedro dijo que no era digno de ser crucificado de la misma manera que su Maestro, y pidi\u00f3 ser crucificado de otra forma, y sus verdugos accedieron a su petici\u00f3n.<\/p>\n<p><strong>Un gallo cantando<\/strong>\u00a0representa la triple negaci\u00f3n de Jes\u00fas por parte de Pedro en el patio del sumo sacerdote (Mt 26, 74; Mc 14, 72; Lc 22, 60; Jn 18, 27).<\/p>\n<p><strong>Otros s\u00edmbolos<\/strong>. Pedro tambi\u00e9n est\u00e1 representado por una roca que sobresale del mar, porque Pedro es la roca sobre la que se construye la iglesia (Mt 16, 18); una red de pesca, porque Jes\u00fas llam\u00f3 a Pedro para que fuera pescador de hombres (Lc 5, 10); una barca, porque la barca es un s\u00edmbolo de la Iglesia (Mt 8, 23-27) y Pedro est\u00e1 al tim\u00f3n (Mt 14, 32); un rollo o libro enrollado, porque se atribuyen dos cartas a Pedro (1 y 2 Pt), \u00e9l es la fuente del evangelio de Marcos y predic\u00f3 la palabra de Dios (Hch); una silla, porque Jes\u00fas or\u00f3 para que Pedro unificara la Iglesia fortaleciendo a sus hermanos (Lc 22, 32); cadenas, porque cuando Pedro fue encarcelado, un \u00e1ngel lo liber\u00f3 aflojando sus cadenas (Hch 12, 6-7); la bas\u00edlica del Vaticano, porque lleva su nombre.\u00a0<em>San Pietro<\/em>; la tiara papal, porque la autoridad papal comenz\u00f3 con Pedro; y la cruz papal o de tres barras, porque es el s\u00edmbolo del cargo que Pedro ocup\u00f3 por primera vez.<\/p>\n<p><strong>S\u00edmbolos combinados<\/strong>. A Pedro se le representa con frecuencia mediante una cruz invertida o una cruz de tres barras con un par de llaves superpuestas o una al lado de la otra.<\/p>\n<p><em>\u00a9 2008, Rev. Michael A. Van Sloun<\/em><br \/>\n<em>Utilizado con autorizaci\u00f3n.<\/em><\/p>\n<\/div>","protected":false},"excerpt":{"rendered":"<p>What are the symbols of St. Peter, the Apostle? A Pair of Overlapping Keys. The keys represent Peter\u2019s authority as the leader of the twelve apostles and the head of the early Church. After Peter made his profession of faith in Jesus as the Messiah and the Son of the living God (Mt 16:16), Jesus [&hellip;]<\/p>\n","protected":false},"author":2,"featured_media":6955,"parent":0,"menu_order":0,"comment_status":"closed","ping_status":"closed","template":"","meta":{"footnotes":""},"class_list":["post-1337","page","type-page","status-publish","has-post-thumbnail","hentry"],"_links":{"self":[{"href":"https:\/\/www.archspm.org\/es\/wp-json\/wp\/v2\/pages\/1337","targetHints":{"allow":["GET"]}}],"collection":[{"href":"https:\/\/www.archspm.org\/es\/wp-json\/wp\/v2\/pages"}],"about":[{"href":"https:\/\/www.archspm.org\/es\/wp-json\/wp\/v2\/types\/page"}],"author":[{"embeddable":true,"href":"https:\/\/www.archspm.org\/es\/wp-json\/wp\/v2\/users\/2"}],"replies":[{"embeddable":true,"href":"https:\/\/www.archspm.org\/es\/wp-json\/wp\/v2\/comments?post=1337"}],"version-history":[{"count":0,"href":"https:\/\/www.archspm.org\/es\/wp-json\/wp\/v2\/pages\/1337\/revisions"}],"wp:featuredmedia":[{"embeddable":true,"href":"https:\/\/www.archspm.org\/es\/wp-json\/wp\/v2\/media\/6955"}],"wp:attachment":[{"href":"https:\/\/www.archspm.org\/es\/wp-json\/wp\/v2\/media?parent=1337"}],"curies":[{"name":"wp","href":"https:\/\/api.w.org\/{rel}","templated":true}]}}