{"id":1338,"date":"2020-04-21T18:57:33","date_gmt":"2020-04-21T22:57:33","guid":{"rendered":"https:\/\/www.archspm.org\/where-did-the-church-come-from-and-how-did-it-start-why-is-it-important\/"},"modified":"2020-04-21T18:57:33","modified_gmt":"2020-04-21T22:57:33","slug":"where-did-the-church-come-from-and-how-did-it-start-why-is-it-important","status":"publish","type":"page","link":"https:\/\/www.archspm.org\/es\/where-did-the-church-come-from-and-how-did-it-start-why-is-it-important\/","title":{"rendered":"\u00bfDe d\u00f3nde viene la Iglesia y c\u00f3mo empez\u00f3? \u00bfPor qu\u00e9 es importante?"},"content":{"rendered":"<h1 class=\"entry-title\">\u00bfDe d\u00f3nde viene la Iglesia y c\u00f3mo empez\u00f3? \u00bfPor qu\u00e9 es importante?<\/h1>\n<div class=\"entry-content\">\n<p>La Iglesia es un misterio sagrado debido a su origen en la Sant\u00edsima Trinidad y a su misi\u00f3n de ser el sacramento de la salvaci\u00f3n (el signo y el instrumento del plan de Dios para unir a todos bajo Cristo).<\/p>\n<p>La Sant\u00edsima Trinidad dio origen a la Iglesia. El Padre la llam\u00f3 a la existencia. El Hijo la estableci\u00f3. El Esp\u00edritu Santo la llen\u00f3 de poder y sabidur\u00eda en Pentecost\u00e9s. La Sant\u00edsima Trinidad permanece siempre con la Iglesia, de manera creativa y providencial. La Iglesia, empoderada por el Esp\u00edritu Santo, lleva la salvaci\u00f3n de Cristo al mundo. Ella es el instrumento de la llamada universal de Dios a la santidad. Al mismo tiempo, la Iglesia est\u00e1 compuesta por un pueblo pecador. Sin embargo, a pesar del pecado personal de sus miembros, la Iglesia permanece santa por la presencia de Jes\u00fas y del Esp\u00edritu Santo que la impregna.<\/p>\n<p><strong>Significados de la palabra \u00abIglesia\u00bb<\/strong><\/p>\n<p>La palabra \u201cIglesia\u201d es una traducci\u00f3n de t\u00e9rminos b\u00edblicos: la palabra hebrea qahal y la palabra griega ekklesia, que significan ambas \u00abreuni\u00f3n de personas o comunidad\u00bb para el culto. Se aplic\u00f3 por primera vez al pueblo de Israel, al que Dios dio origen. La Iglesia tambi\u00e9n ha sido llamada a la existencia por Dios. Respondiendo a la proclamaci\u00f3n del Evangelio iniciada por los ap\u00f3stoles, hombres y mujeres abrazan el don de la fe de Dios y, a trav\u00e9s del bautismo, se convierten en miembros de la comunidad de la Iglesia.<\/p>\n<p>La palabra \u00abIglesia\u00bb se refiere al pueblo reunido por Dios en una sola comunidad, guiada hoy por los obispos, que son los sucesores de los ap\u00f3stoles y cuya cabeza es el obispo de Roma, el Papa. El t\u00e9rmino \u00abIglesia\u00bb tambi\u00e9n se aplica a comunidades geogr\u00e1ficas espec\u00edficas llamadas di\u00f3cesis. Asimismo, se aplica a los edificios donde los fieles se re\u00fanen para celebrar los sacramentos, especialmente la Eucarist\u00eda, y a las familias, que se denominan \u00abiglesias dom\u00e9sticas\u00bb.<\/p>\n<p><strong>Planeado por el Padre<\/strong><\/p>\n<p>\u00bfC\u00f3mo surgi\u00f3 la Iglesia?<\/p>\n<p>Desde el principio, la Iglesia form\u00f3 parte del plan de Dios para compartir su vida divina con todas las personas. La familia de Dios se fue formando gradualmente a trav\u00e9s de una serie de acontecimientos descritos en el Antiguo Testamento: la alianza de Dios con Abraham como padre de un gran pueblo, la liberaci\u00f3n del antiguo Israel de la esclavitud en Egipto y su establecimiento en la Tierra Prometida, y su consolidaci\u00f3n como naci\u00f3n a trav\u00e9s del reinado de David.<\/p>\n<p><strong>Fundada por Jesucristo<\/strong><\/p>\n<p>Jes\u00fas llev\u00f3 a cabo el plan del Padre para la Iglesia, primero mediante su predicaci\u00f3n y testimonio de la Buena Nueva del Reino, con sus dones de salvaci\u00f3n del pecado y participaci\u00f3n en la vida divina. La semilla y el comienzo del Reino fue el peque\u00f1o reba\u00f1o que Jes\u00fas pastore\u00f3 como su familia. Jes\u00fas estableci\u00f3 los inicios de una estructura visible de la Iglesia que permanecer\u00e1 hasta que el Reino se cumpla plenamente, mediante la elecci\u00f3n de los Doce Ap\u00f3stoles, con Pedro como cabeza.<\/p>\n<p>Con su cruz, Jes\u00fas dio origen a la Iglesia:<\/p>\n<blockquote><p>La Iglesia nace principalmente de la entrega total de Cristo por nuestra salvaci\u00f3n, anticipada en la instituci\u00f3n de la Eucarist\u00eda y cumplida en la cruz. \u201cEl origen y el crecimiento de la Iglesia est\u00e1n simbolizados por la sangre y el agua que brotaron del costado abierto de Jes\u00fas crucificado\u201d. \u201cPorque fue del costado de Cristo, mientras dorm\u00eda el sue\u00f1o de la muerte en la cruz, de donde brot\u00f3 el \u2018maravilloso sacramento de toda la Iglesia\u2019\u201d. As\u00ed como Eva fue formada del costado de Ad\u00e1n dormido, as\u00ed la Iglesia naci\u00f3 del coraz\u00f3n traspasado de Cristo colgado muerto en la cruz. (CIC, n. 766, citando LG, n. 3, y SC, n. 5)<\/p><\/blockquote>\n<p><strong>Revelado por el Esp\u00edritu<\/strong><\/p>\n<p>El Esp\u00edritu Santo revel\u00f3 la Iglesia en Pentecost\u00e9s, descendiendo sobre los ap\u00f3stoles y los disc\u00edpulos con un fuego transformador, form\u00e1ndolos en una comunidad visible y d\u00e1ndoles el poder para proclamar el Evangelio de Jesucristo.<\/p>\n<p>Los primeros Padres de la Iglesia ense\u00f1aban que exist\u00eda un v\u00ednculo inseparable entre el Esp\u00edritu Santo y la Iglesia: \u201cDonde est\u00e1 la Iglesia, all\u00ed est\u00e1 tambi\u00e9n el Esp\u00edritu de Dios; donde est\u00e1 el Esp\u00edritu de Dios, all\u00ed est\u00e1 la Iglesia\u201d (San Ireneo, Contra las herej\u00edas, III, 24.1). Tan fuerte es la presencia del Esp\u00edritu en la vida de la Iglesia primitiva que la narraci\u00f3n del Nuevo Testamento sobre el crecimiento inicial de la Iglesia, los Hechos de los Ap\u00f3stoles, se denomina a menudo el \u201cEvangelio del Esp\u00edritu Santo\u201d.\u201d<\/p>\n<p>Los Hechos de los Ap\u00f3stoles y la historia de la Iglesia primitiva muestran c\u00f3mo el Esp\u00edritu Santo otorg\u00f3 dones a la comunidad de creyentes para sus funciones y responsabilidades al servicio de la Iglesia. Fue un proceso din\u00e1mico que ilustr\u00f3 la presencia y la acci\u00f3n permanentes del Esp\u00edritu, junto con una mayor comprensi\u00f3n de la fe. A partir de Pentecost\u00e9s, la Iglesia comenz\u00f3 su peregrinaci\u00f3n terrenal, que un d\u00eda se cumplir\u00e1 en la gloria. El Esp\u00edritu Santo mantiene la estabilidad, la durabilidad y la continuidad de la Iglesia tanto en circunstancias hist\u00f3ricas favorables como desfavorables.<\/p>\n<p><strong>La Iglesia manifiesta la Sant\u00edsima Trinidad<\/strong><\/p>\n<p>La Iglesia es la manifestaci\u00f3n continua del Padre, el Hijo y el Esp\u00edritu Santo. La Iglesia existe por la voluntad de Dios Padre y su plan de reunir a todas las personas bajo el se\u00f1or\u00edo de su Hijo. Como Cabeza de la Iglesia, Jesucristo contin\u00faa llen\u00e1ndola con su vida y su gracia salvadora, derramando sobre ella el Esp\u00edritu Santo con sus dones de unidad, paz y amor.<\/p>\n<p>Puede leer m\u00e1s sobre el Catecismo Cat\u00f3lico para Adultos de los Estados Unidos, solicitar su propio ejemplar o leer preguntas al respecto en el\u00a0<a href=\"http:\/\/usccb.org\/\" target=\"_blank\" rel=\"noopener\">Sitio web de la Conferencia Episcopal de Estados Unidos<\/a>.<\/p>\n<p><em>Copyright \u00a9 2006, United States Conference of Catholic Bishops, Washington, D.C. Todos los derechos reservados. Ninguna parte de esta obra puede ser reproducida o transmitida de ninguna forma o por ning\u00fan medio, electr\u00f3nico o mec\u00e1nico, incluyendo fotocopia, grabaci\u00f3n o por cualquier sistema de almacenamiento y recuperaci\u00f3n de informaci\u00f3n, sin el permiso por escrito del titular de los derechos de autor.<\/em><\/p>\n<\/div>","protected":false},"excerpt":{"rendered":"<p>Where did the Church come from and how did it start? Why is it important? The Church is a holy mystery because of her origin in the Holy Trinity and her mission to be the Sacrament of Salvation (the sign and instrument of God\u2019s plan to unite all under Christ). The Holy Trinity brought the [&hellip;]<\/p>\n","protected":false},"author":2,"featured_media":6955,"parent":0,"menu_order":0,"comment_status":"closed","ping_status":"closed","template":"","meta":{"footnotes":""},"class_list":["post-1338","page","type-page","status-publish","has-post-thumbnail","hentry"],"_links":{"self":[{"href":"https:\/\/www.archspm.org\/es\/wp-json\/wp\/v2\/pages\/1338","targetHints":{"allow":["GET"]}}],"collection":[{"href":"https:\/\/www.archspm.org\/es\/wp-json\/wp\/v2\/pages"}],"about":[{"href":"https:\/\/www.archspm.org\/es\/wp-json\/wp\/v2\/types\/page"}],"author":[{"embeddable":true,"href":"https:\/\/www.archspm.org\/es\/wp-json\/wp\/v2\/users\/2"}],"replies":[{"embeddable":true,"href":"https:\/\/www.archspm.org\/es\/wp-json\/wp\/v2\/comments?post=1338"}],"version-history":[{"count":0,"href":"https:\/\/www.archspm.org\/es\/wp-json\/wp\/v2\/pages\/1338\/revisions"}],"wp:featuredmedia":[{"embeddable":true,"href":"https:\/\/www.archspm.org\/es\/wp-json\/wp\/v2\/media\/6955"}],"wp:attachment":[{"href":"https:\/\/www.archspm.org\/es\/wp-json\/wp\/v2\/media?parent=1338"}],"curies":[{"name":"wp","href":"https:\/\/api.w.org\/{rel}","templated":true}]}}