{"id":1339,"date":"2020-04-21T19:01:19","date_gmt":"2020-04-21T23:01:19","guid":{"rendered":"https:\/\/www.archspm.org\/what-is-sacred-tradition-and-how-is-it-related-to-sacred-scripture\/"},"modified":"2024-12-19T22:24:20","modified_gmt":"2024-12-20T03:24:20","slug":"what-is-sacred-tradition-and-how-is-it-related-to-sacred-scripture","status":"publish","type":"page","link":"https:\/\/www.archspm.org\/es\/what-is-sacred-tradition-and-how-is-it-related-to-sacred-scripture\/","title":{"rendered":"\u00bfQu\u00e9 es la \"Sagrada Tradici\u00f3n\" y c\u00f3mo se relaciona con la Sagrada Escritura?"},"content":{"rendered":"<h1 class=\"entry-title\">\u00bfQu\u00e9 es la \"Sagrada Tradici\u00f3n\" y c\u00f3mo se relaciona con la Sagrada Escritura?<\/h1>\n<div class=\"entry-content\">\n<p>La tradici\u00f3n es la transmisi\u00f3n viva del mensaje del Evangelio en la Iglesia. La predicaci\u00f3n oral de los ap\u00f3stoles y el mensaje escrito de la salvaci\u00f3n bajo la inspiraci\u00f3n del Esp\u00edritu Santo (la Biblia) se conservan y se transmiten como dep\u00f3sito de la fe a trav\u00e9s de la sucesi\u00f3n apost\u00f3lica en la Iglesia. Tanto la tradici\u00f3n viva como las Escrituras escritas tienen su fuente com\u00fan en la revelaci\u00f3n de Dios en Jesucristo. Esto es particularmente importante de entender y creer cuando uno se enfrenta a la actitud posmoderna de que no se puede confiar en la Tradici\u00f3n, y que lo que la Iglesia ense\u00f1a como Tradici\u00f3n es en realidad solo un reflejo de juicios y prejuicios particulares. Saber que lo que ense\u00f1a la Tradici\u00f3n tiene su fundamento \u00faltimo en Jesucristo ayuda a una persona de fe a responder a la Tradici\u00f3n con confianza. Las tradiciones teol\u00f3gicas, lit\u00fargicas, disciplinarias y devocionales de las iglesias locales contienen y pueden distinguirse de esta Tradici\u00f3n Apost\u00f3lica.<\/p>\n<p>Al interpretar las Escrituras, debemos estar atentos a lo que Dios quiso revelar a trav\u00e9s de los autores para nuestra salvaci\u00f3n. Necesitamos ver las Escrituras como un todo unificado con Jesucristo en el centro. Tambi\u00e9n debemos leer las Escrituras dentro de la Tradici\u00f3n viva de toda la Iglesia, para poder llegar a comprender una interpretaci\u00f3n verdadera de las Escrituras. La tarea de dar una interpretaci\u00f3n autorizada de la Palabra de Dios ha sido confiada al Magisterio. Por \u00faltimo, debemos recordar y reconocer que existe una coherencia de las verdades de la fe dentro de las Escrituras (cf. Catecismo de la Iglesia Cat\u00f3lica, n\u00fams. 112-114).<\/p>\n<p>La Iglesia reconoce dos sentidos de la Escritura: el literal y el espiritual. Al indagar el significado literal de los textos, es necesario determinar su forma literaria, como historia, himnos, dichos sapienciales, poes\u00eda, par\u00e1bolas u otras formas de lenguaje figurado. \u201cEl sentido literal es el significado transmitido por las palabras de la Escritura y descubierto por la ex\u00e9gesis, siguiendo las reglas de la interpretaci\u00f3n correcta: \u2018Todos los dem\u00e1s sentidos de la Sagrada Escritura se basan en el literal\u2019\u201d (CIC, n.\u00ba 116, citando a Santo Tom\u00e1s de Aquino, Summa Theologiae I, 1, 10).<\/p>\n<ul>\n<li>Los sentidos espirituales de la Sagrada Escritura derivan de la unidad del plan de salvaci\u00f3n de Dios. El texto de la Escritura revela el plan de Dios. Las realidades y los acontecimientos de los que habla tambi\u00e9n pueden ser signos del plan divino. Hay tres sentidos espirituales de la Escritura:<\/li>\n<\/ul>\n<ul>\n<li>El sentido aleg\u00f3rico. Podemos adquirir una comprensi\u00f3n m\u00e1s profunda de los acontecimientos al reconocer su significado en Cristo; as\u00ed, el cruce del Mar Rojo es un signo o tipo de la victoria de Cristo sobre el pecado y tambi\u00e9n del bautismo cristiano.<\/li>\n<\/ul>\n<ul>\n<li>El sentido moral. Los acontecimientos relatados en las Escrituras deben llevarnos a actuar con justicia. Como dice San Pablo, fueron escritos \u201cpara nuestra instrucci\u00f3n\u201d (1 Cor 10, 11).<\/li>\n<\/ul>\n<ul>\n<li>El sentido anag\u00f3gico... Podemos ver las realidades y los acontecimientos en funci\u00f3n de su significado eterno, que nos conduce hacia nuestra verdadera patria: as\u00ed, la Iglesia en la tierra es un signo de la Jerusal\u00e9n celestial. (CIC, n.\u00ba 117)<\/li>\n<\/ul>\n<p>Se espera que los estudiosos de las Escrituras de la Iglesia trabajen de acuerdo con estos principios para desarrollar una mejor comprensi\u00f3n de las Escrituras para el pueblo de Dios. La interpretaci\u00f3n de las Escrituras est\u00e1 sujeta en \u00faltima instancia al juicio del Magisterio, que ejerce la comisi\u00f3n divina de mantener y interpretar con autoridad la Palabra de Dios.<\/p>\n<p>Puede leer m\u00e1s sobre el Catecismo Cat\u00f3lico para Adultos de los Estados Unidos, solicitar su propio ejemplar o leer preguntas al respecto en el\u00a0<a href=\"http:\/\/usccb.org\/\" target=\"_blank\" rel=\"noopener noreferrer\">Sitio web de la Conferencia Episcopal de Estados Unidos<\/a>.<\/p>\n<p><em>Copyright \u00a9 2006, United States Conference of Catholic Bishops, Washington, D.C. Todos los derechos reservados. Ninguna parte de esta obra puede ser reproducida o transmitida de ninguna forma o por ning\u00fan medio, electr\u00f3nico o mec\u00e1nico, incluyendo fotocopia, grabaci\u00f3n o por cualquier sistema de almacenamiento y recuperaci\u00f3n de informaci\u00f3n, sin el permiso por escrito del titular de los derechos de autor.<\/em><\/p>\n<\/div>","protected":false},"excerpt":{"rendered":"<p>What is \u201cSacred Tradition\u201d and how is it related to Sacred Scripture? Tradition is the living transmission of the message of the Gospel in the Church. The oral preaching of the Apostles and the written message of salvation under the inspiration of the Holy Spirit (Bible) are conserved and handed on as the Deposit of [&hellip;]<\/p>\n","protected":false},"author":2,"featured_media":6955,"parent":0,"menu_order":0,"comment_status":"closed","ping_status":"closed","template":"","meta":{"footnotes":""},"class_list":["post-1339","page","type-page","status-publish","has-post-thumbnail","hentry"],"_links":{"self":[{"href":"https:\/\/www.archspm.org\/es\/wp-json\/wp\/v2\/pages\/1339","targetHints":{"allow":["GET"]}}],"collection":[{"href":"https:\/\/www.archspm.org\/es\/wp-json\/wp\/v2\/pages"}],"about":[{"href":"https:\/\/www.archspm.org\/es\/wp-json\/wp\/v2\/types\/page"}],"author":[{"embeddable":true,"href":"https:\/\/www.archspm.org\/es\/wp-json\/wp\/v2\/users\/2"}],"replies":[{"embeddable":true,"href":"https:\/\/www.archspm.org\/es\/wp-json\/wp\/v2\/comments?post=1339"}],"version-history":[{"count":0,"href":"https:\/\/www.archspm.org\/es\/wp-json\/wp\/v2\/pages\/1339\/revisions"}],"wp:featuredmedia":[{"embeddable":true,"href":"https:\/\/www.archspm.org\/es\/wp-json\/wp\/v2\/media\/6955"}],"wp:attachment":[{"href":"https:\/\/www.archspm.org\/es\/wp-json\/wp\/v2\/media?parent=1339"}],"curies":[{"name":"wp","href":"https:\/\/api.w.org\/{rel}","templated":true}]}}