{"id":1340,"date":"2020-04-21T19:03:12","date_gmt":"2020-04-21T23:03:12","guid":{"rendered":"https:\/\/www.archspm.org\/what-is-the-resurrection-of-the-body-and-what-does-that-mean-to-me\/"},"modified":"2020-04-21T19:03:12","modified_gmt":"2020-04-21T23:03:12","slug":"what-is-the-resurrection-of-the-body-and-what-does-that-mean-to-me","status":"publish","type":"page","link":"https:\/\/www.archspm.org\/es\/what-is-the-resurrection-of-the-body-and-what-does-that-mean-to-me\/","title":{"rendered":"\u00bfQu\u00e9 es la \"resurrecci\u00f3n de la carne\" y qu\u00e9 significa para m\u00ed?"},"content":{"rendered":"<h1 class=\"entry-title\">\u00bfQu\u00e9 es la \"resurrecci\u00f3n de la carne\" y qu\u00e9 significa para m\u00ed?<\/h1>\n<div class=\"entry-content\">\n<p>La fe en la resurrecci\u00f3n de nuestros cuerpos es inseparable de nuestra fe en la resurrecci\u00f3n del cuerpo de Cristo de entre los muertos. \u00c9l resucit\u00f3 como nuestra cabeza, como modelo de nuestra resurrecci\u00f3n y como fuente vivificante de nuestra nueva vida. \u201cSi el Esp\u00edritu de aquel que resucit\u00f3 a Jes\u00fas de entre los muertos habita en ustedes, el que resucit\u00f3 a Cristo de entre los muertos tambi\u00e9n dar\u00e1 vida a sus cuerpos mortales, por medio de su Esp\u00edritu que habita en ustedes\u201d (Rom 8:11).<\/p>\n<p>La creencia en la resurrecci\u00f3n del cuerpo ya exist\u00eda en la \u00e9poca de Cristo entre los fariseos. Jes\u00fas realiz\u00f3 milagros resucitando a los muertos como s\u00edmbolos de su futura resurrecci\u00f3n, y asoci\u00f3 estos acontecimientos consigo mismo: \u201cYo soy la resurrecci\u00f3n y la vida\u201d (Jn 11, 25).<\/p>\n<blockquote><p>Cristo, \u201cel primog\u00e9nito de entre los muertos\u201d (Col 1, 18), es el principio de nuestra propia resurrecci\u00f3n, ya desde ahora por la justificaci\u00f3n de nuestras almas (cf. Rom 6, 4), y alg\u00fan d\u00eda por la nueva vida que impartir\u00e1 a nuestros cuerpos (cf. Rom 8, 11). (CIC, n. 658)<\/p><\/blockquote>\n<p>Todos los muertos resucitar\u00e1n cuando Jes\u00fas vuelva para juzgar a los vivos y a los muertos. En la resurrecci\u00f3n final, nuestros cuerpos ser\u00e1n transformados, aunque no sabemos exactamente c\u00f3mo. La forma en que resucitaremos excede nuestro entendimiento e imaginaci\u00f3n, y solo es accesible a nuestra fe.<\/p>\n<blockquote><p>Pero alguien podr\u00eda decir: \u201c\u00bfC\u00f3mo resucitan los muertos? \u00bfCon qu\u00e9 tipo de cuerpo volver\u00e1n?\u201d. \u00a1Necio! Lo que siembras no cobra vida a menos que muera. Y lo que siembras no es el cuerpo que va a ser, sino un simple grano de trigo, o quiz\u00e1 de otra especie... Se siembra corruptible, se levanta incorruptible... Los muertos ser\u00e1n resucitados incorruptibles... Porque lo que es corruptible debe revestirse de incorruptibilidad, y lo que es mortal debe revestirse de inmortalidad. (1 Corintios 15:35-37, 42, 52, 53)<\/p><\/blockquote>\n<p>Cada vez que asistimos a un velorio o a una misa f\u00fanebre, vemos un cuerpo fallecido en un velorio o pasamos por un cementerio, recordamos este art\u00edculo sencillo y profundo del Credo, la creencia en la resurrecci\u00f3n del cuerpo. Es una creencia que nos hace reflexionar, porque nos recuerda el juicio que est\u00e1 por venir y, al mismo tiempo, es una creencia alegre que anuncia la vida eterna con Dios.<\/p>\n<p>Puede leer m\u00e1s sobre el Catecismo Cat\u00f3lico para Adultos de los Estados Unidos, solicitar su propio ejemplar o leer preguntas al respecto en el\u00a0<a href=\"http:\/\/usccb.org\/\" target=\"_blank\" rel=\"noopener noreferrer\">Sitio web de la Conferencia Episcopal de Estados Unidos<\/a>.<\/p>\n<p><em>Copyright \u00a9 2006, United States Conference of Catholic Bishops, Washington, D.C. Todos los derechos reservados. Ninguna parte de esta obra puede ser reproducida o transmitida de ninguna forma o por ning\u00fan medio, electr\u00f3nico o mec\u00e1nico, incluyendo fotocopia, grabaci\u00f3n o por cualquier sistema de almacenamiento y recuperaci\u00f3n de informaci\u00f3n, sin el permiso por escrito del titular de los derechos de autor.<\/em><\/p>\n<\/div>","protected":false},"excerpt":{"rendered":"<p>What is the \u201cresurrection of the body\u201d and what does that mean to me? Faith in the resurrection of our bodies is inseparable from our faith in the Resurrection of Christ\u2019s body from the dead. He rose as our head, as the pattern of our rising, and as the life-giving source of our new life. [&hellip;]<\/p>\n","protected":false},"author":2,"featured_media":6955,"parent":0,"menu_order":0,"comment_status":"closed","ping_status":"closed","template":"","meta":{"footnotes":""},"class_list":["post-1340","page","type-page","status-publish","has-post-thumbnail","hentry"],"_links":{"self":[{"href":"https:\/\/www.archspm.org\/es\/wp-json\/wp\/v2\/pages\/1340","targetHints":{"allow":["GET"]}}],"collection":[{"href":"https:\/\/www.archspm.org\/es\/wp-json\/wp\/v2\/pages"}],"about":[{"href":"https:\/\/www.archspm.org\/es\/wp-json\/wp\/v2\/types\/page"}],"author":[{"embeddable":true,"href":"https:\/\/www.archspm.org\/es\/wp-json\/wp\/v2\/users\/2"}],"replies":[{"embeddable":true,"href":"https:\/\/www.archspm.org\/es\/wp-json\/wp\/v2\/comments?post=1340"}],"version-history":[{"count":0,"href":"https:\/\/www.archspm.org\/es\/wp-json\/wp\/v2\/pages\/1340\/revisions"}],"wp:featuredmedia":[{"embeddable":true,"href":"https:\/\/www.archspm.org\/es\/wp-json\/wp\/v2\/media\/6955"}],"wp:attachment":[{"href":"https:\/\/www.archspm.org\/es\/wp-json\/wp\/v2\/media?parent=1340"}],"curies":[{"name":"wp","href":"https:\/\/api.w.org\/{rel}","templated":true}]}}