{"id":1341,"date":"2020-04-21T19:04:57","date_gmt":"2020-04-21T23:04:57","guid":{"rendered":"https:\/\/www.archspm.org\/what-are-the-important-teachings-about-mary-why-do-they-matter-so-much\/"},"modified":"2020-04-21T19:04:57","modified_gmt":"2020-04-21T23:04:57","slug":"what-are-the-important-teachings-about-mary-why-do-they-matter-so-much","status":"publish","type":"page","link":"https:\/\/www.archspm.org\/es\/what-are-the-important-teachings-about-mary-why-do-they-matter-so-much\/","title":{"rendered":"\u00bfCu\u00e1les son las ense\u00f1anzas importantes sobre Mar\u00eda? \u00bfPor qu\u00e9 son tan importantes?"},"content":{"rendered":"<h1 class=\"entry-title\">\u00bfCu\u00e1les son las ense\u00f1anzas importantes sobre Mar\u00eda? \u00bfPor qu\u00e9 son tan importantes?<\/h1>\n<div class=\"entry-content\">\n<p>Una parte esencial del plan de Dios para la madre de su Hijo era que ella fuera concebida libre del pecado original. \u201cA lo largo de los siglos, la Iglesia se fue haciendo cada vez m\u00e1s consciente de que Mar\u00eda, \u2018llena de gracia\u2019 por Dios, fue redimida desde el momento de su concepci\u00f3n\u201d (CIC, n.\u00ba 491).<\/p>\n<p>En previsi\u00f3n de que iba a dar a luz al Hijo de Dios, Mar\u00eda fue preservada desde el momento de su concepci\u00f3n del pecado original. A esto lo llamamos la Inmaculada Concepci\u00f3n. Ning\u00fan pecado la tocar\u00eda, para que fuera un recipiente digno y adecuado para el Hijo de Dios. La Inmaculada Concepci\u00f3n no se refiere a la concepci\u00f3n y el nacimiento virginal de Cristo, sino al hecho de que Mar\u00eda fue concebida sin heredar el pecado original.<\/p>\n<p>Con el paso del tiempo, la doctrina de la Inmaculada Concepci\u00f3n se fue enunciando con mayor precisi\u00f3n, ya que su verdad \u2014respaldada durante mucho tiempo por la devoci\u00f3n popular universal de los fieles\u2014 se comprendi\u00f3 mejor gracias a la profundizaci\u00f3n de la investigaci\u00f3n teol\u00f3gica. En 1854, el papa P\u00edo IX proclam\u00f3 este dogma de manera infalible: es decir, en su calidad de maestro supremo de la Iglesia, declar\u00f3 que esta doctrina es revelada por Dios y debe ser aceptada con fe por toda la Iglesia.<\/p>\n<p>La Iglesia tambi\u00e9n cree que Mar\u00eda debe ser llamada \u201cMadre de Dios\u201d. \u201cAquel que ella concibi\u00f3 como hombre por obra del Esp\u00edritu Santo, que se convirti\u00f3 verdaderamente en su Hijo seg\u00fan la carne, no era otro que el Hijo eterno del Padre, la segunda persona de la Sant\u00edsima Trinidad. Por lo tanto, la Iglesia confiesa que Mar\u00eda es verdaderamente la \u2018Madre de Dios\u2019 (CIC, n.\u00ba 495, citando el Concilio de \u00c9feso: DS 251). En las Iglesias orientales se honra a Mar\u00eda con la expresi\u00f3n griega Theotokos o \u201dParto de Dios\u201c (a veces traducida como \u201dPortadora de Dios\u201c).<\/p>\n<p>El poder del Esp\u00edritu Santo hizo posible la concepci\u00f3n de Jes\u00fas en el vientre de Mar\u00eda. No hubo padre humano. Los Evangelios presentan claramente la concepci\u00f3n virginal de Jes\u00fas como una obra divina (cf. Mt 1, 18-25; Lc 1, 26-38).<\/p>\n<p>Mar\u00eda siempre fue virgen, tanto al concebir a Jes\u00fas como al dar a luz y permanecer virgen para siempre. Dios le concedi\u00f3 este privilegio para enfatizar que se trataba de un momento \u00fanico en la historia: el nacimiento de Jes\u00fas, que es el Hijo de Dios y el Hijo de Mar\u00eda. La liturgia de la Iglesia se refiere a Mar\u00eda como \u201csiempre virgen\u201d. En la Iglesia primitiva algunos negaban esto, argumentando que los Evangelios hablan de los hermanos y hermanas de Jes\u00fas, y por lo tanto sosten\u00edan que Mar\u00eda no permaneci\u00f3 virgen despu\u00e9s del nacimiento de Jes\u00fas. Pero ya en el siglo IV, los te\u00f3logos se\u00f1alaron que la palabra griega para hermano utilizada en el Nuevo Testamento tambi\u00e9n puede referirse a primo. Una segunda explicaci\u00f3n era que estos hermanos y hermanas eran hijos de Jos\u00e9 de un matrimonio anterior. Sin embargo, la Iglesia ha ense\u00f1ado siempre que Mar\u00eda permaneci\u00f3 virgen incluso despu\u00e9s del nacimiento de Jes\u00fas. En su virginidad, Mar\u00eda vivi\u00f3 una vida dedicada exclusivamente a su Hijo y a su misi\u00f3n. Su ejemplo ha sido seguido por algunos disc\u00edpulos de Cristo que han vivido una vida de virginidad consagrada y celibato desde los tiempos apost\u00f3licos hasta el presente.<\/p>\n<p>En el misterio de su Asunci\u00f3n, Mar\u00eda experimenta inmediatamente lo que todos nosotros experimentaremos finalmente, una resurrecci\u00f3n corporal como la de Cristo. \u201cLa Virgen Inmaculada, al terminar el curso de su vida terrenal, fue elevada en cuerpo y alma a la gloria celestial y exaltada por el Se\u00f1or como Reina sobre todas las cosas, para que as\u00ed se conformara m\u00e1s plenamente a su Hijo, Se\u00f1or de los se\u00f1ores y vencedor de la muerte\u201d (CIC, n. 966, citando LG, n. 59).<\/p>\n<p>Por \u00faltimo, en Mar\u00eda contemplamos c\u00f3mo es ya la Iglesia durante su peregrinaci\u00f3n de fe, y c\u00f3mo ser\u00e1 al final del camino. \u201cMar\u00eda figura profundamente en la historia de la salvaci\u00f3n y, en cierto modo, une y refleja en s\u00ed misma las verdades centrales de la fe\u201d (LG, n.\u00ba 65).<\/p>\n<p>Puede leer m\u00e1s sobre el Catecismo Cat\u00f3lico para Adultos de los Estados Unidos, solicitar su propio ejemplar o leer preguntas al respecto en el\u00a0<a href=\"http:\/\/usccb.org\/\" target=\"_blank\" rel=\"noopener noreferrer\">Sitio web de la Conferencia Episcopal de Estados Unidos<\/a>.<\/p>\n<p><em>Copyright \u00a9 2006, United States Conference of Catholic Bishops, Washington, D.C. Todos los derechos reservados. Ninguna parte de esta obra puede ser reproducida o transmitida de ninguna forma o por ning\u00fan medio, electr\u00f3nico o mec\u00e1nico, incluyendo fotocopia, grabaci\u00f3n o por cualquier sistema de almacenamiento y recuperaci\u00f3n de informaci\u00f3n, sin el permiso por escrito del titular de los derechos de autor.<\/em><\/p>\n<\/div>","protected":false},"excerpt":{"rendered":"<p>What are the important teachings about Mary? Why do they matter so much? An essential part of God\u2019s plan for the mother of his Son was that she be conceived free from Original Sin. \u201cThrough the centuries the Church became ever more aware that Mary, \u2018full of grace\u2019 through God, was redeemed from the moment [&hellip;]<\/p>\n","protected":false},"author":2,"featured_media":6955,"parent":0,"menu_order":0,"comment_status":"closed","ping_status":"closed","template":"","meta":{"footnotes":""},"class_list":["post-1341","page","type-page","status-publish","has-post-thumbnail","hentry"],"_links":{"self":[{"href":"https:\/\/www.archspm.org\/es\/wp-json\/wp\/v2\/pages\/1341","targetHints":{"allow":["GET"]}}],"collection":[{"href":"https:\/\/www.archspm.org\/es\/wp-json\/wp\/v2\/pages"}],"about":[{"href":"https:\/\/www.archspm.org\/es\/wp-json\/wp\/v2\/types\/page"}],"author":[{"embeddable":true,"href":"https:\/\/www.archspm.org\/es\/wp-json\/wp\/v2\/users\/2"}],"replies":[{"embeddable":true,"href":"https:\/\/www.archspm.org\/es\/wp-json\/wp\/v2\/comments?post=1341"}],"version-history":[{"count":0,"href":"https:\/\/www.archspm.org\/es\/wp-json\/wp\/v2\/pages\/1341\/revisions"}],"wp:featuredmedia":[{"embeddable":true,"href":"https:\/\/www.archspm.org\/es\/wp-json\/wp\/v2\/media\/6955"}],"wp:attachment":[{"href":"https:\/\/www.archspm.org\/es\/wp-json\/wp\/v2\/media?parent=1341"}],"curies":[{"name":"wp","href":"https:\/\/api.w.org\/{rel}","templated":true}]}}