{"id":1347,"date":"2020-05-05T02:56:28","date_gmt":"2020-05-05T06:56:28","guid":{"rendered":"https:\/\/www.archspm.org\/what-is-the-role-of-the-church-related-to-morality\/"},"modified":"2020-05-05T02:56:28","modified_gmt":"2020-05-05T06:56:28","slug":"what-is-the-role-of-the-church-related-to-morality","status":"publish","type":"page","link":"https:\/\/www.archspm.org\/es\/what-is-the-role-of-the-church-related-to-morality\/","title":{"rendered":"\u00bfCu\u00e1l es el papel de la Iglesia en relaci\u00f3n con la moralidad?"},"content":{"rendered":"<h1 class=\"entry-title\">\u00bfCu\u00e1l es el papel de la Iglesia en relaci\u00f3n con la moralidad?<\/h1>\n<div class=\"entry-content\">\n<p>Dios nos ayuda a vivir una vida moral a trav\u00e9s de la Iglesia, que es nuestra madre y maestra. La fe de la Iglesia se encuentra en su Credo y en su ense\u00f1anza ordinaria, tal y como la articulan sus pastores, el papa y los obispos en comuni\u00f3n con \u00e9l.<\/p>\n<p>Jes\u00fas dijo a los ap\u00f3stoles: \u201cEl que os escucha a vosotros, me escucha a m\u00ed\u201d (Lc 10, 16). En la Iglesia, cuando tratamos cuestiones de fe y moral, la voz autorizada de Cristo es ejercida por el papa y los obispos, sucesores de Pedro y de los ap\u00f3stoles, que forman el Magisterio. Ellos son guiados por el Esp\u00edritu Santo, que permanece con la Iglesia para conducirnos a toda la verdad.<\/p>\n<p>La Iglesia escucha las preguntas eternas que cada persona se plantea en alg\u00fan momento: \u201c\u00bfC\u00f3mo debo vivir?\u201d, \u201c\u00bfQu\u00e9 valores o principios debo aceptar?\u201d, \u201c\u00bfQu\u00e9 normas debo hacer m\u00edas?\u201d, \u201c\u00bfQu\u00e9 le da sentido a mi vida?\u201d. Para responder a preguntas como estas, acudimos a un maestro sabio. Cristo es el maestro supremo, y hoy sigue haci\u00e9ndose o\u00edr en y a trav\u00e9s de la Iglesia. El Catecismo se\u00f1ala que \u201cel Magisterio de los Pastores de la Iglesia en materia moral se ejerce ordinariamente en la catequesis y la predicaci\u00f3n, con la ayuda de las obras de los te\u00f3logos y autores espirituales\u201d (CIC, n. 2033). En la tarea de ense\u00f1ar y aplicar la visi\u00f3n y la pr\u00e1ctica de la moral cristiana, la Iglesia se apoya en la dedicaci\u00f3n de los pastores y los estudios de los te\u00f3logos, as\u00ed como en las contribuciones de todas las personas de buena voluntad (cf. CCC, n.\u00ba 2038).<\/p>\n<p>La respuesta basada en la fe que los cat\u00f3licos deben dar a la autoridad docente de la Iglesia \u2014el Magisterio\u2014 se extiende tambi\u00e9n a los principios morales:<\/p>\n<p>La Iglesia, \u201ccolumna y baluarte de la verdad\u201d, \u201cha recibido de los ap\u00f3stoles este mandato solemne de Cristo de anunciar la verdad salv\u00edfica\u201d. \u201cA la Iglesia le corresponde el derecho de anunciar siempre y en todas partes los principios morales, incluidos los relativos al orden social, y de emitir juicios sobre cualquier asunto humano en la medida en que lo exijan los derechos fundamentales de la persona humana o la salvaci\u00f3n de las almas\u201d. (CIC, n. 2032, citando 1 Tm 3, 15; LG, n. 17; CIC, can. 747 \u00a72)<\/p>\n<p>Puede leer m\u00e1s sobre el Catecismo Cat\u00f3lico para Adultos de los Estados Unidos, solicitar su propio ejemplar o leer preguntas al respecto en el\u00a0<a href=\"http:\/\/usccb.org\/\" target=\"_blank\" rel=\"noopener\">Sitio web de la Conferencia Episcopal de Estados Unidos<\/a>.<\/p>\n<p><em>Copyright \u00a9 2006, United States Conference of Catholic Bishops, Washington, D.C. Todos los derechos reservados. Ninguna parte de esta obra puede ser reproducida o transmitida de ninguna forma o por ning\u00fan medio, electr\u00f3nico o mec\u00e1nico, incluyendo fotocopia, grabaci\u00f3n o por cualquier sistema de almacenamiento y recuperaci\u00f3n de informaci\u00f3n, sin el permiso por escrito del titular de los derechos de autor.<\/em><\/p>\n<\/div>","protected":false},"excerpt":{"rendered":"<p>What is the role of the Church related to morality? God assists us in living the moral life through the Church, who is our mother and teacher. The faith of the Church is found in its Creed and in its ordinary teaching, as articulated by its shepherds, the pope, and the bishops in communion with [&hellip;]<\/p>\n","protected":false},"author":2,"featured_media":6955,"parent":0,"menu_order":0,"comment_status":"closed","ping_status":"closed","template":"","meta":{"footnotes":""},"class_list":["post-1347","page","type-page","status-publish","has-post-thumbnail","hentry"],"_links":{"self":[{"href":"https:\/\/www.archspm.org\/es\/wp-json\/wp\/v2\/pages\/1347","targetHints":{"allow":["GET"]}}],"collection":[{"href":"https:\/\/www.archspm.org\/es\/wp-json\/wp\/v2\/pages"}],"about":[{"href":"https:\/\/www.archspm.org\/es\/wp-json\/wp\/v2\/types\/page"}],"author":[{"embeddable":true,"href":"https:\/\/www.archspm.org\/es\/wp-json\/wp\/v2\/users\/2"}],"replies":[{"embeddable":true,"href":"https:\/\/www.archspm.org\/es\/wp-json\/wp\/v2\/comments?post=1347"}],"version-history":[{"count":0,"href":"https:\/\/www.archspm.org\/es\/wp-json\/wp\/v2\/pages\/1347\/revisions"}],"wp:featuredmedia":[{"embeddable":true,"href":"https:\/\/www.archspm.org\/es\/wp-json\/wp\/v2\/media\/6955"}],"wp:attachment":[{"href":"https:\/\/www.archspm.org\/es\/wp-json\/wp\/v2\/media?parent=1347"}],"curies":[{"name":"wp","href":"https:\/\/api.w.org\/{rel}","templated":true}]}}