{"id":1350,"date":"2020-05-05T03:08:11","date_gmt":"2020-05-05T07:08:11","guid":{"rendered":"https:\/\/www.archspm.org\/what-is-the-eighth-commandment-what-are-sins-against-truth\/"},"modified":"2024-12-19T22:24:20","modified_gmt":"2024-12-20T03:24:20","slug":"what-is-the-eighth-commandment-what-are-sins-against-truth","status":"publish","type":"page","link":"https:\/\/www.archspm.org\/es\/what-is-the-eighth-commandment-what-are-sins-against-truth\/","title":{"rendered":"\u00bfQu\u00e9 es el Octavo Mandamiento? \u00bfQu\u00e9 son los pecados contra la verdad?"},"content":{"rendered":"<h1 class=\"entry-title\">\u00bfQu\u00e9 es el Octavo Mandamiento? \u00bfQu\u00e9 son los pecados contra la verdad?<\/h1>\n<div class=\"entry-content\">\n<blockquote><p>La verdad o la veracidad es la virtud que consiste en mostrarse sincero en los hechos y veraz en las palabras, y en evitar la doblez, el disimulo y la hipocres\u00eda. . . . El respeto por la reputaci\u00f3n y el honor de las personas proh\u00edbe toda difamaci\u00f3n y calumnia, ya sea en palabras o en actitudes.<\/p>\n<p>\u2014CIC, n.\u00ba 2505 y 2507<\/p>\n<p>No dar\u00e1s falso testimonio contra tu pr\u00f3jimo.<\/p>\n<p>\u2014\u00c9xodo 20:16<\/p><\/blockquote>\n<p>La Biblia ense\u00f1a que Dios es la fuente de la verdad. Jes\u00fas no solo ense\u00f1\u00f3 la verdad; tambi\u00e9n dijo: \u201cYo soy la verdad\u201d (cf. Jn 14, 6). La palabra hebrea para \u00abverdad\u00bb,\u00a0<em>emetir<\/em>, se refiere tanto a la verdad en las palabras como a la sinceridad en los hechos. Jes\u00fas encarn\u00f3 la verdad y no dijo m\u00e1s que la verdad.<\/p>\n<p>Cuando Cristo se present\u00f3 ante Pilato, este le pregunt\u00f3 a Jes\u00fas si era rey. En su respuesta, Jes\u00fas declar\u00f3 que su Reino no era pol\u00edtico, sino espiritual; que hab\u00eda venido a dar testimonio de la verdad. Un reino espiritual se basa en la verdad. Pilato no pudo comprender la respuesta de Cristo. Jes\u00fas se dirigi\u00f3 a \u00e9l y le ofreci\u00f3 la posibilidad de cambiar. Pilato solo pudo decir: \u201c\u00bfQu\u00e9 es la verdad?\u201d (Jn 18, 38).<\/p>\n<p>En nuestra cultura, el relativismo pone en tela de juicio nuestra capacidad para decir la verdad, ya que sostiene que no existe una verdad objetiva. Esta actitud socava la distinci\u00f3n entre verdad y mentira; conduce a un ambiente de enga\u00f1o. En tal atm\u00f3sfera, incluso las ense\u00f1anzas de Cristo, basadas en la verdad divina, no logran persuadir a aquellos cuya confianza en la posibilidad de una verdad objetiva ha desaparecido. Este es el clima en el que la Iglesia necesita llamar a las personas a volver a la realidad de la verdad objetiva y al v\u00ednculo entre la verdad doctrinal y la vida cotidiana.<\/p>\n<p><strong>Pecados contra la verdad<\/strong><\/p>\n<p>\u201cLa mentira es la ofensa m\u00e1s directa contra la verdad. [\u2026] Al da\u00f1ar la relaci\u00f3n del hombre con la verdad y con su pr\u00f3jimo, la mentira atenta contra la relaci\u00f3n fundamental del hombre y de su palabra con el Se\u00f1or\u201d (CIC, n.\u00ba 2483). Las personas pecan contra la verdad cuando son culpables de arruinar la reputaci\u00f3n de otra persona diciendo mentiras, cuando emiten juicios precipitados, o cuando se dedican a la difamaci\u00f3n (el relato injusto de los defectos de alguien), al perjurio (mentir bajo juramento) o a la calumnia (decir mentiras sobre otra persona).<\/p>\n<p>Las Escrituras son claras sobre lo malo que es mentir. En el Serm\u00f3n de la Monta\u00f1a, Jes\u00fas dijo: \u201cQue vuestro \u2018s\u00ed\u2019 sea \u2018s\u00ed\u2019 y vuestro \u2018no\u2019 sea \u2018no\u2019. Todo lo dem\u00e1s proviene del maligno\u201d (Mt 5, 37). Esto nos recuerda no solo que debemos ser sinceros, sino tambi\u00e9n que la hipocres\u00eda \u2014decir una cosa y hacer lo contrario\u2014 es un pecado contra la verdad.<\/p>\n<p>En el Evangelio de Juan, Jes\u00fas describe al diablo como el padre de la mentira (cf. Jn 8, 44). San Pablo desaconsejaba mentir: \u201cDejad de mentir los unos a los otros\u201d (Col 3, 9); \u201cHablad la verdad cada uno con su pr\u00f3jimo, pues somos miembros los unos de los otros\u201d (Ef 4, 25).<\/p>\n<p>Afortunadamente, la historia est\u00e1 llena de relatos de personas que valoraban tanto la verdad que estaban dispuestas a morir por ella. San Juan Fisher (1469-1535) y San Tom\u00e1s Moro (1478-1535) prefirieron entregar sus vidas antes que aprobar el divorcio del rey Enrique VIII o negar la verdad de que el Papa es la cabeza de la Iglesia designada por Cristo. Durante la Segunda Guerra Mundial, Franz Jagerstatter, un granjero austriaco, se neg\u00f3 a aceptar las mentiras de los nazis y fue martirizado por su compromiso con la verdad de Cristo. Durante la Revoluci\u00f3n Francesa, un convento de monjas carmelitas decidi\u00f3 ignorar las leyes que disolv\u00edan su monasterio y continu\u00f3 viviendo juntas como comunidad. Valientemente fueron a la guillotina antes que abandonar la verdad por la que se hab\u00edan comprometido en sus votos.<\/p>\n<p>Podemos dar testimonio de las verdades de nuestra fe en nuestra vida cotidiana, especialmente cuando entramos en contacto con quienes no profesan la plenitud de la fe que ense\u00f1a la Iglesia Cat\u00f3lica. Esto se logra viviendo las responsabilidades y las implicaciones de nuestra fe, as\u00ed como estando dispuestos a dialogar con los dem\u00e1s sobre cuestiones de doctrina y moral en las que surgen diferencias. \u201cEstad siempre dispuestos a dar respuesta a todo el que os pida raz\u00f3n de vuestra esperanza, pero hacedlo con mansedumbre y respeto\u201d (1 Pe 3, 15-16).<\/p>\n<p>Puede leer m\u00e1s en\u00a0<em>Catecismo Cat\u00f3lico de los Estados Unidos para Adultos<\/em>pida su propio ejemplar o lea preguntas sobre \u00e9l en el\u00a0<a href=\"http:\/\/usccb.org\/\" target=\"_blank\" rel=\"noopener noreferrer\">Sitio web de la Conferencia Episcopal de Estados Unidos<\/a>.<\/p>\n<p><em>Copyright \u00a9 2006, United States Conference of Catholic Bishops, Washington, D.C. Todos los derechos reservados. Ninguna parte de esta obra puede ser reproducida o transmitida de ninguna forma o por ning\u00fan medio, electr\u00f3nico o mec\u00e1nico, incluyendo fotocopia, grabaci\u00f3n o por cualquier sistema de almacenamiento y recuperaci\u00f3n de informaci\u00f3n, sin el permiso por escrito del titular de los derechos de autor.<\/em><\/p>\n<\/div>","protected":false},"excerpt":{"rendered":"<p>What is the Eighth Commandment? What are sins against truth? Truth or truthfulness is the virtue which consists in showing oneself true in deeds and truthful in words, and guarding against duplicity, dissimulation, and hypocrisy. . . . Respect for the reputation and honor of persons forbids all detraction and calumny in word or attitude. [&hellip;]<\/p>\n","protected":false},"author":2,"featured_media":6955,"parent":0,"menu_order":0,"comment_status":"closed","ping_status":"closed","template":"","meta":{"footnotes":""},"class_list":["post-1350","page","type-page","status-publish","has-post-thumbnail","hentry"],"_links":{"self":[{"href":"https:\/\/www.archspm.org\/es\/wp-json\/wp\/v2\/pages\/1350","targetHints":{"allow":["GET"]}}],"collection":[{"href":"https:\/\/www.archspm.org\/es\/wp-json\/wp\/v2\/pages"}],"about":[{"href":"https:\/\/www.archspm.org\/es\/wp-json\/wp\/v2\/types\/page"}],"author":[{"embeddable":true,"href":"https:\/\/www.archspm.org\/es\/wp-json\/wp\/v2\/users\/2"}],"replies":[{"embeddable":true,"href":"https:\/\/www.archspm.org\/es\/wp-json\/wp\/v2\/comments?post=1350"}],"version-history":[{"count":0,"href":"https:\/\/www.archspm.org\/es\/wp-json\/wp\/v2\/pages\/1350\/revisions"}],"wp:featuredmedia":[{"embeddable":true,"href":"https:\/\/www.archspm.org\/es\/wp-json\/wp\/v2\/media\/6955"}],"wp:attachment":[{"href":"https:\/\/www.archspm.org\/es\/wp-json\/wp\/v2\/media?parent=1350"}],"curies":[{"name":"wp","href":"https:\/\/api.w.org\/{rel}","templated":true}]}}