{"id":1351,"date":"2020-05-05T03:10:25","date_gmt":"2020-05-05T07:10:25","guid":{"rendered":"https:\/\/www.archspm.org\/what-is-the-sixth-commandment-what-does-it-mean-for-my-life-how-does-the-virtue-of-chastity-apply\/"},"modified":"2020-05-05T03:10:25","modified_gmt":"2020-05-05T07:10:25","slug":"what-is-the-sixth-commandment-what-does-it-mean-for-my-life-how-does-the-virtue-of-chastity-apply","status":"publish","type":"page","link":"https:\/\/www.archspm.org\/es\/what-is-the-sixth-commandment-what-does-it-mean-for-my-life-how-does-the-virtue-of-chastity-apply\/","title":{"rendered":"\u00bfQu\u00e9 es el Sexto Mandamiento? \u00bfQu\u00e9 significa para mi vida? \u00bfC\u00f3mo se aplica la virtud de la castidad?"},"content":{"rendered":"<h1 class=\"entry-title\">\u00bfQu\u00e9 es el Sexto Mandamiento? \u00bfQu\u00e9 significa para mi vida? \u00bfC\u00f3mo se aplica la virtud de la castidad?<\/h1>\n<div class=\"entry-content\">\n<p>El sexto mandamiento exhorta a los c\u00f3nyuges a practicar una fidelidad permanente y exclusiva el uno hacia el otro. La fidelidad emocional y sexual son esenciales para el compromiso contra\u00eddo en la alianza matrimonial. Dios estableci\u00f3 el matrimonio como un reflejo de su fidelidad hacia nosotros. Los votos que los c\u00f3nyuges se dan en su boda de ser fieles el uno al otro para siempre deben ser un testimonio de la misma alianza que Dios ha establecido con nosotros.<\/p>\n<p>Todas las personas \u2014casadas, solteras, religiosas y ordenadas\u2014 deben adquirir la virtud de la castidad. \u201cLa castidad significa la integraci\u00f3n armoniosa de la sexualidad en la persona y, por tanto, la unidad interior del hombre en su ser corporal y espiritual\u201d (CIC, n.\u00ba 2337). La castidad une nuestra sexualidad con toda nuestra naturaleza humana. Aborda la sexualidad en relaci\u00f3n con nuestra naturaleza espiritual, de modo que el sexo se ve como algo m\u00e1s que un acto f\u00edsico. La sexualidad afecta a toda la persona debido a la unidad del cuerpo y el alma. Jes\u00fas es el modelo de castidad. \u201cLa castidad incluye un\u00a0<em>aprendizaje del autocontrol\u00a0<\/em>\u201dque es una formaci\u00f3n en la libertad humana\u00bb (CIC, n.\u00ba 2339). La adquisici\u00f3n de la castidad depende de la autodisciplina y conduce a una libertad interior, que permite a los seres humanos moderar los deseos sexuales de acuerdo con el plan de Dios para la expresi\u00f3n adecuada del amor en la relaci\u00f3n conyugal entre un hombre y una mujer.<\/p>\n<p>En\u00a0<em>Catecismo\u00a0<\/em>describe la adquisici\u00f3n de la castidad de la siguiente manera:<\/p>\n<blockquote><p>El autocontrol es un\u00a0<em>un trabajo largo y arduo<\/em>. Nunca se puede dar por adquirido de una vez por todas. Supone un esfuerzo renovado en todas las etapas de la vida. El esfuerzo requerido puede ser m\u00e1s intenso en determinados per\u00edodos, como cuando se forma la personalidad durante la infancia y la adolescencia. (CIC, n.\u00ba 2342; cf. Tit 2, 1-6)<\/p>\n<p>La castidad tiene\u00a0<em>leyes del crecimiento\u00a0<\/em>que avanzan a trav\u00e9s de etapas marcadas por la imperfecci\u00f3n y, con demasiada frecuencia, por el pecado. (CIC, n.\u00ba 2343)<\/p>\n<p>La castidad presupone el respeto de los derechos de la persona, en particular el derecho a recibir una informaci\u00f3n y una educaci\u00f3n que respeten las dimensiones moral y espiritual de la vida humana. (CIC, n.\u00ba 2344)<\/p>\n<p>La castidad es una virtud moral. Tambi\u00e9n es un don de Dios, un\u00a0<em>gracia<\/em>, fruto del esfuerzo espiritual. El Esp\u00edritu Santo permite a quien ha sido regenerado por el agua del Bautismo imitar la pureza de Cristo. (CIC, n.\u00ba 2345; cf. G\u00e1l 5, 22; 1 Jn 3, 3)<\/p>\n<p>La virtud de la castidad florece en la amistad... La castidad se manifiesta especialmente en\u00a0<em>la amistad con el pr\u00f3jimo<\/em>. Ya sea entre personas del mismo sexo o del sexo opuesto, la amistad constituye un gran bien para todos. Conduce a la comuni\u00f3n espiritual. (CIC, n.\u00ba 2347)<\/p><\/blockquote>\n<p>Hay una serie de actos que constituyen pecados contra la castidad:<\/p>\n<ul>\n<li><em>Lujuria\u00a0<\/em>es un \u201cdeseo desordenado o un disfrute desmesurado del placer sexual\u201d, especialmente cuando se busca por s\u00ed mismo (CIC, n.\u00ba 2351).\u00a0<em>\u00a0<\/em><\/li>\n<li><em>Masturbaci\u00f3n\u00a0<\/em>es pecaminoso porque supone un mal uso del don de la sexualidad en un acto intr\u00ednsecamente ego\u00edsta, carente de amor. Se trata de un problema en el que un terapeuta, un director espiritual o un confesor pueden ser de gran ayuda. A menudo, la persona necesita ayuda para comprender las causas de este comportamiento, que suelen ser de car\u00e1cter habitual o surgir como respuesta al estr\u00e9s emocional o a actitudes subyacentes no analizadas.\u00a0<em>\u00a0<\/em><\/li>\n<li><em>Fornicaci\u00f3n\u00a0<\/em>(las relaciones sexuales entre personas solteras) son pecaminosas porque atentan contra la dignidad de las personas y contra el sentido y la finalidad nupcial de la sexualidad, que se ordena exclusivamente a los fines unitivos y procreativos de los c\u00f3nyuges.\u00a0<em>\u00a0<\/em><\/li>\n<li><em>Incesto\u00a0<\/em>(las relaciones sexuales entre parientes cercanos) siempre est\u00e1n mal, ya que perjudican tanto a las personas involucradas como a la propia familia.<em>\u00a0<\/em><\/li>\n<li><em>Abuso sexual\u00a0<\/em>de cualquier tipo causa da\u00f1o a la v\u00edctima en muchos m\u00e1s planos que el meramente f\u00edsico. Imponer a un ni\u00f1o o a un menor cualquier tipo de relaci\u00f3n sexual constituye un mal a\u00fan m\u00e1s grave (cf. CIC, n.\u00ba 2356), que a menudo deja secuelas en la v\u00edctima para toda la vida (cf. CIC, n.\u00ba 2389).<em>\u00a0<\/em><\/li>\n<li><em>Pornograf\u00eda\u00a0<\/em>(material sexualmente expl\u00edcito) es ahora a\u00fan m\u00e1s accesible a trav\u00e9s de Internet. Esto plantea dificultades reales tanto para las personas como para la sociedad, ya que el consumo de pornograf\u00eda no solo es pecaminoso en s\u00ed mismo, sino que tambi\u00e9n puede convertirse en una adicci\u00f3n y conducir a conductas sexuales peligrosas. Adem\u00e1s, ha dado lugar a una mayor explotaci\u00f3n de los ni\u00f1os como objetos sexuales.<em>\u00a0<\/em><\/li>\n<li><em>Prostituci\u00f3n\u00a0<\/em>reduce a la persona \u201ca un instrumento de placer sexual\u201d, a un objeto que se utiliza. Favorece la propagaci\u00f3n de enfermedades de transmisi\u00f3n sexual. Para proteger a los miembros inocentes de la sociedad, las autoridades civiles pueden prohibir leg\u00edtimamente la prostituci\u00f3n. Esta es m\u00e1s frecuente en las culturas que explotan la vulnerabilidad f\u00edsica y social de las mujeres (CIC, n.\u00ba 2355).<em>\u00a0<\/em><\/li>\n<li><em>Violaci\u00f3n\u00a0<\/em>es un acto de violencia en el que una persona obliga a una pareja que no est\u00e1 dispuesta a mantener relaciones sexuales. \u201cLa violaci\u00f3n hiere profundamente el respeto, la libertad y la integridad f\u00edsica y moral a las que toda persona tiene derecho. [\u2026] Es siempre un acto intr\u00ednsecamente malo\u201d (CIC, n.\u00ba 2356).<em>\u00a0<\/em><\/li>\n<li>\"<em>Actos homosexuales\u00a0<\/em>\u201dson intr\u00ednsecamente desordenados\u201c e inmorales. \u201dSon contrarios a la ley natural. Cierran el acto sexual al don de la vida. No proceden de una aut\u00e9ntica complementariedad afectiva y sexual\u00bb (CIC, n.\u00ba 2357). Tener inclinaciones homosexuales no es inmoral. Son los actos homosexuales los que son inmorales.<em>\u00a0<\/em><\/li>\n<\/ul>\n<p>\u201cEl n\u00famero de hombres y mujeres que tienen tendencias homosexuales profundamente arraigadas no es insignificante. Esta inclinaci\u00f3n, que es objetivamente desordenada, constituye para la mayor\u00eda de ellos una prueba. Deben ser aceptados con respeto, compasi\u00f3n y sensibilidad. Debe evitarse cualquier signo de discriminaci\u00f3n injusta hacia ellos. Estas personas est\u00e1n llamadas a cumplir la voluntad de Dios en sus vidas y, si son cristianas, a unir al sacrificio de la Cruz del Se\u00f1or las dificultades que puedan encontrar por su condici\u00f3n\u201d (CIC, n. 2358).<\/p>\n<p>Puede leer m\u00e1s en\u00a0<em>Catecismo Cat\u00f3lico de los Estados Unidos para Adultos<\/em>pida su propio ejemplar o lea preguntas sobre \u00e9l en el\u00a0<a href=\"http:\/\/usccb.org\/\" target=\"_blank\" rel=\"noopener noreferrer\">Sitio web de la Conferencia Episcopal de Estados Unidos<\/a>.<\/p>\n<p><em>Copyright \u00a9 2006, United States Conference of Catholic Bishops, Washington, D.C. Todos los derechos reservados. Ninguna parte de esta obra puede ser reproducida o transmitida de ninguna forma o por ning\u00fan medio, electr\u00f3nico o mec\u00e1nico, incluyendo fotocopia, grabaci\u00f3n o por cualquier sistema de almacenamiento y recuperaci\u00f3n de informaci\u00f3n, sin el permiso por escrito del titular de los derechos de autor.<\/em><\/p>\n<\/div>","protected":false},"excerpt":{"rendered":"<p>What is the Sixth Commandment? What does it mean for my life? How does the virtue of chastity apply? The Sixth Commandment summons spouses to practice permanent and exclusive fidelity to one another. Emotional and sexual fidelity are essential to the commitment made in the marriage covenant. God established marriage as a reflection of his [&hellip;]<\/p>\n","protected":false},"author":2,"featured_media":6955,"parent":0,"menu_order":0,"comment_status":"closed","ping_status":"closed","template":"","meta":{"footnotes":""},"class_list":["post-1351","page","type-page","status-publish","has-post-thumbnail","hentry"],"_links":{"self":[{"href":"https:\/\/www.archspm.org\/es\/wp-json\/wp\/v2\/pages\/1351","targetHints":{"allow":["GET"]}}],"collection":[{"href":"https:\/\/www.archspm.org\/es\/wp-json\/wp\/v2\/pages"}],"about":[{"href":"https:\/\/www.archspm.org\/es\/wp-json\/wp\/v2\/types\/page"}],"author":[{"embeddable":true,"href":"https:\/\/www.archspm.org\/es\/wp-json\/wp\/v2\/users\/2"}],"replies":[{"embeddable":true,"href":"https:\/\/www.archspm.org\/es\/wp-json\/wp\/v2\/comments?post=1351"}],"version-history":[{"count":0,"href":"https:\/\/www.archspm.org\/es\/wp-json\/wp\/v2\/pages\/1351\/revisions"}],"wp:featuredmedia":[{"embeddable":true,"href":"https:\/\/www.archspm.org\/es\/wp-json\/wp\/v2\/media\/6955"}],"wp:attachment":[{"href":"https:\/\/www.archspm.org\/es\/wp-json\/wp\/v2\/media?parent=1351"}],"curies":[{"name":"wp","href":"https:\/\/api.w.org\/{rel}","templated":true}]}}