{"id":1352,"date":"2020-05-05T03:11:53","date_gmt":"2020-05-05T07:11:53","guid":{"rendered":"https:\/\/www.archspm.org\/how-is-abortion-a-violation-of-the-fifth-commandment\/"},"modified":"2020-05-05T03:11:53","modified_gmt":"2020-05-05T07:11:53","slug":"how-is-abortion-a-violation-of-the-fifth-commandment","status":"publish","type":"page","link":"https:\/\/www.archspm.org\/es\/how-is-abortion-a-violation-of-the-fifth-commandment\/","title":{"rendered":"\u00bfPor qu\u00e9 el aborto es una violaci\u00f3n del Quinto Mandamiento?"},"content":{"rendered":"<h1 class=\"entry-title\">\u00bfPor qu\u00e9 el aborto es una violaci\u00f3n del Quinto Mandamiento?<\/h1>\n<div class=\"entry-content\">\n<div>\n<p>El aborto legalizado est\u00e1 teniendo un efecto destructivo en nuestra sociedad; pocas otras acciones legalizadas por nuestras pol\u00edticas p\u00fablicas socavan tan profundamente nuestros valores como pueblo o alteran la br\u00fajula moral por la que nos regimos. La Iglesia siempre ha condenado el aborto. En el\u00a0<em>Didach\u00e9\u00a0<\/em>(<em>Las ense\u00f1anzas de los ap\u00f3stoles<\/em>), 2, 2, escrita a finales del siglo I y venerada como una gu\u00eda honorable para la vida cristiana, leemos: \u201cNo matar\u00e1s al embri\u00f3n mediante el aborto\u201d. Esta ense\u00f1anza nunca ha cambiado y no cambiar\u00e1.<\/p>\n<p>Desde su concepci\u00f3n, el ni\u00f1o tiene derecho a la vida. El aborto directo, es decir, el aborto querido como fin o como medio, es una pr\u00e1ctica \u201ccriminal\u201d (GS, n. 27 \u00a73), gravemente contraria a la ley moral. La Iglesia impone la pena can\u00f3nica de excomuni\u00f3n por este delito contra la vida humana. Dado que debe ser tratado como una persona desde su concepci\u00f3n, el embri\u00f3n debe ser defendido en su integridad, cuidado y sanado como cualquier otro ser humano. (CIC, n\u00fams. 2322-2323)<\/p>\n<p>La tecnolog\u00eda moderna nos ha permitido apreciar la rapidez con la que el ni\u00f1o que crece en el \u00fatero adquiere rasgos humanos. Esto ha hecho que muchas m\u00e1s personas sean conscientes del hecho de que la vida humana comienza en el momento de la concepci\u00f3n, es decir, en el momento en que el \u00f3vulo es fecundado. Muchas formas comunes de anticoncepci\u00f3n artificial provocan abortos al impedir que el ni\u00f1o humano reci\u00e9n concebido se implante en el \u00fatero de la madre.<\/p>\n<p>El compromiso pro-vida de la Iglesia se refleja en su compasi\u00f3n por quienes a menudo se arrepienten de haber abortado, en su comprensi\u00f3n hacia quienes se enfrentan a decisiones dif\u00edciles y en su ayuda a todos los que eligen la vida. Se anima a las personas que han estado involucradas en un aborto a ponerse en contacto con el ministerio del Proyecto Raquel y otros ministerios que les permiten buscar la misericordia de Dios en el sacramento de la penitencia y la reconciliaci\u00f3n y obtener el asesoramiento necesario. Los ministerios pro-vida trabajan con las mujeres embarazadas que est\u00e1n considerando abortar, anim\u00e1ndolas a elegir la vida para sus hijos. Tambi\u00e9n ofrecen alternativas al aborto a trav\u00e9s de la atenci\u00f3n prenatal, la ayuda para criar a los hijos y los servicios de adopci\u00f3n.<\/p>\n<p>Puede leer m\u00e1s en\u00a0<em>Catecismo Cat\u00f3lico de los Estados Unidos para Adultos<\/em>pida su propio ejemplar o lea preguntas sobre \u00e9l en el\u00a0<a href=\"http:\/\/usccb.org\/\" target=\"_blank\" rel=\"noopener noreferrer\">Sitio web de la Conferencia Episcopal de Estados Unidos<\/a>.<\/p>\n<p><em>Copyright \u00a9 2006, United States Conference of Catholic Bishops, Washington, D.C. Todos los derechos reservados. Ninguna parte de esta obra puede ser reproducida o transmitida de ninguna forma o por ning\u00fan medio, electr\u00f3nico o mec\u00e1nico, incluyendo fotocopia, grabaci\u00f3n o por cualquier sistema de almacenamiento y recuperaci\u00f3n de informaci\u00f3n, sin el permiso por escrito del titular de los derechos de autor.<\/em><\/p>\n<\/div>\n<\/div>","protected":false},"excerpt":{"rendered":"<p>How is abortion a violation of the Fifth Commandment? Legalized abortion is having a destructive effect on our society; few other actions legalized by our public policy as profoundly undermine our values as a people or upset the moral compass by which we live. The Church has always condemned abortion. In the\u00a0Didache\u00a0(The Teaching of the [&hellip;]<\/p>\n","protected":false},"author":2,"featured_media":6955,"parent":0,"menu_order":0,"comment_status":"closed","ping_status":"closed","template":"","meta":{"footnotes":""},"class_list":["post-1352","page","type-page","status-publish","has-post-thumbnail","hentry"],"_links":{"self":[{"href":"https:\/\/www.archspm.org\/es\/wp-json\/wp\/v2\/pages\/1352","targetHints":{"allow":["GET"]}}],"collection":[{"href":"https:\/\/www.archspm.org\/es\/wp-json\/wp\/v2\/pages"}],"about":[{"href":"https:\/\/www.archspm.org\/es\/wp-json\/wp\/v2\/types\/page"}],"author":[{"embeddable":true,"href":"https:\/\/www.archspm.org\/es\/wp-json\/wp\/v2\/users\/2"}],"replies":[{"embeddable":true,"href":"https:\/\/www.archspm.org\/es\/wp-json\/wp\/v2\/comments?post=1352"}],"version-history":[{"count":0,"href":"https:\/\/www.archspm.org\/es\/wp-json\/wp\/v2\/pages\/1352\/revisions"}],"wp:featuredmedia":[{"embeddable":true,"href":"https:\/\/www.archspm.org\/es\/wp-json\/wp\/v2\/media\/6955"}],"wp:attachment":[{"href":"https:\/\/www.archspm.org\/es\/wp-json\/wp\/v2\/media?parent=1352"}],"curies":[{"name":"wp","href":"https:\/\/api.w.org\/{rel}","templated":true}]}}