{"id":1354,"date":"2020-05-05T03:18:01","date_gmt":"2020-05-05T07:18:01","guid":{"rendered":"https:\/\/www.archspm.org\/how-do-i-avoid-misusing-gods-name\/"},"modified":"2020-05-05T03:18:01","modified_gmt":"2020-05-05T07:18:01","slug":"how-do-i-avoid-misusing-gods-name","status":"publish","type":"page","link":"https:\/\/www.archspm.org\/es\/how-do-i-avoid-misusing-gods-name\/","title":{"rendered":"\u00bfC\u00f3mo evito usar mal el nombre de Dios?"},"content":{"rendered":"<h1 class=\"entry-title\">\u00bfC\u00f3mo evito usar mal el nombre de Dios?<\/h1>\n<div class=\"entry-content\">\n<p>El segundo mandamiento proh\u00edbe el uso incorrecto o indebido del nombre de Dios. Esto puede ocurrir de varias maneras. La blasfemia consiste en utilizar el nombre de Dios y de Jesucristo, as\u00ed como los de la Sant\u00edsima Virgen y los santos, de manera ofensiva. El\u00a0<em>Catecismo\u00a0<\/em>ense\u00f1a que la blasfemia consiste \u201cen pronunciar contra Dios, interior o exteriormente, palabras de odio, reproche o desaf\u00edo\u201d (CIC, n.\u00ba 2148). Esto es un pecado grave. La falta de respeto habitual hacia Dios, que se manifiesta en las maldiciones e incluso en el uso de lenguaje vulgar, puede crear una actitud que erosiona nuestra relaci\u00f3n con el Se\u00f1or.<\/p>\n<p>Al mismo tiempo, reconocemos una culpabilidad menor cuando el nombre de Dios se utiliza debido a un arrebato de lenguaje indisciplinado provocado por la pasi\u00f3n o una incitaci\u00f3n inesperada a la ira. Debemos cultivar una reverencia constante por los nombres sagrados; si no lo hacemos, podemos terminar dando mal ejemplo y tambi\u00e9n caer en el pecado de la blasfemia. Tambi\u00e9n cabe se\u00f1alar que, en las Escrituras, el lenguaje a veces apasionado de los profetas, en el que lamentan los problemas de su \u00e9poca y expresan en voz alta sus quejas a Dios, no es blasfemia ni tomar el nombre de Dios en vano. En realidad, es una oraci\u00f3n dirigida a Dios.<\/p>\n<p>Se nos proh\u00edbe usar el nombre de Dios para dar testimonio falso o prestar juramento falso, utilizando as\u00ed su nombre para aprobar nuestra mentira.<\/p>\n<p>Se ha invocado el nombre de Dios para justificar guerras injustas y el terrorismo, masacrar a los enemigos e imponer un poder injustificado sobre los dem\u00e1s. Muchos han utilizado al Dios del amor para promover el odio, al Dios de la confianza para facilitar la traici\u00f3n y al Dios de la misericordia para validar actos de crueldad. Los cr\u00edticos de la religi\u00f3n citan el sufrimiento y la crueldad causados por los excesos de algunos de los que participaron en las Cruzadas, las guerras de religi\u00f3n durante la Reforma y los juicios de brujas de Salem como ejemplos del uso del nombre de Dios para justificar tales actos. Los pecados de los cristianos, en efecto, socavan la credibilidad de la fe. El nombre de Dios nunca debe utilizarse para apoyar actos inmorales.<\/p>\n<p>Puede leer m\u00e1s en\u00a0<em>Catecismo Cat\u00f3lico de los Estados Unidos para Adultos<\/em>pida su propio ejemplar o lea preguntas sobre \u00e9l en el\u00a0<a href=\"http:\/\/usccb.org\/\" target=\"_blank\" rel=\"noopener noreferrer\">Sitio web de la Conferencia Episcopal de Estados Unidos<\/a>.<\/p>\n<p><em>Copyright \u00a9 2006, United States Conference of Catholic Bishops, Washington, D.C. Todos los derechos reservados. Ninguna parte de esta obra puede ser reproducida o transmitida de ninguna forma o por ning\u00fan medio, electr\u00f3nico o mec\u00e1nico, incluyendo fotocopia, grabaci\u00f3n o por cualquier sistema de almacenamiento y recuperaci\u00f3n de informaci\u00f3n, sin el permiso por escrito del titular de los derechos de autor.<\/em><\/p>\n<\/div>","protected":false},"excerpt":{"rendered":"<p>How do I avoid misusing God\u2019s name? The Second Commandment forbids the wrong use or misuse of God\u2019s name. There are a number of ways in which this happens. Blasphemy uses the name of God and of Jesus Christ as well as those of the Blessed Mother and the saints in an offensive manner. The\u00a0Catechism\u00a0teaches [&hellip;]<\/p>\n","protected":false},"author":2,"featured_media":6955,"parent":0,"menu_order":0,"comment_status":"closed","ping_status":"closed","template":"","meta":{"footnotes":""},"class_list":["post-1354","page","type-page","status-publish","has-post-thumbnail","hentry"],"_links":{"self":[{"href":"https:\/\/www.archspm.org\/es\/wp-json\/wp\/v2\/pages\/1354","targetHints":{"allow":["GET"]}}],"collection":[{"href":"https:\/\/www.archspm.org\/es\/wp-json\/wp\/v2\/pages"}],"about":[{"href":"https:\/\/www.archspm.org\/es\/wp-json\/wp\/v2\/types\/page"}],"author":[{"embeddable":true,"href":"https:\/\/www.archspm.org\/es\/wp-json\/wp\/v2\/users\/2"}],"replies":[{"embeddable":true,"href":"https:\/\/www.archspm.org\/es\/wp-json\/wp\/v2\/comments?post=1354"}],"version-history":[{"count":0,"href":"https:\/\/www.archspm.org\/es\/wp-json\/wp\/v2\/pages\/1354\/revisions"}],"wp:featuredmedia":[{"embeddable":true,"href":"https:\/\/www.archspm.org\/es\/wp-json\/wp\/v2\/media\/6955"}],"wp:attachment":[{"href":"https:\/\/www.archspm.org\/es\/wp-json\/wp\/v2\/media?parent=1354"}],"curies":[{"name":"wp","href":"https:\/\/api.w.org\/{rel}","templated":true}]}}