{"id":1356,"date":"2020-05-05T03:21:45","date_gmt":"2020-05-05T07:21:45","guid":{"rendered":"https:\/\/www.archspm.org\/what-are-the-ten-commandments-why-are-they-important-how-are-they-relevant-to-my-life\/"},"modified":"2025-07-24T12:32:27","modified_gmt":"2025-07-24T16:32:27","slug":"what-are-the-ten-commandments-why-are-they-important-how-are-they-relevant-to-my-life","status":"publish","type":"page","link":"https:\/\/www.archspm.org\/es\/what-are-the-ten-commandments-why-are-they-important-how-are-they-relevant-to-my-life\/","title":{"rendered":"\u00bfQu\u00e9 son los Diez Mandamientos? \u00bfPor qu\u00e9 son importantes? \u00bfQu\u00e9 importancia tienen para mi vida?"},"content":{"rendered":"<div data-elementor-type=\"wp-page\" data-elementor-id=\"1356\" class=\"elementor elementor-1356\" data-elementor-post-type=\"page\">\n\t\t\t\t<div class=\"elementor-element elementor-element-85db9ab e-flex e-con-boxed e-con e-parent\" data-id=\"85db9ab\" data-element_type=\"container\" data-e-type=\"container\" data-settings=\"{&quot;background_background&quot;:&quot;classic&quot;,&quot;jet_parallax_layout_list&quot;:[]}\">\n\t\t\t\t\t<div class=\"e-con-inner\">\n\t\t<div class=\"elementor-element elementor-element-bafe0ab e-con-full e-flex e-con e-child\" data-id=\"bafe0ab\" data-element_type=\"container\" data-e-type=\"container\" data-settings=\"{&quot;jet_parallax_layout_list&quot;:[]}\">\n\t\t\t\t<div class=\"elementor-element elementor-element-ae4bab2 elementor-widget elementor-widget-image\" data-id=\"ae4bab2\" data-element_type=\"widget\" data-e-type=\"widget\" data-widget_type=\"image.default\">\n\t\t\t\t\t\t\t\t\t\t\t\t\t\t\t<img decoding=\"async\" width=\"150\" height=\"150\" src=\"https:\/\/www.archspm.org\/wp-content\/uploads\/2025\/07\/Archbishop-Hebda_sm-e1752783360797-150x150.jpg\" class=\"attachment-thumbnail size-thumbnail wp-image-9864\" alt=\"\" srcset=\"https:\/\/www.archspm.org\/wp-content\/uploads\/2025\/07\/Archbishop-Hebda_sm-e1752783360797-150x150.jpg 150w, https:\/\/www.archspm.org\/wp-content\/uploads\/2025\/07\/Archbishop-Hebda_sm-e1752783360797-300x300.jpg 300w, https:\/\/www.archspm.org\/wp-content\/uploads\/2025\/07\/Archbishop-Hebda_sm-e1752783360797-768x768.jpg 768w, https:\/\/www.archspm.org\/wp-content\/uploads\/2025\/07\/Archbishop-Hebda_sm-e1752783360797-12x12.jpg 12w, https:\/\/www.archspm.org\/wp-content\/uploads\/2025\/07\/Archbishop-Hebda_sm-e1752783360797-400x400.jpg 400w, https:\/\/www.archspm.org\/wp-content\/uploads\/2025\/07\/Archbishop-Hebda_sm-e1752783360797-600x600.jpg 600w, https:\/\/www.archspm.org\/wp-content\/uploads\/2025\/07\/Archbishop-Hebda_sm-e1752783360797.jpg 858w\" sizes=\"(max-width: 150px) 100vw, 150px\" \/>\t\t\t\t\t\t\t\t\t\t\t\t\t\t\t<\/div>\n\t\t\t\t<\/div>\n\t\t<div class=\"elementor-element elementor-element-b8f7715 e-con-full e-flex e-con e-child\" data-id=\"b8f7715\" data-element_type=\"container\" data-e-type=\"container\" data-settings=\"{&quot;jet_parallax_layout_list&quot;:[]}\">\n\t\t\t\t<div class=\"elementor-element elementor-element-d298838 elementor-widget elementor-widget-text-editor\" data-id=\"d298838\" data-element_type=\"widget\" data-e-type=\"widget\" data-widget_type=\"text-editor.default\">\n\t\t\t\t\t\t\t\t\t<h2 style=\"text-align: left;\"><span style=\"color: #c39519;\"><strong><a style=\"color: #c39519;\" href=\"https:\/\/www.archspm.org\/es\/togetheronthejourney\/\">\u00a1Suscr\u00edbase a Juntos en el viaje del arzobispo Hebda!<\/a><\/strong><\/span><\/h2><p><span class=\"ui-provider en ccw bzq ccx ccy ccz cda cdb cdc cdd cde cdf cdg cdh cdi cdj cdk cdl cdm cdn cdo cdp cdq cdr cds cdt cdu cdv cdw cdx cdy cdz cea ceb cec\" dir=\"ltr\" style=\"color: #ffffff;\"> Reciba un v\u00eddeo mensual y actualizaciones semanales del arzobispo Bernard Hebda. <span style=\"text-decoration: underline;\"><strong><a class=\"fui-Link ___1eya986 f3rmtva f1ewtqcl fyind8e f1k6fduh f1w7gpdv fk6fouc fjoy568 figsok6 f1hu3pq6 f11qmguv f19f4twv f1tyq0we f1g0x7ka fhxju0i f1qch9an f1cnd47f fqv5qza f1vmzxwi f1o700av f13mvf36 f1cmlufx f9n3di6 f1ids18y f1tx3yz7 f1deo86v f1eh06m1 f1iescvh fhgqx19 f1olyrje f1p93eir f1nev41a f1h8hb77 f1x7u7e9 f10aw75t fsle3fq f17ae5zn\" style=\"color: #ffffff; text-decoration: underline;\" title=\"https:\/\/www.archspm.org\/togetheronthejourney\" href=\"https:\/\/www.archspm.org\/es\/togetheronthejourney\/\" target=\"_blank\" rel=\"noreferrer noopener\" aria-label=\"Enlace \u00a1Inscr\u00edbete aqu\u00ed!\">Inscr\u00edbete aqu\u00ed<\/a><\/strong><\/span><\/span><\/p>\t\t\t\t\t\t\t\t<\/div>\n\t\t\t\t<\/div>\n\t\t\t\t\t<\/div>\n\t\t\t\t<\/div>\n\t\t<div class=\"elementor-element elementor-element-7e3b4abb e-flex e-con-boxed e-con e-parent\" data-id=\"7e3b4abb\" data-element_type=\"container\" data-e-type=\"container\" data-settings=\"{&quot;jet_parallax_layout_list&quot;:[]}\">\n\t\t\t\t\t<div class=\"e-con-inner\">\n\t\t\t\t<div class=\"elementor-element elementor-element-67fd80c1 elementor-widget elementor-widget-text-editor\" data-id=\"67fd80c1\" data-element_type=\"widget\" data-e-type=\"widget\" data-widget_type=\"text-editor.default\">\n\t\t\t\t\t\t\t\t\t<h1 class=\"entry-title\">\u00bfQu\u00e9 son los Diez Mandamientos? \u00bfPor qu\u00e9 son importantes? \u00bfQu\u00e9 importancia tienen para mi vida?<\/h1><div class=\"entry-content\"><blockquote><p>\u201cYo soy el Se\u00f1or, tu Dios... No tendr\u00e1s otros dioses delante de m\u00ed\u201d (\u00c9xodo 20, 2-3) \u2014CIC, nn. 2083-2141<\/p><p>\u201cNo tomar\u00e1s en vano el nombre de Dios, tu Se\u00f1or\u201d (\u00c9xodo 20:7) \u2014CIC, n\u00fams. 2142-2167<\/p><p>Acu\u00e9rdate de santificar el d\u00eda del Se\u00f1or. \u2014CIC, n.\u00ba 2168-2195<\/p><p>Honra a tu pap\u00e1 y a tu mam\u00e1. \u2014CIC, n.\u00ba 2196-2257<\/p><p>No matar\u00e1s. \u2014CCC, n.\u00ba 2258-2330<\/p><p>No cometer\u00e1s adulterio. \u2014CCC, n.\u00ba 2331-2400<\/p><p>No robar\u00e1s. \u2014CCC, n.\u00ba 2401-2463<\/p><p>No dar\u00e1s falso testimonio contra tu pr\u00f3jimo. \u2014CIC, n.\u00ba 2464-2513<\/p><p>No codiciar\u00e1s la esposa de tu pr\u00f3jimo. \u2014CIC, n.\u00ba 2514-2533<\/p><p>No codiciar\u00e1s los bienes ajenos. \u2014CIC, n.\u00ba 2534-2557<\/p><\/blockquote><p>Dios nos ayuda de muchas maneras diferentes a llevar una vida moral. Nos da la gracia, que despierta en nosotros el deseo de decir no a la tentaci\u00f3n y al pecado y de elegir solo lo que es bueno. Nos da las virtudes teologales y cardinales y la gracia para practicar las virtudes humanas, de modo que podamos fortalecernos en ellas. Dios nos da ayuda y gracia a trav\u00e9s de la Iglesia y de la recepci\u00f3n de los sacramentos. Tambi\u00e9n nos ense\u00f1a c\u00f3mo debemos vivir. Una forma de hacerlo es d\u00e1ndonos leyes que gu\u00eden nuestras acciones. Los Diez Mandamientos son leyes que Dios nos ha revelado. Prestar atenci\u00f3n a la gu\u00eda que Dios nos da en los Mandamientos nos ayudar\u00e1 a saber c\u00f3mo servir a Dios y c\u00f3mo debemos vivir unos con otros. Tambi\u00e9n nos ayuda a estar abiertos a la gracia del Esp\u00edritu Santo y a lo que Dios puede lograr en nosotros y a trav\u00e9s de nosotros por esa gracia.<\/p><p>Puede leer m\u00e1s en\u00a0<em>Catecismo Cat\u00f3lico de los Estados Unidos para Adultos<\/em>pida su propio ejemplar o lea preguntas sobre \u00e9l en el\u00a0<a href=\"http:\/\/usccb.org\/\" target=\"_blank\" rel=\"noopener noreferrer\">Sitio web de la Conferencia Episcopal de Estados Unidos<\/a>.<\/p><p><em>Copyright \u00a9 2006, Conferencia de Obispos Cat\u00f3licos de los Estados Unidos, Inc., Washington, D.C. Todos los derechos reservados. Ninguna parte de esta obra puede ser reproducida o transmitida en ninguna forma ni por ning\u00fan medio, electr\u00f3nico o mec\u00e1nico, incluyendo fotocopias, grabaciones o cualquier sistema de almacenamiento y recuperaci\u00f3n de informaci\u00f3n, sin el permiso por escrito del titular de los derechos de autor.<\/em><\/p><\/div>\t\t\t\t\t\t\t\t<\/div>\n\t\t\t\t\t<\/div>\n\t\t\t\t<\/div>\n\t\t\t\t<\/div>","protected":false},"excerpt":{"rendered":"<p>Subscribe to Together on the Journey from Archbishop Hebda! Receive a monthly video plus weekly updates from Archbishop Bernard Hebda. Sign up here! What are the Ten Commandments? Why are they important? How are they relevant to my life? \u201cI, the Lord, am your God. . . . You shall not have other Gods besides [&hellip;]<\/p>\n","protected":false},"author":2,"featured_media":6955,"parent":0,"menu_order":0,"comment_status":"closed","ping_status":"closed","template":"","meta":{"footnotes":""},"class_list":["post-1356","page","type-page","status-publish","has-post-thumbnail","hentry"],"_links":{"self":[{"href":"https:\/\/www.archspm.org\/es\/wp-json\/wp\/v2\/pages\/1356","targetHints":{"allow":["GET"]}}],"collection":[{"href":"https:\/\/www.archspm.org\/es\/wp-json\/wp\/v2\/pages"}],"about":[{"href":"https:\/\/www.archspm.org\/es\/wp-json\/wp\/v2\/types\/page"}],"author":[{"embeddable":true,"href":"https:\/\/www.archspm.org\/es\/wp-json\/wp\/v2\/users\/2"}],"replies":[{"embeddable":true,"href":"https:\/\/www.archspm.org\/es\/wp-json\/wp\/v2\/comments?post=1356"}],"version-history":[{"count":0,"href":"https:\/\/www.archspm.org\/es\/wp-json\/wp\/v2\/pages\/1356\/revisions"}],"wp:featuredmedia":[{"embeddable":true,"href":"https:\/\/www.archspm.org\/es\/wp-json\/wp\/v2\/media\/6955"}],"wp:attachment":[{"href":"https:\/\/www.archspm.org\/es\/wp-json\/wp\/v2\/media?parent=1356"}],"curies":[{"name":"wp","href":"https:\/\/api.w.org\/{rel}","templated":true}]}}