{"id":1357,"date":"2020-05-11T17:26:47","date_gmt":"2020-05-11T21:26:47","guid":{"rendered":"https:\/\/www.archspm.org\/i-know-jesus-was-born-in-a-manger-but-why-is-that-important-and-what-does-it-mean\/"},"modified":"2025-07-24T12:17:12","modified_gmt":"2025-07-24T16:17:12","slug":"i-know-jesus-was-born-in-a-manger-but-why-is-that-important-and-what-does-it-mean","status":"publish","type":"page","link":"https:\/\/www.archspm.org\/es\/i-know-jesus-was-born-in-a-manger-but-why-is-that-important-and-what-does-it-mean\/","title":{"rendered":"S\u00e9 que Jes\u00fas naci\u00f3 en un pesebre, pero \u00bfpor qu\u00e9 es importante y qu\u00e9 significa?"},"content":{"rendered":"<div data-elementor-type=\"wp-page\" data-elementor-id=\"1357\" class=\"elementor elementor-1357\" data-elementor-post-type=\"page\">\n\t\t\t\t<div class=\"elementor-element elementor-element-839ad0c e-flex e-con-boxed e-con e-parent\" data-id=\"839ad0c\" data-element_type=\"container\" data-e-type=\"container\" data-settings=\"{&quot;background_background&quot;:&quot;classic&quot;,&quot;jet_parallax_layout_list&quot;:[]}\">\n\t\t\t\t\t<div class=\"e-con-inner\">\n\t\t<div class=\"elementor-element elementor-element-f09336d e-con-full e-flex e-con e-child\" data-id=\"f09336d\" data-element_type=\"container\" data-e-type=\"container\" data-settings=\"{&quot;jet_parallax_layout_list&quot;:[]}\">\n\t\t\t\t<div class=\"elementor-element elementor-element-2680eaa elementor-widget elementor-widget-image\" data-id=\"2680eaa\" data-element_type=\"widget\" data-e-type=\"widget\" data-widget_type=\"image.default\">\n\t\t\t\t\t\t\t\t\t\t\t\t\t\t\t<img decoding=\"async\" width=\"150\" height=\"150\" src=\"https:\/\/www.archspm.org\/wp-content\/uploads\/2025\/07\/Archbishop-Hebda_sm-e1752783360797-150x150.jpg\" class=\"attachment-thumbnail size-thumbnail wp-image-9864\" alt=\"\" srcset=\"https:\/\/www.archspm.org\/wp-content\/uploads\/2025\/07\/Archbishop-Hebda_sm-e1752783360797-150x150.jpg 150w, https:\/\/www.archspm.org\/wp-content\/uploads\/2025\/07\/Archbishop-Hebda_sm-e1752783360797-300x300.jpg 300w, https:\/\/www.archspm.org\/wp-content\/uploads\/2025\/07\/Archbishop-Hebda_sm-e1752783360797-768x768.jpg 768w, https:\/\/www.archspm.org\/wp-content\/uploads\/2025\/07\/Archbishop-Hebda_sm-e1752783360797-12x12.jpg 12w, https:\/\/www.archspm.org\/wp-content\/uploads\/2025\/07\/Archbishop-Hebda_sm-e1752783360797-400x400.jpg 400w, https:\/\/www.archspm.org\/wp-content\/uploads\/2025\/07\/Archbishop-Hebda_sm-e1752783360797-600x600.jpg 600w, https:\/\/www.archspm.org\/wp-content\/uploads\/2025\/07\/Archbishop-Hebda_sm-e1752783360797.jpg 858w\" sizes=\"(max-width: 150px) 100vw, 150px\" \/>\t\t\t\t\t\t\t\t\t\t\t\t\t\t\t<\/div>\n\t\t\t\t<\/div>\n\t\t<div class=\"elementor-element elementor-element-d9ec3d9 e-con-full e-flex e-con e-child\" data-id=\"d9ec3d9\" data-element_type=\"container\" data-e-type=\"container\" data-settings=\"{&quot;jet_parallax_layout_list&quot;:[]}\">\n\t\t\t\t<div class=\"elementor-element elementor-element-f6753dc elementor-widget elementor-widget-text-editor\" data-id=\"f6753dc\" data-element_type=\"widget\" data-e-type=\"widget\" data-widget_type=\"text-editor.default\">\n\t\t\t\t\t\t\t\t\t<h2 style=\"text-align: left;\"><span style=\"color: #c39519;\"><strong><a style=\"color: #c39519;\" href=\"https:\/\/www.archspm.org\/es\/togetheronthejourney\/\">\u00a1Suscr\u00edbase a Juntos en el viaje del arzobispo Hebda!<\/a><\/strong><\/span><\/h2><p><span class=\"ui-provider en ccw bzq ccx ccy ccz cda cdb cdc cdd cde cdf cdg cdh cdi cdj cdk cdl cdm cdn cdo cdp cdq cdr cds cdt cdu cdv cdw cdx cdy cdz cea ceb cec\" dir=\"ltr\" style=\"color: #ffffff;\"> Reciba un v\u00eddeo mensual y actualizaciones semanales del arzobispo Bernard Hebda. <span style=\"text-decoration: underline;\"><strong><a class=\"fui-Link ___1eya986 f3rmtva f1ewtqcl fyind8e f1k6fduh f1w7gpdv fk6fouc fjoy568 figsok6 f1hu3pq6 f11qmguv f19f4twv f1tyq0we f1g0x7ka fhxju0i f1qch9an f1cnd47f fqv5qza f1vmzxwi f1o700av f13mvf36 f1cmlufx f9n3di6 f1ids18y f1tx3yz7 f1deo86v f1eh06m1 f1iescvh fhgqx19 f1olyrje f1p93eir f1nev41a f1h8hb77 f1x7u7e9 f10aw75t fsle3fq f17ae5zn\" style=\"color: #ffffff; text-decoration: underline;\" title=\"https:\/\/www.archspm.org\/togetheronthejourney\" href=\"https:\/\/www.archspm.org\/es\/togetheronthejourney\/\" target=\"_blank\" rel=\"noreferrer noopener\" aria-label=\"Enlace \u00a1Inscr\u00edbete aqu\u00ed!\">Inscr\u00edbete aqu\u00ed<\/a><\/strong><\/span><\/span><\/p>\t\t\t\t\t\t\t\t<\/div>\n\t\t\t\t<\/div>\n\t\t\t\t\t<\/div>\n\t\t\t\t<\/div>\n\t\t<div class=\"elementor-element elementor-element-7512d648 e-flex e-con-boxed e-con e-parent\" data-id=\"7512d648\" data-element_type=\"container\" data-e-type=\"container\" data-settings=\"{&quot;jet_parallax_layout_list&quot;:[]}\">\n\t\t\t\t\t<div class=\"e-con-inner\">\n\t\t\t\t<div class=\"elementor-element elementor-element-77125bc2 elementor-widget elementor-widget-text-editor\" data-id=\"77125bc2\" data-element_type=\"widget\" data-e-type=\"widget\" data-widget_type=\"text-editor.default\">\n\t\t\t\t\t\t\t\t\t<h1 class=\"entry-title\">S\u00e9 que Jes\u00fas naci\u00f3 en un pesebre, pero \u00bfpor qu\u00e9 es importante y qu\u00e9 significa?<\/h1><div class=\"entry-content\"><div><p>Cuando naci\u00f3 el ni\u00f1o Jes\u00fas, su madre Mar\u00eda lo acost\u00f3 en un pesebre<strong>\u00a0<\/strong>(Lc 2,7). La palabra \u201cpesebre\u201d proviene del lat\u00edn\u00a0<em>manducare<\/em>\u00a0que significa \u201ccomer\u201d. Un pesebre es un comedero de madera o piedra donde se coloca el heno para los animales de granja m\u00e1s grandes, como el ganado, los caballos y los burros. Los pesebres se encontraban en cualquier lugar donde se guardara el ganado, como establos, corrales o cuevas. Los granjeros se aseguraban de mantener los pesebres bien surtidos de forraje en todo momento para que los animales nunca pasaran hambre. El ganado puede acercarse al pesebre en cualquier momento y pasar largas horas de ocio comiendo, masticando y rumiando lentamente.<\/p><p>Cuando Mar\u00eda y Jos\u00e9 llegaron a Bel\u00e9n, no hab\u00eda sitio para ellos en la posada, por lo que se vieron obligados a buscar alojamiento en otro lugar, probablemente en una cueva donde se refugiaban los animales. Cuando naci\u00f3 Jes\u00fas, Mar\u00eda no habr\u00eda querido acostar a su beb\u00e9 en el suelo de piedra, duro y fr\u00edo. En cambio, tuvo que arregl\u00e1rselas con lo que hab\u00eda disponible y el pesebre result\u00f3 ser una alternativa conveniente: el heno era suave, la caja estaba elevada y separada del suelo, y los lados eran lo suficientemente altos como para mantener a su hijo a salvo en su interior.<\/p><p>Una vez all\u00ed, un \u00e1ngel les dijo a los pastores que encontrar\u00edan a su Mes\u00edas y Se\u00f1or reci\u00e9n nacido \u201cacostado en un pesebre\u201d (Lc 2, 12). Se apresuraron a ir y encontraron al ni\u00f1o en el pesebre, y se deleitaron al contemplarlo (Lc 2, 16).<\/p><p>Jes\u00fas no fue acostado en un pesebre por casualidad. Se trata de un s\u00edmbolo espiritual de gran importancia. Los animales acuden al pesebre en busca de alimento f\u00edsico, pero con Jes\u00fas acostado sobre el heno, nosotros podemos acudir al pesebre en busca de alimento espiritual. Jes\u00fas tiene a nuestra disposici\u00f3n un almac\u00e9n infinito de alimento, y podemos acercarnos a \u00e9l en cualquier momento sin pasar nunca hambre. Jes\u00fas nos alimenta con la Palabra y el Sacramento, su Evangelio y la Eucarist\u00eda. Jes\u00fas quiere que devoremos su palabra (Jer 15:16; Ez 3:1; Ap 10:9-10), que la mastiquemos, que rumiemos lentamente su significado, que la traguemos y la digiramos, y que la hagamos parte del tejido de nuestro ser. La Palabra de Jes\u00fas no se parece a ning\u00fan otro alimento, tiene el poder de salvar nuestras almas (Stg 1:21). No solo eso, el ni\u00f1o en el pesebre es el Pan de Vida (Jn 6,35), el verdadero pan bajado del cielo, y quien coma de este pan vivir\u00e1 para siempre (Jn 6,51). Si una persona quiere estar bien alimentada espiritualmente, es importante leer la Escritura y recibir la Eucarist\u00eda con frecuencia.<\/p><p>El pesebre es un signo trascendental de que Jes\u00fas es nuestro sustento. Los pastores fueron los primeros en deleitarse con \u00e9l. Ahora nos toca a nosotros. Jes\u00fas, nacido en la primera Navidad, es alimento para nuestras almas.<\/p><p><em>\u00a9 2004, Rev. Michael A. Van Sloun<\/em><br \/><em>Utilizado con autorizaci\u00f3n.<\/em><\/p><\/div><\/div>\t\t\t\t\t\t\t\t<\/div>\n\t\t\t\t\t<\/div>\n\t\t\t\t<\/div>\n\t\t\t\t<\/div>","protected":false},"excerpt":{"rendered":"<p>Subscribe to Together on the Journey from Archbishop Hebda! Receive a monthly video plus weekly updates from Archbishop Bernard Hebda. Sign up here! I know Jesus was born in a manger, but why is that important and what does it mean? When the child Jesus was born, his mother Mary laid him in a manger\u00a0(Lk [&hellip;]<\/p>\n","protected":false},"author":2,"featured_media":6955,"parent":0,"menu_order":0,"comment_status":"closed","ping_status":"closed","template":"","meta":{"footnotes":""},"class_list":["post-1357","page","type-page","status-publish","has-post-thumbnail","hentry"],"_links":{"self":[{"href":"https:\/\/www.archspm.org\/es\/wp-json\/wp\/v2\/pages\/1357","targetHints":{"allow":["GET"]}}],"collection":[{"href":"https:\/\/www.archspm.org\/es\/wp-json\/wp\/v2\/pages"}],"about":[{"href":"https:\/\/www.archspm.org\/es\/wp-json\/wp\/v2\/types\/page"}],"author":[{"embeddable":true,"href":"https:\/\/www.archspm.org\/es\/wp-json\/wp\/v2\/users\/2"}],"replies":[{"embeddable":true,"href":"https:\/\/www.archspm.org\/es\/wp-json\/wp\/v2\/comments?post=1357"}],"version-history":[{"count":0,"href":"https:\/\/www.archspm.org\/es\/wp-json\/wp\/v2\/pages\/1357\/revisions"}],"wp:featuredmedia":[{"embeddable":true,"href":"https:\/\/www.archspm.org\/es\/wp-json\/wp\/v2\/media\/6955"}],"wp:attachment":[{"href":"https:\/\/www.archspm.org\/es\/wp-json\/wp\/v2\/media?parent=1357"}],"curies":[{"name":"wp","href":"https:\/\/api.w.org\/{rel}","templated":true}]}}