{"id":1358,"date":"2020-05-11T17:36:33","date_gmt":"2020-05-11T21:36:33","guid":{"rendered":"https:\/\/www.archspm.org\/what-does-john-the-baptist-teach-us-about-the-meaning-of-advent\/"},"modified":"2025-07-24T12:36:25","modified_gmt":"2025-07-24T16:36:25","slug":"what-does-john-the-baptist-teach-us-about-the-meaning-of-advent","status":"publish","type":"page","link":"https:\/\/www.archspm.org\/es\/what-does-john-the-baptist-teach-us-about-the-meaning-of-advent\/","title":{"rendered":"\u00bfQu\u00e9 nos ense\u00f1a Juan el Bautista sobre el significado del Adviento?"},"content":{"rendered":"<div data-elementor-type=\"wp-page\" data-elementor-id=\"1358\" class=\"elementor elementor-1358\" data-elementor-post-type=\"page\">\n\t\t\t\t<div class=\"elementor-element elementor-element-e2eae40 e-flex e-con-boxed e-con e-parent\" data-id=\"e2eae40\" data-element_type=\"container\" data-e-type=\"container\" data-settings=\"{&quot;background_background&quot;:&quot;classic&quot;,&quot;jet_parallax_layout_list&quot;:[]}\">\n\t\t\t\t\t<div class=\"e-con-inner\">\n\t\t<div class=\"elementor-element elementor-element-eaa772a e-con-full e-flex e-con e-child\" data-id=\"eaa772a\" data-element_type=\"container\" data-e-type=\"container\" data-settings=\"{&quot;jet_parallax_layout_list&quot;:[]}\">\n\t\t\t\t<div class=\"elementor-element elementor-element-1dff562 elementor-widget elementor-widget-image\" data-id=\"1dff562\" data-element_type=\"widget\" data-e-type=\"widget\" data-widget_type=\"image.default\">\n\t\t\t\t\t\t\t\t\t\t\t\t\t\t\t<img decoding=\"async\" width=\"150\" height=\"150\" src=\"https:\/\/www.archspm.org\/wp-content\/uploads\/2025\/07\/Archbishop-Hebda_sm-e1752783360797-150x150.jpg\" class=\"attachment-thumbnail size-thumbnail wp-image-9864\" alt=\"\" srcset=\"https:\/\/www.archspm.org\/wp-content\/uploads\/2025\/07\/Archbishop-Hebda_sm-e1752783360797-150x150.jpg 150w, https:\/\/www.archspm.org\/wp-content\/uploads\/2025\/07\/Archbishop-Hebda_sm-e1752783360797-300x300.jpg 300w, https:\/\/www.archspm.org\/wp-content\/uploads\/2025\/07\/Archbishop-Hebda_sm-e1752783360797-768x768.jpg 768w, https:\/\/www.archspm.org\/wp-content\/uploads\/2025\/07\/Archbishop-Hebda_sm-e1752783360797-12x12.jpg 12w, https:\/\/www.archspm.org\/wp-content\/uploads\/2025\/07\/Archbishop-Hebda_sm-e1752783360797-400x400.jpg 400w, https:\/\/www.archspm.org\/wp-content\/uploads\/2025\/07\/Archbishop-Hebda_sm-e1752783360797-600x600.jpg 600w, https:\/\/www.archspm.org\/wp-content\/uploads\/2025\/07\/Archbishop-Hebda_sm-e1752783360797.jpg 858w\" sizes=\"(max-width: 150px) 100vw, 150px\" \/>\t\t\t\t\t\t\t\t\t\t\t\t\t\t\t<\/div>\n\t\t\t\t<\/div>\n\t\t<div class=\"elementor-element elementor-element-14b68fc e-con-full e-flex e-con e-child\" data-id=\"14b68fc\" data-element_type=\"container\" data-e-type=\"container\" data-settings=\"{&quot;jet_parallax_layout_list&quot;:[]}\">\n\t\t\t\t<div class=\"elementor-element elementor-element-c0834b9 elementor-widget elementor-widget-text-editor\" data-id=\"c0834b9\" data-element_type=\"widget\" data-e-type=\"widget\" data-widget_type=\"text-editor.default\">\n\t\t\t\t\t\t\t\t\t<h2 style=\"text-align: left;\"><span style=\"color: #c39519;\"><strong><a style=\"color: #c39519;\" href=\"https:\/\/www.archspm.org\/es\/togetheronthejourney\/\">\u00a1Suscr\u00edbase a Juntos en el viaje del arzobispo Hebda!<\/a><\/strong><\/span><\/h2><p><span class=\"ui-provider en ccw bzq ccx ccy ccz cda cdb cdc cdd cde cdf cdg cdh cdi cdj cdk cdl cdm cdn cdo cdp cdq cdr cds cdt cdu cdv cdw cdx cdy cdz cea ceb cec\" dir=\"ltr\" style=\"color: #ffffff;\"> Reciba un v\u00eddeo mensual y actualizaciones semanales del arzobispo Bernard Hebda. <span style=\"text-decoration: underline;\"><strong><a class=\"fui-Link ___1eya986 f3rmtva f1ewtqcl fyind8e f1k6fduh f1w7gpdv fk6fouc fjoy568 figsok6 f1hu3pq6 f11qmguv f19f4twv f1tyq0we f1g0x7ka fhxju0i f1qch9an f1cnd47f fqv5qza f1vmzxwi f1o700av f13mvf36 f1cmlufx f9n3di6 f1ids18y f1tx3yz7 f1deo86v f1eh06m1 f1iescvh fhgqx19 f1olyrje f1p93eir f1nev41a f1h8hb77 f1x7u7e9 f10aw75t fsle3fq f17ae5zn\" style=\"color: #ffffff; text-decoration: underline;\" title=\"https:\/\/www.archspm.org\/togetheronthejourney\" href=\"https:\/\/www.archspm.org\/es\/togetheronthejourney\/\" target=\"_blank\" rel=\"noreferrer noopener\" aria-label=\"Enlace \u00a1Inscr\u00edbete aqu\u00ed!\">Inscr\u00edbete aqu\u00ed<\/a><\/strong><\/span><\/span><\/p>\t\t\t\t\t\t\t\t<\/div>\n\t\t\t\t<\/div>\n\t\t\t\t\t<\/div>\n\t\t\t\t<\/div>\n\t\t<div class=\"elementor-element elementor-element-79b3bf28 e-flex e-con-boxed e-con e-parent\" data-id=\"79b3bf28\" data-element_type=\"container\" data-e-type=\"container\" data-settings=\"{&quot;jet_parallax_layout_list&quot;:[]}\">\n\t\t\t\t\t<div class=\"e-con-inner\">\n\t\t\t\t<div class=\"elementor-element elementor-element-2b16a928 elementor-widget elementor-widget-text-editor\" data-id=\"2b16a928\" data-element_type=\"widget\" data-e-type=\"widget\" data-widget_type=\"text-editor.default\">\n\t\t\t\t\t\t\t\t\t<h1 class=\"entry-title\">\u00bfQu\u00e9 nos ense\u00f1a Juan el Bautista sobre el significado del Adviento?<\/h1><div class=\"entry-content\"><p>Jes\u00fas dijo que Juan el Bautista es el m\u00e1s grande de todos los profetas: \u201cNo hay nadie m\u00e1s grande que Juan\u201d (Mt 11, 11a). \u00bfPor qu\u00e9? Porque los otros profetas prepararon al pueblo para un Mes\u00edas que vendr\u00eda en un futuro lejano, pero Juan el Bautista prepar\u00f3 al pueblo para el Mes\u00edas que estaba a punto de llegar, y cuando Jes\u00fas finalmente apareci\u00f3, se le concedi\u00f3 el privilegio exclusivo de ser el \u00fanico profeta que anunciara que el Mes\u00edas hab\u00eda llegado. Cuando Jes\u00fas se acerc\u00f3, Juan lo se\u00f1al\u00f3 y dijo: \u201c\u00a1He aqu\u00ed el Cordero de Dios!\u201d (Jn 1, 29.36).<\/p><p>El Bautista tuvo un nacimiento milagroso, y en las Escrituras, cuando una persona es fruto de un nacimiento milagroso, siempre tiene una vocaci\u00f3n muy especial. La madre de Juan, Isabel, era anciana, no ten\u00eda hijos y hab\u00eda pasado la edad de tenerlos, pero el arc\u00e1ngel Gabriel se le apareci\u00f3 a su esposo Zacar\u00edas, sacerdote del Templo de Jerusal\u00e9n, y le anunci\u00f3 que ella concebir\u00eda, y as\u00ed fue. Juan estaba lleno del Esp\u00edritu Santo incluso cuando estaba en el vientre de su madre (Lc 1, 15), y fue elegido por Dios para ser \u201cel precursor\u201d, para continuar el ministerio de El\u00edas, el profeta del Antiguo Testamento que deb\u00eda reaparecer para anunciar al Mes\u00edas (Mal 3, 23).<\/p><p>No es de extra\u00f1ar, pues, que Juan apareciera vestido con un abrigo de pelo de camello. El\u00edas es el \u00fanico profeta del Antiguo Testamento que se vest\u00eda as\u00ed (2 Reyes 1:8). M\u00e1s tarde, Jes\u00fas explicar\u00eda c\u00f3mo El\u00edas hab\u00eda venido antes que \u00e9l en la persona de Juan el Bautista (Mateo 17:10-13; Marcos 9:11-13).<\/p><p>No hab\u00eda habido ning\u00fan profeta en Israel durante cientos de a\u00f1os, por lo que la gente estaba emocionada ante la posibilidad de que hubiera aparecido un profeta durante su vida. Si Juan el Bautista era realmente lo que se dec\u00eda, un profeta y el regreso de El\u00edas, la gente no pod\u00eda dejar pasar la oportunidad. Multitudes acudieron en masa al desierto, un lugar tradicional de encuentro con Dios, para escuchar lo que este hombre excepcional de Dios ten\u00eda que decir.<\/p><p>Juan grit\u00f3: \u201cPreparad el camino del Se\u00f1or\u201d (Mc 1, 3). Este mensaje, siempre antiguo, dirigido inicialmente a las multitudes de hace dos mil a\u00f1os, es siempre nuevo para nosotros hoy. Durante este tiempo de Adviento debemos preparar el camino del Se\u00f1or, eliminar cualquier obst\u00e1culo que impida que Jes\u00fas venga a nosotros, para que cuando aparezca en Navidad, tenga acceso sin trabas a nuestros corazones.<\/p><p>Juan tambi\u00e9n predic\u00f3 un bautismo de arrepentimiento para el perd\u00f3n de los pecados (Mc 1, 4). Juan quer\u00eda que sus oyentes renunciaran al pecado, se lavaran de sus impurezas pasadas y estuvieran en estado de gracia cuando Jes\u00fas apareciera. Del mismo modo, mientras esperamos la conmemoraci\u00f3n de la venida de Cristo, si queremos estar bien preparados para la solemne fiesta de Navidad, ser\u00eda prudente que renunci\u00e1ramos a nuestros propios pecados, nos limpi\u00e1ramos de nuestras impurezas pasadas y estuvi\u00e9ramos en estado de gracia en Navidad, cuando Jes\u00fas venga a nosotros una vez m\u00e1s. El Bautista puso a Jes\u00fas por encima de todas las cosas (Jn 3, 30), \u00a1y nosotros tambi\u00e9n deber\u00edamos hacerlo!<\/p><p><em>\u00a9 2005, Rev. Michael A. Van Sloun<\/em><br \/><em>Utilizado con autorizaci\u00f3n.<\/em><\/p><\/div>\t\t\t\t\t\t\t\t<\/div>\n\t\t\t\t\t<\/div>\n\t\t\t\t<\/div>\n\t\t\t\t<\/div>","protected":false},"excerpt":{"rendered":"<p>Subscribe to Together on the Journey from Archbishop Hebda! Receive a monthly video plus weekly updates from Archbishop Bernard Hebda. Sign up here! What does John the Baptist teach us about the meaning of Advent? Jesus said that John the Baptist is the greatest of all prophets:\u00a0 \u201cthere is none greater than John\u201d (Mt 11:11a). [&hellip;]<\/p>\n","protected":false},"author":2,"featured_media":6955,"parent":0,"menu_order":0,"comment_status":"closed","ping_status":"closed","template":"","meta":{"footnotes":""},"class_list":["post-1358","page","type-page","status-publish","has-post-thumbnail","hentry"],"_links":{"self":[{"href":"https:\/\/www.archspm.org\/es\/wp-json\/wp\/v2\/pages\/1358","targetHints":{"allow":["GET"]}}],"collection":[{"href":"https:\/\/www.archspm.org\/es\/wp-json\/wp\/v2\/pages"}],"about":[{"href":"https:\/\/www.archspm.org\/es\/wp-json\/wp\/v2\/types\/page"}],"author":[{"embeddable":true,"href":"https:\/\/www.archspm.org\/es\/wp-json\/wp\/v2\/users\/2"}],"replies":[{"embeddable":true,"href":"https:\/\/www.archspm.org\/es\/wp-json\/wp\/v2\/comments?post=1358"}],"version-history":[{"count":0,"href":"https:\/\/www.archspm.org\/es\/wp-json\/wp\/v2\/pages\/1358\/revisions"}],"wp:featuredmedia":[{"embeddable":true,"href":"https:\/\/www.archspm.org\/es\/wp-json\/wp\/v2\/media\/6955"}],"wp:attachment":[{"href":"https:\/\/www.archspm.org\/es\/wp-json\/wp\/v2\/media?parent=1358"}],"curies":[{"name":"wp","href":"https:\/\/api.w.org\/{rel}","templated":true}]}}