{"id":1359,"date":"2020-05-11T17:43:26","date_gmt":"2020-05-11T21:43:26","guid":{"rendered":"https:\/\/www.archspm.org\/how-does-the-christmas-reference-to-no-room-at-the-inn-apply-to-my-relationship-with-jesus\/"},"modified":"2025-07-24T12:44:30","modified_gmt":"2025-07-24T16:44:30","slug":"how-does-the-christmas-reference-to-no-room-at-the-inn-apply-to-my-relationship-with-jesus","status":"publish","type":"page","link":"https:\/\/www.archspm.org\/es\/how-does-the-christmas-reference-to-no-room-at-the-inn-apply-to-my-relationship-with-jesus\/","title":{"rendered":"\u00bfC\u00f3mo se aplica la referencia navide\u00f1a de \"no hay sitio en la posada\" a mi relaci\u00f3n con Jes\u00fas?"},"content":{"rendered":"<div data-elementor-type=\"wp-page\" data-elementor-id=\"1359\" class=\"elementor elementor-1359\" data-elementor-post-type=\"page\">\n\t\t\t\t<div class=\"elementor-element elementor-element-d8a60b1 e-flex e-con-boxed e-con e-parent\" data-id=\"d8a60b1\" data-element_type=\"container\" data-e-type=\"container\" data-settings=\"{&quot;background_background&quot;:&quot;classic&quot;,&quot;jet_parallax_layout_list&quot;:[]}\">\n\t\t\t\t\t<div class=\"e-con-inner\">\n\t\t<div class=\"elementor-element elementor-element-e36a573 e-con-full e-flex e-con e-child\" data-id=\"e36a573\" data-element_type=\"container\" data-e-type=\"container\" data-settings=\"{&quot;jet_parallax_layout_list&quot;:[]}\">\n\t\t\t\t<div class=\"elementor-element elementor-element-6762d2b elementor-widget elementor-widget-image\" data-id=\"6762d2b\" data-element_type=\"widget\" data-e-type=\"widget\" data-widget_type=\"image.default\">\n\t\t\t\t\t\t\t\t\t\t\t\t\t\t\t<img decoding=\"async\" width=\"150\" height=\"150\" src=\"https:\/\/www.archspm.org\/wp-content\/uploads\/2025\/07\/Archbishop-Hebda_sm-e1752783360797-150x150.jpg\" class=\"attachment-thumbnail size-thumbnail wp-image-9864\" alt=\"\" srcset=\"https:\/\/www.archspm.org\/wp-content\/uploads\/2025\/07\/Archbishop-Hebda_sm-e1752783360797-150x150.jpg 150w, https:\/\/www.archspm.org\/wp-content\/uploads\/2025\/07\/Archbishop-Hebda_sm-e1752783360797-300x300.jpg 300w, https:\/\/www.archspm.org\/wp-content\/uploads\/2025\/07\/Archbishop-Hebda_sm-e1752783360797-768x768.jpg 768w, https:\/\/www.archspm.org\/wp-content\/uploads\/2025\/07\/Archbishop-Hebda_sm-e1752783360797-12x12.jpg 12w, https:\/\/www.archspm.org\/wp-content\/uploads\/2025\/07\/Archbishop-Hebda_sm-e1752783360797-400x400.jpg 400w, https:\/\/www.archspm.org\/wp-content\/uploads\/2025\/07\/Archbishop-Hebda_sm-e1752783360797-600x600.jpg 600w, https:\/\/www.archspm.org\/wp-content\/uploads\/2025\/07\/Archbishop-Hebda_sm-e1752783360797.jpg 858w\" sizes=\"(max-width: 150px) 100vw, 150px\" \/>\t\t\t\t\t\t\t\t\t\t\t\t\t\t\t<\/div>\n\t\t\t\t<\/div>\n\t\t<div class=\"elementor-element elementor-element-1102332 e-con-full e-flex e-con e-child\" data-id=\"1102332\" data-element_type=\"container\" data-e-type=\"container\" data-settings=\"{&quot;jet_parallax_layout_list&quot;:[]}\">\n\t\t\t\t<div class=\"elementor-element elementor-element-0051d2e elementor-widget elementor-widget-text-editor\" data-id=\"0051d2e\" data-element_type=\"widget\" data-e-type=\"widget\" data-widget_type=\"text-editor.default\">\n\t\t\t\t\t\t\t\t\t<h2 style=\"text-align: left;\"><span style=\"color: #c39519;\"><strong><a style=\"color: #c39519;\" href=\"https:\/\/www.archspm.org\/es\/togetheronthejourney\/\">\u00a1Suscr\u00edbase a Juntos en el viaje del arzobispo Hebda!<\/a><\/strong><\/span><\/h2><p><span class=\"ui-provider en ccw bzq ccx ccy ccz cda cdb cdc cdd cde cdf cdg cdh cdi cdj cdk cdl cdm cdn cdo cdp cdq cdr cds cdt cdu cdv cdw cdx cdy cdz cea ceb cec\" dir=\"ltr\" style=\"color: #ffffff;\"> Reciba un v\u00eddeo mensual y actualizaciones semanales del arzobispo Bernard Hebda. <span style=\"text-decoration: underline;\"><strong><a class=\"fui-Link ___1eya986 f3rmtva f1ewtqcl fyind8e f1k6fduh f1w7gpdv fk6fouc fjoy568 figsok6 f1hu3pq6 f11qmguv f19f4twv f1tyq0we f1g0x7ka fhxju0i f1qch9an f1cnd47f fqv5qza f1vmzxwi f1o700av f13mvf36 f1cmlufx f9n3di6 f1ids18y f1tx3yz7 f1deo86v f1eh06m1 f1iescvh fhgqx19 f1olyrje f1p93eir f1nev41a f1h8hb77 f1x7u7e9 f10aw75t fsle3fq f17ae5zn\" style=\"color: #ffffff; text-decoration: underline;\" title=\"https:\/\/www.archspm.org\/togetheronthejourney\" href=\"https:\/\/www.archspm.org\/es\/togetheronthejourney\/\" target=\"_blank\" rel=\"noreferrer noopener\" aria-label=\"Enlace \u00a1Inscr\u00edbete aqu\u00ed!\">Inscr\u00edbete aqu\u00ed<\/a><\/strong><\/span><\/span><\/p>\t\t\t\t\t\t\t\t<\/div>\n\t\t\t\t<\/div>\n\t\t\t\t\t<\/div>\n\t\t\t\t<\/div>\n\t\t<div class=\"elementor-element elementor-element-7e96b1df e-flex e-con-boxed e-con e-parent\" data-id=\"7e96b1df\" data-element_type=\"container\" data-e-type=\"container\" data-settings=\"{&quot;jet_parallax_layout_list&quot;:[]}\">\n\t\t\t\t\t<div class=\"e-con-inner\">\n\t\t\t\t<div class=\"elementor-element elementor-element-480a2f3c elementor-widget elementor-widget-text-editor\" data-id=\"480a2f3c\" data-element_type=\"widget\" data-e-type=\"widget\" data-widget_type=\"text-editor.default\">\n\t\t\t\t\t\t\t\t\t<h1 class=\"entry-title\">\u00bfC\u00f3mo se aplica la referencia navide\u00f1a de \"no hay sitio en la posada\" a mi relaci\u00f3n con Jes\u00fas?<\/h1><div class=\"entry-content\"><p>\u201cNo hab\u00eda lugar para ellos en la posada\u201d (Lc 2, 7) cuando Jes\u00fas naci\u00f3 en la primera Navidad. Mar\u00eda y Jos\u00e9 se fueron a un establo o cueva, solos, apartados. No hab\u00eda espacio reservado para Jes\u00fas cuando lleg\u00f3. No hubo hospitalidad, ni bienvenida. Hab\u00eda una gran superpoblaci\u00f3n en Bel\u00e9n y sus alrededores, y tanto los residentes locales como los visitantes no estaban dispuestos o no pod\u00edan recibir a Jes\u00fas cuando naci\u00f3.<\/p><p>La falta de espacio para Jes\u00fas es un problema ancestral. Todav\u00eda hay un grave problema de hacinamiento. Nuestras mentes est\u00e1n abarrotadas de noticias e informaci\u00f3n, nuestros corazones est\u00e1n abarrotados de innumerables preocupaciones, nuestras agendas est\u00e1n abarrotadas de cosas que hacer, los centros comerciales est\u00e1n abarrotados de compradores, las autopistas est\u00e1n abarrotadas de tr\u00e1fico, las ondas est\u00e1n abarrotadas de ruido, los dispositivos electr\u00f3nicos est\u00e1n abarrotados de mensajes. Con tanto hacinamiento, corremos el riesgo de no tener suficiente espacio en nuestra \u201cposada\u201d personal para recibir a Jes\u00fas esta Navidad.<\/p><p>Si queremos tener la mejor Navidad de nuestra vida, lo m\u00e1s importante es hacer espacio en nuestros corazones para recibir a Jes\u00fas. No importa cu\u00e1n ocupados estemos, cu\u00e1nta agitaci\u00f3n haya a nuestro alrededor, cu\u00e1ntas distracciones y preocupaciones mentales nos invadan, necesitamos reservar tiempo y espacio para dar la bienvenida a Emmanuel, nuestro Salvador.<\/p><p>El equilibrio espiritual es fundamental. Es beneficioso retirarse a meditar y orar, conversar con nuestro Mes\u00edas y Se\u00f1or en silencio y soledad, meditar sobre el profundo misterio de la Encarnaci\u00f3n, ofrecer hospitalidad y dar la bienvenida a Jes\u00fas. Los momentos de oraci\u00f3n privada son una necesidad urgente.<\/p><p>La oraci\u00f3n lit\u00fargica y comunitaria tambi\u00e9n es indispensable. Debemos planear asistir a misa en Nochebuena, a medianoche, o el d\u00eda de Navidad. La misa es una hermosa manera de dar la bienvenida a Jes\u00fas a nuestros corazones, de recibir su palabra en las Escrituras y su Cuerpo y Sangre en la Eucarist\u00eda. Jes\u00fas es el verdadero regalo de la Navidad.<\/p><p>Hay muchas otras formas piadosas de dar la bienvenida a Jes\u00fas a la \u201cposada\u201d de nuestros corazones. Algunas opciones excelentes ser\u00edan leer los dos primeros cap\u00edtulos del Evangelio de Lucas y reflexionar en oraci\u00f3n sobre su narraci\u00f3n de la infancia; rezar los misterios gozosos del rosario; orar frente a un pesebre o un bel\u00e9n en casa o en la iglesia; escuchar himnos, m\u00fasica sacra y villancicos espirituales; y orar juntos en la mesa durante la cena y en otros momentos.<\/p><p>Si recibimos a Jes\u00fas en nuestros corazones, nos convertimos en lo que recibimos. Entonces ya no es tanto nuestra vida, sino Cristo viviendo en nosotros (v\u00e9ase G\u00e1latas 2:20). Lo que hemos recibido como don debemos compartirlo libremente como don (v\u00e9ase 1 Pedro 4:10).<\/p><p>Despu\u00e9s de hacer espacio para Jes\u00fas, es hora de hacer espacio para los dem\u00e1s. El mayor regalo que podemos ofrecer a cualquiera es llevarle a Jes\u00fas, ser como la Sant\u00edsima Virgen Mar\u00eda, ser portadores de Cristo, dar el regalo de la presencia de Cristo.<\/p><p><em>2011, Rev. Michael A. Van Sloun<\/em><br \/><em>Utilizado con autorizaci\u00f3n.<\/em><\/p><\/div>\t\t\t\t\t\t\t\t<\/div>\n\t\t\t\t\t<\/div>\n\t\t\t\t<\/div>\n\t\t\t\t<\/div>","protected":false},"excerpt":{"rendered":"","protected":false},"author":2,"featured_media":6955,"parent":0,"menu_order":0,"comment_status":"closed","ping_status":"closed","template":"","meta":{"footnotes":""},"class_list":["post-1359","page","type-page","status-publish","has-post-thumbnail","hentry"],"_links":{"self":[{"href":"https:\/\/www.archspm.org\/es\/wp-json\/wp\/v2\/pages\/1359","targetHints":{"allow":["GET"]}}],"collection":[{"href":"https:\/\/www.archspm.org\/es\/wp-json\/wp\/v2\/pages"}],"about":[{"href":"https:\/\/www.archspm.org\/es\/wp-json\/wp\/v2\/types\/page"}],"author":[{"embeddable":true,"href":"https:\/\/www.archspm.org\/es\/wp-json\/wp\/v2\/users\/2"}],"replies":[{"embeddable":true,"href":"https:\/\/www.archspm.org\/es\/wp-json\/wp\/v2\/comments?post=1359"}],"version-history":[{"count":0,"href":"https:\/\/www.archspm.org\/es\/wp-json\/wp\/v2\/pages\/1359\/revisions"}],"wp:featuredmedia":[{"embeddable":true,"href":"https:\/\/www.archspm.org\/es\/wp-json\/wp\/v2\/media\/6955"}],"wp:attachment":[{"href":"https:\/\/www.archspm.org\/es\/wp-json\/wp\/v2\/media?parent=1359"}],"curies":[{"name":"wp","href":"https:\/\/api.w.org\/{rel}","templated":true}]}}