{"id":1364,"date":"2020-05-12T17:54:57","date_gmt":"2020-05-12T21:54:57","guid":{"rendered":"https:\/\/www.archspm.org\/what-is-holy-week-and-what-should-christians-do-to-properly-recognize-and-participate-in-it\/"},"modified":"2025-07-24T17:10:18","modified_gmt":"2025-07-24T21:10:18","slug":"what-is-holy-week-and-what-should-christians-do-to-properly-recognize-and-participate-in-it","status":"publish","type":"page","link":"https:\/\/www.archspm.org\/es\/what-is-holy-week-and-what-should-christians-do-to-properly-recognize-and-participate-in-it\/","title":{"rendered":"\u00bfQu\u00e9 es la \"Semana Santa\" y qu\u00e9 deben hacer los cristianos para reconocerla adecuadamente y participar en ella?"},"content":{"rendered":"<div data-elementor-type=\"wp-page\" data-elementor-id=\"1364\" class=\"elementor elementor-1364\" data-elementor-post-type=\"page\">\n\t\t\t\t<div class=\"elementor-element elementor-element-4868680 e-flex e-con-boxed e-con e-parent\" data-id=\"4868680\" data-element_type=\"container\" data-e-type=\"container\" data-settings=\"{&quot;background_background&quot;:&quot;classic&quot;,&quot;jet_parallax_layout_list&quot;:[]}\">\n\t\t\t\t\t<div class=\"e-con-inner\">\n\t\t<div class=\"elementor-element elementor-element-2b3be43 e-con-full e-flex e-con e-child\" data-id=\"2b3be43\" data-element_type=\"container\" data-e-type=\"container\" data-settings=\"{&quot;jet_parallax_layout_list&quot;:[]}\">\n\t\t\t\t<div class=\"elementor-element elementor-element-e915491 elementor-widget elementor-widget-image\" data-id=\"e915491\" data-element_type=\"widget\" data-e-type=\"widget\" data-widget_type=\"image.default\">\n\t\t\t\t\t\t\t\t\t\t\t\t\t\t\t<img decoding=\"async\" width=\"150\" height=\"150\" src=\"https:\/\/www.archspm.org\/wp-content\/uploads\/2025\/07\/Archbishop-Hebda_sm-e1752783360797-150x150.jpg\" class=\"attachment-thumbnail size-thumbnail wp-image-9864\" alt=\"\" srcset=\"https:\/\/www.archspm.org\/wp-content\/uploads\/2025\/07\/Archbishop-Hebda_sm-e1752783360797-150x150.jpg 150w, https:\/\/www.archspm.org\/wp-content\/uploads\/2025\/07\/Archbishop-Hebda_sm-e1752783360797-300x300.jpg 300w, https:\/\/www.archspm.org\/wp-content\/uploads\/2025\/07\/Archbishop-Hebda_sm-e1752783360797-768x768.jpg 768w, https:\/\/www.archspm.org\/wp-content\/uploads\/2025\/07\/Archbishop-Hebda_sm-e1752783360797-12x12.jpg 12w, https:\/\/www.archspm.org\/wp-content\/uploads\/2025\/07\/Archbishop-Hebda_sm-e1752783360797-400x400.jpg 400w, https:\/\/www.archspm.org\/wp-content\/uploads\/2025\/07\/Archbishop-Hebda_sm-e1752783360797-600x600.jpg 600w, https:\/\/www.archspm.org\/wp-content\/uploads\/2025\/07\/Archbishop-Hebda_sm-e1752783360797.jpg 858w\" sizes=\"(max-width: 150px) 100vw, 150px\" \/>\t\t\t\t\t\t\t\t\t\t\t\t\t\t\t<\/div>\n\t\t\t\t<\/div>\n\t\t<div class=\"elementor-element elementor-element-9d6aecb e-con-full e-flex e-con e-child\" data-id=\"9d6aecb\" data-element_type=\"container\" data-e-type=\"container\" data-settings=\"{&quot;jet_parallax_layout_list&quot;:[]}\">\n\t\t\t\t<div class=\"elementor-element elementor-element-2d0b7ab elementor-widget elementor-widget-text-editor\" data-id=\"2d0b7ab\" data-element_type=\"widget\" data-e-type=\"widget\" data-widget_type=\"text-editor.default\">\n\t\t\t\t\t\t\t\t\t<h2 style=\"text-align: left;\"><span style=\"color: #c39519;\"><strong><a style=\"color: #c39519;\" href=\"https:\/\/www.archspm.org\/es\/togetheronthejourney\/\">\u00a1Suscr\u00edbase a Juntos en el viaje del arzobispo Hebda!<\/a><\/strong><\/span><\/h2><p><span class=\"ui-provider en ccw bzq ccx ccy ccz cda cdb cdc cdd cde cdf cdg cdh cdi cdj cdk cdl cdm cdn cdo cdp cdq cdr cds cdt cdu cdv cdw cdx cdy cdz cea ceb cec\" dir=\"ltr\" style=\"color: #ffffff;\"> Reciba un v\u00eddeo mensual y actualizaciones semanales del arzobispo Bernard Hebda. <span style=\"text-decoration: underline;\"><strong><a class=\"fui-Link ___1eya986 f3rmtva f1ewtqcl fyind8e f1k6fduh f1w7gpdv fk6fouc fjoy568 figsok6 f1hu3pq6 f11qmguv f19f4twv f1tyq0we f1g0x7ka fhxju0i f1qch9an f1cnd47f fqv5qza f1vmzxwi f1o700av f13mvf36 f1cmlufx f9n3di6 f1ids18y f1tx3yz7 f1deo86v f1eh06m1 f1iescvh fhgqx19 f1olyrje f1p93eir f1nev41a f1h8hb77 f1x7u7e9 f10aw75t fsle3fq f17ae5zn\" style=\"color: #ffffff; text-decoration: underline;\" title=\"https:\/\/www.archspm.org\/togetheronthejourney\" href=\"https:\/\/www.archspm.org\/es\/togetheronthejourney\/\" target=\"_blank\" rel=\"noreferrer noopener\" aria-label=\"Enlace \u00a1Inscr\u00edbete aqu\u00ed!\">Inscr\u00edbete aqu\u00ed<\/a><\/strong><\/span><\/span><\/p>\t\t\t\t\t\t\t\t<\/div>\n\t\t\t\t<\/div>\n\t\t\t\t\t<\/div>\n\t\t\t\t<\/div>\n\t\t<div class=\"elementor-element elementor-element-1c2714be e-flex e-con-boxed e-con e-parent\" data-id=\"1c2714be\" data-element_type=\"container\" data-e-type=\"container\" data-settings=\"{&quot;jet_parallax_layout_list&quot;:[]}\">\n\t\t\t\t\t<div class=\"e-con-inner\">\n\t\t\t\t<div class=\"elementor-element elementor-element-12ce5aad elementor-widget elementor-widget-text-editor\" data-id=\"12ce5aad\" data-element_type=\"widget\" data-e-type=\"widget\" data-widget_type=\"text-editor.default\">\n\t\t\t\t\t\t\t\t\t<h1 class=\"entry-title\">\u00bfQu\u00e9 es la \"Semana Santa\" y qu\u00e9 deben hacer los cristianos para reconocerla adecuadamente y participar en ella?<\/h1><div class=\"entry-content\"><p>La Semana Santa encabeza nuestro calendario, es la semana m\u00e1s santa de todo el a\u00f1o lit\u00fargico. La Semana Santa comienza el Domingo de Ramos y se prolonga hasta el Domingo de Resurrecci\u00f3n. Celebra el Misterio Pascual, la pasi\u00f3n y muerte de Nuestro Se\u00f1or Jesucristo, su resurrecci\u00f3n victoriosa, su triunfo sobre el pecado y la muerte y su glorificaci\u00f3n por el Padre.<\/p><p><strong>Domingo de Ramos-Pasi\u00f3n<\/strong>\u00a0es una doble fiesta: el Domingo de Ramos, porque se bendicen las ramas de palma y se llevan en procesi\u00f3n para conmemorar la entrada del Se\u00f1or en Jerusal\u00e9n, y el Domingo de Pasi\u00f3n, porque se proclama el relato de la Pasi\u00f3n. Es el \u00fanico domingo en el que se leen dos evangelios distintos. La Pasi\u00f3n es el evangelio dominical m\u00e1s largo del a\u00f1o. La Misa tiene dos ambientes sorprendentemente diferentes: j\u00fabilo al principio y lamento al final. La entrada de Jes\u00fas en Jerusal\u00e9n fue exuberante cuando el pueblo le aclam\u00f3 con j\u00fabilo al grito de Hosanna, pero momentos despu\u00e9s todo es sombr\u00edo, primero con el Siervo doliente que dio la espalda a quienes le golpeaban (Is 50,6), luego con Jes\u00fas que acept\u00f3 obedientemente la muerte en cruz (Flp 2,8), y despu\u00e9s con la Pasi\u00f3n y su agon\u00eda, flagelaci\u00f3n y crucifixi\u00f3n (Mt 26,14-27,66).<\/p><p><strong>S\u00edmbolos<\/strong>. El s\u00edmbolo principal del Domingo de Ramos son las palmas, se\u00f1al de que el pueblo consideraba a Jes\u00fas como su rey victorioso. Hay muchos s\u00edmbolos de la Pasi\u00f3n:  una sola cruz, tres cruces, la copa del sufrimiento, treinta monedas de plata, una linterna, espadas y garrotes, una cuchilla y una oreja cortada, esposas o grilletes, el canto de un gallo, un pilar de flagelaci\u00f3n, l\u00e1tigos, una corona de espinas, una ca\u00f1a, tres clavos, martillo y tenazas, una cuerda, la inscripci\u00f3n INRI, una ramita de hisopo, tres dados, una t\u00fanica, una lanza, una escalera, una urna para especias, un sudario o lienzos funerarios y una calavera.<\/p><p><strong>Acciones de discipulado<\/strong>. Ll\u00e9vate algunas palmas a casa y \u00fasalas para venerar un crucifijo o decorar una estatua, un cuadro o un objeto sagrado. Vete t\u00fa solo a releer parte o toda la Pasi\u00f3n y medita sobre ella. Si hay otras personas en casa, comenta c\u00f3mo habr\u00eda sido formar parte de la procesi\u00f3n del Domingo de Ramos o estar en el V\u00eda Crucis al paso de Jes\u00fas o en el Calvario cuando Jes\u00fas fue crucificado.<\/p><p><strong>Triduo pascual<\/strong>. El Triduo es el momento m\u00e1s solemne del a\u00f1o eclesi\u00e1stico. Dura tres d\u00edas. Comienza el Jueves Santo por la tarde con la Misa de la Cena del Se\u00f1or, contin\u00faa con la celebraci\u00f3n de la Pasi\u00f3n del Se\u00f1or el Viernes Santo, y alcanza su culminaci\u00f3n con la Vigilia Pascual y el Domingo de Resurrecci\u00f3n, y termina con la Oraci\u00f3n Vespertina al final de la tarde del Domingo de Resurrecci\u00f3n.<\/p><p><strong>Discipulado Tema de Acci\u00f3n<\/strong>. Estos d\u00edas son los \"d\u00edas sagrados\" de nuestra fe cristiana, y al igual que los jud\u00edos acud\u00edan a Jerusal\u00e9n para celebrar la Pascua en el Templo, lo ideal ser\u00eda que los cat\u00f3licos acudieran a sus iglesias locales para celebrar estos sagrados misterios con sus comunidades parroquiales. El Jueves Santo, el Viernes Santo y la Vigilia Pascual no son d\u00edas sagrados de precepto, pero si alguna vez hubiera un momento en el que quisi\u00e9ramos ir a la iglesia, ser\u00eda para estos tres d\u00edas sagrados. El Triduo es el momento de dejar otras cosas en suspenso mientras nuestra fe adquiere la m\u00e1xima prioridad.<\/p><\/div><p>\u00bfTe gusta lo que lees? <a href=\"https:\/\/www.archspm.org\/es\/download-the-article-what-is-holy-week-and-what-should-christians-do-to-properly-recognize-and-participate-in-it\/\">Descargar este art\u00edculo<\/a>.<\/p><div class=\"entry-content\"><p><strong>Ayuno, segunda parte:\u00a0<\/strong>\u00a0<strong>El ayuno del Triduo<\/strong>. Con la llegada del Jueves Santo, terminan los cuarenta d\u00edas de Cuaresma y su disciplina. Cualquiera que haya sido el programa especial de una persona para la Cuaresma, ya sea renunciar a algo, a\u00f1adir oraciones adicionales, hacer buenas obras o compartir limosnas, el programa ha terminado, pero uno no debe relajarse demasiado r\u00e1pido. En cuanto termina el ayuno cuaresmal de cuarenta d\u00edas, comienza un nuevo ayuno de tres d\u00edas, el ayuno del Triduo, un periodo de abnegaci\u00f3n a\u00fan m\u00e1s intenso como preparaci\u00f3n inmediata para la mayor fiesta de todas, la Pascua. Es costumbre prolongar la disciplina cuaresmal tres d\u00edas m\u00e1s. Muchos deciden hacer uno o varios a\u00f1adidos clave, como una hora santa, una visita a la iglesia, un largo periodo de silencio, nada de televisi\u00f3n y tres d\u00edas de ayuno de alimentos f\u00edsicos. Tambi\u00e9n implica un ayuno espiritual, el Viernes Santo de la Misa, pero con la recepci\u00f3n de la Eucarist\u00eda, y el S\u00e1bado Santo, el ayuno m\u00e1s profundo de todos, cuando no s\u00f3lo no hay Misa, sino que es el \u00fanico d\u00eda en que la Iglesia renuncia a la recepci\u00f3n de la Eucarist\u00eda.<\/p><p><strong>Jueves Santo<\/strong>. El Triduo Pascual comienza con la Misa vespertina de la Cena del Se\u00f1or. La misa narra la instauraci\u00f3n de la fiesta jud\u00eda de la Pascua y conmemora la instituci\u00f3n de la Eucarist\u00eda, la instituci\u00f3n del sacerdocio y el lavatorio de los pies. El hecho de que Juan sit\u00fae el lavatorio de pies donde los otros evangelistas sit\u00faan la \u00daltima Cena transmite su creencia de que la presencia real de Cristo se encuentra no s\u00f3lo en la Eucarist\u00eda, sino en el servicio. Jes\u00fas nos dio su\u00a0<em>mandatum<\/em>\u00a0o mandato: \"Deb\u00e9is lavaros los pies unos a otros. Os he dado ejemplo. Como yo he hecho, as\u00ed tambi\u00e9n deb\u00e9is hacer vosotros\" (Jn 13,14.15). Jes\u00fas se hace presente cuando los disc\u00edpulos dejan a un lado sus aspiraciones orgullosas, se humillan y se sirven unos a otros, hasta el punto de realizar con alegr\u00eda una tarea servil.<\/p><p><strong>S\u00edmbolos<\/strong>. Los s\u00edmbolos del lavatorio de los pies son una jofaina, un c\u00e1ntaro de agua y una toalla; los s\u00edmbolos de la Eucarist\u00eda son una hostia y un c\u00e1liz, trigo y uvas, una hogaza o cesta de pan y una jarra de vino, y cinco panes y dos peces; y los s\u00edmbolos del sacerdocio son una estola, un libro de los Evangelios, una hostia y un c\u00e1liz, y un incensario.<\/p><p><strong>Acciones de discipulado<\/strong>. Si su parroquia ofrece una Hora Santa ante el Sant\u00edsimo Sacramento despu\u00e9s de la Misa del Jueves Santo, considere la posibilidad de aprovechar la oportunidad. Haz una oraci\u00f3n para que tu sacerdote sea devoto de la Eucarist\u00eda y un humilde servidor. Est\u00e9 atento por si alguien necesita ayuda, y ay\u00fadele con gusto sin llamar la atenci\u00f3n.<\/p><p><strong>Viernes Santo<\/strong>. La celebraci\u00f3n de la Pasi\u00f3n del Se\u00f1or es una liturgia sombr\u00eda con tres partes principales: la proclamaci\u00f3n de la Pasi\u00f3n, la veneraci\u00f3n de la Cruz y la recepci\u00f3n de la Sagrada Comuni\u00f3n. Adem\u00e1s, hay un amplio conjunto de Intercesiones Generales con diez peticiones para algunas de las preocupaciones m\u00e1s importantes de la Iglesia y del mundo.<\/p><p><strong>S\u00edmbolos<\/strong>. El s\u00edmbolo del Viernes Santo es el crucifijo, una cruz con un\u00a0<em>corpus<\/em>\u00a0o cuerpo de Jes\u00fas crucificado. Tambi\u00e9n se suelen utilizar otras formas art\u00edsticas de la cruz. Para los s\u00edmbolos de la Pasi\u00f3n, v\u00e9ase m\u00e1s arriba el Domingo de Pasi\u00f3n.<\/p><p><strong>Acciones de discipulado<\/strong>. Merece la pena reservar un tiempo de silencio, sobre todo entre las 12.00 y las 15.00 horas. Aseg\u00farate de que al menos un crucifijo est\u00e9 bien visible en casa, porque la veneraci\u00f3n de la cruz no es s\u00f3lo para el Viernes Santo, sino para todos los d\u00edas. Es un d\u00eda ideal para ofrecer a Jes\u00fas una oraci\u00f3n de agradecimiento por todo lo que sufri\u00f3 en nuestro nombre, y para renovar nuestro compromiso de evitar los pecados que hemos cometido y que le llevaron a la cruz.<\/p><p><strong>Vigilia Pascual<\/strong>. Las semanas de ayuno y abnegaci\u00f3n se dirigen hacia el punto culminante del a\u00f1o eclesi\u00e1stico, la Vigilia Pascual, la fiesta de la resurrecci\u00f3n. Es la primera porque toda nuestra fe depende de ella. Como dijo Pablo: \"Si Cristo no resucit\u00f3, vana es vuestra fe\" (1 Co 15,17). Pero la columna de nuestra fe es que \"Cristo ha resucitado de entre los muertos, primicia de los que durmieron\" (1 Co 15,20), y en esta firme convicci\u00f3n la Iglesia se alegra con toda la energ\u00eda que puede reunir:  \u00a1Aleluya! La Vigilia Pascual comienza con el Servicio de la Luz, el encendido del Cirio Pascual y el canto del Preg\u00f3n Pascual, el Exsultet. Despu\u00e9s de una prolongada Liturgia de la Palabra, la Vigilia contin\u00faa con la Liturgia del Bautismo, durante la cual se cantan las Letan\u00edas de los Santos, se bendice el agua de la pila bautismal, se hacen las promesas bautismales, se bautiza a los candidatos y, para los adultos, se recibe la confirmaci\u00f3n. La Vigilia concluye con la Liturgia de la Eucarist\u00eda y la Primera Comuni\u00f3n para los reci\u00e9n iniciados.<\/p><p><strong>S\u00edmbolos<\/strong>. El s\u00edmbolo principal de la Vigilia es el cirio pascual, tambi\u00e9n conocido como cirio pascual o cirio de Cristo, as\u00ed como los s\u00edmbolos del bautismo: el agua, una concha marina, la pila bautismal, el aceite, la vestidura bautismal blanca, el cirio bautismal, una paloma y tres peces entrelazados que representan la f\u00f3rmula trinitaria.<\/p><p><strong>Domingo de Pascua<\/strong>. El Domingo de Resurrecci\u00f3n es la celebraci\u00f3n diurna de la Resurrecci\u00f3n del Se\u00f1or. La congregaci\u00f3n est\u00e1 jubilosa por Cristo resucitado y el triunfo de su sant\u00edsima Cruz. La iglesia est\u00e1 decorada festivamente. Los ornamentos son blancos y dorados. Se restablecen el Gloria a Dios y el Aleluya. El Credo se sustituye por la renovaci\u00f3n de las promesas bautismales, seguida de un rito de aspersi\u00f3n. La iglesia resuena con un sonido alegre:\u00a0\u00a0<em>\u00a1Jesucristo ha resucitado hoy! \u00a1Aleluya!<\/em><em>\u00a0<\/em><\/p><p><strong>S\u00edmbolos<\/strong>. Los s\u00edmbolos de Pascua incluyen la Cruz de Pascua, una cruz lisa sin\u00a0<em>corpus<\/em>\u00a0tres cruces vac\u00edas, lirios, la palma de la victoria, una tumba vac\u00eda, un sarc\u00f3fago vac\u00edo, un ata\u00fad vac\u00edo, un mont\u00f3n de envoltorios funerarios, la mano de Dios, el sol de la ma\u00f1ana, una mariposa, un huevo de Pascua roto, una trompeta, un f\u00e9nix, granadas, un pavo real y el cirio pascual.<\/p><p><strong>Acciones de discipulado<\/strong>. Las grandes noticias no se pueden contener: \u00a1comparte la Buena Nueva con alguien! Jes\u00fas predic\u00f3 el amor y muri\u00f3 por amor a nosotros. El Domingo de Pascua, esfu\u00e9rzate por amar a alguien con todas tus fuerzas, porque donde hay amor, all\u00ed est\u00e1 Cristo resucitado.<\/p><p><em>2011, Rev. Michael A. Van Sloun<\/em><br \/><em>Utilizado con autorizaci\u00f3n.<\/em><\/p><\/div>\t\t\t\t\t\t\t\t<\/div>\n\t\t\t\t\t<\/div>\n\t\t\t\t<\/div>\n\t\t\t\t<\/div>","protected":false},"excerpt":{"rendered":"<p>Subscribe to Together on the Journey from Archbishop Hebda! Receive a monthly video plus weekly updates from Archbishop Bernard Hebda. Sign up here! What is \u201cHoly Week\u201d and what should Christians do to properly recognize and participate in it? Holy Week stands at the head of our calendar, the holiest week of the entire liturgical [&hellip;]<\/p>\n","protected":false},"author":2,"featured_media":6955,"parent":0,"menu_order":0,"comment_status":"closed","ping_status":"closed","template":"","meta":{"footnotes":""},"class_list":["post-1364","page","type-page","status-publish","has-post-thumbnail","hentry"],"_links":{"self":[{"href":"https:\/\/www.archspm.org\/es\/wp-json\/wp\/v2\/pages\/1364","targetHints":{"allow":["GET"]}}],"collection":[{"href":"https:\/\/www.archspm.org\/es\/wp-json\/wp\/v2\/pages"}],"about":[{"href":"https:\/\/www.archspm.org\/es\/wp-json\/wp\/v2\/types\/page"}],"author":[{"embeddable":true,"href":"https:\/\/www.archspm.org\/es\/wp-json\/wp\/v2\/users\/2"}],"replies":[{"embeddable":true,"href":"https:\/\/www.archspm.org\/es\/wp-json\/wp\/v2\/comments?post=1364"}],"version-history":[{"count":0,"href":"https:\/\/www.archspm.org\/es\/wp-json\/wp\/v2\/pages\/1364\/revisions"}],"wp:featuredmedia":[{"embeddable":true,"href":"https:\/\/www.archspm.org\/es\/wp-json\/wp\/v2\/media\/6955"}],"wp:attachment":[{"href":"https:\/\/www.archspm.org\/es\/wp-json\/wp\/v2\/media?parent=1364"}],"curies":[{"name":"wp","href":"https:\/\/api.w.org\/{rel}","templated":true}]}}