{"id":1365,"date":"2020-05-12T17:57:31","date_gmt":"2020-05-12T21:57:31","guid":{"rendered":"https:\/\/www.archspm.org\/give-me-five-good-reasons-why-going-to-mass-every-sunday-is-absolutely-necessary\/"},"modified":"2020-05-12T17:57:31","modified_gmt":"2020-05-12T21:57:31","slug":"give-me-five-good-reasons-why-going-to-mass-every-sunday-is-absolutely-necessary","status":"publish","type":"page","link":"https:\/\/www.archspm.org\/es\/give-me-five-good-reasons-why-going-to-mass-every-sunday-is-absolutely-necessary\/","title":{"rendered":"Dame cinco buenas razones por las que ir a misa todos los domingos es absolutamente necesario."},"content":{"rendered":"<h1 class=\"entry-title\">Dame cinco buenas razones por las que ir a misa todos los domingos es absolutamente necesario.<\/h1>\n<div class=\"entry-content\">\n<p>La misa dominical cumple la ley de Dios. El tercer mandamiento dice: \u201cAcu\u00e9rdate de santificar el d\u00eda de reposo\u201d (\u00c9xodo 20, 8; v\u00e9ase tambi\u00e9n Deuteronomio 5, 12). El d\u00eda de reposo cristiano es el domingo, y los cat\u00f3licos santifican el d\u00eda de reposo cumpliendo con la obligaci\u00f3n de asistir a la misa (C\u00e1nones 1246-1248; Catecismo de la Iglesia Cat\u00f3lica, n.\u00ba 2174-2178). El mandamiento no es una sugerencia ni una petici\u00f3n; es una orden. La ley hace obligatorio lo que deber\u00edamos querer hacer por nuestra propia voluntad.<\/p>\n<p>El culto semanal sigue el ejemplo de Jes\u00fas. Jes\u00fas sol\u00eda ir a la sinagoga el d\u00eda de reposo (Lc 4, 16b). Su madre Mar\u00eda estaba \u2019llena de gracia\u201c (Lc 1,28) y su padrastro Jos\u00e9 era \u201dun hombre justo\u201c (Mt 1,19), y ambos \u201dcumpl\u00edan escrupulosamente todas las prescripciones de la ley\u201c (Lc 2,39), lo que significa que iban a la sinagoga cada s\u00e1bado. No solo observaban ellos mismos esta ley, sino que llevaban a su hijo con ellos, y cuando Jes\u00fas tuvo la edad suficiente, iba por su cuenta. Si Jes\u00fas iba a la sinagoga a observar el s\u00e1bado cada semana, nosotros deber\u00edamos ir a misa cada semana.<\/p>\n<p>El domingo es un d\u00eda de acci\u00f3n de gracias. La Eucarist\u00eda significa \u00abgracias\u00bb. Es justo y correcto dar gracias al Se\u00f1or nuestro Dios, y la misa es la mejor forma de expresar esa gratitud. Dios nos bendice generosamente con todo lo que tenemos: vida y salud, alimento y refugio, familia y amigos, intelecto y talentos, oportunidades y recursos, y fe. Estos dones son tan maravillosos que deber\u00edamos estar rebosantes de gratitud y ansiosos por dar gracias y alabanza. Lo ideal es dar gracias todos los d\u00edas. La acci\u00f3n de gracias semanal es lo m\u00ednimo. Si damos gracias solo de manera intermitente o rara vez, no honramos adecuadamente al Dador de los dones.<\/p>\n<p>La oraci\u00f3n comunitaria es esencial. Desde los inicios de la Iglesia, la comunidad \u201cse dedicaba\u2026 a la fracci\u00f3n del pan y a las oraciones\u201d (Hechos 2, 42). Los cristianos, por naturaleza, rezan juntos, y la misa es la forma por excelencia de la oraci\u00f3n comunitaria. Hay quienes afirman, lamentablemente: \u201cPuedo rezar por mi cuenta y no necesito ir a la iglesia\u201d. Por lo general, cuanto m\u00e1s descuida una persona su asistencia a la misa, m\u00e1s descuida tambi\u00e9n su oraci\u00f3n privada. Hay dos pilares para una vida de oraci\u00f3n equilibrada: la comunitaria y la privada, y dedicarse exclusivamente a una u otra es un desequilibrio. Cuanto m\u00e1s ora una persona en privado, m\u00e1s deber\u00eda desear adorar con la comunidad, y cuanto m\u00e1s adora con la comunidad, m\u00e1s deber\u00eda desear orar en privado.<\/p>\n<p>La Eucarist\u00eda semanal es un alimento espiritual sustancioso. La mayor\u00eda de las personas se preocupan por llevar una alimentaci\u00f3n saludable. Es importante comer adecuadamente todos los d\u00edas para evitar el hambre, la debilidad, la desnutrici\u00f3n y las enfermedades. Lo mismo ocurre con nuestra vida espiritual. Debemos preocuparnos por nuestro alimento espiritual si queremos evitar el vac\u00edo, la debilidad espiritual, la vulnerabilidad a la tentaci\u00f3n y las enfermedades causadas por el pecado. La Misa comienza con la Liturgia de la Palabra. Dios le dijo al profeta Ezequiel: \u201cCome lo que tienes delante; come este rollo\u201d (Ez 3, 1). Dios quer\u00eda que devorara su palabra, y Dios quiere que hagamos lo mismo. Pedro observ\u00f3 con acierto: \u201cMaestro, t\u00fa tienes palabras de vida eterna\u201d (Jn 6, 68). La segunda mitad de la Misa es la Liturgia de la Eucarist\u00eda. Jes\u00fas declar\u00f3: \u201cMi carne es verdadera comida, y mi sangre es verdadera bebida\u201d (Jn 6, 55). La desnutrici\u00f3n espiritual comienza cuando estamos sin la Palabra y el Sacramento por m\u00e1s de una semana.<\/p>\n<p><em>2011, Rev. Michael A. Van Sloun<\/em><br \/>\n<em>Utilizado con autorizaci\u00f3n.<\/em><\/p>\n<\/div>","protected":false},"excerpt":{"rendered":"<p>Give me five good reasons why going to Mass every Sunday is absolutely necessary. Sunday Mass fulfills God\u2019s law. The Third Commandment is, \u201cRemember to keep holy the Sabbath day\u201d (Ex 20:8; see also Dt 5:12). The Christian Sabbath is Sunday, and Catholic\u2019s keep the Sabbath holy by fulfilling the obligation to attend Mass (Canons [&hellip;]<\/p>\n","protected":false},"author":2,"featured_media":6955,"parent":0,"menu_order":0,"comment_status":"closed","ping_status":"closed","template":"","meta":{"footnotes":""},"class_list":["post-1365","page","type-page","status-publish","has-post-thumbnail","hentry"],"_links":{"self":[{"href":"https:\/\/www.archspm.org\/es\/wp-json\/wp\/v2\/pages\/1365","targetHints":{"allow":["GET"]}}],"collection":[{"href":"https:\/\/www.archspm.org\/es\/wp-json\/wp\/v2\/pages"}],"about":[{"href":"https:\/\/www.archspm.org\/es\/wp-json\/wp\/v2\/types\/page"}],"author":[{"embeddable":true,"href":"https:\/\/www.archspm.org\/es\/wp-json\/wp\/v2\/users\/2"}],"replies":[{"embeddable":true,"href":"https:\/\/www.archspm.org\/es\/wp-json\/wp\/v2\/comments?post=1365"}],"version-history":[{"count":0,"href":"https:\/\/www.archspm.org\/es\/wp-json\/wp\/v2\/pages\/1365\/revisions"}],"wp:featuredmedia":[{"embeddable":true,"href":"https:\/\/www.archspm.org\/es\/wp-json\/wp\/v2\/media\/6955"}],"wp:attachment":[{"href":"https:\/\/www.archspm.org\/es\/wp-json\/wp\/v2\/media?parent=1365"}],"curies":[{"name":"wp","href":"https:\/\/api.w.org\/{rel}","templated":true}]}}