{"id":1369,"date":"2020-05-12T18:23:58","date_gmt":"2020-05-12T22:23:58","guid":{"rendered":"https:\/\/www.archspm.org\/what-did-jesus-teach-about-forgiveness\/"},"modified":"2025-07-24T17:12:42","modified_gmt":"2025-07-24T21:12:42","slug":"what-did-jesus-teach-about-forgiveness","status":"publish","type":"page","link":"https:\/\/www.archspm.org\/es\/what-did-jesus-teach-about-forgiveness\/","title":{"rendered":"\u00bfQu\u00e9 ense\u00f1\u00f3 Jes\u00fas sobre el perd\u00f3n?"},"content":{"rendered":"<div data-elementor-type=\"wp-page\" data-elementor-id=\"1369\" class=\"elementor elementor-1369\" data-elementor-post-type=\"page\">\n\t\t\t\t<div class=\"elementor-element elementor-element-bc39559 e-flex e-con-boxed e-con e-parent\" data-id=\"bc39559\" data-element_type=\"container\" data-e-type=\"container\" data-settings=\"{&quot;background_background&quot;:&quot;classic&quot;,&quot;jet_parallax_layout_list&quot;:[]}\">\n\t\t\t\t\t<div class=\"e-con-inner\">\n\t\t<div class=\"elementor-element elementor-element-a5220da e-con-full e-flex e-con e-child\" data-id=\"a5220da\" data-element_type=\"container\" data-e-type=\"container\" data-settings=\"{&quot;jet_parallax_layout_list&quot;:[]}\">\n\t\t\t\t<div class=\"elementor-element elementor-element-f1ef39d elementor-widget elementor-widget-image\" data-id=\"f1ef39d\" data-element_type=\"widget\" data-e-type=\"widget\" data-widget_type=\"image.default\">\n\t\t\t\t\t\t\t\t\t\t\t\t\t\t\t<img decoding=\"async\" width=\"150\" height=\"150\" src=\"https:\/\/www.archspm.org\/wp-content\/uploads\/2025\/07\/Archbishop-Hebda_sm-e1752783360797-150x150.jpg\" class=\"attachment-thumbnail size-thumbnail wp-image-9864\" alt=\"\" srcset=\"https:\/\/www.archspm.org\/wp-content\/uploads\/2025\/07\/Archbishop-Hebda_sm-e1752783360797-150x150.jpg 150w, https:\/\/www.archspm.org\/wp-content\/uploads\/2025\/07\/Archbishop-Hebda_sm-e1752783360797-300x300.jpg 300w, https:\/\/www.archspm.org\/wp-content\/uploads\/2025\/07\/Archbishop-Hebda_sm-e1752783360797-768x768.jpg 768w, https:\/\/www.archspm.org\/wp-content\/uploads\/2025\/07\/Archbishop-Hebda_sm-e1752783360797-12x12.jpg 12w, https:\/\/www.archspm.org\/wp-content\/uploads\/2025\/07\/Archbishop-Hebda_sm-e1752783360797-400x400.jpg 400w, https:\/\/www.archspm.org\/wp-content\/uploads\/2025\/07\/Archbishop-Hebda_sm-e1752783360797-600x600.jpg 600w, https:\/\/www.archspm.org\/wp-content\/uploads\/2025\/07\/Archbishop-Hebda_sm-e1752783360797.jpg 858w\" sizes=\"(max-width: 150px) 100vw, 150px\" \/>\t\t\t\t\t\t\t\t\t\t\t\t\t\t\t<\/div>\n\t\t\t\t<\/div>\n\t\t<div class=\"elementor-element elementor-element-e121c56 e-con-full e-flex e-con e-child\" data-id=\"e121c56\" data-element_type=\"container\" data-e-type=\"container\" data-settings=\"{&quot;jet_parallax_layout_list&quot;:[]}\">\n\t\t\t\t<div class=\"elementor-element elementor-element-976c430 elementor-widget elementor-widget-text-editor\" data-id=\"976c430\" data-element_type=\"widget\" data-e-type=\"widget\" data-widget_type=\"text-editor.default\">\n\t\t\t\t\t\t\t\t\t<h2 style=\"text-align: left;\"><span style=\"color: #c39519;\"><strong><a style=\"color: #c39519;\" href=\"https:\/\/www.archspm.org\/es\/togetheronthejourney\/\">\u00a1Suscr\u00edbase a Juntos en el viaje del arzobispo Hebda!<\/a><\/strong><\/span><\/h2><p><span class=\"ui-provider en ccw bzq ccx ccy ccz cda cdb cdc cdd cde cdf cdg cdh cdi cdj cdk cdl cdm cdn cdo cdp cdq cdr cds cdt cdu cdv cdw cdx cdy cdz cea ceb cec\" dir=\"ltr\" style=\"color: #ffffff;\"> Reciba un v\u00eddeo mensual y actualizaciones semanales del arzobispo Bernard Hebda. <span style=\"text-decoration: underline;\"><strong><a class=\"fui-Link ___1eya986 f3rmtva f1ewtqcl fyind8e f1k6fduh f1w7gpdv fk6fouc fjoy568 figsok6 f1hu3pq6 f11qmguv f19f4twv f1tyq0we f1g0x7ka fhxju0i f1qch9an f1cnd47f fqv5qza f1vmzxwi f1o700av f13mvf36 f1cmlufx f9n3di6 f1ids18y f1tx3yz7 f1deo86v f1eh06m1 f1iescvh fhgqx19 f1olyrje f1p93eir f1nev41a f1h8hb77 f1x7u7e9 f10aw75t fsle3fq f17ae5zn\" style=\"color: #ffffff; text-decoration: underline;\" title=\"https:\/\/www.archspm.org\/togetheronthejourney\" href=\"https:\/\/www.archspm.org\/es\/togetheronthejourney\/\" target=\"_blank\" rel=\"noreferrer noopener\" aria-label=\"Enlace \u00a1Inscr\u00edbete aqu\u00ed!\">Inscr\u00edbete aqu\u00ed<\/a><\/strong><\/span><\/span><\/p>\t\t\t\t\t\t\t\t<\/div>\n\t\t\t\t<\/div>\n\t\t\t\t\t<\/div>\n\t\t\t\t<\/div>\n\t\t<div class=\"elementor-element elementor-element-48ecc3f3 e-flex e-con-boxed e-con e-parent\" data-id=\"48ecc3f3\" data-element_type=\"container\" data-e-type=\"container\" data-settings=\"{&quot;jet_parallax_layout_list&quot;:[]}\">\n\t\t\t\t\t<div class=\"e-con-inner\">\n\t\t\t\t<div class=\"elementor-element elementor-element-1ea96f05 elementor-widget elementor-widget-text-editor\" data-id=\"1ea96f05\" data-element_type=\"widget\" data-e-type=\"widget\" data-widget_type=\"text-editor.default\">\n\t\t\t\t\t\t\t\t\t<h1 class=\"entry-title\">\u00bfQu\u00e9 ense\u00f1\u00f3 Jes\u00fas sobre el perd\u00f3n?<\/h1><div class=\"entry-content\"><p>Para Jes\u00fas, el perd\u00f3n es de suma importancia. Es la otra cara de la moneda del amor. El amor ocupa el primer lugar, la cara superior, la cara. Jes\u00fas quiere que nos amemos unos a otros como \u00e9l nos ha amado, y explic\u00f3 que la forma en que la gente sabr\u00e1 que somos sus disc\u00edpulos es por el amor que nos tenemos unos a otros (Jn 15:12, 15; 13:35). Pero nuestro amor es imperfecto. Da\u00f1amos nuestra relaci\u00f3n con Dios y con el pr\u00f3jimo cuando pecamos, la moneda se voltea, cara. Permanecer en el pecado y el alejamiento es estar en picada. El perd\u00f3n es la forma de volver a poner la moneda en cara y regresar al amor.<\/p><p>Jes\u00fas hablaba a menudo del perd\u00f3n, perdonaba a quienes pecaban contra los dem\u00e1s, perdonaba a quienes pecaban contra \u00e9l y ped\u00eda a la Iglesia que continuara su ministerio sanador. Jes\u00fas ense\u00f1\u00f3: \u201cSi perdon\u00e1is a los hombres sus ofensas, tambi\u00e9n vuestro Padre celestial os perdonar\u00e1 a vosotros\u201d (Mt 6, 14). Pedro le pregunt\u00f3 a Jes\u00fas cu\u00e1ntas veces era necesario perdonar, y Jes\u00fas respondi\u00f3: \u201cSetenta y siete veces\u201d (Mt 18, 22), un n\u00famero que debe tomarse simb\u00f3licamente, no literalmente, por la forma infinita en que debemos perdonar.<\/p><p>A Jes\u00fas le gustaba usar par\u00e1bolas para ilustrar diversos aspectos del perd\u00f3n. Durante su conversaci\u00f3n con Pedro, Jes\u00fas cont\u00f3 la par\u00e1bola del siervo implacable (Mt 18, 23-35). El evangelio de Lucas contiene una serie de cinco par\u00e1bolas sobre el perd\u00f3n: la higuera est\u00e9ril (Lc 13, 6-9); la mujer encorvada (Lc 13, 10-13); la oveja perdida (Lc 15, 4-7); la moneda perdida (Lc 15, 8-10); y la mayor par\u00e1bola sobre el perd\u00f3n de todas, el hijo pr\u00f3digo (Lc 15, 11-32).<\/p><p>Jes\u00fas fue extremadamente bondadoso y misericordioso al perdonar a quienes pecaban contra los dem\u00e1s. Jes\u00fas le dijo al paral\u00edtico: \u201cHijo, tus pecados te son perdonados\u201d (Mc 2, 5); cuando una mujer pecadora ba\u00f1\u00f3 los pies de Jes\u00fas con sus l\u00e1grimas y los sec\u00f3 con su cabello, Jes\u00fas dijo: \u2019Tus pecados te son perdonados\u201c (Lc 7, 48); cuando le trajeron a una mujer sorprendida en adulterio, dijo: \u201dYo no te condeno\u201c (Jn 8, 11); y mientras Jes\u00fas estaba colgado en la cruz, le dijo al criminal arrepentido: \u201dHoy estar\u00e1s conmigo en el para\u00edso\u201c (Lc 23, 43).<\/p><p>A\u00fan m\u00e1s convincente es la forma en que Jes\u00fas perdon\u00f3 a quienes pecaron directamente contra \u00e9l. Para Jes\u00fas, el perd\u00f3n no era algo autom\u00e1tico, sino intencional, una elecci\u00f3n consciente. Despu\u00e9s de que los soldados romanos lo azotaran y lo clavaran en la cruz, Jes\u00fas or\u00f3: \u201cPadre, perd\u00f3nalos\u201d (Lc 23, 34). Despu\u00e9s de la resurrecci\u00f3n, Jes\u00fas ten\u00eda todo el derecho a estar furioso. Pedro lo hab\u00eda negado. Los dem\u00e1s lo hab\u00edan abandonado. Cuando entr\u00f3 en el Cen\u00e1culo, merec\u00edan una severa reprimenda, pero en cambio, con divina compasi\u00f3n, Jes\u00fas dijo no una, sino tres veces: \u201cLa paz est\u00e9 con ustedes\u201d (Jn 20, 19.21.26).<\/p><p>Jes\u00fas pidi\u00f3 a sus disc\u00edpulos que continuaran su ministerio de perd\u00f3n. Jes\u00fas le dijo a Pedro: \u201cTe dar\u00e9 las llaves del reino de los cielos. Todo lo que ates en la tierra quedar\u00e1 atado en el cielo, y todo lo que desates en la tierra quedar\u00e1 desatado en el cielo\u201d (Mt 16, 19); y despu\u00e9s de la resurrecci\u00f3n, Jes\u00fas sopl\u00f3 sobre los disc\u00edpulos y les dijo: \u201cRecibid el Esp\u00edritu Santo. A quienes perdon\u00e9is los pecados, les ser\u00e1n perdonados\u201d (Jn 20, 22-23).<\/p><p><em>\u00a9 2008, Rev. Michael A. Van Sloun<\/em><br \/><em>Utilizado con autorizaci\u00f3n.<\/em><\/p><\/div>\t\t\t\t\t\t\t\t<\/div>\n\t\t\t\t\t<\/div>\n\t\t\t\t<\/div>\n\t\t\t\t<\/div>","protected":false},"excerpt":{"rendered":"<p>Subscribe to Together on the Journey from Archbishop Hebda! Receive a monthly video plus weekly updates from Archbishop Bernard Hebda. Sign up here! What did Jesus teach about forgiveness? For Jesus, forgiveness is of paramount importance. It is the flip side of the love coin. Love ranks first, the top side, heads. Jesus wants us [&hellip;]<\/p>\n","protected":false},"author":2,"featured_media":6955,"parent":0,"menu_order":0,"comment_status":"closed","ping_status":"closed","template":"","meta":{"footnotes":""},"class_list":["post-1369","page","type-page","status-publish","has-post-thumbnail","hentry"],"_links":{"self":[{"href":"https:\/\/www.archspm.org\/es\/wp-json\/wp\/v2\/pages\/1369","targetHints":{"allow":["GET"]}}],"collection":[{"href":"https:\/\/www.archspm.org\/es\/wp-json\/wp\/v2\/pages"}],"about":[{"href":"https:\/\/www.archspm.org\/es\/wp-json\/wp\/v2\/types\/page"}],"author":[{"embeddable":true,"href":"https:\/\/www.archspm.org\/es\/wp-json\/wp\/v2\/users\/2"}],"replies":[{"embeddable":true,"href":"https:\/\/www.archspm.org\/es\/wp-json\/wp\/v2\/comments?post=1369"}],"version-history":[{"count":0,"href":"https:\/\/www.archspm.org\/es\/wp-json\/wp\/v2\/pages\/1369\/revisions"}],"wp:featuredmedia":[{"embeddable":true,"href":"https:\/\/www.archspm.org\/es\/wp-json\/wp\/v2\/media\/6955"}],"wp:attachment":[{"href":"https:\/\/www.archspm.org\/es\/wp-json\/wp\/v2\/media?parent=1369"}],"curies":[{"name":"wp","href":"https:\/\/api.w.org\/{rel}","templated":true}]}}