{"id":1372,"date":"2020-05-12T18:32:50","date_gmt":"2020-05-12T22:32:50","guid":{"rendered":"https:\/\/www.archspm.org\/why-is-the-church-missionary-what-does-mission-mean\/"},"modified":"2020-05-12T18:32:50","modified_gmt":"2020-05-12T22:32:50","slug":"why-is-the-church-missionary-what-does-mission-mean","status":"publish","type":"page","link":"https:\/\/www.archspm.org\/es\/why-is-the-church-missionary-what-does-mission-mean\/","title":{"rendered":"\u00bfPor qu\u00e9 la Iglesia es misionera? \u00bfQu\u00e9 significa \"misi\u00f3n\"?"},"content":{"rendered":"<h1 class=\"entry-title\">\u00bfPor qu\u00e9 la Iglesia es misionera? \u00bfQu\u00e9 significa \"misi\u00f3n\"?<\/h1>\n<div class=\"entry-content\">\n<p>La Iglesia es misionera porque ese fue el camino de Cristo. En la Biblia se nos dice que \u201cDios am\u00f3 tanto al mundo que envi\u00f3 a su Hijo \u00fanico\u201d (Juan 3:16). Jes\u00fas fue enviado al mundo para revelar el amor de Dios. A su vez, Jes\u00fas dijo a sus ap\u00f3stoles: \u201cComo el Padre me envi\u00f3, as\u00ed os env\u00edo yo\u201d (Juan 20:21).  \u201cSer\u00e9is mis testigos en Jerusal\u00e9n, en toda Judea y Samaria, y hasta los confines de la tierra\u201d (Hechos 1:8). La misi\u00f3n de Jes\u00fas de proclamar el Reino de Dios a todos los pueblos ha sido transmitida a la Iglesia y a los creyentes individuales, guiados por el Esp\u00edritu Santo.<\/p>\n<p>El sacramento del Bautismo inicia a los creyentes en la vida y misi\u00f3n de Cristo. Todos los miembros de la Iglesia est\u00e1n llamados a compartir sus dones en la fe para edificar el Cuerpo de Cristo y dar a conocer y amar el nombre de Jes\u00fas en nuestro tiempo. La Iglesia contin\u00faa la misi\u00f3n de Jes\u00fas de \u2019llevar la buena nueva a los pobres, la libertad a los cautivos, la recuperaci\u00f3n de la vista a los ciegos, la libertad a los oprimidos y proclamar un a\u00f1o aceptable para el Se\u00f1or\u201c (Lucas 4:18-19).<\/p>\n<p>La Iglesia lleva a cabo su misi\u00f3n en cuatro \u00e1mbitos:<\/p>\n<ul>\n<li>En primer lugar, est\u00e1 la Misi\u00f3n Pastoral, que es la labor continua de fortalecer a los miembros de la Iglesia.<\/li>\n<li>En segundo lugar, est\u00e1 la Misi\u00f3n hasta los confines de la tierra, donde se comparte el Evangelio de Jes\u00fas. Esto puede significar viajar a zonas remotas y conflictivas para llevar el Evangelio.<\/li>\n<li>En tercer lugar, est\u00e1 el campo misionero de transformar el mundo, lo que significa contribuir a la llegada del reino de Dios en nuestro tiempo.<\/li>\n<li>Por \u00faltimo, est\u00e1 la misi\u00f3n de la nueva evangelizaci\u00f3n. Se trata del intento de llegar a aquellos que pueden haberse alejado de la Iglesia o haberse separado de ella por diversas razones.<\/li>\n<\/ul>\n<p>El bautismo llama a toda la Iglesia a la misi\u00f3n de Cristo y hay muchas formas y oportunidades para que los creyentes participen en la misi\u00f3n seg\u00fan los dones individuales. Los creyentes pueden discernir esos dones e intereses a trav\u00e9s del estudio, la experiencia y la oraci\u00f3n, y estando abiertos al Esp\u00edritu Santo. A algunos se les da una vocaci\u00f3n especial para dejar su hogar y viajar a una tierra nueva y extranjera para llevar a Cristo. Otros se embarcan en viajes m\u00e1s cortos y llevan sus experiencias a su vida cotidiana. El misionero es aquel que cruza muchas fronteras para llevar la Palabra del Se\u00f1or a aquellos que a\u00fan esperan escucharla y a aquellos que necesitan \u00e1nimo para seguir creciendo en su fe.<\/p>\n<p><em>\u00a92013<\/em><\/p>\n<p><em>Art\u00edculo del di\u00e1cono Mickey Friesen, director, y Eric Simon, gerente de promoci\u00f3n misionera, Centro para la Misi\u00f3n, Arquidi\u00f3cesis de Saint Paul y Minneapolis.<\/em><\/p>\n<\/div>","protected":false},"excerpt":{"rendered":"<p>Why is the Church missionary? What does \u2018mission\u2019 mean? The Church is missionary because that was the way of Christ. We are told in the Bible that \u201cGod so loved the world that he sent his only Son\u201d (John 3:16). Jesus was sent into the world to reveal God\u2019s love. In turn, Jesus said to [&hellip;]<\/p>\n","protected":false},"author":2,"featured_media":6955,"parent":0,"menu_order":0,"comment_status":"closed","ping_status":"closed","template":"","meta":{"footnotes":""},"class_list":["post-1372","page","type-page","status-publish","has-post-thumbnail","hentry"],"_links":{"self":[{"href":"https:\/\/www.archspm.org\/es\/wp-json\/wp\/v2\/pages\/1372","targetHints":{"allow":["GET"]}}],"collection":[{"href":"https:\/\/www.archspm.org\/es\/wp-json\/wp\/v2\/pages"}],"about":[{"href":"https:\/\/www.archspm.org\/es\/wp-json\/wp\/v2\/types\/page"}],"author":[{"embeddable":true,"href":"https:\/\/www.archspm.org\/es\/wp-json\/wp\/v2\/users\/2"}],"replies":[{"embeddable":true,"href":"https:\/\/www.archspm.org\/es\/wp-json\/wp\/v2\/comments?post=1372"}],"version-history":[{"count":0,"href":"https:\/\/www.archspm.org\/es\/wp-json\/wp\/v2\/pages\/1372\/revisions"}],"wp:featuredmedia":[{"embeddable":true,"href":"https:\/\/www.archspm.org\/es\/wp-json\/wp\/v2\/media\/6955"}],"wp:attachment":[{"href":"https:\/\/www.archspm.org\/es\/wp-json\/wp\/v2\/media?parent=1372"}],"curies":[{"name":"wp","href":"https:\/\/api.w.org\/{rel}","templated":true}]}}