{"id":1373,"date":"2020-05-12T18:35:54","date_gmt":"2020-05-12T22:35:54","guid":{"rendered":"https:\/\/www.archspm.org\/what-is-the-role-of-faith-in-prayer\/"},"modified":"2020-05-12T18:35:54","modified_gmt":"2020-05-12T22:35:54","slug":"what-is-the-role-of-faith-in-prayer","status":"publish","type":"page","link":"https:\/\/www.archspm.org\/es\/what-is-the-role-of-faith-in-prayer\/","title":{"rendered":"\u00bfCu\u00e1l es el papel de la fe en la oraci\u00f3n?"},"content":{"rendered":"<h1 class=\"entry-title\">\u00bfCu\u00e1l es el papel de la fe en la oraci\u00f3n?<\/h1>\n<div class=\"entry-content\">\n<p>Abraham, Isaac y Jacob fueron testigos del papel que desempe\u00f1a la fe en la oraci\u00f3n. Primero vino el llamado de Dios. Estos patriarcas respondieron con fe, pero no sin dificultad. Lo esencial en su oraci\u00f3n era la confianza en la fidelidad de Dios a sus promesas. Siglos m\u00e1s tarde, Dios llam\u00f3 a Mois\u00e9s para que fuera su instrumento en la salvaci\u00f3n de Israel de la esclavitud. Mois\u00e9s dramatiz\u00f3 el valor de la oraci\u00f3n de intercesi\u00f3n al suplicar en\u00e9rgicamente a Dios misericordia y gu\u00eda para el pueblo que emprend\u00eda su viaje hacia la Tierra Prometida.<\/p>\n<p>Despu\u00e9s de que el pueblo se estableciera en la Tierra Prometida, hubo muchos testimonios poderosos de la importancia de la fe en la oraci\u00f3n. Un ejemplo es la santa mujer Ana, que anhelaba tener un hijo. A\u00f1o tras a\u00f1o, peregrinaba al santuario de Silo, donde oraba al Se\u00f1or y le hac\u00eda la promesa de que, si le daba un hijo, lo dedicar\u00eda a Dios. El Se\u00f1or respondi\u00f3 a su oraci\u00f3n, y ella concibi\u00f3 y dio a luz un hijo, al que llam\u00f3 Samuel. \u00c9l creci\u00f3 y se convirti\u00f3 en profeta y juez, un l\u00edder religioso del pueblo de Dios. Su canto de alegr\u00eda por la consagraci\u00f3n de su hijo a Dios es un c\u00e1ntico de alabanza.<\/p>\n<blockquote><p>Mi coraz\u00f3n se regocija en el Se\u00f1or...<br \/>\nEl Se\u00f1or empobrece y enriquece,<br \/>\n\u00c9l humilla, pero tambi\u00e9n exalta.<br \/>\n\u00c9l levanta del polvo a los necesitados;<br \/>\nDe entre las cenizas levanta al pobre...<br \/>\nPorque los pilares de la tierra son del Se\u00f1or. (1 Sm 2, 1. 7-8)<\/p><\/blockquote>\n<p>Puede leer m\u00e1s en\u00a0<em>Catecismo Cat\u00f3lico de los Estados Unidos para Adultos<\/em>pida su propio ejemplar o lea preguntas sobre \u00e9l en el\u00a0<a href=\"http:\/\/www.usccb.org\/\" target=\"_blank\" rel=\"noopener\">Sitio web de la Conferencia Episcopal de Estados Unidos<\/a>.<\/p>\n<p><em>Derechos de autor \u00a9 2006,\u00a0<a href=\"http:\/\/www.usccb.org\/\" target=\"_blank\" rel=\"noopener noreferrer\">Conferencia Episcopal de Estados Unidos<\/a>, Washington, D.C. Todos los derechos reservados. Ninguna parte de esta obra puede ser reproducida o transmitida en ninguna forma ni por ning\u00fan medio, electr\u00f3nico o mec\u00e1nico, incluyendo fotocopias, grabaciones o cualquier sistema de almacenamiento y recuperaci\u00f3n de informaci\u00f3n, sin el permiso por escrito del titular de los derechos de autor.<\/em><\/p>\n<\/div>","protected":false},"excerpt":{"rendered":"<p>What is the role of faith in prayer? Abraham, Isaac, and Jacob witnessed the role of faith in prayer. God\u2019s call came first. These patriarchs responded in faith, but not without a struggle. Essential to their prayer was trust in God\u2019s fidelity to his promises. Centuries later, God called Moses to be his instrument for [&hellip;]<\/p>\n","protected":false},"author":2,"featured_media":6955,"parent":0,"menu_order":0,"comment_status":"closed","ping_status":"closed","template":"","meta":{"footnotes":""},"class_list":["post-1373","page","type-page","status-publish","has-post-thumbnail","hentry"],"_links":{"self":[{"href":"https:\/\/www.archspm.org\/es\/wp-json\/wp\/v2\/pages\/1373","targetHints":{"allow":["GET"]}}],"collection":[{"href":"https:\/\/www.archspm.org\/es\/wp-json\/wp\/v2\/pages"}],"about":[{"href":"https:\/\/www.archspm.org\/es\/wp-json\/wp\/v2\/types\/page"}],"author":[{"embeddable":true,"href":"https:\/\/www.archspm.org\/es\/wp-json\/wp\/v2\/users\/2"}],"replies":[{"embeddable":true,"href":"https:\/\/www.archspm.org\/es\/wp-json\/wp\/v2\/comments?post=1373"}],"version-history":[{"count":0,"href":"https:\/\/www.archspm.org\/es\/wp-json\/wp\/v2\/pages\/1373\/revisions"}],"wp:featuredmedia":[{"embeddable":true,"href":"https:\/\/www.archspm.org\/es\/wp-json\/wp\/v2\/media\/6955"}],"wp:attachment":[{"href":"https:\/\/www.archspm.org\/es\/wp-json\/wp\/v2\/media?parent=1373"}],"curies":[{"name":"wp","href":"https:\/\/api.w.org\/{rel}","templated":true}]}}