{"id":1374,"date":"2020-05-12T22:50:35","date_gmt":"2020-05-13T02:50:35","guid":{"rendered":"https:\/\/www.archspm.org\/what-are-the-beatitudes-how-did-jesus-use-them-to-teach\/"},"modified":"2024-12-19T22:24:20","modified_gmt":"2024-12-20T03:24:20","slug":"what-are-the-beatitudes-how-did-jesus-use-them-to-teach","status":"publish","type":"page","link":"https:\/\/www.archspm.org\/es\/what-are-the-beatitudes-how-did-jesus-use-them-to-teach\/","title":{"rendered":"\u00bfQu\u00e9 son las \u201cBienaventuranzas\u201d? \u00bfC\u00f3mo las utiliz\u00f3 Jes\u00fas para ense\u00f1ar?"},"content":{"rendered":"<h1 class=\"entry-title\">\u00bfQu\u00e9 son las \u201cBienaventuranzas\u201d? \u00bfC\u00f3mo las utiliz\u00f3 Jes\u00fas para ense\u00f1ar?<\/h1>\n<div class=\"entry-content\">\n<p>A Jes\u00fas se le llamaba a menudo \u00abmaestro\u00bb (en hebreo,\u00a0<em>Rabino<\/em>). Jes\u00fas habl\u00f3 de Dios como su Padre y el Padre de todos los seres humanos. Habl\u00f3 de la misericordia de su Padre y del perd\u00f3n de los pecados. Habl\u00f3 del Reino que su Padre estaba estableciendo, un Reino en el que la justicia y el amor vencen a la injusticia y al odio. Habl\u00f3 de s\u00ed mismo como el Siervo de Dios, enviado por el Padre para lograr la conversi\u00f3n, incluso mediante el sacrificio de su propia vida.<\/p>\n<p>Jes\u00fas tambi\u00e9n ense\u00f1\u00f3 a sus disc\u00edpulos c\u00f3mo deb\u00edan vivir para alcanzar la plenitud de vida y la felicidad que es la voluntad de Dios para todas las personas. Lo hizo a trav\u00e9s de su propio estilo de vida y de sus palabras. Su ense\u00f1anza se inspiraba en la tradici\u00f3n del antiguo Israel, pero \u00e9l tambi\u00e9n la profundiz\u00f3 y la perfeccion\u00f3. Un buen ejemplo de ello es su di\u00e1logo con un joven, narrado en el Evangelio de San Mateo.<\/p>\n<blockquote><p>Entonces se le acerc\u00f3 alguien y le dijo: \u201cMaestro, \u00bfqu\u00e9 bien debo hacer para obtener la vida eterna?\u201d. \u00c9l le respondi\u00f3: \u201c\u00bfPor qu\u00e9 me preguntas acerca del bien? Solo hay Uno que es bueno. Si quieres entrar en la vida, guarda los mandamientos\u201d. \u00c9l le pregunt\u00f3: \u201c\u00bfCu\u00e1les?\u201d. Y Jes\u00fas respondi\u00f3: \u201cNo matar\u00e1s; no cometer\u00e1s adulterio; no robar\u00e1s; no dar\u00e1s falso testimonio; honra a tu padre y a tu madre\u2018; y \u2019amar\u00e1s a tu pr\u00f3jimo como a ti mismo\u2018. El joven le dijo: \u2019Todo eso lo he cumplido. \u00bfQu\u00e9 me falta a\u00fan?\u201d Jes\u00fas le dijo: \u201cSi quieres ser perfecto, anda, vende lo que tienes y d\u00e1selo a los pobres, y tendr\u00e1s un tesoro en el cielo. Luego ven y s\u00edgueme\u201d. Al o\u00edr esto, el joven se fue triste, porque ten\u00eda muchos bienes. (Mt 19:16-22)<\/p><\/blockquote>\n<p>En este di\u00e1logo, Jes\u00fas reitera la importancia fundamental de los Diez Mandamientos para una vida moral. Adem\u00e1s, va m\u00e1s all\u00e1 de ellos y exhorta a un desapego radical de los bienes materiales y a su distribuci\u00f3n entre los pobres. El propio Jes\u00fas vivi\u00f3 como un hombre pobre. Alcanzar la plenitud de la vida y la felicidad requiere actitudes y virtudes fundamentales, como la que Jes\u00fas recomienda al joven y otras que ense\u00f1a a lo largo de su ministerio p\u00fablico como base para el cumplimiento de los Mandamientos.<\/p>\n<p>Estas actitudes y virtudes fueron proclamadas por Jes\u00fas en su Serm\u00f3n de la Monta\u00f1a.<\/p>\n<blockquote><p>Bienaventurados los pobres de esp\u00edritu,<\/p>\n<p>porque de ellos es el reino de los cielos.<\/p>\n<p>Bienaventurados los que lloran,<br \/>\npues ser\u00e1n consolados.<\/p>\n<p>Bienaventurados los mansos,<br \/>\npues ellos heredar\u00e1n la tierra.<\/p>\n<p>Bienaventurados los que tienen hambre y sed de justicia,<br \/>\npues ellos ser\u00e1n saciados.<\/p>\n<p>Bienaventurados los misericordiosos,<br \/>\npues se les mostrar\u00e1 misericordia.<\/p>\n<p>Bienaventurados los de coraz\u00f3n puro, ,<br \/>\npues ver\u00e1n a Dios.<\/p>\n<p>Bienaventurados los pacificadores,<br \/>\npues ser\u00e1n llamados hijos de Dios.<\/p>\n<p>Bienaventurados los que son perseguidos por causa de la justicia,<br \/>\nporque de ellos es el reino de los cielos.<\/p>\n<p>Bienaventurados ser\u00e9is cuando os insulten, os persigan y digan toda clase de mal contra vosotros por mi causa. Alegraos y regocijaos, porque vuestra recompensa ser\u00e1 grande en los cielos. (Mt 5, 3-12)<\/p><\/blockquote>\n<p>Se llaman \u00abBienaventuranzas\u00bb. La palabra\u00a0<em>Bienaventuranza<\/em>\u00a0se refiere a un estado de profunda felicidad o alegr\u00eda. Jes\u00fas ense\u00f1a estas Bienaventuranzas como los cimientos de una vida de aut\u00e9ntico discipulado cristiano y del logro de la felicidad suprema. Ellas dan sentido a la Ley de los Diez Mandamientos y llevan a la perfecci\u00f3n la vida moral. Ese sentido es, en \u00faltima instancia, el sentido del amor. En respuesta a una pregunta del l\u00edder del pueblo, Jes\u00fas ense\u00f1\u00f3 que el amor es el n\u00facleo de toda ley.<\/p>\n<p>Puede leer m\u00e1s en\u00a0<em>Catecismo Cat\u00f3lico de los Estados Unidos para Adultos<\/em>pida su propio ejemplar o lea preguntas sobre \u00e9l en el\u00a0<a href=\"http:\/\/usccb.org\/\" target=\"_blank\" rel=\"noopener noreferrer\">Sitio web de la Conferencia Episcopal de Estados Unidos<\/a>.<\/p>\n<p><em>Copyright \u00a9 2006, United States Conference of Catholic Bishops, Washington, D.C. Todos los derechos reservados. Ninguna parte de esta obra puede ser reproducida o transmitida de ninguna forma o por ning\u00fan medio, electr\u00f3nico o mec\u00e1nico, incluyendo fotocopia, grabaci\u00f3n o por cualquier sistema de almacenamiento y recuperaci\u00f3n de informaci\u00f3n, sin el permiso por escrito del titular de los derechos de autor.<\/em><\/p>\n<\/div>","protected":false},"excerpt":{"rendered":"<p>What are the \u201cBeatitudes\u201d? How did Jesus use them to teach? Jesus was frequently called a teacher (in Hebrew,\u00a0Rabbi). Jesus taught about God as his Father and the Father of all human beings. He taught about his Father\u2019s mercy and forgiveness of sin. He taught about the Kingdom that his Father was establishing, a Kingdom [&hellip;]<\/p>\n","protected":false},"author":2,"featured_media":6955,"parent":0,"menu_order":0,"comment_status":"closed","ping_status":"closed","template":"","meta":{"footnotes":""},"class_list":["post-1374","page","type-page","status-publish","has-post-thumbnail","hentry"],"_links":{"self":[{"href":"https:\/\/www.archspm.org\/es\/wp-json\/wp\/v2\/pages\/1374","targetHints":{"allow":["GET"]}}],"collection":[{"href":"https:\/\/www.archspm.org\/es\/wp-json\/wp\/v2\/pages"}],"about":[{"href":"https:\/\/www.archspm.org\/es\/wp-json\/wp\/v2\/types\/page"}],"author":[{"embeddable":true,"href":"https:\/\/www.archspm.org\/es\/wp-json\/wp\/v2\/users\/2"}],"replies":[{"embeddable":true,"href":"https:\/\/www.archspm.org\/es\/wp-json\/wp\/v2\/comments?post=1374"}],"version-history":[{"count":0,"href":"https:\/\/www.archspm.org\/es\/wp-json\/wp\/v2\/pages\/1374\/revisions"}],"wp:featuredmedia":[{"embeddable":true,"href":"https:\/\/www.archspm.org\/es\/wp-json\/wp\/v2\/media\/6955"}],"wp:attachment":[{"href":"https:\/\/www.archspm.org\/es\/wp-json\/wp\/v2\/media?parent=1374"}],"curies":[{"name":"wp","href":"https:\/\/api.w.org\/{rel}","templated":true}]}}