{"id":1375,"date":"2020-05-13T17:32:04","date_gmt":"2020-05-13T21:32:04","guid":{"rendered":"https:\/\/www.archspm.org\/what-are-the-effects-of-anointing-of-the-sick-is-it-just-for-physical-healing-or-those-near-death\/"},"modified":"2020-05-13T17:32:04","modified_gmt":"2020-05-13T21:32:04","slug":"what-are-the-effects-of-anointing-of-the-sick-is-it-just-for-physical-healing-or-those-near-death","status":"publish","type":"page","link":"https:\/\/www.archspm.org\/es\/what-are-the-effects-of-anointing-of-the-sick-is-it-just-for-physical-healing-or-those-near-death\/","title":{"rendered":"\u00bfCu\u00e1les son los efectos de la Unci\u00f3n de los Enfermos? \u00bfEs solo para la sanaci\u00f3n f\u00edsica o para aquellos que est\u00e1n cerca de la muerte?"},"content":{"rendered":"<h1 class=\"entry-title\">\u00bfCu\u00e1les son los efectos de la Unci\u00f3n de los Enfermos? \u00bfEs solo para la sanaci\u00f3n f\u00edsica o para aquellos que est\u00e1n cerca de la muerte?<\/h1>\n<div class=\"entry-content\">\n<p>Cuando se administra el sacramento de la Unci\u00f3n de los Enfermos, el efecto esperado es que, si es la voluntad de Dios, la persona se cure f\u00edsicamente de su enfermedad. Pero incluso si no hay curaci\u00f3n f\u00edsica, el efecto principal del sacramento es una curaci\u00f3n espiritual por la cual la persona enferma recibe el don del Esp\u00edritu Santo de paz y valor para afrontar las dificultades que acompa\u00f1an a una enfermedad grave o a la fragilidad de la vejez. El Esp\u00edritu Santo renueva nuestra fe en Dios y nos ayuda a resistir las tentaciones del Maligno de desanimarnos y desesperarnos ante el sufrimiento y la muerte. Adem\u00e1s, los pecados de una persona enferma son perdonados si no ha podido confesarse antes de la celebraci\u00f3n del sacramento de la Unci\u00f3n de los Enfermos.<\/p>\n<p>Otro efecto de este Sacramento es la uni\u00f3n con la Pasi\u00f3n de Cristo. Al unirnos m\u00e1s estrechamente a los sufrimientos de Nuestro Se\u00f1or, recibimos la gracia de participar en la obra salvadora de Cristo. De este modo, nuestro sufrimiento, unido a la Cruz de Cristo, contribuye a la edificaci\u00f3n del Pueblo de Dios.<\/p>\n<p>Este sacramento tambi\u00e9n nos prepara para nuestro \u00faltimo viaje cuando partimos de esta vida. La Unci\u00f3n de los Enfermos completa nuestra identificaci\u00f3n con Jesucristo que comenz\u00f3 en nuestro Bautismo. Su gracia y poder nos fortalecen en nuestras \u00faltimas luchas antes de ir a la casa del Padre.<\/p>\n<p>Puede leer m\u00e1s en\u00a0<em>Catecismo Cat\u00f3lico de los Estados Unidos para Adultos<\/em>pida su propio ejemplar o lea preguntas sobre \u00e9l en el\u00a0<a href=\"http:\/\/usccb.org\/\" target=\"_blank\" rel=\"noopener noreferrer\">Sitio web de la Conferencia Episcopal de Estados Unidos<\/a>.<\/p>\n<p><em>Copyright \u00a9 2006, United States Conference of Catholic Bishops, Washington, D.C. Todos los derechos reservados. Ninguna parte de esta obra puede ser reproducida o transmitida de ninguna forma o por ning\u00fan medio, electr\u00f3nico o mec\u00e1nico, incluyendo fotocopia, grabaci\u00f3n o por cualquier sistema de almacenamiento y recuperaci\u00f3n de informaci\u00f3n, sin el permiso por escrito del titular de los derechos de autor.<\/em><\/p>\n<\/div>","protected":false},"excerpt":{"rendered":"<p>What are the effects of Anointing of the Sick? Is it just for physical healing or those near death? When the Sacrament of Anointing of the Sick is given, the hoped-for effect is that, if it be God\u2019s will, the person be physically healed of illness. But even if there is no physical healing, the [&hellip;]<\/p>\n","protected":false},"author":2,"featured_media":6955,"parent":0,"menu_order":0,"comment_status":"closed","ping_status":"closed","template":"","meta":{"footnotes":""},"class_list":["post-1375","page","type-page","status-publish","has-post-thumbnail","hentry"],"_links":{"self":[{"href":"https:\/\/www.archspm.org\/es\/wp-json\/wp\/v2\/pages\/1375","targetHints":{"allow":["GET"]}}],"collection":[{"href":"https:\/\/www.archspm.org\/es\/wp-json\/wp\/v2\/pages"}],"about":[{"href":"https:\/\/www.archspm.org\/es\/wp-json\/wp\/v2\/types\/page"}],"author":[{"embeddable":true,"href":"https:\/\/www.archspm.org\/es\/wp-json\/wp\/v2\/users\/2"}],"replies":[{"embeddable":true,"href":"https:\/\/www.archspm.org\/es\/wp-json\/wp\/v2\/comments?post=1375"}],"version-history":[{"count":0,"href":"https:\/\/www.archspm.org\/es\/wp-json\/wp\/v2\/pages\/1375\/revisions"}],"wp:featuredmedia":[{"embeddable":true,"href":"https:\/\/www.archspm.org\/es\/wp-json\/wp\/v2\/media\/6955"}],"wp:attachment":[{"href":"https:\/\/www.archspm.org\/es\/wp-json\/wp\/v2\/media?parent=1375"}],"curies":[{"name":"wp","href":"https:\/\/api.w.org\/{rel}","templated":true}]}}