{"id":1376,"date":"2020-05-13T17:42:31","date_gmt":"2020-05-13T21:42:31","guid":{"rendered":"https:\/\/www.archspm.org\/why-do-we-call-mary-our-mother\/"},"modified":"2020-05-13T17:42:31","modified_gmt":"2020-05-13T21:42:31","slug":"why-do-we-call-mary-our-mother","status":"publish","type":"page","link":"https:\/\/www.archspm.org\/es\/why-do-we-call-mary-our-mother\/","title":{"rendered":"\u00bfPor qu\u00e9 llamamos a Mar\u00eda nuestra madre?"},"content":{"rendered":"<h1 class=\"entry-title\">\u00bfPor qu\u00e9 llamamos a Mar\u00eda nuestra madre?<\/h1>\n<div class=\"entry-content\">\n<p>Al inicio de la tercera sesi\u00f3n del Concilio Vaticano II, el papa Pablo VI anunci\u00f3 que Mar\u00eda ser\u00eda honrada con el t\u00edtulo de \u201cMadre de la Iglesia\u201d.\u201d<\/p>\n<p>Desde la concepci\u00f3n de Cristo hasta su muerte, Mar\u00eda estuvo unida a su Hijo en su obra de salvaci\u00f3n. Desde la cruz, Jes\u00fas confi\u00f3 a Mar\u00eda a su disc\u00edpulo amado, dici\u00e9ndole que la considerara como su propia madre (Jn 19, 27). Cuando los ap\u00f3stoles y disc\u00edpulos se reunieron para orar despu\u00e9s de la Ascensi\u00f3n de Jes\u00fas, Mar\u00eda estaba con ellos orando por la venida del Esp\u00edritu Santo. Mar\u00eda sigue orando ante Dios por la Iglesia y toda la humanidad.<\/p>\n<p>Al igual que Mar\u00eda, la Iglesia tiene un papel maternal, dando a luz a las personas en Cristo. La Iglesia nunca puede dejar de mirar a Mar\u00eda, que dio a luz a Jesucristo. La Iglesia contempla la maternidad de Mar\u00eda para cumplir su propia vocaci\u00f3n de ser madre de los miembros del Cuerpo M\u00edstico de Cristo, la Iglesia. Tambi\u00e9n como Mar\u00eda, la Iglesia es virginal. La descripci\u00f3n de la Iglesia como virginal se utiliza aqu\u00ed en el sentido espiritual de coraz\u00f3n indiviso y de fidelidad en su forma m\u00e1s luminosa. Dios llama a todos los miembros de la Iglesia a la fidelidad a la uni\u00f3n con \u00e9l, iniciada en el Bautismo y continuada en los dem\u00e1s sacramentos.<\/p>\n<p>En nuestra cultura, puede resultar inc\u00f3modo rezar pidiendo la intercesi\u00f3n de Mar\u00eda en nuestro nombre. Esto parece ser un papel mediador que traspasa una l\u00ednea establecida en la Primera Carta a Timoteo: \u201cPorque hay un solo Dios. \/ Tambi\u00e9n hay un solo mediador entre Dios y los hombres, \/ Jesucristo, \u00e9l mismo hombre, \/ que se entreg\u00f3 a s\u00ed mismo como rescate por todos\u201d (1 Tm 2, 5). As\u00ed pues, Jesucristo es el \u00fanico mediador. Solo Jes\u00fas es el Salvador.<\/p>\n<p>Pero esto no niega la posibilidad de que Cristo permita que otros compartan su papel mediador. Aqu\u00ed en la tierra, habitualmente pedimos a otros que recen por nosotros. Instintivamente, recurrimos a las personas santas para que recen por nosotros porque parecen estar m\u00e1s cerca de Dios. \u00bfPor qu\u00e9 dejar\u00edamos de pedir a los santos que recen por nosotros despu\u00e9s de su muerte? Si creemos que est\u00e1n en el cielo, \u00bfno ser\u00edan sus oraciones a\u00fan m\u00e1s eficaces?<\/p>\n<p>Desde los primeros tiempos, los cristianos han buscado las oraciones y la ayuda de Mar\u00eda. La Iglesia siempre ha tenido la convicci\u00f3n fundamental de que Mar\u00eda sigue preocup\u00e1ndose desde el cielo por el crecimiento de todos los miembros de la Iglesia en la santidad y en una relaci\u00f3n \u00edntima con su Hijo.<\/p>\n<p>Puede leer m\u00e1s sobre el Catecismo Cat\u00f3lico para Adultos de los Estados Unidos, solicitar su propio ejemplar o leer preguntas al respecto en el\u00a0<a href=\"http:\/\/usccb.org\/\" target=\"_blank\" rel=\"noopener noreferrer\">Sitio web de la Conferencia Episcopal de Estados Unidos<\/a>.<\/p>\n<p><em>Copyright \u00a9 2006, United States Conference of Catholic Bishops, Washington, D.C. Todos los derechos reservados. Ninguna parte de esta obra puede ser reproducida o transmitida de ninguna forma o por ning\u00fan medio, electr\u00f3nico o mec\u00e1nico, incluyendo fotocopia, grabaci\u00f3n o por cualquier sistema de almacenamiento y recuperaci\u00f3n de informaci\u00f3n, sin el permiso por escrito del titular de los derechos de autor.<\/em><\/p>\n<\/div>","protected":false},"excerpt":{"rendered":"<p>Why do we call Mary our mother? At the beginning of the third session of the Second Vatican Council, Pope Paul VI announced that Mary would be honored under the title \u201cMother of the Church.\u201d From Christ\u2019s conception until his death, Mary was united to her Son in his work of salvation. From the Cross, [&hellip;]<\/p>\n","protected":false},"author":2,"featured_media":6955,"parent":0,"menu_order":0,"comment_status":"closed","ping_status":"closed","template":"","meta":{"footnotes":""},"class_list":["post-1376","page","type-page","status-publish","has-post-thumbnail","hentry"],"_links":{"self":[{"href":"https:\/\/www.archspm.org\/es\/wp-json\/wp\/v2\/pages\/1376","targetHints":{"allow":["GET"]}}],"collection":[{"href":"https:\/\/www.archspm.org\/es\/wp-json\/wp\/v2\/pages"}],"about":[{"href":"https:\/\/www.archspm.org\/es\/wp-json\/wp\/v2\/types\/page"}],"author":[{"embeddable":true,"href":"https:\/\/www.archspm.org\/es\/wp-json\/wp\/v2\/users\/2"}],"replies":[{"embeddable":true,"href":"https:\/\/www.archspm.org\/es\/wp-json\/wp\/v2\/comments?post=1376"}],"version-history":[{"count":0,"href":"https:\/\/www.archspm.org\/es\/wp-json\/wp\/v2\/pages\/1376\/revisions"}],"wp:featuredmedia":[{"embeddable":true,"href":"https:\/\/www.archspm.org\/es\/wp-json\/wp\/v2\/media\/6955"}],"wp:attachment":[{"href":"https:\/\/www.archspm.org\/es\/wp-json\/wp\/v2\/media?parent=1376"}],"curies":[{"name":"wp","href":"https:\/\/api.w.org\/{rel}","templated":true}]}}