{"id":1377,"date":"2020-05-13T17:44:24","date_gmt":"2020-05-13T21:44:24","guid":{"rendered":"https:\/\/www.archspm.org\/what-are-the-seven-gifts-of-the-holy-spirit\/"},"modified":"2024-12-19T22:24:20","modified_gmt":"2024-12-20T03:24:20","slug":"what-are-the-seven-gifts-of-the-holy-spirit","status":"publish","type":"page","link":"https:\/\/www.archspm.org\/es\/what-are-the-seven-gifts-of-the-holy-spirit\/","title":{"rendered":"\u00bfCu\u00e1les son los siete dones del Esp\u00edritu Santo?"},"content":{"rendered":"<h1 class=\"entry-title\">\u00bfCu\u00e1les son los siete dones del Esp\u00edritu Santo?<\/h1>\n<div class=\"entry-content\">\n<p>Isa\u00edas predijo que el Esp\u00edritu Santo reposar\u00eda sobre el Mes\u00edas prometido, Emmanuel, y que \u00e9l poseer\u00eda sabidur\u00eda y entendimiento, consejo y fortaleza, conocimiento, temor del Se\u00f1or (Is 11:2) y piedad. As\u00ed como Jes\u00fas fue bendecido con estos dones por su Padre, cada creyente es bendecido con los mismos dones por el Esp\u00edritu Santo.<\/p>\n<p><strong>Sabidur\u00eda<\/strong>\u00a0Es el primer don del Esp\u00edritu Santo. Es la capacidad de ejercer el buen juicio. Se basa en el sentido com\u00fan y proviene de la experiencia de la vida, la reflexi\u00f3n profunda y las lecciones aprendidas en \u201cla escuela de la vida\u201d. La sabidur\u00eda distingue entre el bien y el mal, busca y defiende la verdad y la justicia, y equilibra el bien personal con el bien com\u00fan. En el Antiguo Testamento, la sabidur\u00eda se personifica en Sof\u00eda, la m\u00edtica madre de la fe, la esperanza y el amor; mientras que en el Nuevo Testamento, la sabidur\u00eda se personifica en el propio Jes\u00fas.<\/p>\n<p><strong>Comprensi\u00f3n<\/strong>\u00a0es el don de la inteligencia y la iluminaci\u00f3n. Es la capacidad de percibir, comprender e interpretar informaci\u00f3n; de tener perspicacia y discernir el significado.<\/p>\n<p><strong>Asesoramiento<\/strong>\u00a0es un buen consejo. Es la capacidad de ense\u00f1ar e informar, guiar y dirigir, advertir y amonestar, recomendar y animar. El Esp\u00edritu Santo ofrece este don especial a padres, maestros, entrenadores, mentores, consejeros, supervisores, ancianos y similares. El consejo no es solo la capacidad de dar buenos consejos, sino tambi\u00e9n de recibirlos.<\/p>\n<p><strong>Fortaleza<\/strong>\u00a0Es un compromiso inquebrantable con Dios o con un curso de acci\u00f3n adecuado, y se manifiesta en forma de fortaleza moral, valent\u00eda, determinaci\u00f3n, paciencia, resistencia, esp\u00edritu resuelto, energ\u00eda y resiliencia.<\/p>\n<p><strong>Conocimiento<\/strong>\u00a0es la capacidad de estudiar y aprender; de adquirir, retener y dominar una amplia gama de informaci\u00f3n; y de darle un buen uso con fines constructivos.<\/p>\n<p><strong>El temor del Se\u00f1or<\/strong>\u00a0es temor, reverencia y respeto hacia Dios. Minimiza la autosuficiencia humana y reconoce que todo proviene de Dios. En consecuencia, aquellos que \u201ctemen al Se\u00f1or\u201d ofrecen con alegr\u00eda su alabanza, adoraci\u00f3n y veneraci\u00f3n solo a Dios.<\/p>\n<p><strong>Piedad<\/strong>\u00a0es el \u00fanico don que no forma parte de la lista original de Isa\u00edas. La piedad es la santidad personal, la capacidad de llevar una vida decente, libre de pecado, dedicada a Dios y obediente a su voluntad.<\/p>\n<p><em>2011, Rev. Michael A. Van Sloun<\/em><br \/>\n<em>Utilizado con autorizaci\u00f3n.<\/em><\/p>\n<\/div>","protected":false},"excerpt":{"rendered":"<p>What are the seven gifts of the Holy Spirit? Isaiah foretold that the Holy Spirit would rest upon the promised Messiah, Emmanuel, and that he would possess wisdom and understanding, counsel and fortitude, knowledge, fear of the Lord (Is 11:2), and piety. As Jesus was blessed with these gifts by his Father, every believer is [&hellip;]<\/p>\n","protected":false},"author":2,"featured_media":6955,"parent":0,"menu_order":0,"comment_status":"closed","ping_status":"closed","template":"","meta":{"footnotes":""},"class_list":["post-1377","page","type-page","status-publish","has-post-thumbnail","hentry"],"_links":{"self":[{"href":"https:\/\/www.archspm.org\/es\/wp-json\/wp\/v2\/pages\/1377","targetHints":{"allow":["GET"]}}],"collection":[{"href":"https:\/\/www.archspm.org\/es\/wp-json\/wp\/v2\/pages"}],"about":[{"href":"https:\/\/www.archspm.org\/es\/wp-json\/wp\/v2\/types\/page"}],"author":[{"embeddable":true,"href":"https:\/\/www.archspm.org\/es\/wp-json\/wp\/v2\/users\/2"}],"replies":[{"embeddable":true,"href":"https:\/\/www.archspm.org\/es\/wp-json\/wp\/v2\/comments?post=1377"}],"version-history":[{"count":0,"href":"https:\/\/www.archspm.org\/es\/wp-json\/wp\/v2\/pages\/1377\/revisions"}],"wp:featuredmedia":[{"embeddable":true,"href":"https:\/\/www.archspm.org\/es\/wp-json\/wp\/v2\/media\/6955"}],"wp:attachment":[{"href":"https:\/\/www.archspm.org\/es\/wp-json\/wp\/v2\/media?parent=1377"}],"curies":[{"name":"wp","href":"https:\/\/api.w.org\/{rel}","templated":true}]}}