{"id":1450,"date":"2020-10-13T04:56:18","date_gmt":"2020-10-13T08:56:18","guid":{"rendered":"https:\/\/www.archspm.org\/biblioteca-virtual-del-ministerio-latino\/"},"modified":"2025-05-01T02:05:35","modified_gmt":"2025-05-01T06:05:35","slug":"biblioteca-virtual-del-ministerio-latino","status":"publish","type":"page","link":"https:\/\/www.archspm.org\/es\/biblioteca-virtual-del-ministerio-latino\/","title":{"rendered":"Biblioteca Virtual"},"content":{"rendered":"<p><iframe title=\"Biblioteca Virtual del Ministerio Latino (es-419) Espa\u00f1ol\" width=\"800\" height=\"450\" src=\"https:\/\/www.youtube.com\/embed\/videoseries?list=PLlQsTJh9Td9n8wIuqIiS_wrK5-KVNZP1n\" frameborder=\"0\" allow=\"accelerometer; autoplay; clipboard-write; encrypted-media; gyroscope; picture-in-picture; web-share\" referrerpolicy=\"strict-origin-when-cross-origin\" allowfullscreen><\/iframe><\/p>\n<h2>Eventos virtuales<\/h2>\n<p><iframe style=\"border: none; overflow: hidden;\" src=\"https:\/\/www.facebook.com\/plugins\/video.php?height=314&amp;href=https%3A%2F%2Fwww.facebook.com%2FMinisterioLatinoMN%2Fvideos%2F436256247479595%2F&amp;show_text=false&amp;width=560\" width=\"560\" height=\"314\" frameborder=\"0\" scrolling=\"no\" allowfullscreen=\"allowfullscreen\"><\/iframe><\/p>\n<p>Si no pudo acompa\u00f1arnos el pasado viernes 12 de marzo en nuestra Noche Virtual de Reflexi\u00f3n y Alabanza con el cantautor Santiago Fern\u00e1ndez, de OCP, visite este enlace para verla.<\/p>\n<h2>Recursos<\/h2>\n<p><a href=\"https:\/\/www.portumatrimonio.org\/\" target=\"_blank\" rel=\"noopener noreferrer\">Por tu matrimonio y m\u00e1s\u00a0<\/a>\u2013 En el siguiente enlace encontrar\u00e1s informaci\u00f3n de apoyo para parejas en diferentes etapas: durante el noviazgo, el compromiso prematrimonial, durante el matrimonio y despu\u00e9s del matrimonio, con hijos.<\/p>\n<p>La revista \u00abThe Catechetical Review\u00bb ofrece dos art\u00edculos en espa\u00f1ol para este oto\u00f1o.<\/p>\n<ul>\n<li><a href=\"https:\/\/review.catechetics.com\/domestic-church\" target=\"_blank\" rel=\"noopener noreferrer\">La Iglesia dom\u00e9stica<\/a>, traducido al espa\u00f1ol <a href=\"https:\/\/review.catechetics.com\/la-iglesia-dom%C3%A9stica\" target=\"_blank\" rel=\"noopener noreferrer\">La Iglesia Dom\u00e9stica<\/a><\/li>\n<li>Perspectivas sobre el <a href=\"https:\/\/review.catechetics.com\/perspectives-new-directory-catechesis-%E2%80%93%C2%A0encouragement-content-openness-signs-times\" target=\"_blank\" rel=\"noopener noreferrer\">Nuevo Directorio para la Catequesis<\/a>, traducido al espa\u00f1ol <a href=\"https:\/\/review.catechetics.com\/perspectivas-sobre-el-nuevo-directorio-para-la-catequesis-%E2%80%93-est%C3%ADmulo-para-el-contenido-apertura-los\" target=\"_blank\" rel=\"noopener noreferrer\">Nuevo Directorio para la Catequesis<\/a>.<\/li>\n<\/ul>\n<p><a href=\"http:\/\/www.vatican.va\/archive\/catechism_sp\/index_sp.html\" target=\"_blank\" rel=\"noopener noreferrer\">Catecismo de la Iglesia Cat\u00f3lica<\/a> \u2013 P\u00e1gina del Vaticano<\/p>\n<p><a href=\"http:\/\/www.vatican.va\/archive\/ESL0506\/_INDEX.HTM\" target=\"_blank\" rel=\"noopener noreferrer\">El Libro del Pueblo de Dios \u2013 La Santa Biblia<\/a> \u2013 P\u00e1gina del Vaticano<\/p>\n<p><a href=\"https:\/\/www.loyolapress.com\/3-minutos-de-retiro-oracion-diaria-online\" target=\"_blank\" rel=\"noopener noreferrer\">3 minutos de retiro \u2013 Loyola Press<\/a><\/p>\n<p><a href=\"https:\/\/store.loyolapress.com\/espanol\" target=\"_blank\" rel=\"noopener noreferrer\">Tienda \u2013 Loyola Press<\/a><\/p>\n<p><a href=\"https:\/\/www.espaciosagrado.com\/\" target=\"_blank\" rel=\"noopener noreferrer\">Tu oraci\u00f3n diaria en l\u00ednea \u2013 Espacio sagrado<\/a><\/p>\n<p><a href=\"https:\/\/rezandovoy.org\/\" target=\"_blank\" rel=\"noopener noreferrer\">Rezando cada d\u00eda \u2013 Rezando voy<\/a><\/p>\n<p><a href=\"https:\/\/familybiblechallenge.org\/challenge-archive\/\" target=\"_blank\" rel=\"noopener noreferrer\">Estudio b\u00edblico en familia \u2013 Di\u00f3cesis de Bridgeport, obispo Frank Caggiano<\/a><\/p>\n<p><a href=\"https:\/\/archspmmainsite.s3.amazonaws.com\/Offices\/Ministerio+Latino\/Entrenamiento+para+Catequistas_Plan+de+Preparaci%C3%B3n+Covid-19_9-19-2020.TM.pptx\" target=\"_blank\" rel=\"noopener\">Formaci\u00f3n para catequistas: Plan de preparaci\u00f3n frente a la COVID-19<\/a><\/p>\n<p><a href=\"http:\/\/act.bread.org\/site\/R?i=Kxt-SDmZyT0uMZqxxTCCXQ\" target=\"_blank\" rel=\"noopener\">Encontrar esperanza y acabar con el hambre a ambos lados de la frontera: un devocionario biling\u00fce para latinos<\/a><\/p>","protected":false},"excerpt":{"rendered":"<p>Eventos Virtuales Si no pudo acompa\u00f1arnos el pasado viernes 12 de marzo, en nuestra Noche Virtual de Reflexi\u00f3n y Alabanza con el cantautor Santiago Fern\u00e1ndez, de OCP, visite este enlace para verlo. Recursos Por tu matrimonio y m\u00e1s\u00a0&#8211; Encuentra en el siguiente enlace informaci\u00f3n de apoyo para parejas en diferentes situaciones; durante el noviazgo, el [&hellip;]<\/p>\n","protected":false},"author":2,"featured_media":8655,"parent":0,"menu_order":0,"comment_status":"closed","ping_status":"closed","template":"","meta":{"footnotes":""},"class_list":["post-1450","page","type-page","status-publish","has-post-thumbnail","hentry"],"_links":{"self":[{"href":"https:\/\/www.archspm.org\/es\/wp-json\/wp\/v2\/pages\/1450","targetHints":{"allow":["GET"]}}],"collection":[{"href":"https:\/\/www.archspm.org\/es\/wp-json\/wp\/v2\/pages"}],"about":[{"href":"https:\/\/www.archspm.org\/es\/wp-json\/wp\/v2\/types\/page"}],"author":[{"embeddable":true,"href":"https:\/\/www.archspm.org\/es\/wp-json\/wp\/v2\/users\/2"}],"replies":[{"embeddable":true,"href":"https:\/\/www.archspm.org\/es\/wp-json\/wp\/v2\/comments?post=1450"}],"version-history":[{"count":0,"href":"https:\/\/www.archspm.org\/es\/wp-json\/wp\/v2\/pages\/1450\/revisions"}],"wp:featuredmedia":[{"embeddable":true,"href":"https:\/\/www.archspm.org\/es\/wp-json\/wp\/v2\/media\/8655"}],"wp:attachment":[{"href":"https:\/\/www.archspm.org\/es\/wp-json\/wp\/v2\/media?parent=1450"}],"curies":[{"name":"wp","href":"https:\/\/api.w.org\/{rel}","templated":true}]}}