{"id":1473,"date":"2021-02-18T06:24:38","date_gmt":"2021-02-18T11:24:38","guid":{"rendered":"https:\/\/www.archspm.org\/cuppa-joe-10-talks-on-the-10-wonders-of-saint-joseph\/"},"modified":"2025-04-16T06:18:04","modified_gmt":"2025-04-16T10:18:04","slug":"cuppa-joe-10-talks-on-the-10-wonders-of-saint-joseph","status":"publish","type":"page","link":"https:\/\/www.archspm.org\/es\/cuppa-joe-10-talks-on-the-10-wonders-of-saint-joseph\/","title":{"rendered":"Cuppa Joe: 10 charlas sobre las 10 maravillas de San Jos\u00e9"},"content":{"rendered":"<div data-elementor-type=\"wp-page\" data-elementor-id=\"1473\" class=\"elementor elementor-1473\" data-elementor-post-type=\"page\">\n\t\t\t\t<div class=\"elementor-element elementor-element-3bd65b83 e-flex e-con-boxed e-con e-parent\" data-id=\"3bd65b83\" data-element_type=\"container\" data-e-type=\"container\" data-settings=\"{&quot;jet_parallax_layout_list&quot;:[]}\">\n\t\t\t\t\t<div class=\"e-con-inner\">\n\t\t\t\t\t<\/div>\n\t\t\t\t<\/div>\n\t\t<div class=\"elementor-element elementor-element-0b76a35 e-flex e-con-boxed e-con e-parent\" data-id=\"0b76a35\" data-element_type=\"container\" data-e-type=\"container\" data-settings=\"{&quot;jet_parallax_layout_list&quot;:[]}\">\n\t\t\t\t\t<div class=\"e-con-inner\">\n\t\t<div class=\"elementor-element elementor-element-fa9b41d e-con-full e-flex e-con e-child\" data-id=\"fa9b41d\" data-element_type=\"container\" data-e-type=\"container\" data-settings=\"{&quot;jet_parallax_layout_list&quot;:[]}\">\n\t\t\t\t<div class=\"elementor-element elementor-element-208dea06 elementor-widget elementor-widget-text-editor\" data-id=\"208dea06\" data-element_type=\"widget\" data-e-type=\"widget\" data-widget_type=\"text-editor.default\">\n\t\t\t\t\t\t\t\t\t<p>Cuppa Joe es una serie local de 10 charlas impartidas por 10 te\u00f3logos sobre las 10 maravillas de San Jos\u00e9, que tuvieron lugar en 10 lugares de nuestra archidi\u00f3cesis <span data-offset-key=\"3tm0g-0-0\">confiado al patronato\u00a0<\/span><span data-offset-key=\"3tm0g-1-0\">de<\/span><span data-offset-key=\"3tm0g-2-0\">\u00a0nuestra\u00a0<\/span><span data-offset-key=\"2kssf-0-0\">padre espiritual.<\/span><\/p>\t\t\t\t\t\t\t\t<\/div>\n\t\t\t\t<\/div>\n\t\t<div class=\"elementor-element elementor-element-905328c e-con-full e-flex e-con e-child\" data-id=\"905328c\" data-element_type=\"container\" data-e-type=\"container\" data-settings=\"{&quot;jet_parallax_layout_list&quot;:[]}\">\n\t\t\t\t<div class=\"elementor-element elementor-element-5ae4ae6 elementor-widget elementor-widget-text-editor\" data-id=\"5ae4ae6\" data-element_type=\"widget\" data-e-type=\"widget\" data-widget_type=\"text-editor.default\">\n\t\t\t\t\t\t\t\t\t<iframe width=\"560\" height=\"315\" src=\"https:\/\/www.youtube.com\/embed\/videoseries?si=DgxLPXD5dP7BJvJX&amp;list=PLlQsTJh9Td9nZmIYJpF-G5-oCStgeKTYY\" title=\"Reproductor de v\u00eddeo YouTube\" frameborder=\"0\" allow=\"accelerometer; autoplay; clipboard-write; encrypted-media; gyroscope; picture-in-picture; web-share\" referrerpolicy=\"strict-origin-when-cross-origin\" allowfullscreen><\/iframe>\t\t\t\t\t\t\t\t<\/div>\n\t\t\t\t<div class=\"elementor-element elementor-element-a0accca elementor-widget elementor-widget-video\" data-id=\"a0accca\" data-element_type=\"widget\" data-e-type=\"widget\" data-settings=\"{&quot;youtube_url&quot;:&quot;https:\\\/\\\/www.youtube.com\\\/playlist?list=PLlQsTJh9Td9nZmIYJpF-G5-oCStgeKTYY&quot;,&quot;video_type&quot;:&quot;youtube&quot;,&quot;controls&quot;:&quot;yes&quot;}\" data-widget_type=\"video.default\">\n\t\t\t\t\t\t\t<div class=\"elementor-wrapper elementor-open-inline\">\n\t\t\t<div class=\"elementor-video\"><\/div>\t\t<\/div>\n\t\t\t\t\t\t<\/div>\n\t\t\t\t<\/div>\n\t\t\t\t\t<\/div>\n\t\t\t\t<\/div>\n\t\t\t\t<\/div>","protected":false},"excerpt":{"rendered":"<p>Cuppa Joe es una serie local de diez charlas impartidas por diez te\u00f3logos sobre las diez maravillas de San Jos\u00e9, que tuvieron lugar en diez lugares de nuestra arquidi\u00f3cesis encomendados al patrocinio de nuestro padre espiritual. https:\/\/www.youtube.com\/playlist?list=PLlQsTJh9Td9nZmIYJpF-G5-oCStgeKTYY<\/p>","protected":false},"author":2,"featured_media":6980,"parent":0,"menu_order":0,"comment_status":"closed","ping_status":"closed","template":"","meta":{"footnotes":""},"class_list":["post-1473","page","type-page","status-publish","has-post-thumbnail","hentry"],"_links":{"self":[{"href":"https:\/\/www.archspm.org\/es\/wp-json\/wp\/v2\/pages\/1473","targetHints":{"allow":["GET"]}}],"collection":[{"href":"https:\/\/www.archspm.org\/es\/wp-json\/wp\/v2\/pages"}],"about":[{"href":"https:\/\/www.archspm.org\/es\/wp-json\/wp\/v2\/types\/page"}],"author":[{"embeddable":true,"href":"https:\/\/www.archspm.org\/es\/wp-json\/wp\/v2\/users\/2"}],"replies":[{"embeddable":true,"href":"https:\/\/www.archspm.org\/es\/wp-json\/wp\/v2\/comments?post=1473"}],"version-history":[{"count":0,"href":"https:\/\/www.archspm.org\/es\/wp-json\/wp\/v2\/pages\/1473\/revisions"}],"wp:featuredmedia":[{"embeddable":true,"href":"https:\/\/www.archspm.org\/es\/wp-json\/wp\/v2\/media\/6980"}],"wp:attachment":[{"href":"https:\/\/www.archspm.org\/es\/wp-json\/wp\/v2\/media?parent=1473"}],"curies":[{"name":"wp","href":"https:\/\/api.w.org\/{rel}","templated":true}]}}