{"id":1475,"date":"2021-02-18T06:35:29","date_gmt":"2021-02-18T11:35:29","guid":{"rendered":"https:\/\/www.archspm.org\/healing-and-hope-retreat\/"},"modified":"2025-03-27T23:54:21","modified_gmt":"2025-03-28T03:54:21","slug":"healing-and-hope-retreat","status":"publish","type":"page","link":"https:\/\/www.archspm.org\/es\/healing-and-hope-retreat\/","title":{"rendered":"Retiro Curaci\u00f3n y Esperanza"},"content":{"rendered":"<p>Este retiro virtual de cinco partes afianza la identidad fundamental de cada persona como hijo amado de Dios. Sin embargo, todos hemos sufrido heridas que nos atan. Este retiro explora c\u00f3mo desatar esos nudos mediante la intercesi\u00f3n de Nuestra Se\u00f1ora, Desatadora de Nudos, y c\u00f3mo abrir esas heridas al Sagrado Coraz\u00f3n de Jes\u00fas. El encuentro con el amor y la misericordia de Jes\u00fas trae sanaci\u00f3n y esperanza.<\/p>\n<p>Los v\u00eddeos est\u00e1n disponibles en l\u00ednea y en la aplicaci\u00f3n del S\u00ednodo Arquidiocesano. Los v\u00eddeos tambi\u00e9n se publican en <a href=\"https:\/\/www.facebook.com\/ArchdioceseSPM\/\" target=\"_blank\" rel=\"noopener noreferrer\">Facebook<\/a> y <a href=\"https:\/\/www.youtube.com\/channel\/UCgOEJpFWcEYEL44nGKX-lqA\/\" target=\"_blank\" rel=\"noopener noreferrer\">YouTube<\/a>.<\/p>\n<h4>T\u00edtulos de las sesiones, charlas y ponentes<\/h4>\n<ul>\n<li><strong>Sesi\u00f3n 1:<\/strong> \u201cNuestra identidad fundamental como hijos de Dios y miembros del Cuerpo de Cristo\u201d, presentado por el P. Jon Vander Ploeg y Nataleigh Waters-Lang<\/li>\n<li><strong>Sesi\u00f3n 2:<\/strong> \u201cIdentificar nuestras heridas personales: lugares de oscuridad; oportunidades para la resiliencia y la gracia\u201d, presentado por Sarah McCauley y <span class=\"TextRun BCX9 SCXW107470564\" lang=\"EN-US\" xml:lang=\"EN-US\" data-contrast=\"auto\"><span class=\"NormalTextRun BCX9 SCXW107470564\">Paul Ruff<\/span><\/span><\/li>\n<li><strong>Sesi\u00f3n 3:<\/strong> \u201cLas heridas del Cuerpo de Cristo y nuestras ataduras\/torniquetes: los nudos que permitimos que se hagan\u201d Presentado por Paula Kaempffer y el P. Joseph Bambenek<\/li>\n<li><strong>Sesi\u00f3n 4:<\/strong> \u201cEntregando nuestras ataduras a Mar\u00eda, la Desatadora de nudos, y abriendo nuestras heridas a Jes\u00fas\u201d Presentado por Viviana Sotro y el P. Steven Hoffman<\/li>\n<li><strong>Sesi\u00f3n 5:<\/strong> \u201cUna nueva visi\u00f3n de Jes\u00fas\u201d, presentado por Dan Stokman y el P. Joseph Bambenek<\/li>\n<\/ul>\n<hr \/>\n<p><iframe title=\"S\u00ednodo Arquidiocesano, Sanaci\u00f3n y esperanza\" width=\"800\" height=\"450\" src=\"https:\/\/www.youtube.com\/embed\/videoseries?list=PLlQsTJh9Td9nHDCSGpZEKAp5y0iqSI1Hj\" frameborder=\"0\" allow=\"accelerometer; autoplay; clipboard-write; encrypted-media; gyroscope; picture-in-picture; web-share\" referrerpolicy=\"strict-origin-when-cross-origin\" allowfullscreen><\/iframe><\/p>\n<h2>Retiro Curaci\u00f3n y Esperanza<\/h2>\n<h4>V\u00eddeos<\/h4>\n<p><strong>Semana 1:<\/strong><\/p>\n<ul>\n<li><a href=\"https:\/\/www.youtube.com\/watch?v=kVKoO38hTSQ\" target=\"_blank\" rel=\"noopener noreferrer\">V\u00eddeo did\u00e1ctico<\/a><\/li>\n<li>Extra: <a href=\"https:\/\/youtu.be\/KTB7pQ7V3kY\" target=\"_blank\" rel=\"noopener noreferrer\">Cuerpo de Cristo<\/a><\/li>\n<\/ul>\n<p><strong>Semana 2:<\/strong><\/p>\n<ul>\n<li><a href=\"https:\/\/youtu.be\/xw4Be7s0llo\" target=\"_blank\" rel=\"noopener noreferrer\">V\u00eddeo did\u00e1ctico<\/a><\/li>\n<li>Extra: <a href=\"https:\/\/youtu.be\/meoowkoTV2w\" target=\"_blank\" rel=\"noopener noreferrer\">Nuestra Se\u00f1ora de Lourdes<\/a><\/li>\n<li>Extra:\u00a0<a title=\"\" href=\"https:\/\/youtu.be\/aeB9Gf-eyh4\" target=\"_blank\" rel=\"noopener\">\u201cSoy tuya (La canci\u00f3n de Magdalena)\u201d,\u201d<\/a>\u00a0escrita e interpretada por\u00a0<a title=\"\" href=\"https:\/\/www.alexschindler.com\/\" target=\"_blank\" rel=\"noopener\">Alex Schindler<\/a><\/li>\n<\/ul>\n<p><strong>Semana 3:<\/strong><\/p>\n<ul>\n<li><a href=\"https:\/\/youtu.be\/Vk0xwrxAniA\" target=\"_blank\" rel=\"noopener noreferrer\">V\u00eddeo did\u00e1ctico<\/a><\/li>\n<\/ul>\n<p><strong>Semana 4:<\/strong><\/p>\n<ul>\n<li><a href=\"https:\/\/youtu.be\/SkpbL-aG4YU\" target=\"_blank\" rel=\"noopener\">V\u00eddeo did\u00e1ctico<\/a><\/li>\n<li>Extra: <a href=\"https:\/\/youtu.be\/pXLM3XcwyOk\" target=\"_blank\" rel=\"noopener\">Servicio de oraci\u00f3n en la catedral<\/a><\/li>\n<\/ul>\n<p><strong>Semana 5:<\/strong><\/p>\n<ul>\n<li><a href=\"https:\/\/youtu.be\/PI1JjPnIqYQ\" target=\"_blank\" rel=\"noopener noreferrer\">V\u00eddeo did\u00e1ctico<\/a><\/li>\n<li>Extra: <a href=\"https:\/\/youtu.be\/OpW9SqWKNXc\" target=\"_blank\" rel=\"noopener noreferrer\">Cartas de \u00e1nimo y agradecimiento<\/a><\/li>\n<\/ul>\n<h4>Lista de recursos<\/h4>\n<p>Un completo\u00a0<a href=\"https:\/\/archspmmainsite.s3.amazonaws.com\/Synod\/HHResourceListFinal_2-21-21.pdf\" target=\"_blank\" rel=\"noopener\">Lista de recursos<\/a>\u00a0acompa\u00f1a a esta serie.<\/p>\n<h4>Esquemas de las charlas y reflexi\u00f3n personal \/ Preguntas para el debate<\/h4>\n<p><strong>Sesi\u00f3n 1:<\/strong><\/p>\n<ul>\n<li><a title=\"\" href=\"https:\/\/archspmmainsite.s3.amazonaws.com\/Synod\/HHFrVanderPloeg1.1_Formatted_Final.pdf\" target=\"_blank\" rel=\"noopener\">Charla 1<\/a><\/li>\n<li><a title=\"\" href=\"https:\/\/archspmmainsite.s3.amazonaws.com\/Synod\/HHNataleighWaters-Lang1.2_Formatted_Final.pdf\" target=\"_blank\" rel=\"noopener\">Charla 2<\/a><\/li>\n<\/ul>\n<p><strong>Sesi\u00f3n 2:<\/strong><\/p>\n<ul>\n<li><a title=\"\" href=\"https:\/\/archspmmainsite.s3.amazonaws.com\/Synod\/HHSarahMcCauleyWeek2.1_Formatted_102220.pdf\" target=\"_blank\" rel=\"noopener\">Charla 1<\/a><\/li>\n<li><a title=\"\" href=\"https:\/\/archspmmainsite.s3.amazonaws.com\/Synod\/HHPaulRuffTalkOutline2.2_Formatted_102220.pdf\" target=\"_blank\" rel=\"noopener\">Charla 2<\/a><\/li>\n<\/ul>\n<p><strong>Sesi\u00f3n 3:<\/strong><\/p>\n<ul>\n<li><a href=\"https:\/\/archspmmainsite.s3.amazonaws.com\/Synod\/HHPaulaKaempfferWeek3.1_Formatted_103020b.pdf\" target=\"_blank\" rel=\"noopener\">Charla 1<\/a><\/li>\n<li><a href=\"https:\/\/archspmmainsite.s3.amazonaws.com\/Synod\/HHFrBambenekWeek3.2_Formatted_103020c.pdf\" target=\"_blank\" rel=\"noopener\">Charla 2<\/a><\/li>\n<\/ul>\n<p><strong>Sesi\u00f3n 4:<\/strong><\/p>\n<ul>\n<li><a href=\"https:\/\/archspmmainsite.s3.amazonaws.com\/Synod\/HHVivianaSotroWeek4.1_Formatted.pdf\" target=\"_blank\" rel=\"noopener\">Charla 1<\/a><\/li>\n<\/ul>\n<p><strong>Sesi\u00f3n 5:<\/strong><\/p>\n<ul>\n<li><a href=\"https:\/\/archspmmainsite.s3.amazonaws.com\/Synod\/HHDanStokman5.1._Formatted_Final.pdf\" target=\"_blank\" rel=\"noopener\">Charla 1<\/a><\/li>\n<li><a href=\"https:\/\/archspmmainsite.s3.amazonaws.com\/Synod\/HHFrJosephBambenekSession5.2_Formatted_Final.pdf\" target=\"_blank\" rel=\"noopener\">Charla 2<\/a><\/li>\n<\/ul>\n<h4>Actividades de reflexi\u00f3n<\/h4>\n<div>\n<p>A lo largo del Retiro \u00abSanaci\u00f3n y Esperanza\u00bb se proponen varias actividades de reflexi\u00f3n. Te invitamos a que las realices durante cada semana del retiro.<\/p>\n<p><strong>Semana 1:<\/strong><\/p>\n<ul>\n<li class=\"elm-active\"><a title=\"\" href=\"https:\/\/archspmmainsite.s3.amazonaws.com\/Synod\/bodyofchristHHWeek1.pdf\" target=\"_blank\" rel=\"noopener\">Cuerpo de Cristo<\/a><\/li>\n<li class=\"elm-active\">V\u00e9ase\u00a0<a title=\"\" href=\"https:\/\/youtu.be\/KTB7pQ7V3kY\" target=\"_blank\" rel=\"noopener\">este v\u00eddeo<\/a>\u00a0para obtener m\u00e1s informaci\u00f3n sobre la actividad anterior.<\/li>\n<\/ul>\n<p><strong>Semana 2:<\/strong><\/p>\n<ul>\n<li><a href=\"https:\/\/archspmmainsite.s3.amazonaws.com\/Synod\/HHWoundsToJesusHeartWeek2.pdf\" target=\"_blank\" rel=\"noopener\">Sagrado<\/a><a href=\"https:\/\/archspmmainsite.s3.amazonaws.com\/Synod\/HHWoundsToJesusHeartWeek2.pdf\" target=\"_blank\" rel=\"noopener\"> Coraz\u00f3n<\/a><\/li>\n<\/ul>\n<p><strong>Semana 3:<\/strong><\/p>\n<ul>\n<li><a href=\"https:\/\/archspmmainsite.s3.amazonaws.com\/Synod\/HHTourniquetTemplateWeek3.pdf\" target=\"_blank\" rel=\"noopener\">Torniquete<\/a><\/li>\n<\/ul>\n<p><strong>Semana 4:<\/strong><\/p>\n<ul>\n<li>Novena a Mar\u00eda, Desatadora de Nudos: <a href=\"https:\/\/archspmmainsite.s3.amazonaws.com\/Synod\/Novena+Booklet.pdf\" target=\"_blank\" rel=\"noopener\">Folleto (PDF)<\/a>, <a href=\"https:\/\/ascensionpress.com\/pages\/novena-to-our-lady-undoer-of-knots\" target=\"_blank\" rel=\"noopener\">En l\u00ednea<\/a><\/li>\n<li><a href=\"https:\/\/archspmmainsite.s3.amazonaws.com\/Synod\/HHJohnPaulHealingCenterActivity4.2_Formatted.pdf\" target=\"_blank\" rel=\"noopener\">Heridas (del Centro de Sanaci\u00f3n Juan Pablo II)<\/a><\/li>\n<li><a href=\"https:\/\/archspmmainsite.s3.amazonaws.com\/Synod\/HHForgiveLiesTruthActivity4.2_Formatted.pdf\" target=\"_blank\" rel=\"noopener\">Oraciones para perdonar a los dem\u00e1s, rechazar y renunciar a la mentira, y proclamar la verdad<\/a><\/li>\n<li><a href=\"https:\/\/archspmmainsite.s3.amazonaws.com\/Synod\/HHPrayersOfBlessingsActivity4.2_Formatted.pdf\" target=\"_blank\" rel=\"noopener\">Oraciones de bendici\u00f3n<\/a><\/li>\n<\/ul>\n<\/div>\n<div><strong>Semana 5:<\/strong><\/div>\n<div><\/div>\n<div>\n<ul>\n<li><a href=\"https:\/\/archspmmainsite.s3.amazonaws.com\/Synod\/HHEncouragementLetter5.2_Formatted.pdf\" target=\"_blank\" rel=\"noopener\">Plantilla: Carta de apoyo<\/a><\/li>\n<li><a href=\"https:\/\/archspmmainsite.s3.amazonaws.com\/Synod\/HHGratitudeLetter5.2_Formatted.pdf\" target=\"_blank\" rel=\"noopener\">Plantilla: Carta de agradecimiento<\/a><\/li>\n<\/ul>\n<\/div>","protected":false},"excerpt":{"rendered":"<p>This virtual five-part retreat grounds each person\u2019s fundamental identity as a beloved child of God. Yet each has experienced wounds that bind. This retreat explores how to unbind these knots through the intercession of Our Lady, Undoer of Knots, and open these wounds to the Sacred Heart of Jesus. Encountering Jesus\u2019 love and mercy brings [&hellip;]<\/p>\n","protected":false},"author":2,"featured_media":6963,"parent":0,"menu_order":0,"comment_status":"closed","ping_status":"closed","template":"","meta":{"footnotes":""},"class_list":["post-1475","page","type-page","status-publish","has-post-thumbnail","hentry"],"_links":{"self":[{"href":"https:\/\/www.archspm.org\/es\/wp-json\/wp\/v2\/pages\/1475","targetHints":{"allow":["GET"]}}],"collection":[{"href":"https:\/\/www.archspm.org\/es\/wp-json\/wp\/v2\/pages"}],"about":[{"href":"https:\/\/www.archspm.org\/es\/wp-json\/wp\/v2\/types\/page"}],"author":[{"embeddable":true,"href":"https:\/\/www.archspm.org\/es\/wp-json\/wp\/v2\/users\/2"}],"replies":[{"embeddable":true,"href":"https:\/\/www.archspm.org\/es\/wp-json\/wp\/v2\/comments?post=1475"}],"version-history":[{"count":0,"href":"https:\/\/www.archspm.org\/es\/wp-json\/wp\/v2\/pages\/1475\/revisions"}],"wp:featuredmedia":[{"embeddable":true,"href":"https:\/\/www.archspm.org\/es\/wp-json\/wp\/v2\/media\/6963"}],"wp:attachment":[{"href":"https:\/\/www.archspm.org\/es\/wp-json\/wp\/v2\/media?parent=1475"}],"curies":[{"name":"wp","href":"https:\/\/api.w.org\/{rel}","templated":true}]}}