{"id":1478,"date":"2021-02-18T06:52:12","date_gmt":"2021-02-18T11:52:12","guid":{"rendered":"https:\/\/www.archspm.org\/more-about-the-archdiocesan-synod\/"},"modified":"2025-04-19T13:14:51","modified_gmt":"2025-04-19T17:14:51","slug":"more-about-the-archdiocesan-synod","status":"publish","type":"page","link":"https:\/\/www.archspm.org\/es\/more-about-the-archdiocesan-synod\/","title":{"rendered":"Historia del S\u00ednodo Arquidiocesano"},"content":{"rendered":"<div data-elementor-type=\"wp-page\" data-elementor-id=\"1478\" class=\"elementor elementor-1478\" data-elementor-post-type=\"page\">\n\t\t\t\t<div class=\"elementor-element elementor-element-3bce06f3 e-flex e-con-boxed e-con e-parent\" data-id=\"3bce06f3\" data-element_type=\"container\" data-e-type=\"container\" data-settings=\"{&quot;jet_parallax_layout_list&quot;:[]}\">\n\t\t\t\t\t<div class=\"e-con-inner\">\n\t\t\t\t<div class=\"elementor-element elementor-element-44070cb elementor-widget elementor-widget-text-editor\" data-id=\"44070cb\" data-element_type=\"widget\" data-e-type=\"widget\" data-widget_type=\"text-editor.default\">\n\t\t\t\t\t\t\t\t\t<h2><img fetchpriority=\"high\" decoding=\"async\" class=\"alignright wp-image-7789 size-full\" src=\"https:\/\/www.archspm.org\/wp-content\/uploads\/2025\/04\/Pentecost_web3-1.jpg\" alt=\"\" width=\"662\" height=\"726\" srcset=\"https:\/\/www.archspm.org\/wp-content\/uploads\/2025\/04\/Pentecost_web3-1.jpg 662w, https:\/\/www.archspm.org\/wp-content\/uploads\/2025\/04\/Pentecost_web3-1-274x300.jpg 274w, https:\/\/www.archspm.org\/wp-content\/uploads\/2025\/04\/Pentecost_web3-1-11x12.jpg 11w\" sizes=\"(max-width: 662px) 100vw, 662px\" \/>S\u00ednodo arquidiocesano: 2019-2022<\/h2><p><a href=\"https:\/\/thecatholicspirit.com\/news\/local-news\/special-sections\/archsynod\/moving-forward-together\/\" target=\"_blank\" rel=\"noopener\">El arzobispo Hebda anuncia el S\u00ednodo Arquidiocesano<\/a><\/p><p><a href=\"https:\/\/thecatholicspirit.com\/news\/local-news\/special-sections\/archsynod\/synod-executive-committee-members\/\" target=\"_blank\" rel=\"noopener\">Comit\u00e9 Ejecutivo del S\u00ednodo<\/a><\/p><p><a href=\"https:\/\/thecatholicspirit.com\/news\/local-news\/special-sections\/archsynod\/archdiocesan-synod-2022-this-present-moment\/\" target=\"_blank\" rel=\"noopener\">\u00c1reas de inter\u00e9s del S\u00ednodo arquidiocesano<\/a><\/p><h3>Preparaci\u00f3n del S\u00ednodo arquidiocesano<\/h3><p><a href=\"https:\/\/thecatholicspirit.com\/news\/local-news\/special-sections\/archsynod\/archdiocesan-synod-2022-how-we-got-here\/\" target=\"_blank\" rel=\"noopener\">A\u00f1o 1 (2019-2020): La Iglesia escucha<\/a><\/p><p><a href=\"https:\/\/thecatholicspirit.com\/news\/local-news\/special-sections\/archsynod\/archdiocesan-synod-2022-the-church-prepares\/\" target=\"_blank\" rel=\"noopener\">A\u00f1o 2 (2020-2021): La Iglesia se prepara<\/a><\/p><ul><li><a href=\"https:\/\/www.archspm.org\/es\/praying-scripture\/\">Serie Orar con las Escrituras<\/a><\/li><li><a href=\"https:\/\/www.archspm.org\/es\/healing-and-hope-retreat\/\">Retiro Curaci\u00f3n y Esperanza<\/a><\/li><li><a href=\"https:\/\/www.archspm.org\/es\/faith-and-culture-series\/\">Serie Fe y Cultura<\/a><\/li><li><a href=\"https:\/\/www.archspm.org\/es\/synod-at-home-tips-and-tools-for-growing-in-faith\/\">S\u00ednodo en casa: consejos y herramientas para crecer en la fe<\/a><\/li><li><a href=\"https:\/\/www.archspm.org\/es\/cuppa-joe-10-talks-on-the-10-wonders-of-saint-joseph\/\">Cuppa Joe: 10 charlas sobre las 10 maravillas de San Jos\u00e9<\/a><\/li><\/ul><p>A\u00f1o 3 (2021-2022): La Iglesia se compromete<\/p><ul><li data-leveltext=\"\uf0b7\" data-font=\"Symbol\" data-listid=\"4\" data-list-defn-props=\"{&quot;335552541&quot;:1,&quot;335559684&quot;:-2,&quot;335559685&quot;:720,&quot;335559991&quot;:360,&quot;469769226&quot;:&quot;Symbol&quot;,&quot;469769242&quot;:,&quot;469777803&quot;:&quot;left&quot;,&quot;469777804&quot;:&quot;\uf0b7&quot;,&quot;469777815&quot;:&quot;hybridMultilevel&quot;}\" aria-setsize=\"-1\" data-aria-posinset=\"1\" data-aria-level=\"1\"><a href=\"https:\/\/thecatholicspirit.com\/news\/local-news\/special-sections\/archsynod\/through-synod-small-groups-archbishop-hebda-wants-to-hear-from-everyone\/\" target=\"_blank\" rel=\"noopener\"><span data-contrast=\"none\">Consulta parroquial con peque\u00f1os grupos (oto\u00f1o 2021)<\/span><\/a><span data-ccp-props=\"{&quot;201341983&quot;:0,&quot;335559739&quot;:160,&quot;335559740&quot;:259}\">\u00a0<\/span><\/li><li data-leveltext=\"\uf0b7\" data-font=\"Symbol\" data-listid=\"4\" data-list-defn-props=\"{&quot;335552541&quot;:1,&quot;335559684&quot;:-2,&quot;335559685&quot;:720,&quot;335559991&quot;:360,&quot;469769226&quot;:&quot;Symbol&quot;,&quot;469769242&quot;:,&quot;469777803&quot;:&quot;left&quot;,&quot;469777804&quot;:&quot;\uf0b7&quot;,&quot;469777815&quot;:&quot;hybridMultilevel&quot;}\" aria-setsize=\"-1\" data-aria-posinset=\"2\" data-aria-level=\"1\"><a href=\"https:\/\/www.thecatholicspirit.com\/news\/local-news\/special-sections\/archsynod\/parish-synod-leadership-teams-report-a-rewarding-experience\/\" target=\"_blank\" rel=\"noopener\"><span data-contrast=\"none\">Consulta al Equipo de Liderazgo del S\u00ednodo Parroquial (invierno 2022)<\/span><\/a><span data-ccp-props=\"{&quot;201341983&quot;:0,&quot;335559739&quot;:160,&quot;335559740&quot;:259}\">\u00a0<\/span><\/li><\/ul><h2>2022 Asamblea del S\u00ednodo Arquidiocesano<\/h2><p><a href=\"https:\/\/thecatholicspirit.com\/news\/local-news\/mass-at-holy-spirit-in-st-paul-marks-closing-of-archdiocesan-synod\/\" target=\"_blank\" rel=\"noopener\">5 de junio de 2022 Asamblea del S\u00ednodo Arquidiocesano<\/a><\/p><p><a href=\"https:\/\/archspmmainsite.s3.amazonaws.com\/Synod\/Prop.ALL.FINAL.CC.May17.2022.pdf\" target=\"_blank\" rel=\"noopener\">Propuestas del S\u00ednodo Arquidiocesano<\/a><\/p><p><a href=\"https:\/\/thecatholicspirit.com\/news\/local-news\/archbishop-hebdas-pastoral-letter-urges-evangelization-inspired-by-the-upper-room\/\" target=\"_blank\" rel=\"noopener\">Publicaci\u00f3n de la carta pastoral del arzobispo Hebda<\/a>, <em>Ser\u00e9is mis testigos: Reunidos y enviados desde el Cen\u00e1culo<\/em> y planificar su aplicaci\u00f3n. <a href=\"\/es\/synodletter\/\">Leer la carta pastoral<\/a>.<\/p>\t\t\t\t\t\t\t\t<\/div>\n\t\t\t\t\t<\/div>\n\t\t\t\t<\/div>\n\t\t<div class=\"elementor-element elementor-element-29dd8a0 e-flex e-con-boxed e-con e-parent\" data-id=\"29dd8a0\" data-element_type=\"container\" data-e-type=\"container\" data-settings=\"{&quot;jet_parallax_layout_list&quot;:[]}\">\n\t\t\t\t\t<div class=\"e-con-inner\">\n\t\t<div class=\"elementor-element elementor-element-242c91d e-con-full e-flex e-con e-child\" data-id=\"242c91d\" data-element_type=\"container\" data-e-type=\"container\" data-settings=\"{&quot;jet_parallax_layout_list&quot;:[]}\">\n\t\t\t\t<div class=\"elementor-element elementor-element-ee3e73f elementor-widget elementor-widget-image\" data-id=\"ee3e73f\" data-element_type=\"widget\" data-e-type=\"widget\" data-widget_type=\"image.default\">\n\t\t\t\t\t\t\t\t\t\t\t\t\t\t\t\t<a href=\"https:\/\/www.archspm.org\/es\/praying-scripture\/\">\n\t\t\t\t\t\t\t<img decoding=\"async\" width=\"400\" height=\"267\" src=\"https:\/\/www.archspm.org\/wp-content\/uploads\/2025\/04\/prayingscripture.jpg\" class=\"attachment-large size-large wp-image-7812\" alt=\"\" srcset=\"https:\/\/www.archspm.org\/wp-content\/uploads\/2025\/04\/prayingscripture.jpg 400w, https:\/\/www.archspm.org\/wp-content\/uploads\/2025\/04\/prayingscripture-300x200.jpg 300w, https:\/\/www.archspm.org\/wp-content\/uploads\/2025\/04\/prayingscripture-18x12.jpg 18w\" sizes=\"(max-width: 400px) 100vw, 400px\" \/>\t\t\t\t\t\t\t\t<\/a>\n\t\t\t\t\t\t\t\t\t\t\t\t\t\t\t<\/div>\n\t\t\t\t<div class=\"elementor-element elementor-element-033982f elementor-widget elementor-widget-heading\" data-id=\"033982f\" data-element_type=\"widget\" data-e-type=\"widget\" data-widget_type=\"heading.default\">\n\t\t\t\t\t<h2 class=\"elementor-heading-title elementor-size-default\"><a href=\"https:\/\/www.archspm.org\/es\/praying-scripture\/\">Serie Orar con las Escrituras<\/a><\/h2>\t\t\t\t<\/div>\n\t\t\t\t<\/div>\n\t\t<div class=\"elementor-element elementor-element-697466c e-con-full e-flex e-con e-child\" data-id=\"697466c\" data-element_type=\"container\" data-e-type=\"container\" data-settings=\"{&quot;jet_parallax_layout_list&quot;:[]}\">\n\t\t\t\t<div class=\"elementor-element elementor-element-a4ea616 elementor-widget elementor-widget-image\" data-id=\"a4ea616\" data-element_type=\"widget\" data-e-type=\"widget\" data-widget_type=\"image.default\">\n\t\t\t\t\t\t\t\t\t\t\t\t\t\t\t\t<a href=\"https:\/\/www.archspm.org\/es\/healing-and-hope-retreat\/\">\n\t\t\t\t\t\t\t<img decoding=\"async\" width=\"400\" height=\"267\" src=\"https:\/\/www.archspm.org\/wp-content\/uploads\/2025\/04\/healinghope.jpg\" class=\"attachment-large size-large wp-image-7814\" alt=\"\" srcset=\"https:\/\/www.archspm.org\/wp-content\/uploads\/2025\/04\/healinghope.jpg 400w, https:\/\/www.archspm.org\/wp-content\/uploads\/2025\/04\/healinghope-300x200.jpg 300w, https:\/\/www.archspm.org\/wp-content\/uploads\/2025\/04\/healinghope-18x12.jpg 18w\" sizes=\"(max-width: 400px) 100vw, 400px\" \/>\t\t\t\t\t\t\t\t<\/a>\n\t\t\t\t\t\t\t\t\t\t\t\t\t\t\t<\/div>\n\t\t\t\t<div class=\"elementor-element elementor-element-1ece091 elementor-widget elementor-widget-heading\" data-id=\"1ece091\" data-element_type=\"widget\" data-e-type=\"widget\" data-widget_type=\"heading.default\">\n\t\t\t\t\t<h2 class=\"elementor-heading-title elementor-size-default\"><a href=\"https:\/\/www.archspm.org\/es\/healing-and-hope-retreat\/\">Retiro Curaci\u00f3n y Esperanza<\/a><\/h2>\t\t\t\t<\/div>\n\t\t\t\t<\/div>\n\t\t<div class=\"elementor-element elementor-element-104f90b e-con-full e-flex e-con e-child\" data-id=\"104f90b\" data-element_type=\"container\" data-e-type=\"container\" data-settings=\"{&quot;jet_parallax_layout_list&quot;:[]}\">\n\t\t\t\t<div class=\"elementor-element elementor-element-6c672e1 elementor-widget elementor-widget-image\" data-id=\"6c672e1\" data-element_type=\"widget\" data-e-type=\"widget\" data-widget_type=\"image.default\">\n\t\t\t\t\t\t\t\t\t\t\t\t\t\t\t\t<a href=\"https:\/\/www.archspm.org\/es\/faith-and-culture-series\/\">\n\t\t\t\t\t\t\t<img loading=\"lazy\" decoding=\"async\" width=\"400\" height=\"267\" src=\"https:\/\/www.archspm.org\/wp-content\/uploads\/2025\/04\/faithculture.jpg\" class=\"attachment-large size-large wp-image-7815\" alt=\"\" srcset=\"https:\/\/www.archspm.org\/wp-content\/uploads\/2025\/04\/faithculture.jpg 400w, https:\/\/www.archspm.org\/wp-content\/uploads\/2025\/04\/faithculture-300x200.jpg 300w, https:\/\/www.archspm.org\/wp-content\/uploads\/2025\/04\/faithculture-18x12.jpg 18w\" sizes=\"(max-width: 400px) 100vw, 400px\" \/>\t\t\t\t\t\t\t\t<\/a>\n\t\t\t\t\t\t\t\t\t\t\t\t\t\t\t<\/div>\n\t\t\t\t<div class=\"elementor-element elementor-element-cd21823 elementor-widget elementor-widget-heading\" data-id=\"cd21823\" data-element_type=\"widget\" data-e-type=\"widget\" data-widget_type=\"heading.default\">\n\t\t\t\t\t<h2 class=\"elementor-heading-title elementor-size-default\"><a href=\"https:\/\/www.archspm.org\/es\/faith-and-culture-series\/\">Serie Fe y Cultura<\/a><\/h2>\t\t\t\t<\/div>\n\t\t\t\t<\/div>\n\t\t<div class=\"elementor-element elementor-element-258f38b e-con-full e-flex e-con e-child\" data-id=\"258f38b\" data-element_type=\"container\" data-e-type=\"container\" data-settings=\"{&quot;jet_parallax_layout_list&quot;:[]}\">\n\t\t\t\t<div class=\"elementor-element elementor-element-996125c elementor-widget elementor-widget-image\" data-id=\"996125c\" data-element_type=\"widget\" data-e-type=\"widget\" data-widget_type=\"image.default\">\n\t\t\t\t\t\t\t\t\t\t\t\t\t\t\t\t<a href=\"https:\/\/www.archspm.org\/es\/synod-at-home-tips-and-tools-for-growing-in-faith\/\">\n\t\t\t\t\t\t\t<img loading=\"lazy\" decoding=\"async\" width=\"400\" height=\"267\" src=\"https:\/\/www.archspm.org\/wp-content\/uploads\/2025\/04\/Synod-at-Home-Pat-and-Kenna-Millea_featured-1.jpg\" class=\"attachment-large size-large wp-image-7816\" alt=\"\" srcset=\"https:\/\/www.archspm.org\/wp-content\/uploads\/2025\/04\/Synod-at-Home-Pat-and-Kenna-Millea_featured-1.jpg 400w, https:\/\/www.archspm.org\/wp-content\/uploads\/2025\/04\/Synod-at-Home-Pat-and-Kenna-Millea_featured-1-300x200.jpg 300w, https:\/\/www.archspm.org\/wp-content\/uploads\/2025\/04\/Synod-at-Home-Pat-and-Kenna-Millea_featured-1-18x12.jpg 18w\" sizes=\"(max-width: 400px) 100vw, 400px\" \/>\t\t\t\t\t\t\t\t<\/a>\n\t\t\t\t\t\t\t\t\t\t\t\t\t\t\t<\/div>\n\t\t\t\t<div class=\"elementor-element elementor-element-63012c9 elementor-widget elementor-widget-heading\" data-id=\"63012c9\" data-element_type=\"widget\" data-e-type=\"widget\" data-widget_type=\"heading.default\">\n\t\t\t\t\t<h2 class=\"elementor-heading-title elementor-size-default\"><a href=\"https:\/\/www.archspm.org\/es\/synod-at-home-tips-and-tools-for-growing-in-faith\/\">S\u00ednodo en casa: consejos y herramientas para crecer en la fe<\/a><\/h2>\t\t\t\t<\/div>\n\t\t\t\t<\/div>\n\t\t<div class=\"elementor-element elementor-element-23c2dc2 e-con-full e-flex e-con e-child\" data-id=\"23c2dc2\" data-element_type=\"container\" data-e-type=\"container\" data-settings=\"{&quot;jet_parallax_layout_list&quot;:[]}\">\n\t\t\t\t<div class=\"elementor-element elementor-element-733dbfc elementor-widget elementor-widget-image\" data-id=\"733dbfc\" data-element_type=\"widget\" data-e-type=\"widget\" data-widget_type=\"image.default\">\n\t\t\t\t\t\t\t\t\t\t\t\t\t\t\t\t<a href=\"https:\/\/www.archspm.org\/es\/cuppa-joe-10-talks-on-the-10-wonders-of-saint-joseph\/\">\n\t\t\t\t\t\t\t<img loading=\"lazy\" decoding=\"async\" width=\"400\" height=\"267\" src=\"https:\/\/www.archspm.org\/wp-content\/uploads\/2025\/04\/Cuppa-Joe-featured-1.jpg\" class=\"attachment-large size-large wp-image-7817\" alt=\"\" srcset=\"https:\/\/www.archspm.org\/wp-content\/uploads\/2025\/04\/Cuppa-Joe-featured-1.jpg 400w, https:\/\/www.archspm.org\/wp-content\/uploads\/2025\/04\/Cuppa-Joe-featured-1-300x200.jpg 300w, https:\/\/www.archspm.org\/wp-content\/uploads\/2025\/04\/Cuppa-Joe-featured-1-18x12.jpg 18w\" sizes=\"(max-width: 400px) 100vw, 400px\" \/>\t\t\t\t\t\t\t\t<\/a>\n\t\t\t\t\t\t\t\t\t\t\t\t\t\t\t<\/div>\n\t\t\t\t<div class=\"elementor-element elementor-element-7143cfa elementor-widget elementor-widget-heading\" data-id=\"7143cfa\" data-element_type=\"widget\" data-e-type=\"widget\" data-widget_type=\"heading.default\">\n\t\t\t\t\t<h2 class=\"elementor-heading-title elementor-size-default\"><a href=\"https:\/\/www.archspm.org\/es\/cuppa-joe-10-talks-on-the-10-wonders-of-saint-joseph\/\">Cuppa Joe: 10 charlas sobre las 10 maravillas de San Jos\u00e9<\/a><\/h2>\t\t\t\t<\/div>\n\t\t\t\t<\/div>\n\t\t<div class=\"elementor-element elementor-element-3e11ce7 e-con-full e-flex e-con e-child\" data-id=\"3e11ce7\" data-element_type=\"container\" data-e-type=\"container\" data-settings=\"{&quot;jet_parallax_layout_list&quot;:[]}\">\n\t\t\t\t<\/div>\n\t\t\t\t\t<\/div>\n\t\t\t\t<\/div>\n\t\t\t\t<\/div>","protected":false},"excerpt":{"rendered":"<p>Archdiocesan Synod: 2019-2022 Archbishop Hebda announces the Archdiocesan Synod Synod executive committee Focus areas of Archdiocesan Synod Preparation for the Archdiocesan Synod Year 1 (2019-2020): The Church Listens Year 2 (2020-2021): The Church Prepares Praying with Scripture Series Healing and Hope Retreat Faith and Culture Series Synod at Home: Tips and Tools for Growing in [&hellip;]<\/p>\n","protected":false},"author":2,"featured_media":6963,"parent":0,"menu_order":0,"comment_status":"closed","ping_status":"closed","template":"","meta":{"footnotes":""},"class_list":["post-1478","page","type-page","status-publish","has-post-thumbnail","hentry"],"_links":{"self":[{"href":"https:\/\/www.archspm.org\/es\/wp-json\/wp\/v2\/pages\/1478","targetHints":{"allow":["GET"]}}],"collection":[{"href":"https:\/\/www.archspm.org\/es\/wp-json\/wp\/v2\/pages"}],"about":[{"href":"https:\/\/www.archspm.org\/es\/wp-json\/wp\/v2\/types\/page"}],"author":[{"embeddable":true,"href":"https:\/\/www.archspm.org\/es\/wp-json\/wp\/v2\/users\/2"}],"replies":[{"embeddable":true,"href":"https:\/\/www.archspm.org\/es\/wp-json\/wp\/v2\/comments?post=1478"}],"version-history":[{"count":0,"href":"https:\/\/www.archspm.org\/es\/wp-json\/wp\/v2\/pages\/1478\/revisions"}],"wp:featuredmedia":[{"embeddable":true,"href":"https:\/\/www.archspm.org\/es\/wp-json\/wp\/v2\/media\/6963"}],"wp:attachment":[{"href":"https:\/\/www.archspm.org\/es\/wp-json\/wp\/v2\/media?parent=1478"}],"curies":[{"name":"wp","href":"https:\/\/api.w.org\/{rel}","templated":true}]}}