{"id":1483,"date":"2021-03-21T03:14:43","date_gmt":"2021-03-21T07:14:43","guid":{"rendered":"https:\/\/www.archspm.org\/spiritual-direction\/"},"modified":"2021-03-21T03:14:43","modified_gmt":"2021-03-21T07:14:43","slug":"spiritual-direction","status":"publish","type":"page","link":"https:\/\/www.archspm.org\/es\/spiritual-direction\/","title":{"rendered":"Direcci\u00f3n espiritual"},"content":{"rendered":"<p>Muchos cat\u00f3licos consideran que un director espiritual les ayuda en su camino de fe. Existen diferentes tipos de direcci\u00f3n espiritual y programas de formaci\u00f3n en direcci\u00f3n espiritual muy bien considerados aqu\u00ed, en la Arquidi\u00f3cesis de Saint Paul y Minneapolis, de los que mujeres y hombres han obtenido muchos beneficios. Puede profundizar en este tema leyendo <a href=\"https:\/\/thecatholicspirit.com\/uncategorized\/spiritual-direction-guides-catholics-finding-space-god\/\" target=\"_blank\" rel=\"noopener\">esta historia<\/a> de The Catholic Spirit, y hablar con su p\u00e1rroco sobre su inter\u00e9s en la direcci\u00f3n espiritual.<\/p>","protected":false},"excerpt":{"rendered":"<p>Many Catholics find a spiritual director helpful in their ongoing faith journey. There are different kinds of spiritual direction and well-regarded spiritual direction formation programs here in the Archdiocese of Saint Paul and Minneapolis, from which women and men have experienced many benefits. You may explore this topic further by reading this story from The [&hellip;]<\/p>\n","protected":false},"author":2,"featured_media":0,"parent":0,"menu_order":0,"comment_status":"closed","ping_status":"closed","template":"","meta":{"footnotes":""},"class_list":["post-1483","page","type-page","status-publish","hentry"],"_links":{"self":[{"href":"https:\/\/www.archspm.org\/es\/wp-json\/wp\/v2\/pages\/1483","targetHints":{"allow":["GET"]}}],"collection":[{"href":"https:\/\/www.archspm.org\/es\/wp-json\/wp\/v2\/pages"}],"about":[{"href":"https:\/\/www.archspm.org\/es\/wp-json\/wp\/v2\/types\/page"}],"author":[{"embeddable":true,"href":"https:\/\/www.archspm.org\/es\/wp-json\/wp\/v2\/users\/2"}],"replies":[{"embeddable":true,"href":"https:\/\/www.archspm.org\/es\/wp-json\/wp\/v2\/comments?post=1483"}],"version-history":[{"count":0,"href":"https:\/\/www.archspm.org\/es\/wp-json\/wp\/v2\/pages\/1483\/revisions"}],"wp:attachment":[{"href":"https:\/\/www.archspm.org\/es\/wp-json\/wp\/v2\/media?parent=1483"}],"curies":[{"name":"wp","href":"https:\/\/api.w.org\/{rel}","templated":true}]}}