{"id":1484,"date":"2021-03-21T03:16:27","date_gmt":"2021-03-21T07:16:27","guid":{"rendered":"https:\/\/www.archspm.org\/mental-health\/"},"modified":"2021-03-21T03:16:27","modified_gmt":"2021-03-21T07:16:27","slug":"mental-health","status":"publish","type":"page","link":"https:\/\/www.archspm.org\/es\/mental-health\/","title":{"rendered":"Recursos de salud mental \/ Terapeutas"},"content":{"rendered":"<p>Adem\u00e1s de la <a href=\"https:\/\/www.archspm.org\/es\/faith-and-discipleship\/catholic-faith\/why-do-i-need-the-sacrament-of-reconciliation-and-penance-how-does-it-help-me\/\">Sacramento de la Reconciliaci\u00f3n<\/a>, las mujeres y los hombres cat\u00f3licos pueden encontrar consuelo y ayuda acudiendo a un profesional de la salud mental. No existe una lista aprobada por la Iglesia de psicoterapeutas, consejeros y otros profesionales cat\u00f3licos, pero hay muchos que ejercen su profesi\u00f3n en los 12 condados de la Arquidi\u00f3cesis de Saint Paul y Minneapolis. Puede resultar \u00fatil comenzar la b\u00fasqueda de un profesional de la salud mental hablando con su p\u00e1rroco y el equipo pastoral de la parroquia. Para m\u00e1s informaci\u00f3n sobre este tema, lea <a href=\"https:\/\/thecatholicspirit.com\/news\/local-news\/pandemic-affects-not-just-physical-but-also-mental-health\/\" target=\"_blank\" rel=\"noopener\">esta historia<\/a> en The Catholic Spirit, que aborda el tema de los cat\u00f3licos, la salud mental y la terapia (en concreto durante la pandemia).<\/p>\n<p>&nbsp;<\/p>\n<p>&nbsp;<\/p>\n<p>&nbsp;<\/p>\n<p>&nbsp;<\/p>","protected":false},"excerpt":{"rendered":"<p>In addition to the Sacrament of Reconciliation, Catholic women and men may find healing and help by visiting a mental health professional. There is no Church-approved list of Catholic psychotherapists, counselors and other professionals, but there are many practicing in the 12-counties of the Archdiocese of Saint Paul and Minneapolis. It may be helpful to [&hellip;]<\/p>\n","protected":false},"author":2,"featured_media":0,"parent":0,"menu_order":0,"comment_status":"closed","ping_status":"closed","template":"","meta":{"footnotes":""},"class_list":["post-1484","page","type-page","status-publish","hentry"],"_links":{"self":[{"href":"https:\/\/www.archspm.org\/es\/wp-json\/wp\/v2\/pages\/1484","targetHints":{"allow":["GET"]}}],"collection":[{"href":"https:\/\/www.archspm.org\/es\/wp-json\/wp\/v2\/pages"}],"about":[{"href":"https:\/\/www.archspm.org\/es\/wp-json\/wp\/v2\/types\/page"}],"author":[{"embeddable":true,"href":"https:\/\/www.archspm.org\/es\/wp-json\/wp\/v2\/users\/2"}],"replies":[{"embeddable":true,"href":"https:\/\/www.archspm.org\/es\/wp-json\/wp\/v2\/comments?post=1484"}],"version-history":[{"count":0,"href":"https:\/\/www.archspm.org\/es\/wp-json\/wp\/v2\/pages\/1484\/revisions"}],"wp:attachment":[{"href":"https:\/\/www.archspm.org\/es\/wp-json\/wp\/v2\/media?parent=1484"}],"curies":[{"name":"wp","href":"https:\/\/api.w.org\/{rel}","templated":true}]}}