{"id":1485,"date":"2021-03-29T03:43:43","date_gmt":"2021-03-29T07:43:43","guid":{"rendered":"https:\/\/www.archspm.org\/synod-at-home-tips-and-tools-for-growing-in-faith\/"},"modified":"2025-03-27T23:58:46","modified_gmt":"2025-03-28T03:58:46","slug":"synod-at-home-tips-and-tools-for-growing-in-faith","status":"publish","type":"page","link":"https:\/\/www.archspm.org\/es\/synod-at-home-tips-and-tools-for-growing-in-faith\/","title":{"rendered":"S\u00ednodo en casa: consejos y herramientas para crecer en la fe"},"content":{"rendered":"<p>La serie S\u00ednodo en casa incluye v\u00eddeos \u00fatiles, consejos y herramientas para crecer en la fe, y los combina con actividades familiares basadas en cuatro pilares.<\/p>\n<ol>\n<li>Oraci\u00f3n y sacramentos<\/li>\n<li>Aprendizaje permanente<\/li>\n<li>Generosidad y servicio<\/li>\n<li>Tradiciones y diversi\u00f3n<\/li>\n<\/ol>\n<p><a href=\"https:\/\/reallifecatholic.com\/\" target=\"_blank\" rel=\"noopener\">Chris Stefanick<\/a>\u00a0- fundador de Real Life Catholic, autor de The Search y otros libros cat\u00f3licos, y conferenciante cat\u00f3lico mundial - comienza cada v\u00eddeo, y oir\u00e1s testimonios de otros cat\u00f3licos sobre c\u00f3mo su fe se ha hecho m\u00e1s profunda, y sus relaciones enriquecidas, al vivir intencionadamente su fe.<\/p>\n<p><iframe title=\"S\u00ednodo en casa, Encuentro 1: C\u00f3mo y por qu\u00e9 hacemos h\u00e1bitos y planes para nuestra fe\" src=\"https:\/\/www.youtube.com\/embed\/JVbrwsQBIGk?list=PLlQsTJh9Td9miZ8T8WZEofGaFdspZAJKG\" width=\"922\" height=\"518\" frameborder=\"0\" allowfullscreen=\"allowfullscreen\"><\/iframe><\/p>\n<h4>S\u00ednodo en casa V\u00eddeos y materiales<\/h4>\n<p><strong>V\u00eddeos<\/strong><\/p>\n<ul>\n<li><a href=\"https:\/\/www.youtube.com\/embed\/JVbrwsQBIGk\" target=\"_blank\" rel=\"noopener noreferrer\">V\u00eddeo de la semana 1<\/a>\u00a0y\u00a0<a href=\"https:\/\/www.youtube.com\/embed\/9fO2eHmezEQ\" target=\"_blank\" rel=\"noopener noreferrer\">V\u00eddeo adicional<\/a><\/li>\n<li><a href=\"https:\/\/www.youtube.com\/embed\/aSZO9j_E9SM\" target=\"_blank\" rel=\"noopener noreferrer\">Semana 2 V\u00eddeo<\/a><\/li>\n<li><a href=\"https:\/\/www.youtube.com\/embed\/1I06BZNskCI\" target=\"_blank\" rel=\"noopener\">V\u00eddeo de la 3\u00aa semana<\/a><\/li>\n<li><a href=\"https:\/\/youtu.be\/Spt9mL4t_kc\" target=\"_blank\" rel=\"noopener\">V\u00eddeo de la semana 4<\/a>\u00a0y\u00a0<a href=\"https:\/\/youtu.be\/fZmewH0AJ-A\" target=\"_blank\" rel=\"noopener\">V\u00eddeo adicional<\/a><\/li>\n<li><a href=\"https:\/\/www.youtube.com\/embed\/4NgXJEgHCi4\" target=\"_blank\" rel=\"noopener\">V\u00eddeo de la 5\u00aa semana<\/a><\/li>\n<\/ul>\n<p><strong>Plantillas \/ Ejemplos de planes de fe:<\/strong><\/p>\n<ul>\n<li><a href=\"https:\/\/archspmmainsite.s3.amazonaws.com\/Synod\/FAITH.PLAN.Template.CALENDAR.docx\" target=\"_blank\" rel=\"noopener\">Plantilla de plan de fe - Microsoft Word\u00a0<\/a><\/li>\n<li><a href=\"https:\/\/archspmmainsite.s3.amazonaws.com\/Synod\/FAITH.PLAN.Template.CALENDAR.pdf\" target=\"_blank\" rel=\"noopener\">Plantilla de plan de fe - PDF<\/a><\/li>\n<li><a href=\"https:\/\/archspmmainsite.s3.amazonaws.com\/Synod\/FAITH.PLAN.Template.CALENDAR.Sample_Jacobsen_fnl.pdf\" target=\"_blank\" rel=\"noopener\">Ejemplo de plan de fe 1 - Los Jacobsen<\/a><\/li>\n<li><a href=\"https:\/\/archspmmainsite.s3.amazonaws.com\/Synod\/FAITH.PLAN.Template.CALENDAR.Sample_Michael_fnl.pdf\" target=\"_blank\" rel=\"noopener\">Ejemplo de plan de fe 2 - La familia Michaels<\/a><\/li>\n<\/ul>\n<p><strong>P\u00e1ginas de ideas:<\/strong><\/p>\n<ul>\n<li><a href=\"https:\/\/archspmmainsite.s3.amazonaws.com\/Synod\/SatHome.IdeasPage.Gathering1.final_formatted.pdf\" target=\"_blank\" rel=\"noopener\">Reuni\u00f3n 1<\/a><\/li>\n<li><a href=\"https:\/\/archspmmainsite.s3.amazonaws.com\/Synod\/SatHome.IdeasPage.Gathering2.final_Formatted.pdf\" target=\"_blank\" rel=\"noopener\">Reuni\u00f3n 2<\/a><\/li>\n<li><a href=\"https:\/\/archspmmainsite.s3.amazonaws.com\/Synod\/SatHome.IdeasPage.Gathering3.final_Formatted.pdf\" target=\"_blank\" rel=\"noopener\">Reuni\u00f3n 3<\/a><\/li>\n<li><a href=\"https:\/\/archspmmainsite.s3.amazonaws.com\/Synod\/SatHome.IdeasPage.Gathering4.final_formatted.pdf\" target=\"_blank\" rel=\"noopener\">Reuni\u00f3n 4<\/a><\/li>\n<li><a href=\"https:\/\/archspmmainsite.s3.amazonaws.com\/Synod\/SatHome.IdeasPage.Gathering5final_formatted.pdf\" target=\"_blank\" rel=\"noopener\">Reuni\u00f3n 5<\/a><\/li>\n<\/ul>\n<p><iframe src=\"https:\/\/w.soundcloud.com\/player\/?url=https%3A\/\/api.soundcloud.com\/playlists\/1243196560&amp;color=%23ff5500&amp;auto_play=false&amp;hide_related=false&amp;show_comments=true&amp;show_user=true&amp;show_reposts=false&amp;show_teaser=true\" width=\"100%\" height=\"450\" frameborder=\"no\" scrolling=\"no\" data-mce-fragment=\"1\"><\/iframe><\/p>\n<div><a title=\"Archidi\u00f3cesis de Saint Paul y Minneapolis: S\u00ednodo\" href=\"https:\/\/soundcloud.com\/archsynod\" target=\"_blank\" rel=\"noopener noreferrer\">Archidi\u00f3cesis de Saint Paul y Minneapolis: S\u00ednodo<\/a><\/div>","protected":false},"excerpt":{"rendered":"<p>The Synod at Home series takes helpful videos, tips and tools for growing in faith, and pairs them with family-friendly activities based on four pillars. Prayer &amp; Sacraments Lifelong Learning Generosity &amp; Service Traditions &amp; Fun Chris Stefanick\u00a0\u2013\u00a0founder of Real Life Catholic, author of The Search and other Catholic books, and global Catholic speaker \u2013 [&hellip;]<\/p>\n","protected":false},"author":2,"featured_media":6963,"parent":0,"menu_order":0,"comment_status":"closed","ping_status":"closed","template":"","meta":{"footnotes":""},"class_list":["post-1485","page","type-page","status-publish","has-post-thumbnail","hentry"],"_links":{"self":[{"href":"https:\/\/www.archspm.org\/es\/wp-json\/wp\/v2\/pages\/1485","targetHints":{"allow":["GET"]}}],"collection":[{"href":"https:\/\/www.archspm.org\/es\/wp-json\/wp\/v2\/pages"}],"about":[{"href":"https:\/\/www.archspm.org\/es\/wp-json\/wp\/v2\/types\/page"}],"author":[{"embeddable":true,"href":"https:\/\/www.archspm.org\/es\/wp-json\/wp\/v2\/users\/2"}],"replies":[{"embeddable":true,"href":"https:\/\/www.archspm.org\/es\/wp-json\/wp\/v2\/comments?post=1485"}],"version-history":[{"count":0,"href":"https:\/\/www.archspm.org\/es\/wp-json\/wp\/v2\/pages\/1485\/revisions"}],"wp:featuredmedia":[{"embeddable":true,"href":"https:\/\/www.archspm.org\/es\/wp-json\/wp\/v2\/media\/6963"}],"wp:attachment":[{"href":"https:\/\/www.archspm.org\/es\/wp-json\/wp\/v2\/media?parent=1485"}],"curies":[{"name":"wp","href":"https:\/\/api.w.org\/{rel}","templated":true}]}}