{"id":14908,"date":"2026-04-07T16:09:51","date_gmt":"2026-04-07T20:09:51","guid":{"rendered":"https:\/\/www.archspm.org\/?page_id=14908"},"modified":"2026-04-08T17:24:16","modified_gmt":"2026-04-08T21:24:16","slug":"dual-citizenship","status":"publish","type":"page","link":"https:\/\/www.archspm.org\/es\/genealogical-research\/dual-citizenship\/","title":{"rendered":"Documentaci\u00f3n sobre la doble nacionalidad"},"content":{"rendered":"<div data-elementor-type=\"wp-page\" data-elementor-id=\"14908\" class=\"elementor elementor-14908\" data-elementor-post-type=\"page\">\n\t\t\t\t<div class=\"elementor-element elementor-element-1800c2c e-flex e-con-boxed e-con e-parent\" data-id=\"1800c2c\" data-element_type=\"container\" data-e-type=\"container\" data-settings=\"{&quot;jet_parallax_layout_list&quot;:[]}\">\n\t\t\t\t\t<div class=\"e-con-inner\">\n\t\t\t\t<div class=\"elementor-element elementor-element-51caee9 elementor-widget elementor-widget-heading\" data-id=\"51caee9\" data-element_type=\"widget\" data-e-type=\"widget\" data-widget_type=\"heading.default\">\n\t\t\t\t\t<h2 class=\"elementor-heading-title elementor-size-default\">Informaci\u00f3n para quienes solicitan la doble nacionalidad por descendencia <\/h2>\t\t\t\t<\/div>\n\t\t\t\t<div class=\"elementor-element elementor-element-b9cfa26 elementor-widget elementor-widget-text-editor\" data-id=\"b9cfa26\" data-element_type=\"widget\" data-e-type=\"widget\" data-widget_type=\"text-editor.default\">\n\t\t\t\t\t\t\t\t\t<p><span class=\"TextRun SCXW33492479 BCX0\" lang=\"EN-US\" xml:lang=\"EN-US\" data-contrast=\"none\"><span class=\"NormalTextRun SCXW33492479 BCX0\">Aunque los servicios generales de investigaci\u00f3n geneal\u00f3gica de la archidi\u00f3cesis han sido\u00a0<\/span><span class=\"NormalTextRun SCXW33492479 BCX0\">descatalogado<\/span><span class=\"NormalTextRun SCXW33492479 BCX0\">, seguimos\u00a0<\/span><span class=\"NormalTextRun SCXW33492479 BCX0\">ayudando<\/span><span class=\"NormalTextRun SCXW33492479 BCX0\">\u00a0en relaci\u00f3n con las solicitudes de doble nacionalidad por descendencia. Debido al volumen extraordinariamente elevado de estas solicitudes, el tiempo y el trabajo\u00a0<\/span><span class=\"NormalTextRun SCXW33492479 BCX0\">obligatorio<\/span><span class=\"NormalTextRun SCXW33492479 BCX0\">\u00a0a\u00a0<\/span><span class=\"NormalTextRun SCXW33492479 BCX0\">localizar<\/span><span class=\"NormalTextRun SCXW33492479 BCX0\">\u00a0mantener registros y expedir copias certificadas, y con una plantilla reducida\u00a0<\/span><span class=\"NormalTextRun ContextualSpellingAndGrammarErrorV2Themed SCXW33492479 BCX0\">disponibilidad,<\/span><span class=\"NormalTextRun SCXW33492479 BCX0\">\u00a0<strong>el tiempo de tramitaci\u00f3n de dichas solicitudes puede llegar a ser de hasta\u00a0<\/strong><\/span><\/span><strong><span class=\"TextRun SCXW33492479 BCX0\" lang=\"EN-US\" xml:lang=\"EN-US\" data-contrast=\"none\"><span class=\"NormalTextRun SCXW33492479 BCX0\">8-<\/span><span class=\"NormalTextRun SCXW33492479 BCX0\">12 semanas<\/span><\/span><span class=\"TextRun SCXW33492479 BCX0\" lang=\"EN-US\" xml:lang=\"EN-US\" data-contrast=\"none\"><span class=\"NormalTextRun SCXW33492479 BCX0\">. La tarifa para estas solicitudes es\u00a0<\/span><\/span><span class=\"TextRun SCXW33492479 BCX0\" lang=\"EN-US\" xml:lang=\"EN-US\" data-contrast=\"none\"><span class=\"NormalTextRun SCXW33492479 BCX0\">$50 por registro<\/span><\/span><\/strong><span class=\"TextRun SCXW33492479 BCX0\" lang=\"EN-US\" xml:lang=\"EN-US\" data-contrast=\"none\"><span class=\"NormalTextRun SCXW33492479 BCX0\">\u00a0para ayudar a compensar las horas de trabajo del personal\u00a0<\/span><span class=\"NormalTextRun SCXW33492479 BCX0\">obligatorio<\/span><span class=\"NormalTextRun SCXW33492479 BCX0\">.<\/span><\/span><span class=\"EOP Selected SCXW33492479 BCX0\" data-ccp-props=\"{&quot;335572071&quot;:4,&quot;335572072&quot;:1,&quot;335572073&quot;:4278190080,&quot;335572075&quot;:4,&quot;335572076&quot;:4,&quot;335572077&quot;:4278190080,&quot;335572079&quot;:4,&quot;335572080&quot;:1,&quot;335572081&quot;:4278190080,&quot;335572083&quot;:4,&quot;335572084&quot;:4,&quot;335572085&quot;:4278190080,&quot;469789798&quot;:&quot;single&quot;,&quot;469789802&quot;:&quot;single&quot;,&quot;469789806&quot;:&quot;single&quot;,&quot;469789810&quot;:&quot;single&quot;}\">\u00a0<\/span><\/p><p data-ccp-border-bottom=\"0.6666666666666666px solid #000000\" data-ccp-padding-bottom=\"1.3333333333333333px\"><span data-contrast=\"none\">Muchos de los registros que se solicitan est\u00e1n f\u00e1cilmente disponibles a trav\u00e9s de fuentes civiles. Con el fin de seguir ofreciendo este servicio y aprovechar al m\u00e1ximo nuestro tiempo y nuestros recursos, nosotros\u00a0<\/span><b><span data-contrast=\"none\">requerir<\/span><\/b><span data-contrast=\"none\">\u00a0que todos los solicitantes intenten primero obtener un certificado civil de nacimiento, matrimonio o defunci\u00f3n y hayan recibido una respuesta definitiva de la oficina estatal o del condado correspondiente en la que se indique que no se ha podido localizar dicho certificado\u00a0<\/span><b><span data-contrast=\"none\">antes<\/span><\/b><span data-contrast=\"none\">\u00a0solicitar el correspondiente certificado sacramental de bautismo, matrimonio o defunci\u00f3n. Para obtener consejos sobre c\u00f3mo solicitar certificados civiles, consulte \u201c<\/span><b><span data-contrast=\"none\">\u00bfC\u00f3mo puedo obtener registros civiles expedidos en el Estado de Minnesota?<\/span><\/b><span data-contrast=\"none\">\"\u00a0<\/span><a href=\"https:\/\/www.archspm.org\/es\/genealogical-research\/faqs-genealogical-research\/\"><span data-contrast=\"none\">en nuestras preguntas frecuentes<\/span><\/a><span data-contrast=\"none\">.<\/span><span data-ccp-props=\"{&quot;335572071&quot;:4,&quot;335572072&quot;:1,&quot;335572073&quot;:0,&quot;335572075&quot;:4,&quot;335572076&quot;:4,&quot;335572077&quot;:0,&quot;335572079&quot;:4,&quot;335572080&quot;:1,&quot;335572081&quot;:0,&quot;335572083&quot;:4,&quot;335572084&quot;:4,&quot;335572085&quot;:0,&quot;469789798&quot;:&quot;single&quot;,&quot;469789802&quot;:&quot;single&quot;,&quot;469789806&quot;:&quot;single&quot;,&quot;469789810&quot;:&quot;single&quot;}\">\u00a0<\/span><\/p><p data-ccp-border-top=\"0.6666666666666666px solid #000000\" data-ccp-padding-top=\"1.3333333333333333px\"><span data-contrast=\"none\">Solo los registros que sean\u00a0<\/span><b><span data-contrast=\"none\">de al menos 100 a\u00f1os<\/span><\/b><span data-contrast=\"none\">\u00a0y situado\u00a0<\/span><b><span data-contrast=\"none\">en los 12 condados de la archidi\u00f3cesis<\/span><\/b><span data-contrast=\"none\">\u00a0(Anoka, Carver, Chisago, Dakota, Goodhue, Hennepin, Le Sueur, Ramsey, Rice, Scott, Washington y Wright) est\u00e1n disponibles para su solicitud. Indique la fecha y el lugar con la mayor precisi\u00f3n posible para cada registro, a fin de facilitar la b\u00fasqueda. Se rechazar\u00e1n las solicitudes que no incluyan datos suficientes sobre la fecha o el lugar.<\/span><span data-ccp-props=\"{&quot;335572071&quot;:4,&quot;335572072&quot;:1,&quot;335572073&quot;:0,&quot;335572075&quot;:4,&quot;335572076&quot;:4,&quot;335572077&quot;:0,&quot;335572079&quot;:4,&quot;335572080&quot;:1,&quot;335572081&quot;:0,&quot;335572083&quot;:4,&quot;335572084&quot;:4,&quot;335572085&quot;:0,&quot;469789798&quot;:&quot;single&quot;,&quot;469789802&quot;:&quot;single&quot;,&quot;469789806&quot;:&quot;single&quot;,&quot;469789810&quot;:&quot;single&quot;}\">\u00a0<\/span><\/p>\t\t\t\t\t\t\t\t<\/div>\n\t\t\t\t<div class=\"elementor-element elementor-element-6c15c1b elementor-widget elementor-widget-n-accordion\" data-id=\"6c15c1b\" data-element_type=\"widget\" data-e-type=\"widget\" data-settings=\"{&quot;default_state&quot;:&quot;all_collapsed&quot;,&quot;max_items_expended&quot;:&quot;one&quot;,&quot;n_accordion_animation_duration&quot;:{&quot;unit&quot;:&quot;ms&quot;,&quot;size&quot;:400,&quot;sizes&quot;:[]}}\" data-widget_type=\"nested-accordion.default\">\n\t\t\t\t\t\t\t<div class=\"e-n-accordion\" aria-label=\"Acorde\u00f3n. Abra los enlaces con Intro o Espacio, ci\u00e9rrelos con Escape y navegue con las teclas de flecha.\">\n\t\t\t\t\t\t<details id=\"e-n-accordion-item-1130\" class=\"e-n-accordion-item\" >\n\t\t\t\t<summary class=\"e-n-accordion-item-title\" data-accordion-index=\"1\" tabindex=\"0\" aria-expanded=\"false\" aria-controls=\"e-n-accordion-item-1130\" >\n\t\t\t\t\t<span class='e-n-accordion-item-title-header'><div class=\"e-n-accordion-item-title-text\"> Entiendo la informaci\u00f3n anterior y deseo presentar una solicitud de expedientes sacramentales certificados.  <\/div><\/span>\n\t\t\t\t\t\t\t<span class='e-n-accordion-item-title-icon'>\n\t\t\t<span class='e-opened' ><i aria-hidden=\"true\" class=\"fas fa-minus\"><\/i><\/span>\n\t\t\t<span class='e-closed'><i aria-hidden=\"true\" class=\"fab fa-searchengin\"><\/i><\/span>\n\t\t<\/span>\n\n\t\t\t\t\t\t<\/summary>\n\t\t\t\t<div role=\"region\" aria-labelledby=\"e-n-accordion-item-1130\" class=\"elementor-element elementor-element-f3ca86e e-con-full e-flex e-con e-child\" data-id=\"f3ca86e\" data-element_type=\"container\" data-e-type=\"container\" data-settings=\"{&quot;jet_parallax_layout_list&quot;:[]}\">\n\t\t<div role=\"region\" aria-labelledby=\"e-n-accordion-item-1130\" class=\"elementor-element elementor-element-ae3dd3f e-flex e-con-boxed e-con e-child\" data-id=\"ae3dd3f\" data-element_type=\"container\" data-e-type=\"container\" data-settings=\"{&quot;jet_parallax_layout_list&quot;:[]}\">\n\t\t\t\t\t<div class=\"e-con-inner\">\n\t\t\t\t<div class=\"elementor-element elementor-element-3f6b383 elementor-widget elementor-widget-text-editor\" data-id=\"3f6b383\" data-element_type=\"widget\" data-e-type=\"widget\" data-widget_type=\"text-editor.default\">\n\t\t\t\t\t\t\t\t\t<p><strong><em>El formulario estar\u00e1 disponible pr\u00f3ximamente<\/em><\/strong><\/p><p><span class=\"TextRun SCXW221662651 BCX0\" lang=\"EN-US\" xml:lang=\"EN-US\" data-contrast=\"none\"><span class=\"NormalTextRun SCXW221662651 BCX0\">Por favor, complete y <\/span><span class=\"NormalTextRun SCXW221662651 BCX0\">enviar<\/span><span class=\"NormalTextRun SCXW221662651 BCX0\">\u00a0el siguiente formulario. Una vez que hayamos revisado tu solicitud, te enviaremos por correo electr\u00f3nico un enlace para pagar la tarifa y responderemos a cualquier pregunta que tengas.\u00a0<\/span><span class=\"NormalTextRun SCXW221662651 BCX0\">Una vez procesado el pago, recibir\u00e1s un correo electr\u00f3nico de confirmaci\u00f3n y comenzaremos a trabajar\u00a0<\/span><span class=\"NormalTextRun SCXW221662651 BCX0\">en<\/span><span class=\"NormalTextRun SCXW221662651 BCX0\">\u00a0su solicitud.<\/span><\/span><span class=\"EOP Selected SCXW221662651 BCX0\" data-ccp-props=\"{}\">\u00a0<\/span><\/p><p><span class=\"TextRun SCXW97406343 BCX0\" lang=\"EN-US\" xml:lang=\"EN-US\" data-contrast=\"none\"><span class=\"NormalTextRun SCXW97406343 BCX0\">Recibir\u00e1 una respuesta por correo electr\u00f3nico una vez finalizado el trabajo, incluso si no es posible localizar los registros solicitados.\u00a0<\/span><span class=\"NormalTextRun SCXW97406343 BCX0\">situado<\/span><span class=\"NormalTextRun SCXW97406343 BCX0\">. Le rogamos que tenga paciencia mientras su solicitud est\u00e1 en la cola; recibimos un gran volumen de solicitudes y correos electr\u00f3nicos\u00a0<\/span><span class=\"NormalTextRun ContextualSpellingAndGrammarErrorV2Themed SCXW97406343 BCX0\">estar al tanto de<\/span><span class=\"NormalTextRun SCXW97406343 BCX0\">\u00a0El estado solo ralentiza el proceso.<\/span><span class=\"NormalTextRun SCXW97406343 BCX0\">\u00a0<\/span><\/span><span class=\"EOP Selected SCXW97406343 BCX0\" data-ccp-props=\"{&quot;335559685&quot;:720}\">\u00a0<\/span><\/p><p><span class=\"TextRun SCXW198624385 BCX0\" lang=\"EN-US\" xml:lang=\"EN-US\" data-contrast=\"none\"><span class=\"NormalTextRun SCXW198624385 BCX0\">Este formulario no debe utilizarse para ninguna solicitud que no sea una de esas\u00a0<\/span><span class=\"NormalTextRun SCXW198624385 BCX0\">relativo a<\/span><span class=\"NormalTextRun SCXW198624385 BCX0\">\u00a0solicitudes de doble nacionalidad.<\/span><\/span><span class=\"EOP Selected SCXW198624385 BCX0\" data-ccp-props=\"{&quot;335559685&quot;:720}\">\u00a0<\/span><\/p>\t\t\t\t\t\t\t\t<\/div>\n\t\t\t\t\t<\/div>\n\t\t\t\t<\/div>\n\t\t\t\t<\/div>\n\t\t\t\t\t<\/details>\n\t\t\t\t\t<\/div>\n\t\t\t\t\t\t<\/div>\n\t\t\t\t\t<\/div>\n\t\t\t\t<\/div>\n\t\t\t\t<\/div>","protected":false},"excerpt":{"rendered":"<p>Information for those applying for dual citizenship by descent Although the general genealogical research services of the archdiocese have been\u00a0discontinued, we are still\u00a0assisting\u00a0with requests related to applications for dual citizenship by descent. Due to the extraordinarily high volume of these requests, the time and work\u00a0required\u00a0to\u00a0locate\u00a0records and produce certified copies, and limited staff\u00a0availability,\u00a0the processing time for [&hellip;]<\/p>\n","protected":false},"author":4,"featured_media":0,"parent":1111,"menu_order":0,"comment_status":"closed","ping_status":"closed","template":"","meta":{"footnotes":""},"class_list":["post-14908","page","type-page","status-publish","hentry"],"_links":{"self":[{"href":"https:\/\/www.archspm.org\/es\/wp-json\/wp\/v2\/pages\/14908","targetHints":{"allow":["GET"]}}],"collection":[{"href":"https:\/\/www.archspm.org\/es\/wp-json\/wp\/v2\/pages"}],"about":[{"href":"https:\/\/www.archspm.org\/es\/wp-json\/wp\/v2\/types\/page"}],"author":[{"embeddable":true,"href":"https:\/\/www.archspm.org\/es\/wp-json\/wp\/v2\/users\/4"}],"replies":[{"embeddable":true,"href":"https:\/\/www.archspm.org\/es\/wp-json\/wp\/v2\/comments?post=14908"}],"version-history":[{"count":5,"href":"https:\/\/www.archspm.org\/es\/wp-json\/wp\/v2\/pages\/14908\/revisions"}],"predecessor-version":[{"id":14939,"href":"https:\/\/www.archspm.org\/es\/wp-json\/wp\/v2\/pages\/14908\/revisions\/14939"}],"up":[{"embeddable":true,"href":"https:\/\/www.archspm.org\/es\/wp-json\/wp\/v2\/pages\/1111"}],"wp:attachment":[{"href":"https:\/\/www.archspm.org\/es\/wp-json\/wp\/v2\/media?parent=14908"}],"curies":[{"name":"wp","href":"https:\/\/api.w.org\/{rel}","templated":true}]}}