{"id":1522,"date":"2021-11-06T13:37:09","date_gmt":"2021-11-06T17:37:09","guid":{"rendered":"https:\/\/www.archspm.org\/what-is-advent\/"},"modified":"2025-12-04T16:47:58","modified_gmt":"2025-12-04T21:47:58","slug":"what-is-advent","status":"publish","type":"page","link":"https:\/\/www.archspm.org\/es\/what-is-advent\/","title":{"rendered":"\u00bfQu\u00e9 es el Adviento?"},"content":{"rendered":"<div data-elementor-type=\"wp-page\" data-elementor-id=\"1522\" class=\"elementor elementor-1522\" data-elementor-post-type=\"page\">\n\t\t\t\t<div class=\"elementor-element elementor-element-17377e14 e-flex e-con-boxed e-con e-parent\" data-id=\"17377e14\" data-element_type=\"container\" data-e-type=\"container\" data-settings=\"{&quot;jet_parallax_layout_list&quot;:[]}\">\n\t\t\t\t\t<div class=\"e-con-inner\">\n\t\t\t\t<div class=\"elementor-element elementor-element-3cc35a00 elementor-widget elementor-widget-text-editor\" data-id=\"3cc35a00\" data-element_type=\"widget\" data-e-type=\"widget\" data-widget_type=\"text-editor.default\">\n\t\t\t\t\t\t\t\t\t<h3>El Adviento es el tiempo lit\u00fargico de cuatro semanas que precede a la Navidad. El t\u00e9rmino \u201cAdviento\u201d deriva de la palabra latina\u00a0<em>adventus<\/em> que significa \u201cvenir\u201d.\u201d<\/h3><p>Los recursos que se incluyen a continuaci\u00f3n profundizan en este tiempo lit\u00fargico y nos ayudan a comprender c\u00f3mo podemos prepararnos para la venida de nuestro Se\u00f1or.<\/p><h3><a href=\"https:\/\/www.archspm.org\/es\/sacraments-worship\/advent-a-season-of-waiting\/\">Adviento: un tiempo de espera<\/a><\/h3><p>Esperar\u2026 A pocos nos gusta hacerlo. Es m\u00e1s, en un mundo de comunicaci\u00f3n instant\u00e1nea, comida r\u00e1pida y viajes intercontinentales sin complicaciones, la mayor\u00eda de nosotros no tenemos que esperar mucho. Por supuesto, en algunos \u00e1mbitos de la vida, de hecho, quiz\u00e1s en los m\u00e1s importantes, la espera sigue siendo obstinadamente una parte fundamental de nuestra experiencia: esperamos los resultados de los ex\u00e1menes; esperamos a que nuestros seres queridos regresen a casa de la escuela o del campo de batalla; esperamos el nacimiento de un hijo. <a href=\"https:\/\/www.archspm.org\/es\/sacraments-worship\/advent-a-season-of-waiting\/\">Seguir leyendo<\/a>.<\/p><h4><a href=\"https:\/\/www.archspm.org\/es\/faith-and-discipleship\/catholic-faith\/what-is-advent-and-why-is-it-very-important-to-us-as-catholics\/\">\u00bfQu\u00e9 es el Adviento y por qu\u00e9 es tan importante para nosotros como cat\u00f3licos?<\/a><\/h4><h4><a href=\"https:\/\/www.archspm.org\/es\/faith-and-discipleship\/catholic-faith\/i-know-jesus-was-born-in-a-manger-but-why-is-that-important-and-what-does-it-mean\/\">S\u00e9 que Jes\u00fas naci\u00f3 en un pesebre, pero \u00bfpor qu\u00e9 es importante y qu\u00e9 significa?<\/a><\/h4><h4><a href=\"https:\/\/www.archspm.org\/es\/faith-and-discipleship\/catholic-faith\/what-does-john-the-baptist-teach-us-about-the-meaning-of-advent\/\">\u00bfQu\u00e9 nos ense\u00f1a Juan el Bautista sobre el significado del Adviento?<\/a><\/h4><h4><a href=\"https:\/\/www.archspm.org\/es\/faith-and-discipleship\/catholic-faith\/how-does-the-christmas-reference-to-no-room-at-the-inn-apply-to-my-relationship-with-jesus\/\">\u00bfC\u00f3mo se aplica la referencia navide\u00f1a de \"no hay sitio en la posada\" a mi relaci\u00f3n con Jes\u00fas?<\/a><\/h4><h4><a href=\"https:\/\/www.archspm.org\/es\/faith-and-discipleship\/catholic-faith\/why-is-jesus-referred-to-as-the-light-of-the-world-and-how-does-that-relate-to-christmas\/\">\u00bfPor qu\u00e9 se llama a Jes\u00fas \"Luz del mundo\" y qu\u00e9 relaci\u00f3n tiene con la Navidad?<\/a><\/h4>\t\t\t\t\t\t\t\t<\/div>\n\t\t\t\t\t<\/div>\n\t\t\t\t<\/div>\n\t\t<div class=\"elementor-element elementor-element-1ffd599 e-flex e-con-boxed e-con e-parent\" data-id=\"1ffd599\" data-element_type=\"container\" data-e-type=\"container\" data-settings=\"{&quot;jet_parallax_layout_list&quot;:[]}\">\n\t\t\t\t\t<div class=\"e-con-inner\">\n\t\t<div class=\"elementor-element elementor-element-396b5fa e-con-full e-flex e-con e-child\" data-id=\"396b5fa\" data-element_type=\"container\" data-e-type=\"container\" data-settings=\"{&quot;jet_parallax_layout_list&quot;:[]}\">\n\t\t<div class=\"elementor-element elementor-element-4c690b0 e-con-full e-flex e-con e-child\" data-id=\"4c690b0\" data-element_type=\"container\" data-e-type=\"container\" data-settings=\"{&quot;background_background&quot;:&quot;classic&quot;,&quot;jet_parallax_layout_list&quot;:[]}\">\n\t\t<div class=\"elementor-element elementor-element-889c83f e-con-full e-flex e-con e-child\" data-id=\"889c83f\" data-element_type=\"container\" data-e-type=\"container\" data-settings=\"{&quot;jet_parallax_layout_list&quot;:[]}\">\n\t\t\t\t<div class=\"elementor-element elementor-element-ff3da07 elementor-widget elementor-widget-image\" data-id=\"ff3da07\" data-element_type=\"widget\" data-e-type=\"widget\" data-widget_type=\"image.default\">\n\t\t\t\t\t\t\t\t\t\t\t\t\t\t\t<img decoding=\"async\" width=\"150\" height=\"150\" src=\"https:\/\/www.archspm.org\/wp-content\/uploads\/2025\/07\/Archbishop-Hebda_sm-e1752783360797-150x150.jpg\" class=\"attachment-thumbnail size-thumbnail wp-image-9864\" alt=\"\" srcset=\"https:\/\/www.archspm.org\/wp-content\/uploads\/2025\/07\/Archbishop-Hebda_sm-e1752783360797-150x150.jpg 150w, https:\/\/www.archspm.org\/wp-content\/uploads\/2025\/07\/Archbishop-Hebda_sm-e1752783360797-300x300.jpg 300w, https:\/\/www.archspm.org\/wp-content\/uploads\/2025\/07\/Archbishop-Hebda_sm-e1752783360797-768x768.jpg 768w, https:\/\/www.archspm.org\/wp-content\/uploads\/2025\/07\/Archbishop-Hebda_sm-e1752783360797-12x12.jpg 12w, https:\/\/www.archspm.org\/wp-content\/uploads\/2025\/07\/Archbishop-Hebda_sm-e1752783360797-400x400.jpg 400w, https:\/\/www.archspm.org\/wp-content\/uploads\/2025\/07\/Archbishop-Hebda_sm-e1752783360797-600x600.jpg 600w, https:\/\/www.archspm.org\/wp-content\/uploads\/2025\/07\/Archbishop-Hebda_sm-e1752783360797.jpg 858w\" sizes=\"(max-width: 150px) 100vw, 150px\" \/>\t\t\t\t\t\t\t\t\t\t\t\t\t\t\t<\/div>\n\t\t\t\t<\/div>\n\t\t<div class=\"elementor-element elementor-element-b403d38 e-con-full e-flex e-con e-child\" data-id=\"b403d38\" data-element_type=\"container\" data-e-type=\"container\" data-settings=\"{&quot;jet_parallax_layout_list&quot;:[]}\">\n\t\t\t\t<div class=\"elementor-element elementor-element-90487db elementor-widget elementor-widget-text-editor\" data-id=\"90487db\" data-element_type=\"widget\" data-e-type=\"widget\" data-widget_type=\"text-editor.default\">\n\t\t\t\t\t\t\t\t\t<h2 style=\"text-align: left;\"><span style=\"color: #c39519;\"><strong><a style=\"color: #c39519;\" href=\"https:\/\/www.archspm.org\/es\/togetheronthejourney\/\">\u00a1Suscr\u00edbase a Juntos en el viaje del arzobispo Hebda!<\/a><\/strong><\/span><\/h2><p><span class=\"ui-provider en ccw bzq ccx ccy ccz cda cdb cdc cdd cde cdf cdg cdh cdi cdj cdk cdl cdm cdn cdo cdp cdq cdr cds cdt cdu cdv cdw cdx cdy cdz cea ceb cec\" dir=\"ltr\" style=\"color: #ffffff;\"> Reciba un v\u00eddeo mensual y actualizaciones semanales del arzobispo Bernard Hebda. <span style=\"text-decoration: underline;\"><strong><a class=\"fui-Link ___1eya986 f3rmtva f1ewtqcl fyind8e f1k6fduh f1w7gpdv fk6fouc fjoy568 figsok6 f1hu3pq6 f11qmguv f19f4twv f1tyq0we f1g0x7ka fhxju0i f1qch9an f1cnd47f fqv5qza f1vmzxwi f1o700av f13mvf36 f1cmlufx f9n3di6 f1ids18y f1tx3yz7 f1deo86v f1eh06m1 f1iescvh fhgqx19 f1olyrje f1p93eir f1nev41a f1h8hb77 f1x7u7e9 f10aw75t fsle3fq f17ae5zn\" style=\"color: #ffffff; text-decoration: underline;\" title=\"https:\/\/www.archspm.org\/togetheronthejourney\" href=\"https:\/\/www.archspm.org\/es\/togetheronthejourney\/\" target=\"_blank\" rel=\"noreferrer noopener\" aria-label=\"Enlace \u00a1Inscr\u00edbete aqu\u00ed!\">Inscr\u00edbete aqu\u00ed<\/a><\/strong><\/span><\/span><\/p>\t\t\t\t\t\t\t\t<\/div>\n\t\t\t\t<\/div>\n\t\t\t\t<\/div>\n\t\t\t\t<\/div>\n\t\t\t\t\t<\/div>\n\t\t\t\t<\/div>\n\t\t\t\t<\/div>","protected":false},"excerpt":{"rendered":"<p>Advent is the four-week liturgical season that precedes Christmas. The term \u201cAdvent\u201d is derived from the Latin word\u00a0adventus which means \u201ccoming.\u201d The resources below dig deeper into this liturgical season, and help us understand how we can prepare ourselves for the coming of our Lord. Advent: A Season of Waiting Waiting\u2026. Few of us like [&hellip;]<\/p>\n","protected":false},"author":2,"featured_media":6030,"parent":0,"menu_order":0,"comment_status":"closed","ping_status":"closed","template":"","meta":{"footnotes":""},"class_list":["post-1522","page","type-page","status-publish","has-post-thumbnail","hentry"],"_links":{"self":[{"href":"https:\/\/www.archspm.org\/es\/wp-json\/wp\/v2\/pages\/1522","targetHints":{"allow":["GET"]}}],"collection":[{"href":"https:\/\/www.archspm.org\/es\/wp-json\/wp\/v2\/pages"}],"about":[{"href":"https:\/\/www.archspm.org\/es\/wp-json\/wp\/v2\/types\/page"}],"author":[{"embeddable":true,"href":"https:\/\/www.archspm.org\/es\/wp-json\/wp\/v2\/users\/2"}],"replies":[{"embeddable":true,"href":"https:\/\/www.archspm.org\/es\/wp-json\/wp\/v2\/comments?post=1522"}],"version-history":[{"count":0,"href":"https:\/\/www.archspm.org\/es\/wp-json\/wp\/v2\/pages\/1522\/revisions"}],"wp:featuredmedia":[{"embeddable":true,"href":"https:\/\/www.archspm.org\/es\/wp-json\/wp\/v2\/media\/6030"}],"wp:attachment":[{"href":"https:\/\/www.archspm.org\/es\/wp-json\/wp\/v2\/media?parent=1522"}],"curies":[{"name":"wp","href":"https:\/\/api.w.org\/{rel}","templated":true}]}}