{"id":1527,"date":"2021-11-22T22:12:08","date_gmt":"2021-11-23T03:12:08","guid":{"rendered":"https:\/\/www.archspm.org\/advent-activities\/"},"modified":"2025-12-04T16:47:44","modified_gmt":"2025-12-04T21:47:44","slug":"advent-activities","status":"publish","type":"page","link":"https:\/\/www.archspm.org\/es\/advent-activities\/","title":{"rendered":"Actividades de Adviento"},"content":{"rendered":"<div data-elementor-type=\"wp-page\" data-elementor-id=\"1527\" class=\"elementor elementor-1527\" data-elementor-post-type=\"page\">\n\t\t\t\t<div class=\"elementor-element elementor-element-4ab1803a e-flex e-con-boxed e-con e-parent\" data-id=\"4ab1803a\" data-element_type=\"container\" data-e-type=\"container\" data-settings=\"{&quot;jet_parallax_layout_list&quot;:[]}\">\n\t\t\t\t\t<div class=\"e-con-inner\">\n\t\t\t\t<div class=\"elementor-element elementor-element-524c381c elementor-widget elementor-widget-text-editor\" data-id=\"524c381c\" data-element_type=\"widget\" data-e-type=\"widget\" data-widget_type=\"text-editor.default\">\n\t\t\t\t\t\t\t\t\t<img fetchpriority=\"high\" decoding=\"async\" class=\"alignright size-medium wp-image-7756\" src=\"https:\/\/www.archspm.org\/wp-content\/uploads\/2025\/04\/AdventActivities_home-1-300x225.jpg\" alt=\"\" width=\"300\" height=\"225\" srcset=\"https:\/\/www.archspm.org\/wp-content\/uploads\/2025\/04\/AdventActivities_home-1-300x225.jpg 300w, https:\/\/www.archspm.org\/wp-content\/uploads\/2025\/04\/AdventActivities_home-1-16x12.jpg 16w, https:\/\/www.archspm.org\/wp-content\/uploads\/2025\/04\/AdventActivities_home-1.jpg 400w\" sizes=\"(max-width: 300px) 100vw, 300px\" \/>\u00a1Descubre nuevas formas de acercarte a nuestro Se\u00f1or durante este Adviento a trav\u00e9s de los libros, los estudios b\u00edblicos y las actividades familiares que te proponemos a continuaci\u00f3n!\r\n<h3>Actividades de Adviento<\/h3>\r\n<strong>Haz una corona de Adviento.\u00a0<\/strong>\r\n<ul>\r\n \t<li><a href=\"https:\/\/www.loyolapress.com\/catholic-resources\/parish-ministry\/intergenerational-catechesis\/advent\/advent-wreath-activity-center\/\" target=\"_blank\" rel=\"noopener\"><span data-contrast=\"none\">Centro de actividades: Corona de Adviento<\/span><\/a><span data-contrast=\"auto\">\u202f\u2013 Loyola Press\u202f<\/span><span data-ccp-props=\"{&quot;201341983&quot;:0,&quot;335559685&quot;:1080,&quot;335559731&quot;:0,&quot;335559739&quot;:160,&quot;335559740&quot;:240}\">\u00a0<\/span><\/li>\r\n<\/ul>\r\n<strong>Decora un \u00e1rbol de Jes\u00e9.\u202f\u00a0<\/strong>\r\n<ul>\r\n \t<li><a href=\"https:\/\/www.loyolapress.com\/catholic-resources\/liturgical-year\/advent\/the-jesse-tree\/\" target=\"_blank\" rel=\"noopener\"><span data-contrast=\"none\">El \u00c1rbol de Jes\u00e9<\/span><\/a><span data-contrast=\"auto\">\u202f\u2013 Loyola Press\u202f<\/span><span data-ccp-props=\"{&quot;201341983&quot;:0,&quot;335559685&quot;:1080,&quot;335559731&quot;:0,&quot;335559739&quot;:160,&quot;335559740&quot;:240}\">\u00a0<\/span><\/li>\r\n<\/ul>\r\n<strong>Haz la cuenta atr\u00e1s para Navidad con un calendario de Adviento.\u00a0<\/strong>\r\n<ul>\r\n \t<li>Calendario de Adviento digital (\u00a1pr\u00f3ximamente!)<\/li>\r\n \t<li><a style=\"font-weight: 300;\" href=\"https:\/\/www.loyolapress.com\/catholic-resources\/liturgical-year\/advent\/calendars\/printable-advent-calendars\/\" target=\"_blank\" rel=\"noopener\"><span data-contrast=\"none\">Calendarios de Adviento para imprimir<\/span><\/a><span style=\"font-weight: 300;\" data-contrast=\"auto\">\u202f\u2013 Loyola Press\u202f<\/span><span style=\"font-weight: 300;\" data-ccp-props=\"{&quot;201341983&quot;:0,&quot;335559685&quot;:1080,&quot;335559731&quot;:0,&quot;335559739&quot;:160,&quot;335559740&quot;:240}\">\u00a0<\/span><\/li>\r\n<\/ul>\r\n<strong>\u00danete a un estudio b\u00edblico de Adviento u organ\u00edzalo.\u202f\u00a0<\/strong>\r\n<ul>\r\n \t<li><a href=\"https:\/\/www.archspm.org\/es\/resource_downloads\/a-journey-to-betlehem\/\"><span data-contrast=\"none\">Estudio b\u00edblico de Adviento: Un viaje a Bel\u00e9n con el padre John Echert<\/span><\/a><span data-contrast=\"auto\">\u202f(Local)\u202f<\/span><span data-ccp-props=\"{&quot;201341983&quot;:0,&quot;335559685&quot;:1080,&quot;335559731&quot;:0,&quot;335559739&quot;:160,&quot;335559740&quot;:240}\">\u00a0<\/span><\/li>\r\n \t<li><a href=\"https:\/\/ascensionpress.com\/pages\/rejoice-finding-your-place-in-the-advent-story-downloadable-resources\" target=\"_blank\" rel=\"noopener\"><span data-contrast=\"none\">\u00a1Al\u00e9grate! Encuentra tu lugar en la historia del Adviento<\/span><\/a><span data-contrast=\"auto\">\u202f- Ascension Press\u202f<\/span><span data-ccp-props=\"{&quot;201341983&quot;:0,&quot;335559685&quot;:1080,&quot;335559731&quot;:0,&quot;335559739&quot;:160,&quot;335559740&quot;:240}\">\u00a0<\/span><\/li>\r\n \t<li><a href=\"https:\/\/blessedisshe.net\/product-category\/advent\/\" target=\"_blank\" rel=\"noopener\"><span data-contrast=\"none\">Y el heno se convirti\u00f3 en un devocional sagrado<\/span><\/a><span data-contrast=\"auto\">\u202f\u2013 Bendita sea ella\u202f<\/span><span data-ccp-props=\"{&quot;201341983&quot;:0,&quot;335559685&quot;:1080,&quot;335559731&quot;:0,&quot;335559739&quot;:160,&quot;335559740&quot;:240}\">\u00a0<\/span><\/li>\r\n \t<li><a href=\"https:\/\/catholicsprouts.com\/nativity-trail-advent-devotional-families\/\" target=\"_blank\" rel=\"noopener\"><span data-contrast=\"none\">Ruta de la Natividad: Devocional de Adviento para familias<\/span><\/a><span data-contrast=\"auto\">\u202f\u2013 Catholic Sprouts\u202f<\/span><span data-ccp-props=\"{&quot;201341983&quot;:0,&quot;335559685&quot;:1080,&quot;335559731&quot;:0,&quot;335559739&quot;:160,&quot;335559740&quot;:240}\">\u00a0<\/span><\/li>\r\n<\/ul>\r\n<strong>Visita a las personas confinadas en sus hogares.\u00a0<\/strong>\r\n\r\n<strong>Colabora en un comedor social, un refugio o un centro para mujeres.\u202f\u00a0<\/strong>\r\n\r\n<strong>Crea un ritual para los domingos de Adviento.\u00a0<\/strong>\r\n\r\n<strong>Haz una donaci\u00f3n especial a tu parroquia.\u00a0<\/strong>\r\n\r\n<strong>Ve de puerta en puerta cantando villancicos por tu barrio.\u00a0<\/strong>\r\n\r\n<span data-contrast=\"auto\"><strong>Lee sobre el Adviento y la Navidad.<\/strong> <\/span>\r\n<ul>\r\n \t<li><span data-contrast=\"auto\">V\u00e9ase: <a href=\"https:\/\/www.archspm.org\/es\/advent\/what-is-advent\/\">\u00bfQu\u00e9 es el Adviento?<\/a><\/span><\/li>\r\n<\/ul>\r\n<span data-contrast=\"auto\"><strong>Disfruta de la m\u00fasica de Adviento y Navidad.<\/strong>\u202f(La mayor\u00eda de los servicios de streaming de m\u00fasica ofrecen listas de reproducci\u00f3n ya creadas.)\u202f<\/span><span data-ccp-props=\"{&quot;201341983&quot;:0,&quot;335559685&quot;:360,&quot;335559731&quot;:0,&quot;335559739&quot;:160,&quot;335559740&quot;:240}\">\u00a0<\/span>\r\n<ul>\r\n \t<li><span data-contrast=\"auto\">Lista de reproducci\u00f3n de Spotify \u2013\u202f<\/span><a href=\"https:\/\/open.spotify.com\/playlist\/6Dk6v0SIHkHfjntXGzW1qd?si=3826e2d9b7804806\" target=\"_blank\" rel=\"noopener\"><span data-contrast=\"none\">Adviento<\/span><\/a><span data-contrast=\"auto\">\u202f<\/span><span data-ccp-props=\"{&quot;201341983&quot;:0,&quot;335559685&quot;:1080,&quot;335559731&quot;:0,&quot;335559739&quot;:160,&quot;335559740&quot;:240}\">\u00a0<\/span><\/li>\r\n \t<li><span data-contrast=\"auto\">Lista de reproducci\u00f3n de Spotify \u2013\u202f<\/span><a href=\"https:\/\/open.spotify.com\/playlist\/2LdqTo6auGkw2AAYbeXXs8?si=b48dcb8735394e79\" target=\"_blank\" rel=\"noopener\"><span data-contrast=\"none\">Navidad<\/span><\/a><span data-contrast=\"auto\">\u202f\u202f<\/span><span data-ccp-props=\"{&quot;201341983&quot;:0,&quot;335559685&quot;:1080,&quot;335559731&quot;:0,&quot;335559739&quot;:160,&quot;335559740&quot;:240}\">\u00a0<\/span><\/li>\r\n<\/ul>\r\n<span data-contrast=\"auto\"><strong>Monta un bel\u00e9n.\u202f<\/strong>(\u00a1No te olvides de poner a Jes\u00fas en el pesebre el d\u00eda de Navidad!)\u202f<\/span><span data-ccp-props=\"{&quot;201341983&quot;:0,&quot;335559685&quot;:360,&quot;335559731&quot;:0,&quot;335559739&quot;:160,&quot;335559740&quot;:240}\">\u00a0<\/span>\r\n<ul>\r\n \t<li><a href=\"https:\/\/www.archspm.org\/es\/faith-and-discipleship\/catholic-faith\/i-know-jesus-was-born-in-a-manger-but-why-is-that-important-and-what-does-it-mean\/\">S\u00e9 que Jes\u00fas naci\u00f3 en un pesebre, pero \u00bfpor qu\u00e9 es importante y qu\u00e9 significa?<\/a><\/li>\r\n<\/ul>\r\n<strong>Apoya a tu organizaci\u00f3n ben\u00e9fica favorita, ya sea con dinero o dedic\u00e1ndole tu tiempo.\u00a0<\/strong>\r\n\r\n<strong>Ve una pel\u00edcula navide\u00f1a.\u202f\u00a0<\/strong>\r\n<ul>\r\n \t<li><a href=\"https:\/\/catholiccurrent.org\/living-the-faith\/classic-christmas-movies\/\" target=\"_blank\" rel=\"noopener\"><span data-contrast=\"none\">Pel\u00edculas cl\u00e1sicas de Navidad<\/span><\/a><span data-contrast=\"auto\">\u202f\u2013 Catholic Current de la USCCB\u202f<\/span><span data-ccp-props=\"{&quot;201341983&quot;:0,&quot;335559685&quot;:1080,&quot;335559731&quot;:0,&quot;335559739&quot;:160,&quot;335559740&quot;:240}\">\u00a0<\/span><\/li>\r\n<\/ul>\r\n<strong>Llama a un amigo o familiar con quien no hayas hablado desde hace tiempo.\u202f\u00a0<\/strong>\r\n\r\n<strong>Env\u00eda tarjetas de Navidad a tus amigos y familiares, e incluye un mensaje escrito a mano en cada una.\u00a0<\/strong>\r\n\r\n<strong>Invita a tus amigos y familiares a tu casa para tomar un caf\u00e9 o disfrutar de una comida casera.\u00a0<\/strong>\r\n<h3>Libros \/ Recursos impresos<\/h3>\r\n<a class=\"Hyperlink SCXW220683359 BCX0\" href=\"https:\/\/www.wordonfire.org\/resources\/blog\/advent-reading-these-books-can-help-bring-the-light\/29094\/\" target=\"_blank\" rel=\"noreferrer noopener\"><span class=\"TextRun Underlined SCXW220683359 BCX0\" lang=\"EN-US\" data-contrast=\"none\"><span class=\"NormalTextRun SCXW220683359 BCX0\">Lecturas de Adviento: Estos libros pueden ayudarte a traer la luz<\/span><\/span><\/a><span class=\"TextRun SCXW220683359 BCX0\" lang=\"EN-US\" data-contrast=\"auto\"><span class=\"NormalTextRun SCXW220683359 BCX0\">\u202f<\/span><\/span><span class=\"EOP SCXW220683359 BCX0\" data-ccp-props=\"{&quot;201341983&quot;:0,&quot;335559739&quot;:160,&quot;335559740&quot;:240}\"> \u2013 Word on Fire<\/span>\r\n\r\n<a href=\"https:\/\/ascensionpress.com\/search?type=article%2Cpage%2Cproduct&amp;q=advent\" target=\"_blank\" rel=\"noopener\"><span data-contrast=\"none\">Materiales impresos para el Adviento<\/span><\/a><span data-contrast=\"auto\">\u202f-\u00a0<\/span><span data-contrast=\"none\">Ascension Press\u202f<\/span><span data-ccp-props=\"{&quot;134233117&quot;:true,&quot;134233118&quot;:true,&quot;201341983&quot;:0,&quot;335559740&quot;:240}\">\u00a0<\/span>\r\n\r\n<a href=\"https:\/\/blessedisshe.net\/product-category\/advent\" target=\"_blank\" rel=\"noopener\"><span data-contrast=\"none\">Devocional de Adviento<\/span><\/a><span data-contrast=\"auto\">\u202f- Bendita sea ella\u202f<\/span><span data-ccp-props=\"{&quot;201341983&quot;:0,&quot;335559739&quot;:160,&quot;335559740&quot;:240}\">\u00a0<\/span>\r\n\r\n<a href=\"https:\/\/bookstore.magnificat.net\/catalogsearch\/result\/?q=advent\" target=\"_blank\" rel=\"noopener\"><span data-contrast=\"none\">Gu\u00eda de Adviento 2021<\/span><\/a><span data-contrast=\"auto\">\u202f- Magnificat\u202f<\/span><span data-ccp-props=\"{&quot;201341983&quot;:0,&quot;335559739&quot;:160,&quot;335559740&quot;:240}\">\u00a0<\/span>\r\n\r\n<a href=\"https:\/\/www.lighthousecatholicmedia.org\/search?q=christmas\" target=\"_blank\" rel=\"noopener\"><span data-contrast=\"none\">Materiales impresos y libros navide\u00f1os<\/span><\/a><span data-contrast=\"auto\">\u202f-\u00a0<\/span><span data-contrast=\"none\">Instituto Agust\u00edn\u202f<\/span><span data-ccp-props=\"{&quot;134233117&quot;:true,&quot;134233118&quot;:true,&quot;201341983&quot;:0,&quot;335559740&quot;:240}\">\u00a0<\/span>\r\n\r\n<a href=\"https:\/\/www.dynamiccatholic.com\/search?q=christmas&amp;lang=default\" target=\"_blank\" rel=\"noopener\"><span data-contrast=\"none\">Libros navide\u00f1os<\/span><\/a><span data-contrast=\"none\">\u202f- Dynamic Catholic\u202f<\/span><span data-ccp-props=\"{&quot;201341983&quot;:0,&quot;335559739&quot;:160,&quot;335559740&quot;:259}\">\u00a0<\/span>\r\n<h3>Recursos en l\u00ednea<\/h3>\r\n<a href=\"https:\/\/www.eucharisticrevival.org\/post\/the-coming-of-the-lord-helping-children-prepare-during-advent\" target=\"_blank\" rel=\"noopener\">La venida del Se\u00f1or: c\u00f3mo ayudar a los ni\u00f1os a prepararse durante el Adviento<\/a> \u2013 Renacimiento Eucar\u00edstico Nacional\r\n\r\n<a href=\"https:\/\/blessedisshe.net\/blog\/awesome-advent-resources\/\" target=\"_blank\" rel=\"noopener\"><span data-contrast=\"none\">\u201cEntrada del blog \u201dRecursos geniales para el Adviento\u00bb<\/span><\/a><span data-contrast=\"auto\">\u202f- Bendita sea ella\u202f<\/span><span data-ccp-props=\"{&quot;201341983&quot;:0,&quot;335559739&quot;:160,&quot;335559740&quot;:240}\">\u00a0<\/span>\r\n\r\n<a href=\"https:\/\/catholicsprouts.com\/advent-christmas-resources\/\" target=\"_blank\" rel=\"noopener\"><span data-contrast=\"none\">Recursos de Adviento y Navidad para familias<\/span><\/a><span data-contrast=\"none\">\u202f- Catholic Sprouts\u202f<\/span><span data-ccp-props=\"{&quot;201341983&quot;:0,&quot;335559739&quot;:160,&quot;335559740&quot;:240}\">\u00a0<\/span>\t\t\t\t\t\t\t\t<\/div>\n\t\t\t\t\t<\/div>\n\t\t\t\t<\/div>\n\t\t<div class=\"elementor-element elementor-element-2ac7f21 e-flex e-con-boxed e-con e-parent\" data-id=\"2ac7f21\" data-element_type=\"container\" data-e-type=\"container\" data-settings=\"{&quot;jet_parallax_layout_list&quot;:[]}\">\n\t\t\t\t\t<div class=\"e-con-inner\">\n\t\t<div class=\"elementor-element elementor-element-8536453 e-con-full e-flex e-con e-child\" data-id=\"8536453\" data-element_type=\"container\" data-e-type=\"container\" data-settings=\"{&quot;jet_parallax_layout_list&quot;:[]}\">\n\t\t<div class=\"elementor-element elementor-element-01ea1bc e-con-full e-flex e-con e-child\" data-id=\"01ea1bc\" data-element_type=\"container\" data-e-type=\"container\" data-settings=\"{&quot;background_background&quot;:&quot;classic&quot;,&quot;jet_parallax_layout_list&quot;:[]}\">\n\t\t<div class=\"elementor-element elementor-element-580e0e9 e-con-full e-flex e-con e-child\" data-id=\"580e0e9\" data-element_type=\"container\" data-e-type=\"container\" data-settings=\"{&quot;jet_parallax_layout_list&quot;:[]}\">\n\t\t\t\t<div class=\"elementor-element elementor-element-c088213 elementor-widget elementor-widget-image\" data-id=\"c088213\" data-element_type=\"widget\" data-e-type=\"widget\" data-widget_type=\"image.default\">\n\t\t\t\t\t\t\t\t\t\t\t\t\t\t\t<img decoding=\"async\" width=\"150\" height=\"150\" src=\"https:\/\/www.archspm.org\/wp-content\/uploads\/2025\/07\/Archbishop-Hebda_sm-e1752783360797-150x150.jpg\" class=\"attachment-thumbnail size-thumbnail wp-image-9864\" alt=\"\" srcset=\"https:\/\/www.archspm.org\/wp-content\/uploads\/2025\/07\/Archbishop-Hebda_sm-e1752783360797-150x150.jpg 150w, https:\/\/www.archspm.org\/wp-content\/uploads\/2025\/07\/Archbishop-Hebda_sm-e1752783360797-300x300.jpg 300w, https:\/\/www.archspm.org\/wp-content\/uploads\/2025\/07\/Archbishop-Hebda_sm-e1752783360797-768x768.jpg 768w, https:\/\/www.archspm.org\/wp-content\/uploads\/2025\/07\/Archbishop-Hebda_sm-e1752783360797-12x12.jpg 12w, https:\/\/www.archspm.org\/wp-content\/uploads\/2025\/07\/Archbishop-Hebda_sm-e1752783360797-400x400.jpg 400w, https:\/\/www.archspm.org\/wp-content\/uploads\/2025\/07\/Archbishop-Hebda_sm-e1752783360797-600x600.jpg 600w, https:\/\/www.archspm.org\/wp-content\/uploads\/2025\/07\/Archbishop-Hebda_sm-e1752783360797.jpg 858w\" sizes=\"(max-width: 150px) 100vw, 150px\" \/>\t\t\t\t\t\t\t\t\t\t\t\t\t\t\t<\/div>\n\t\t\t\t<\/div>\n\t\t<div class=\"elementor-element elementor-element-a6277a7 e-con-full e-flex e-con e-child\" data-id=\"a6277a7\" data-element_type=\"container\" data-e-type=\"container\" data-settings=\"{&quot;jet_parallax_layout_list&quot;:[]}\">\n\t\t\t\t<div class=\"elementor-element elementor-element-78a8ca3 elementor-widget elementor-widget-text-editor\" data-id=\"78a8ca3\" data-element_type=\"widget\" data-e-type=\"widget\" data-widget_type=\"text-editor.default\">\n\t\t\t\t\t\t\t\t\t<h2 style=\"text-align: left;\"><span style=\"color: #c39519;\"><strong><a style=\"color: #c39519;\" href=\"https:\/\/www.archspm.org\/es\/togetheronthejourney\/\">\u00a1Suscr\u00edbase a Juntos en el viaje del arzobispo Hebda!<\/a><\/strong><\/span><\/h2><p><span class=\"ui-provider en ccw bzq ccx ccy ccz cda cdb cdc cdd cde cdf cdg cdh cdi cdj cdk cdl cdm cdn cdo cdp cdq cdr cds cdt cdu cdv cdw cdx cdy cdz cea ceb cec\" dir=\"ltr\" style=\"color: #ffffff;\"> Reciba un v\u00eddeo mensual y actualizaciones semanales del arzobispo Bernard Hebda. <span style=\"text-decoration: underline;\"><strong><a class=\"fui-Link ___1eya986 f3rmtva f1ewtqcl fyind8e f1k6fduh f1w7gpdv fk6fouc fjoy568 figsok6 f1hu3pq6 f11qmguv f19f4twv f1tyq0we f1g0x7ka fhxju0i f1qch9an f1cnd47f fqv5qza f1vmzxwi f1o700av f13mvf36 f1cmlufx f9n3di6 f1ids18y f1tx3yz7 f1deo86v f1eh06m1 f1iescvh fhgqx19 f1olyrje f1p93eir f1nev41a f1h8hb77 f1x7u7e9 f10aw75t fsle3fq f17ae5zn\" style=\"color: #ffffff; text-decoration: underline;\" title=\"https:\/\/www.archspm.org\/togetheronthejourney\" href=\"https:\/\/www.archspm.org\/es\/togetheronthejourney\/\" target=\"_blank\" rel=\"noreferrer noopener\" aria-label=\"Enlace \u00a1Inscr\u00edbete aqu\u00ed!\">Inscr\u00edbete aqu\u00ed<\/a><\/strong><\/span><\/span><\/p>\t\t\t\t\t\t\t\t<\/div>\n\t\t\t\t<\/div>\n\t\t\t\t<\/div>\n\t\t\t\t<\/div>\n\t\t\t\t\t<\/div>\n\t\t\t\t<\/div>\n\t\t\t\t<\/div>","protected":false},"excerpt":{"rendered":"<p>Find new ways to draw closer to our Lord this Advent through books, Bible studies and family activities below! Advent Activities Create an Advent wreath.\u202f\u00a0 Activity Center: Advent Wreath\u202f\u2013 Loyola Press\u202f\u00a0 Decorate a Jesse Tree.\u202f\u00a0 The Jesse Tree\u202f\u2013 Loyola Press\u202f\u00a0 Count down\u202fto Christmas with an Advent Calendar.\u202f\u00a0 Digital Advent Calendar (coming soon!) Printable Advent\u202fCalendars\u202f\u2013 Loyola [&hellip;]<\/p>\n","protected":false},"author":2,"featured_media":0,"parent":0,"menu_order":0,"comment_status":"closed","ping_status":"closed","template":"","meta":{"footnotes":""},"class_list":["post-1527","page","type-page","status-publish","hentry"],"_links":{"self":[{"href":"https:\/\/www.archspm.org\/es\/wp-json\/wp\/v2\/pages\/1527","targetHints":{"allow":["GET"]}}],"collection":[{"href":"https:\/\/www.archspm.org\/es\/wp-json\/wp\/v2\/pages"}],"about":[{"href":"https:\/\/www.archspm.org\/es\/wp-json\/wp\/v2\/types\/page"}],"author":[{"embeddable":true,"href":"https:\/\/www.archspm.org\/es\/wp-json\/wp\/v2\/users\/2"}],"replies":[{"embeddable":true,"href":"https:\/\/www.archspm.org\/es\/wp-json\/wp\/v2\/comments?post=1527"}],"version-history":[{"count":0,"href":"https:\/\/www.archspm.org\/es\/wp-json\/wp\/v2\/pages\/1527\/revisions"}],"wp:attachment":[{"href":"https:\/\/www.archspm.org\/es\/wp-json\/wp\/v2\/media?parent=1527"}],"curies":[{"name":"wp","href":"https:\/\/api.w.org\/{rel}","templated":true}]}}