{"id":1529,"date":"2021-11-24T05:02:18","date_gmt":"2021-11-24T10:02:18","guid":{"rendered":"https:\/\/www.archspm.org\/advent-prayers\/"},"modified":"2025-12-04T16:47:18","modified_gmt":"2025-12-04T21:47:18","slug":"advent-prayers","status":"publish","type":"page","link":"https:\/\/www.archspm.org\/es\/advent-prayers\/","title":{"rendered":"Oraciones de Adviento"},"content":{"rendered":"<div data-elementor-type=\"wp-page\" data-elementor-id=\"1529\" class=\"elementor elementor-1529\" data-elementor-post-type=\"page\">\n\t\t\t\t<div class=\"elementor-element elementor-element-3dfcd436 e-flex e-con-boxed e-con e-parent\" data-id=\"3dfcd436\" data-element_type=\"container\" data-e-type=\"container\" data-settings=\"{&quot;jet_parallax_layout_list&quot;:[]}\">\n\t\t\t\t\t<div class=\"e-con-inner\">\n\t\t\t\t<div class=\"elementor-element elementor-element-76c1cb3b elementor-widget elementor-widget-text-editor\" data-id=\"76c1cb3b\" data-element_type=\"widget\" data-e-type=\"widget\" data-widget_type=\"text-editor.default\">\n\t\t\t\t\t\t\t\t\t<blockquote><p>\u201cSi est\u00e1s demasiado ocupado para rezar\u2026 es que est\u00e1s demasiado ocupado\u201d.\u201d<\/p><p>Madre Teresa<\/p><\/blockquote><p><a href=\"https:\/\/www.archspm.org\/wp-content\/uploads\/2025\/04\/Advent-Prayers_home.jpg\"><img fetchpriority=\"high\" decoding=\"async\" class=\"alignright size-medium wp-image-7757\" src=\"https:\/\/www.archspm.org\/wp-content\/uploads\/2025\/04\/Advent-Prayers_home-300x225.jpg\" alt=\"\" width=\"300\" height=\"225\" srcset=\"https:\/\/www.archspm.org\/wp-content\/uploads\/2025\/04\/Advent-Prayers_home-300x225.jpg 300w, https:\/\/www.archspm.org\/wp-content\/uploads\/2025\/04\/Advent-Prayers_home-16x12.jpg 16w, https:\/\/www.archspm.org\/wp-content\/uploads\/2025\/04\/Advent-Prayers_home.jpg 400w\" sizes=\"(max-width: 300px) 100vw, 300px\" \/><\/a>Es muy importante, mientras preparamos nuestros corazones durante el Adviento, dedicar tiempo a la oraci\u00f3n. Estas hermosas oraciones ayudar\u00e1n incluso a los m\u00e1s ocupados a dar prioridad a la oraci\u00f3n.<\/p><h3><a class=\"Hyperlink BCX0 SCXW77227140\" href=\"https:\/\/thecatholicspirit.com\/featured\/advent-week-2-prayer-reflection-busy-households\/%22%20\/o%20%22Permanent%20Link%20to%20Advent%20Week%202%20%E2%80%93%20Prayer%20and%20reflection%20for%20busy%20households\" target=\"_blank\" rel=\"noreferrer noopener\"><span class=\"FieldRange BCX0 SCXW77227140\"><span class=\"TextRun BCX0 SCXW77227140\" lang=\"EN-US\" data-contrast=\"none\"><span class=\"NormalTextRun BCX0 SCXW77227140\" data-ccp-charstyle=\"Hyperlink\">Adviento P<\/span><span class=\"NormalTextRun BCX0 SCXW77227140\" data-ccp-charstyle=\"Hyperlink\">Oraci\u00f3n y reflexi\u00f3n para familias ocupadas<\/span><\/span><\/span><\/a><\/h3><ul><li><a href=\"https:\/\/thecatholicspirit.com\/featured\/advent-week-1\/\" target=\"_blank\" rel=\"noopener\">Semana 1<\/a><\/li><li><a href=\"https:\/\/thecatholicspirit.com\/featured\/advent-week-2-prayer-reflection-busy-households\/\" target=\"_blank\" rel=\"noopener\">Semana 2<\/a><\/li><li><a href=\"https:\/\/thecatholicspirit.com\/featured\/advent-week-3-prayer-reflection-busy-households\/\" target=\"_blank\" rel=\"noopener\">Semana 3<\/a><\/li><li><a href=\"https:\/\/thecatholicspirit.com\/featured\/advent-week-4-prayer-reflection-busy-households\/\" target=\"_blank\" rel=\"noopener\">Semana 4<\/a><\/li><\/ul><h3>Oraciones de los obispos de Estados Unidos<\/h3><ul><li><a href=\"https:\/\/www.usccb.org\/prayers\/blessing-advent-wreath\" target=\"_blank\" rel=\"noopener\"><span data-contrast=\"none\">Oraci\u00f3n para la bendici\u00f3n de una corona de Adviento<\/span><\/a><span data-contrast=\"auto\">\u202f<\/span><span data-ccp-props=\"{&quot;201341983&quot;:0,&quot;335559739&quot;:160,&quot;335559740&quot;:240}\">\u00a0<\/span><\/li><li><a href=\"https:\/\/www.usccb.org\/prayers\/blessing-christmas-tree\" target=\"_blank\" rel=\"noopener\"><span data-contrast=\"none\">Oraci\u00f3n para la bendici\u00f3n del \u00e1rbol de Navidad<\/span><\/a><span data-contrast=\"auto\">\u202f<\/span><span data-ccp-props=\"{&quot;201341983&quot;:0,&quot;335559739&quot;:160,&quot;335559740&quot;:240}\">\u00a0<\/span><\/li><li><a href=\"https:\/\/www.usccb.org\/prayers\/blessing-christmas-manger-or-nativity-scene\" target=\"_blank\" rel=\"noopener\"><span data-contrast=\"none\">Oraci\u00f3n para la bendici\u00f3n de un pesebre o bel\u00e9n<\/span><\/a><span data-contrast=\"auto\">\u202f<\/span><span data-ccp-props=\"{&quot;201341983&quot;:0,&quot;335559739&quot;:160,&quot;335559740&quot;:240}\">\u00a0<\/span><\/li><li><a href=\"https:\/\/www.usccb.org\/prayers\/prayer-new-year\" target=\"_blank\" rel=\"noopener\"><span data-contrast=\"none\">Oraci\u00f3n para el A\u00f1o Nuevo<\/span><\/a><span data-contrast=\"auto\">\u202f<\/span><span data-ccp-props=\"{&quot;201341983&quot;:0,&quot;335559739&quot;:160,&quot;335559740&quot;:240}\">\u00a0<\/span><\/li><li><a href=\"https:\/\/www.usccb.org\/prayers\/o-antiphons-advent\" target=\"_blank\" rel=\"noopener\"><span data-contrast=\"none\">Las \u201cant\u00edfonas O\u201d de las oraciones de Adviento<\/span><\/a><span data-contrast=\"auto\">\u202f<\/span><\/li><\/ul><h3>Oraciones de temporada<\/h3><ul><li><a href=\"https:\/\/ascensionpress.com\/pages\/st-andrews-christmas-novena\" target=\"_blank\" rel=\"noopener\">Novena de Navidad de San Andr\u00e9s<\/a> \u2013 Ascension Press<\/li><li><span data-contrast=\"auto\"><a class=\"Hyperlink SCXW237934942 BCX0\" href=\"https:\/\/www.archspm.org\/es\/faith-and-discipleship\/prayer\/catholic-prayers\/childrens-prayer-to-st-nicholas\/\" target=\"_blank\" rel=\"noreferrer noopener\"><span class=\"TextRun Underlined SCXW237934942 BCX0\" lang=\"EN-US\" data-contrast=\"none\"><span class=\"NormalTextRun SCXW237934942 BCX0\" data-ccp-charstyle=\"Hyperlink\">Oraci\u00f3n de los ni\u00f1os a San Nicol\u00e1s<\/span><\/span><\/a><span class=\"EOP SCXW237934942 BCX0\" data-ccp-props=\"{&quot;201341983&quot;:0,&quot;335559739&quot;:160,&quot;335559740&quot;:240}\">\u00a0<\/span>\u202f<\/span><span data-ccp-props=\"{&quot;201341983&quot;:0,&quot;335559739&quot;:160,&quot;335559740&quot;:240}\">\u00a0<\/span><\/li><li><a class=\"Hyperlink SCXW209945451 BCX0\" href=\"https:\/\/www.archspm.org\/es\/faith-and-discipleship\/prayer\/catholic-prayers\/christs-candle-of-hope\/\" target=\"_blank\" rel=\"noreferrer noopener\"><span class=\"TextRun Underlined SCXW209945451 BCX0\" lang=\"EN-US\" data-contrast=\"none\"><span class=\"NormalTextRun SCXW209945451 BCX0\" data-ccp-charstyle=\"Hyperlink\">La vela de esperanza de Cristo<\/span><\/span><\/a><span class=\"EOP SCXW209945451 BCX0\" data-ccp-props=\"{&quot;201341983&quot;:0,&quot;335559739&quot;:160,&quot;335559740&quot;:240}\">\u00a0<\/span><\/li><li><a href=\"https:\/\/www.loyolapress.com\/catholic-resources\/liturgical-year\/advent\/prayers\" target=\"_blank\" rel=\"noopener\"><span data-contrast=\"none\">\u201cOraciones para el Adviento\u201d<\/span><\/a><span data-contrast=\"auto\">\u202f<\/span><span data-contrast=\"auto\">\u2013\u00a0<\/span><span data-contrast=\"none\">Loyola Press\u202f<\/span><span data-contrast=\"auto\">\u202f<\/span><span data-ccp-props=\"{&quot;201341983&quot;:0,&quot;335559739&quot;:160,&quot;335559740&quot;:240}\">\u00a0<\/span><\/li><li><a href=\"https:\/\/docs.google.com\/document\/d\/1KmaZpoG--JJEcpfURaOpVwZaktZg2SdD\/edit\" target=\"_blank\" rel=\"noopener\">Examen de Adviento<\/a> y otros <a href=\"https:\/\/drive.google.com\/drive\/folders\/1ioYDIQO3bQ5O1QxYx8yqEmWYfvNbVJ42\" target=\"_blank\" rel=\"noopener\">Recursos sobre el cuidado de la creaci\u00f3n<\/a><\/li><\/ul>\t\t\t\t\t\t\t\t<\/div>\n\t\t\t\t\t<\/div>\n\t\t\t\t<\/div>\n\t\t<div class=\"elementor-element elementor-element-f124e7c e-flex e-con-boxed e-con e-parent\" data-id=\"f124e7c\" data-element_type=\"container\" data-e-type=\"container\" data-settings=\"{&quot;jet_parallax_layout_list&quot;:[]}\">\n\t\t\t\t\t<div class=\"e-con-inner\">\n\t\t<div data-dce-background-color=\"#123E6B\" class=\"elementor-element elementor-element-08574df e-con-full e-flex e-con e-child\" data-id=\"08574df\" data-element_type=\"container\" data-e-type=\"container\" data-settings=\"{&quot;background_background&quot;:&quot;classic&quot;,&quot;jet_parallax_layout_list&quot;:[]}\">\n\t\t<div class=\"elementor-element elementor-element-f3812ff e-con-full e-flex e-con e-child\" data-id=\"f3812ff\" data-element_type=\"container\" data-e-type=\"container\" data-settings=\"{&quot;jet_parallax_layout_list&quot;:[]}\">\n\t\t\t\t<div class=\"elementor-element elementor-element-fb94ba0 elementor-widget elementor-widget-image\" data-id=\"fb94ba0\" data-element_type=\"widget\" data-e-type=\"widget\" data-widget_type=\"image.default\">\n\t\t\t\t\t\t\t\t\t\t\t\t\t\t\t<img decoding=\"async\" width=\"150\" height=\"150\" src=\"https:\/\/www.archspm.org\/wp-content\/uploads\/2025\/07\/Archbishop-Hebda_sm-e1752783360797-150x150.jpg\" class=\"attachment-thumbnail size-thumbnail wp-image-9864\" alt=\"\" srcset=\"https:\/\/www.archspm.org\/wp-content\/uploads\/2025\/07\/Archbishop-Hebda_sm-e1752783360797-150x150.jpg 150w, https:\/\/www.archspm.org\/wp-content\/uploads\/2025\/07\/Archbishop-Hebda_sm-e1752783360797-300x300.jpg 300w, https:\/\/www.archspm.org\/wp-content\/uploads\/2025\/07\/Archbishop-Hebda_sm-e1752783360797-768x768.jpg 768w, https:\/\/www.archspm.org\/wp-content\/uploads\/2025\/07\/Archbishop-Hebda_sm-e1752783360797-12x12.jpg 12w, https:\/\/www.archspm.org\/wp-content\/uploads\/2025\/07\/Archbishop-Hebda_sm-e1752783360797-400x400.jpg 400w, https:\/\/www.archspm.org\/wp-content\/uploads\/2025\/07\/Archbishop-Hebda_sm-e1752783360797-600x600.jpg 600w, https:\/\/www.archspm.org\/wp-content\/uploads\/2025\/07\/Archbishop-Hebda_sm-e1752783360797.jpg 858w\" sizes=\"(max-width: 150px) 100vw, 150px\" \/>\t\t\t\t\t\t\t\t\t\t\t\t\t\t\t<\/div>\n\t\t\t\t<\/div>\n\t\t<div class=\"elementor-element elementor-element-a7063d5 e-con-full e-flex e-con e-child\" data-id=\"a7063d5\" data-element_type=\"container\" data-e-type=\"container\" data-settings=\"{&quot;jet_parallax_layout_list&quot;:[]}\">\n\t\t\t\t<div class=\"elementor-element elementor-element-776d685 elementor-widget elementor-widget-text-editor\" data-id=\"776d685\" data-element_type=\"widget\" data-e-type=\"widget\" data-widget_type=\"text-editor.default\">\n\t\t\t\t\t\t\t\t\t<h2 style=\"text-align: left;\"><span style=\"color: #c39519;\"><strong><a style=\"color: #c39519;\" href=\"https:\/\/www.archspm.org\/es\/togetheronthejourney\/\">\u00a1Suscr\u00edbase a Juntos en el viaje del arzobispo Hebda!<\/a><\/strong><\/span><\/h2><p><span class=\"ui-provider en ccw bzq ccx ccy ccz cda cdb cdc cdd cde cdf cdg cdh cdi cdj cdk cdl cdm cdn cdo cdp cdq cdr cds cdt cdu cdv cdw cdx cdy cdz cea ceb cec\" dir=\"ltr\" style=\"color: #ffffff;\"> Reciba un v\u00eddeo mensual y actualizaciones semanales del arzobispo Bernard Hebda. <span style=\"text-decoration: underline;\"><strong><a class=\"fui-Link ___1eya986 f3rmtva f1ewtqcl fyind8e f1k6fduh f1w7gpdv fk6fouc fjoy568 figsok6 f1hu3pq6 f11qmguv f19f4twv f1tyq0we f1g0x7ka fhxju0i f1qch9an f1cnd47f fqv5qza f1vmzxwi f1o700av f13mvf36 f1cmlufx f9n3di6 f1ids18y f1tx3yz7 f1deo86v f1eh06m1 f1iescvh fhgqx19 f1olyrje f1p93eir f1nev41a f1h8hb77 f1x7u7e9 f10aw75t fsle3fq f17ae5zn\" style=\"color: #ffffff; text-decoration: underline;\" title=\"https:\/\/www.archspm.org\/togetheronthejourney\" href=\"https:\/\/www.archspm.org\/es\/togetheronthejourney\/\" target=\"_blank\" rel=\"noreferrer noopener\" aria-label=\"Enlace \u00a1Inscr\u00edbete aqu\u00ed!\">Inscr\u00edbete aqu\u00ed<\/a><\/strong><\/span><\/span><\/p>\t\t\t\t\t\t\t\t<\/div>\n\t\t\t\t<\/div>\n\t\t\t\t<\/div>\n\t\t\t\t\t<\/div>\n\t\t\t\t<\/div>\n\t\t<div class=\"elementor-element elementor-element-43b5a06 e-flex e-con-boxed e-con e-parent\" data-id=\"43b5a06\" data-element_type=\"container\" data-e-type=\"container\" data-settings=\"{&quot;jet_parallax_layout_list&quot;:[]}\">\n\t\t\t\t\t<div class=\"e-con-inner\">\n\t\t\t\t\t<\/div>\n\t\t\t\t<\/div>\n\t\t\t\t<\/div>","protected":false},"excerpt":{"rendered":"<p>\u201cIf you\u2019re too busy to pray\u2026you\u2019re too busy.\u201d Mother Teresa It&#8217;s so important, as we prepare our hearts during Advent, to make time for prayer. These beautiful prayers will help even the busiest among us make prayer a priority. Advent Prayer and Reflection for Busy Households Week 1 Week 2 Week 3 Week 4 Prayers [&hellip;]<\/p>\n","protected":false},"author":2,"featured_media":0,"parent":0,"menu_order":0,"comment_status":"closed","ping_status":"closed","template":"","meta":{"footnotes":""},"class_list":["post-1529","page","type-page","status-publish","hentry"],"_links":{"self":[{"href":"https:\/\/www.archspm.org\/es\/wp-json\/wp\/v2\/pages\/1529","targetHints":{"allow":["GET"]}}],"collection":[{"href":"https:\/\/www.archspm.org\/es\/wp-json\/wp\/v2\/pages"}],"about":[{"href":"https:\/\/www.archspm.org\/es\/wp-json\/wp\/v2\/types\/page"}],"author":[{"embeddable":true,"href":"https:\/\/www.archspm.org\/es\/wp-json\/wp\/v2\/users\/2"}],"replies":[{"embeddable":true,"href":"https:\/\/www.archspm.org\/es\/wp-json\/wp\/v2\/comments?post=1529"}],"version-history":[{"count":0,"href":"https:\/\/www.archspm.org\/es\/wp-json\/wp\/v2\/pages\/1529\/revisions"}],"wp:attachment":[{"href":"https:\/\/www.archspm.org\/es\/wp-json\/wp\/v2\/media?parent=1529"}],"curies":[{"name":"wp","href":"https:\/\/api.w.org\/{rel}","templated":true}]}}