{"id":1542,"date":"2022-04-14T04:10:16","date_gmt":"2022-04-14T08:10:16","guid":{"rendered":"https:\/\/www.archspm.org\/seeking-truth-together\/"},"modified":"2025-04-30T13:47:24","modified_gmt":"2025-04-30T17:47:24","slug":"seeking-truth-together","status":"publish","type":"page","link":"https:\/\/www.archspm.org\/es\/seeking-truth-together\/","title":{"rendered":"Juntos en busca de la verdad: Afrontar la historia de los internados indios"},"content":{"rendered":"<div data-elementor-type=\"wp-page\" data-elementor-id=\"1542\" class=\"elementor elementor-1542\" data-elementor-post-type=\"page\">\n\t\t\t\t<div class=\"elementor-element elementor-element-38c476af e-flex e-con-boxed e-con e-parent\" data-id=\"38c476af\" data-element_type=\"container\" data-e-type=\"container\" data-settings=\"{&quot;jet_parallax_layout_list&quot;:[]}\">\n\t\t\t\t\t<div class=\"e-con-inner\">\n\t\t\t\t<div class=\"elementor-element elementor-element-1c7c0d60 elementor-widget elementor-widget-text-editor\" data-id=\"1c7c0d60\" data-element_type=\"widget\" data-e-type=\"widget\" data-widget_type=\"text-editor.default\">\n\t\t\t\t\t\t\t\t\t<p>La Arquidi\u00f3cesis se compromete a colaborar de manera transparente con las comunidades ind\u00edgenas americanas, en busca de la verdad sobre la dolorosa historia de los internados ind\u00edgenas. Agradecemos a los sobrevivientes de los internados ind\u00edgenas y a sus descendientes por haber compartido sus historias, as\u00ed como a las comunidades ind\u00edgenas americanas que buscan la verdad y la justicia para sus seres queridos.<\/p><p>Leer un <a href=\"https:\/\/www.archspm.org\/es\/indian-boarding-school-report\/\">Declaraci\u00f3n del arzobispo Hebda<\/a> en relaci\u00f3n con el informe de la Iniciativa Federal sobre los Internados Ind\u00edgenas publicado el 11 de mayo de 2022.<\/p><p>La revista \u00abThe Catholic Spirit\u00bb public\u00f3 varios art\u00edculos en los que se analizaba el papel de la Iglesia en esta tr\u00e1gica \u00e9poca:<\/p><ul><li><a href=\"https:\/\/thecatholicspirit.com\/news\/local-news\/local-event-aims-to-foster-understanding-of-native-american-boarding-school-harms\/\" target=\"_blank\" rel=\"noopener\">Un evento local tiene como objetivo fomentar la comprensi\u00f3n de los da\u00f1os causados por los internados para ind\u00edgenas americanos<\/a><\/li><li><a href=\"https:\/\/thecatholicspirit.com\/digital-edition\/digital-edition-july-27-2023\/\" target=\"_blank\" rel=\"noopener\">Ind\u00edgenas y cat\u00f3licos: la gente se re\u00fane en la Conferencia de Tekakwitha para honrar la cultura y la fe<\/a><\/li><li><a href=\"https:\/\/eva.us\/acffe937\" target=\"_blank\" rel=\"noopener\">El arzobispo Hebda acoge con tristeza el informe sobre los internados ind\u00edgenas y ofrece una disculpa<\/a><\/li><li><a href=\"https:\/\/thecatholicspirit.com\/news\/local-news\/archdiocese-ran-rural-indian-boarding-school-from-1884-1892\/\" target=\"_blank\" rel=\"noopener\">La archidi\u00f3cesis dirigi\u00f3 un internado rural para ind\u00edgenas entre 1884 y 1892<\/a><\/li><li><a href=\"https:\/\/thecatholicspirit.com\/news\/local-news\/troubling-past-the-churchs-role-in-americas-indian-boarding-school-era\/\" target=\"_blank\" rel=\"noopener\">Un pasado inquietante: el papel de la Iglesia en la \u00e9poca de los internados ind\u00edgenas en Estados Unidos\u00a0<\/a><\/li><\/ul><p>En noviembre de 2022, <a href=\"https:\/\/www.cctwincities.org\/voice-podcast-indigenous-ministry-catholic-social-teaching\/\" target=\"_blank\" rel=\"noopener\">Shawn Phillips<\/a>\u00a0habl\u00f3 en \u00abVoice: A Catholic Charities Podcast\u00bb sobre su labor pastoral en nuestras comunidades ind\u00edgenas, la importancia de conocer nuestras historias interconectadas y c\u00f3mo esta labor puede entenderse en el contexto de la doctrina social de la Iglesia.<\/p><p>En abril de 2022, <a href=\"https:\/\/archspmmainsite.s3.amazonaws.com\/Practicing+Catholic\/%2BBAH+Boarding+Schools+Segment.mp3\" target=\"_blank\" rel=\"noopener\">El arzobispo Hebda intervino en el programa \u00abPracticing Catholic\u00bb<\/a> sobre la tr\u00e1gica historia de los internados ind\u00edgenas, y <a href=\"https:\/\/anchor.fm\/practicing-catholic-show\/episodes\/Allison-Spies--Maria-Wiering-A-History-of-Indian-Boarding-Schools-in-Minnesota-e1hl2ob\/a-a7qeghv\" target=\"_blank\" rel=\"noopener\">Allison Spies, archivista de la archidi\u00f3cesis<\/a> ofreci\u00f3 m\u00e1s detalles en un programa posterior celebrado ese mismo mes...<\/p><p>En diciembre de 2021, <a href=\"https:\/\/thecatholicspirit.com\/news\/local-news\/bishops-meet-with-tribal-leaders-to-explore-churchs-role-in-indian-boarding-school-history\/\" target=\"_blank\" rel=\"noopener\">Los obispos de Minnesota se reunieron con los l\u00edderes tribales locales<\/a> para analizar el papel de la Iglesia en la historia de los internados ind\u00edgenas, y <a href=\"https:\/\/thecatholicspirit.com\/news\/nation-and-world\/canadian-indigenous-give-pope-moccasins-ask-him-to-walk-with-them\/\" target=\"_blank\" rel=\"noopener\">El papa Francisco se reuni\u00f3 con ind\u00edgenas canadienses<\/a> sobre este tema.<\/p><p>Salt &amp; Light TV produjo un documental sobre este tema, <a href=\"https:\/\/slmedia.org\/s\/yrvNh5bq\/walking-together\" target=\"_blank\" rel=\"noopener\">Caminando juntos<\/a>.<\/p><p><span class=\"NormalTextRun SCXW225339493 BCX0\">Por favor, recen por todos\u00a0<\/span><span class=\"NormalTextRun SCXW225339493 BCX0\">Comunidades ind\u00edgenas americanas<\/span><span class=\"NormalTextRun SCXW225339493 BCX0\"> en estos momentos dif\u00edciles. <\/span>Encuentra novedades sobre este trabajo en <a href=\"http:\/\/www.thecatholicspirit.com\/\" target=\"_blank\" rel=\"noopener\">El esp\u00edritu cat\u00f3lico<\/a>.<\/p>\t\t\t\t\t\t\t\t<\/div>\n\t\t\t\t\t<\/div>\n\t\t\t\t<\/div>\n\t\t\t\t<\/div>","protected":false},"excerpt":{"rendered":"<p>The Archdiocese is committed to working transparently with American Indian communities, seeking the truth about the painful history of Indian boarding schools. We are grateful to survivors of Indian boarding schools and their descendants who have shared their stories, and the American Indian communities that are seeking truth and justice for their loved ones. Read [&hellip;]<\/p>\n","protected":false},"author":2,"featured_media":8305,"parent":0,"menu_order":0,"comment_status":"closed","ping_status":"closed","template":"","meta":{"footnotes":""},"class_list":["post-1542","page","type-page","status-publish","has-post-thumbnail","hentry"],"_links":{"self":[{"href":"https:\/\/www.archspm.org\/es\/wp-json\/wp\/v2\/pages\/1542","targetHints":{"allow":["GET"]}}],"collection":[{"href":"https:\/\/www.archspm.org\/es\/wp-json\/wp\/v2\/pages"}],"about":[{"href":"https:\/\/www.archspm.org\/es\/wp-json\/wp\/v2\/types\/page"}],"author":[{"embeddable":true,"href":"https:\/\/www.archspm.org\/es\/wp-json\/wp\/v2\/users\/2"}],"replies":[{"embeddable":true,"href":"https:\/\/www.archspm.org\/es\/wp-json\/wp\/v2\/comments?post=1542"}],"version-history":[{"count":0,"href":"https:\/\/www.archspm.org\/es\/wp-json\/wp\/v2\/pages\/1542\/revisions"}],"wp:featuredmedia":[{"embeddable":true,"href":"https:\/\/www.archspm.org\/es\/wp-json\/wp\/v2\/media\/8305"}],"wp:attachment":[{"href":"https:\/\/www.archspm.org\/es\/wp-json\/wp\/v2\/media?parent=1542"}],"curies":[{"name":"wp","href":"https:\/\/api.w.org\/{rel}","templated":true}]}}