{"id":1547,"date":"2022-06-17T18:22:58","date_gmt":"2022-06-17T22:22:58","guid":{"rendered":"https:\/\/www.archspm.org\/eucharisticrevival\/"},"modified":"2025-02-06T15:45:30","modified_gmt":"2025-02-06T20:45:30","slug":"eucharisticrevival","status":"publish","type":"page","link":"https:\/\/www.archspm.org\/es\/eucharisticrevival\/","title":{"rendered":"Reavivamiento eucar\u00edstico nacional"},"content":{"rendered":"<h2><span data-contrast=\"auto\">Caminar con uno<\/span><\/h2>\n<p>En el tercer a\u00f1o del Avivamiento Eucar\u00edstico, el A\u00f1o de la Misi\u00f3n, los cat\u00f3licos de Estados Unidos estamos llamados a abrazar nuestras ra\u00edces apost\u00f3licas y, equipados por el Esp\u00edritu Santo, salir a difundir la Buena Nueva. Pero esto no significa necesariamente ir a tierras extranjeras o incluso de puerta en puerta. La iniciativa \"Camina con uno\" nos invita a reflexionar sobre una persona a la que acompa\u00f1amos y ayudamos a llegar a Jes\u00fas. Encontrar\u00e1s una gu\u00eda sencilla y recursos en <a href=\"https:\/\/www.eucharisticrevival.org\/walk-with-one\" target=\"_blank\" rel=\"noopener\">P\u00e1gina web del Reavivamiento Eucar\u00edstico Nacional<\/a>.<\/p>\n<p>Para los grupos peque\u00f1os del Sistema de C\u00e9lulas de Evangelizaci\u00f3n Parroquial (PECS), esto es perfecto para <em>oikos<\/em> evangelizaci\u00f3n.<\/p>\n<p>\u00bfNo est\u00e1 seguro de c\u00f3mo compartir su propia historia de fe con los dem\u00e1s? Consulte esta gu\u00eda sobre c\u00f3mo dar un testimonio, disponible en <a href=\"https:\/\/national-eucharistic-revival.s3.amazonaws.com\/%5BENGLISH%5D+Walk+With+One+Testimony+Guide.pdf?_hsenc=p2ANqtz-_BTNQn5eEG7dk1hlpWh03QSUDwM4B9uZOTw83Zm6cm9gkXCyDLA-k7g9686uM39C-y16Txz-MQsI_iHNbWLsAY40iXYA&amp;_hsmi=330323469\" target=\"_blank\" rel=\"noopener\">Ingl\u00e9s<\/a>, <a href=\"https:\/\/national-eucharistic-revival.s3.amazonaws.com\/%5BSPANISH%5D+Walk+With+One+Testimony+Guide.pdf?_hsenc=p2ANqtz-829wuA7YWzIDpUMPX-iLVu1X4DfYwS8u3AXd_wnulnEC6vzWHpyfpehUB1LfS12H-hZU9CaQPJ5QkHBy9_M5kGyOpA8A&amp;_hsmi=330323469\" target=\"_blank\" rel=\"noopener\">Espa\u00f1ol<\/a> y <a href=\"https:\/\/national-eucharistic-revival.s3.amazonaws.com\/%5BVIETNAMESE%5D+Walk+With+One+Testimony+Guide.pdf?_hsenc=p2ANqtz-_6eCYTpB6b9yxRlcti49P8qUL1E5eV66UZ_irSqvhMX1Ubxa_4IoQj2QnbTNRxb1Jc52IJxNFxgrIC_W_QldbFygCT5Q&amp;_hsmi=330323469\" target=\"_blank\" rel=\"noopener\">Vietnamita<\/a>.<\/p>\n<h2><span data-contrast=\"auto\">Reviva el Congreso Eucar\u00edstico Nacional<\/span><\/h2>\n<p>En julio de 2024 se celebr\u00f3 en Indian\u00e1polis el primer Congreso Eucar\u00edstico Nacional en 83 a\u00f1os. Lea la cobertura en <a href=\"https:\/\/thecatholicspirit.com\/?s=national+eucharistic+congress\" target=\"_blank\" rel=\"noopener\">El esp\u00edritu cat\u00f3lico<\/a> y ver las sesiones en el\u00a0<a href=\"https:\/\/nam12.safelinks.protection.outlook.com\/?url=https%3A%2F%2Femail-mg.flocknote.com%2Fc%2FeJwUy0uSgyAQANDTwNKiP6Rl0YvZeA-mxWhNlBSY8fop9-_NKkAo7IuCIDAyBfGryhJ_YyYgWcCELRvOyGUc48OkIPlNMSAHgYSAMcgwJuMIC9gjlTEROQ7Lq9rfUc8yWN39S9fzfHdHPw4nh9N1XUP52Jrb1s_NrB7PVnofans6nPz9tllRMDGB-KZ73j8tH45Dbrb2935T_6_4DQAA___i7Tp8&amp;data=05%7C02%7Cmamuran%40archspm.org%7C0f51b6bfdfac48404cc708dca83945dc%7C47c9aa65109c428c9d7c254107f6552a%7C0%7C0%7C638570211152558855%7CUnknown%7CTWFpbGZsb3d8eyJWIjoiMC4wLjAwMDAiLCJQIjoiV2luMzIiLCJBTiI6Ik1haWwiLCJXVCI6Mn0%3D%7C0%7C%7C%7C&amp;sdata=yLF5vpWwsOvnuvf0uvLAdspPsuUXhAjp%2BEdgM59XMLI%3D&amp;reserved=0\" target=\"_blank\" rel=\"noopener\">P\u00e1gina web del Congreso Eucar\u00edstico Nacional<\/a>.<\/p>\n<p><strong>Mant\u00e9n el renacimiento con <a href=\"https:\/\/www.archspm.org\/es\/year2\/\">A\u00f1o 2: La Misa<\/a>!<\/strong> Descubra c\u00f3mo nuestra iglesia local est\u00e1 colocando un <a href=\"https:\/\/www.archspm.org\/es\/year2\/\">especial atenci\u00f3n a la misa<\/a>especialmente la Eucarist\u00eda, en respuesta a la declaraci\u00f3n del arzobispo Hebda <a href=\"https:\/\/www.archspm.org\/es\/synodletter\/\">carta pastoral<\/a>.<\/p>\n<h2>Sobre el renacimiento eucar\u00edstico<\/h2>\n<p>Esc\u00e1ndalo, divisi\u00f3n, enfermedad, duda. La Iglesia ha resistido a cada uno de ellos a lo largo de nuestra historia humana. Pero hoy nos enfrentamos a todos ellos, todos a la vez. Nuestra respuesta en este momento es crucial.<\/p>\n<p>En medio de estas olas rugientes,\u00a0<span class=\"text-span-11\">Jes\u00fas est\u00e1 presente<\/span>El nos recuerda que \u00c9l es m\u00e1s poderoso que la tempestad. \u00c9l desea sanar, renovar y unificar a la Iglesia y al mundo.<\/p>\n<p>\u00bfC\u00f3mo lo har\u00e1? Uni\u00e9ndonos de nuevo en torno a la fuente y cumbre de nuestra fe: la Sagrada Eucarist\u00eda. El Avivamiento Eucar\u00edstico Nacional es la respuesta alegre, expectante y popular de toda la Iglesia cat\u00f3lica de Estados Unidos a esta invitaci\u00f3n divina.<\/p>\n<h1 style=\"text-align: center;\">Participe en el renacimiento<\/h1>\n<h3 style=\"text-align: left;\">A\u00f1o 2: La Misa<\/h3>\n<p>Profundiza tu experiencia de la Misa y tu relaci\u00f3n con Jes\u00fas en la Eucarist\u00eda. <a href=\"https:\/\/www.archspm.org\/es\/synod\/\" target=\"_blank\" rel=\"noopener\">Seguir leyendo<\/a>.<\/p>\n<h3 style=\"text-align: left;\">Reavivamiento eucar\u00edstico nacional<\/h3>\n<p>Encuentra maneras de rezar, aprender y guiar a tu comunidad parroquial al encuentro con Cristo. <a href=\"https:\/\/www.eucharisticrevival.org\/\" target=\"_blank\" rel=\"noopener\">M\u00e1s informaci\u00f3n<\/a>.<\/p>","protected":false},"excerpt":{"rendered":"<p>Walk With One In year 3 of the Eucharistic Revival, the Year of Mission, Catholics across the U.S. are called to embrace our apostolic roots and, equipped by the Holy Spirit, go out and spread the Good News. But this doesn&#8217;t necessarily mean going to foreign lands or even door-to-door. The Walk With One initiative [&hellip;]<\/p>\n","protected":false},"author":2,"featured_media":5693,"parent":0,"menu_order":0,"comment_status":"closed","ping_status":"closed","template":"","meta":{"footnotes":""},"class_list":["post-1547","page","type-page","status-publish","has-post-thumbnail","hentry"],"_links":{"self":[{"href":"https:\/\/www.archspm.org\/es\/wp-json\/wp\/v2\/pages\/1547","targetHints":{"allow":["GET"]}}],"collection":[{"href":"https:\/\/www.archspm.org\/es\/wp-json\/wp\/v2\/pages"}],"about":[{"href":"https:\/\/www.archspm.org\/es\/wp-json\/wp\/v2\/types\/page"}],"author":[{"embeddable":true,"href":"https:\/\/www.archspm.org\/es\/wp-json\/wp\/v2\/users\/2"}],"replies":[{"embeddable":true,"href":"https:\/\/www.archspm.org\/es\/wp-json\/wp\/v2\/comments?post=1547"}],"version-history":[{"count":0,"href":"https:\/\/www.archspm.org\/es\/wp-json\/wp\/v2\/pages\/1547\/revisions"}],"wp:featuredmedia":[{"embeddable":true,"href":"https:\/\/www.archspm.org\/es\/wp-json\/wp\/v2\/media\/5693"}],"wp:attachment":[{"href":"https:\/\/www.archspm.org\/es\/wp-json\/wp\/v2\/media?parent=1547"}],"curies":[{"name":"wp","href":"https:\/\/api.w.org\/{rel}","templated":true}]}}