{"id":1548,"date":"2022-07-11T19:36:35","date_gmt":"2022-07-11T23:36:35","guid":{"rendered":"https:\/\/www.archspm.org\/archdiocese-of-saint-paul-and-minneapolis-print-directory\/"},"modified":"2026-03-31T10:29:46","modified_gmt":"2026-03-31T14:29:46","slug":"archdiocese-of-saint-paul-and-minneapolis-print-directory","status":"publish","type":"page","link":"https:\/\/www.archspm.org\/es\/archdiocese-of-saint-paul-and-minneapolis-print-directory\/","title":{"rendered":"Arquidi\u00f3cesis de Saint Paul y Minneapolis Directorio impreso"},"content":{"rendered":"<div data-elementor-type=\"wp-page\" data-elementor-id=\"1548\" class=\"elementor elementor-1548\" data-elementor-post-type=\"page\">\n\t\t\t\t<div class=\"elementor-element elementor-element-481cb601 e-con-full e-flex e-con e-parent\" data-id=\"481cb601\" data-element_type=\"container\" data-e-type=\"container\" data-settings=\"{&quot;jet_parallax_layout_list&quot;:[]}\">\n\t\t\t\t<div class=\"elementor-element elementor-element-5c8c9d93 elementor-widget elementor-widget-text-editor\" data-id=\"5c8c9d93\" data-element_type=\"widget\" data-e-type=\"widget\" data-widget_type=\"text-editor.default\">\n\t\t\t\t\t\t\t\t\t<p><strong>El directorio de 2026 se encuentra en fase de producci\u00f3n y se prev\u00e9 que entre en imprenta a finales de abril.<\/strong><\/p><p><strong>\u00bfDesea actualizar su perfil en el directorio de 2027? <\/strong>Correo electr\u00f3nico <a href=\"mailto:directory@archspm.org\">directory@archspm.org<\/a><\/p><p>Nota: La informaci\u00f3n sobre las parroquias, las escuelas y el clero se extrae de nuestra base de datos arquidiocesana. Por favor, p\u00f3ngase en contacto con <a href=\"mailto:records@archspm.org\">records@archspm.org<\/a> para actualizar la informaci\u00f3n en nuestro sistema.<\/p><p><strong><em>Un agradecimiento especial a nuestros anunciantes:<\/em><\/strong><\/p><ul><li>Emmaus Partners (antes Catholic Finance Corporation)<\/li><li>Krause Konstruction<\/li><li>Empresa de Restauraci\u00f3n de Edificios<\/li><li>Conrad Schmitt Studios, Inc.<\/li><li>Las comunidades para personas mayores de Glenn Catholic<\/li><li>Langer Construction<\/li><\/ul><p><strong>\u00bfLe gustar\u00eda anunciarse en el directorio de 2027?<\/strong><\/p><p>Llame al 651-291-4444 o\u00a0<a href=\"mailto:tcsadvertising@archspm.org\">tcsadvertising@archspm.org<\/a>.<\/p><p><strong><em>Gracias por seguir apoyando al arzobispo Hebda en su ministerio apost\u00f3lico <\/em><\/strong><strong><em>para cumplir nuestra misi\u00f3n: \u00a1Enviados por el Esp\u00edritu Santo para dar a conocer y hacer amar a Jes\u00fas!<\/em><\/strong><strong>\u00a0<\/strong><\/p><p><strong><em>Nota: El Directorio Cat\u00f3lico de Minnesota en l\u00ednea ya no est\u00e1 disponible. Para encontrar una lista en l\u00ednea de las parroquias de la Arquidi\u00f3cesis, visite nuestro <a href=\"https:\/\/www.archspm.org\/es\/locations\/?q=&amp;rad=Any&amp;type%5B%5D=3479\">Buscar una parroquia<\/a>.<\/em><\/strong><\/p>\t\t\t\t\t\t\t\t<\/div>\n\t\t\t\t<\/div>\n\t\t\t\t<\/div>","protected":false},"excerpt":{"rendered":"<p>The 2026 directory is in production and is anticipated to go to print by the end of April. Seeking to update your listing in the 2027 directory? Email directory@archspm.org Note: Parish, school, and clergy information is pulled from our Archdiocesan database. Please contact records@archspm.org to update information in our system. Special thank you to our [&hellip;]<\/p>\n","protected":false},"author":2,"featured_media":7571,"parent":0,"menu_order":0,"comment_status":"closed","ping_status":"closed","template":"","meta":{"footnotes":""},"class_list":["post-1548","page","type-page","status-publish","has-post-thumbnail","hentry"],"_links":{"self":[{"href":"https:\/\/www.archspm.org\/es\/wp-json\/wp\/v2\/pages\/1548","targetHints":{"allow":["GET"]}}],"collection":[{"href":"https:\/\/www.archspm.org\/es\/wp-json\/wp\/v2\/pages"}],"about":[{"href":"https:\/\/www.archspm.org\/es\/wp-json\/wp\/v2\/types\/page"}],"author":[{"embeddable":true,"href":"https:\/\/www.archspm.org\/es\/wp-json\/wp\/v2\/users\/2"}],"replies":[{"embeddable":true,"href":"https:\/\/www.archspm.org\/es\/wp-json\/wp\/v2\/comments?post=1548"}],"version-history":[{"count":5,"href":"https:\/\/www.archspm.org\/es\/wp-json\/wp\/v2\/pages\/1548\/revisions"}],"predecessor-version":[{"id":14836,"href":"https:\/\/www.archspm.org\/es\/wp-json\/wp\/v2\/pages\/1548\/revisions\/14836"}],"wp:featuredmedia":[{"embeddable":true,"href":"https:\/\/www.archspm.org\/es\/wp-json\/wp\/v2\/media\/7571"}],"wp:attachment":[{"href":"https:\/\/www.archspm.org\/es\/wp-json\/wp\/v2\/media?parent=1548"}],"curies":[{"name":"wp","href":"https:\/\/api.w.org\/{rel}","templated":true}]}}