{"id":1549,"date":"2022-07-20T14:58:20","date_gmt":"2022-07-20T18:58:20","guid":{"rendered":"https:\/\/www.archspm.org\/corevalues\/"},"modified":"2025-09-18T22:36:13","modified_gmt":"2025-09-19T02:36:13","slug":"corevalues","status":"publish","type":"page","link":"https:\/\/www.archspm.org\/es\/corevalues\/","title":{"rendered":"Valores fundamentales"},"content":{"rendered":"<div data-elementor-type=\"wp-page\" data-elementor-id=\"1549\" class=\"elementor elementor-1549\" data-elementor-post-type=\"page\">\n\t\t\t\t<div class=\"elementor-element elementor-element-2fecc552 e-flex e-con-boxed e-con e-parent\" data-id=\"2fecc552\" data-element_type=\"container\" data-e-type=\"container\" data-settings=\"{&quot;jet_parallax_layout_list&quot;:[]}\">\n\t\t\t\t\t<div class=\"e-con-inner\">\n\t\t\t\t<div class=\"elementor-element elementor-element-21e068d3 elementor-widget elementor-widget-text-editor\" data-id=\"21e068d3\" data-element_type=\"widget\" data-e-type=\"widget\" data-widget_type=\"text-editor.default\">\n\t\t\t\t\t\t\t\t\t<h3><a href=\"https:\/\/archspmmainsite.s3.amazonaws.com\/Misc\/Core+Values_letter+size+(1)+(1).pdf\" target=\"_blank\" rel=\"noopener\"><img fetchpriority=\"high\" decoding=\"async\" class=\"alignright wp-image-10735 size-full\" src=\"https:\/\/www.archspm.org\/wp-content\/uploads\/2025\/09\/ACC-Core-Values.jpg\" alt=\"\" width=\"339\" height=\"438\" srcset=\"https:\/\/www.archspm.org\/wp-content\/uploads\/2025\/09\/ACC-Core-Values.jpg 339w, https:\/\/www.archspm.org\/wp-content\/uploads\/2025\/09\/ACC-Core-Values-232x300.jpg 232w, https:\/\/www.archspm.org\/wp-content\/uploads\/2025\/09\/ACC-Core-Values-9x12.jpg 9w\" sizes=\"(max-width: 339px) 100vw, 339px\" \/><\/a>Misi\u00f3n<\/h3><p>Enviados por el Esp\u00edritu Santo para dar a conocer a Jes\u00fas y hacerlo amar.<\/p><h3>Nuestros valores fundamentales<\/h3><p>El Centro Cat\u00f3lico Arquidiocesano ha adoptado estos cinco valores fundamentales como parte de los esfuerzos continuos para mejorar el servicio a esta archidi\u00f3cesis:<\/p><p><strong>CENTRADO EN CRISTO<\/strong><br \/>Modelar la humildad, el perd\u00f3n, la alegr\u00eda y el amor semejantes a los de Cristo. Aprender del Evangelio y actuar en consecuencia. Apoyar la misi\u00f3n de la Iglesia de difundir la Buena Nueva.<\/p><p><strong>RESPETO<\/strong><br \/>Honrar la dignidad que Dios ha dado a cada persona. Reconocer el talento y el buen trabajo de los dem\u00e1s. Escuchar atentamente las voces de los dem\u00e1s.<\/p><p><strong>INTEGRIDAD<\/strong><br \/>Realizar nuestro trabajo de forma responsable y cumplir nuestros compromisos. Comunicar con honestidad, valent\u00eda y caridad.<br \/>Admitir humildemente los errores y aprender de ellos.<\/p><p><strong>SERVICIO<\/strong><br \/>Anteponer las preocupaciones de los dem\u00e1s a las nuestras.<br \/>Muestra especial cuidado por los desatendidos y marginados.<br \/>Anticipar y responder con prontitud a las necesidades de las personas a las que servimos.<\/p><p><strong>STEWARDSHIP<\/strong><br \/>Rendir cuentas de todo lo que Dios nos ha confiado.<br \/>Ser modestos y creativos en el consumo de nuestros recursos.<br \/>Utilizar nuestros dones para la gloria de Dios y el mayor bien com\u00fan.<\/p><p><a href=\"https:\/\/archspmmainsite.s3.amazonaws.com\/Misc\/Core+Values_letter+size+(1)+(1).pdf\" target=\"_blank\" rel=\"noopener\">Descargar PDF<\/a><\/p>\t\t\t\t\t\t\t\t<\/div>\n\t\t\t\t\t<\/div>\n\t\t\t\t<\/div>\n\t\t\t\t<\/div>","protected":false},"excerpt":{"rendered":"<p>Mission Statement Sent forth in the Holy Spirit to make Jesus known and loved. Our Core Values The Archdiocesan Catholic Center has adopted these five core values as part of ongoing efforts to improve service to this archdiocese: CHRIST-CENTEREDModel Christ-like humility, forgiveness, joy and love. Learn from the Gospel and prayerfully act accordingly. Support the [&hellip;]<\/p>\n","protected":false},"author":2,"featured_media":0,"parent":0,"menu_order":0,"comment_status":"closed","ping_status":"closed","template":"","meta":{"footnotes":""},"class_list":["post-1549","page","type-page","status-publish","hentry"],"_links":{"self":[{"href":"https:\/\/www.archspm.org\/es\/wp-json\/wp\/v2\/pages\/1549","targetHints":{"allow":["GET"]}}],"collection":[{"href":"https:\/\/www.archspm.org\/es\/wp-json\/wp\/v2\/pages"}],"about":[{"href":"https:\/\/www.archspm.org\/es\/wp-json\/wp\/v2\/types\/page"}],"author":[{"embeddable":true,"href":"https:\/\/www.archspm.org\/es\/wp-json\/wp\/v2\/users\/2"}],"replies":[{"embeddable":true,"href":"https:\/\/www.archspm.org\/es\/wp-json\/wp\/v2\/comments?post=1549"}],"version-history":[{"count":0,"href":"https:\/\/www.archspm.org\/es\/wp-json\/wp\/v2\/pages\/1549\/revisions"}],"wp:attachment":[{"href":"https:\/\/www.archspm.org\/es\/wp-json\/wp\/v2\/media?parent=1549"}],"curies":[{"name":"wp","href":"https:\/\/api.w.org\/{rel}","templated":true}]}}