{"id":1555,"date":"2022-11-18T19:41:00","date_gmt":"2022-11-19T00:41:00","guid":{"rendered":"https:\/\/www.archspm.org\/archdiocesan-marriage-preparation-policies\/"},"modified":"2025-11-04T14:16:37","modified_gmt":"2025-11-04T19:16:37","slug":"archdiocesan-marriage-preparation-policies","status":"publish","type":"page","link":"https:\/\/www.archspm.org\/es\/archdiocesan-marriage-preparation-policies\/","title":{"rendered":"Pol\u00edticas arquidiocesanas de preparaci\u00f3n al matrimonio"},"content":{"rendered":"<div data-elementor-type=\"wp-page\" data-elementor-id=\"1555\" class=\"elementor elementor-1555\" data-elementor-post-type=\"page\">\n\t\t\t\t<div class=\"elementor-element elementor-element-4be136f3 e-flex e-con-boxed e-con e-parent\" data-id=\"4be136f3\" data-element_type=\"container\" data-e-type=\"container\" data-settings=\"{&quot;jet_parallax_layout_list&quot;:[]}\">\n\t\t\t\t\t<div class=\"e-con-inner\">\n\t\t\t\t<div class=\"elementor-element elementor-element-442e5944 elementor-widget elementor-widget-text-editor\" data-id=\"442e5944\" data-element_type=\"widget\" data-e-type=\"widget\" data-widget_type=\"text-editor.default\">\n\t\t\t\t\t\t\t\t\t<p>La Arquidi\u00f3cesis de Saint Paul y Minneapolis cuenta con dos documentos principales en los que se describen las pol\u00edticas relativas a la preparaci\u00f3n matrimonial. Por favor, lea las dos pol\u00edticas que figuran a continuaci\u00f3n.<\/p><p>Si tiene alguna pregunta sobre estas pol\u00edticas, p\u00f3ngase en contacto con el vicerrector <a href=\"\/es\/mcdonoughs@archspm.org\/\">Sean McDonough<\/a> al 651-291-4406. Si tiene alguna pregunta sobre el retiro de preparaci\u00f3n matrimonial de la Arquidi\u00f3cesis, p\u00f3ngase en contacto con <a href=\"\/es\/OakesR@archspm.org\/\">Renee Oakes<\/a> al 651-291-4551.<\/p><h2>Recursos<\/h2><ul><li class=\"resources_wrapper\"><a href=\"https:\/\/www.archspm.org\/es\/policies\/500-sacraments\/507-marriage-celebration-dispensations-permissions\/\">Celebraci\u00f3n, Dispensas, Permisos<\/a><\/li><li class=\"resources_wrapper\"><a href=\"https:\/\/www.archspm.org\/es\/policies\/500-sacraments\/508-marriage-preparation-procedure-requirements\/\">Procedimiento de preparaci\u00f3n y requisitos<\/a><\/li><\/ul>\t\t\t\t\t\t\t\t<\/div>\n\t\t\t\t\t<\/div>\n\t\t\t\t<\/div>\n\t\t\t\t<\/div>","protected":false},"excerpt":{"rendered":"<p>The Archdiocese of Saint Paul and Minneapolis has two main documents outlining the policies for marriage preparation. Please read the two policies below. If you have any questions about these policies, please contact Vice Chancellor Sean McDonough at 651-291-4406. If you have any questions about the Archdiocesan Marriage Preparation Retreat, please contact Renee Oakes at [&hellip;]<\/p>\n","protected":false},"author":2,"featured_media":0,"parent":0,"menu_order":0,"comment_status":"closed","ping_status":"closed","template":"","meta":{"footnotes":""},"class_list":["post-1555","page","type-page","status-publish","hentry"],"_links":{"self":[{"href":"https:\/\/www.archspm.org\/es\/wp-json\/wp\/v2\/pages\/1555","targetHints":{"allow":["GET"]}}],"collection":[{"href":"https:\/\/www.archspm.org\/es\/wp-json\/wp\/v2\/pages"}],"about":[{"href":"https:\/\/www.archspm.org\/es\/wp-json\/wp\/v2\/types\/page"}],"author":[{"embeddable":true,"href":"https:\/\/www.archspm.org\/es\/wp-json\/wp\/v2\/users\/2"}],"replies":[{"embeddable":true,"href":"https:\/\/www.archspm.org\/es\/wp-json\/wp\/v2\/comments?post=1555"}],"version-history":[{"count":0,"href":"https:\/\/www.archspm.org\/es\/wp-json\/wp\/v2\/pages\/1555\/revisions"}],"wp:attachment":[{"href":"https:\/\/www.archspm.org\/es\/wp-json\/wp\/v2\/media?parent=1555"}],"curies":[{"name":"wp","href":"https:\/\/api.w.org\/{rel}","templated":true}]}}