{"id":1563,"date":"2023-01-15T03:47:21","date_gmt":"2023-01-15T08:47:21","guid":{"rendered":"https:\/\/www.archspm.org\/pastoral-letter-podcast\/"},"modified":"2025-04-19T13:31:05","modified_gmt":"2025-04-19T17:31:05","slug":"pastoral-letter-podcast","status":"publish","type":"page","link":"https:\/\/www.archspm.org\/es\/pastoral-letter-podcast\/","title":{"rendered":"Podcast de la Carta Pastoral"},"content":{"rendered":"<div data-elementor-type=\"wp-page\" data-elementor-id=\"1563\" class=\"elementor elementor-1563\" data-elementor-post-type=\"page\">\n\t\t\t\t<div class=\"elementor-element elementor-element-41523d9c e-flex e-con-boxed e-con e-parent\" data-id=\"41523d9c\" data-element_type=\"container\" data-e-type=\"container\" data-settings=\"{&quot;jet_parallax_layout_list&quot;:[]}\">\n\t\t\t\t\t<div class=\"e-con-inner\">\n\t\t\t\t<div class=\"elementor-element elementor-element-3233ca2f elementor-widget elementor-widget-text-editor\" data-id=\"3233ca2f\" data-element_type=\"widget\" data-e-type=\"widget\" data-widget_type=\"text-editor.default\">\n\t\t\t\t\t\t\t\t\t<p>El arzobispo Bernard Hebda lee su carta pastoral, <em>Ser\u00e9is mis testigos: Reunidos y enviados desde el Cen\u00e1culo<\/em>. La carta pastoral se public\u00f3 el 20 de noviembre de 2022.<\/p><p><strong>\u00a1Esc\u00fachalo en ingl\u00e9s y en espa\u00f1ol en tu plataforma de podcasts favorita!<\/strong><\/p>\t\t\t\t\t\t\t\t<\/div>\n\t\t\t\t\t<\/div>\n\t\t\t\t<\/div>\n\t\t<div class=\"elementor-element elementor-element-67f7944 e-flex e-con-boxed e-con e-parent\" data-id=\"67f7944\" data-element_type=\"container\" data-e-type=\"container\" data-settings=\"{&quot;jet_parallax_layout_list&quot;:[]}\">\n\t\t\t\t\t<div class=\"e-con-inner\">\n\t\t<div class=\"elementor-element elementor-element-6c4eceb e-con-full e-flex e-con e-child\" data-id=\"6c4eceb\" data-element_type=\"container\" data-e-type=\"container\" data-settings=\"{&quot;jet_parallax_layout_list&quot;:[]}\">\n\t\t\t\t<div class=\"elementor-element elementor-element-a6ed862 elementor-widget elementor-widget-image\" data-id=\"a6ed862\" data-element_type=\"widget\" data-e-type=\"widget\" data-widget_type=\"image.default\">\n\t\t\t\t\t\t\t\t\t\t\t\t\t\t\t\t<a href=\"https:\/\/podcasts.apple.com\/us\/podcast\/pastoral-letter-podcast\/id1660821315\" target=\"_blank\" rel=\"noopener\">\n\t\t\t\t\t\t\t<img decoding=\"async\" width=\"300\" height=\"73\" src=\"https:\/\/www.archspm.org\/wp-content\/uploads\/2025\/04\/US_UK_Apple_Podcasts_Listen_Badge_RGB-1-300x73.jpg\" class=\"attachment-medium size-medium wp-image-7826\" alt=\"\" srcset=\"https:\/\/www.archspm.org\/wp-content\/uploads\/2025\/04\/US_UK_Apple_Podcasts_Listen_Badge_RGB-1-300x73.jpg 300w, https:\/\/www.archspm.org\/wp-content\/uploads\/2025\/04\/US_UK_Apple_Podcasts_Listen_Badge_RGB-1-18x4.jpg 18w, https:\/\/www.archspm.org\/wp-content\/uploads\/2025\/04\/US_UK_Apple_Podcasts_Listen_Badge_RGB-1.jpg 687w\" sizes=\"(max-width: 300px) 100vw, 300px\" \/>\t\t\t\t\t\t\t\t<\/a>\n\t\t\t\t\t\t\t\t\t\t\t\t\t\t\t<\/div>\n\t\t\t\t<\/div>\n\t\t<div class=\"elementor-element elementor-element-63dcd8d e-con-full e-flex e-con e-child\" data-id=\"63dcd8d\" data-element_type=\"container\" data-e-type=\"container\" data-settings=\"{&quot;jet_parallax_layout_list&quot;:[]}\">\n\t\t\t\t<div class=\"elementor-element elementor-element-b5eb787 elementor-widget elementor-widget-image\" data-id=\"b5eb787\" data-element_type=\"widget\" data-e-type=\"widget\" data-widget_type=\"image.default\">\n\t\t\t\t\t\t\t\t\t\t\t\t\t\t\t\t<a href=\"https:\/\/open.spotify.com\/show\/7CyHShEPze3VIAq0bx9FnK\" target=\"_blank\" rel=\"noopener\">\n\t\t\t\t\t\t\t<img decoding=\"async\" width=\"300\" height=\"90\" src=\"https:\/\/www.archspm.org\/wp-content\/uploads\/2025\/04\/Spotify_Logo_RGB_Green-768x231-1-300x90.png\" class=\"attachment-medium size-medium wp-image-7827\" alt=\"\" srcset=\"https:\/\/www.archspm.org\/wp-content\/uploads\/2025\/04\/Spotify_Logo_RGB_Green-768x231-1-300x90.png 300w, https:\/\/www.archspm.org\/wp-content\/uploads\/2025\/04\/Spotify_Logo_RGB_Green-768x231-1-18x5.png 18w, https:\/\/www.archspm.org\/wp-content\/uploads\/2025\/04\/Spotify_Logo_RGB_Green-768x231-1.png 768w\" sizes=\"(max-width: 300px) 100vw, 300px\" \/>\t\t\t\t\t\t\t\t<\/a>\n\t\t\t\t\t\t\t\t\t\t\t\t\t\t\t<\/div>\n\t\t\t\t<\/div>\n\t\t\t\t\t<\/div>\n\t\t\t\t<\/div>\n\t\t<div class=\"elementor-element elementor-element-9eed6d2 e-flex e-con-boxed e-con e-parent\" data-id=\"9eed6d2\" data-element_type=\"container\" data-e-type=\"container\" data-settings=\"{&quot;jet_parallax_layout_list&quot;:[]}\">\n\t\t\t\t\t<div class=\"e-con-inner\">\n\t\t\t\t<div class=\"elementor-element elementor-element-2ee82c5 elementor-widget elementor-widget-text-editor\" data-id=\"2ee82c5\" data-element_type=\"widget\" data-e-type=\"widget\" data-widget_type=\"text-editor.default\">\n\t\t\t\t\t\t\t\t\t<p>Escucha y encuentra tu plataforma de podcasts favorita en <a href=\"https:\/\/anchor.fm\/pastoral-letter-podcast\" target=\"_blank\" rel=\"noopener\">Spotify para podcasters<\/a>. \u00a1Suscr\u00edbete ahora a trav\u00e9s de tu plataforma favorita!<\/p><p>Siga la lectura de la Carta Pastoral de noviembre por parte del arzobispo, <em>Ser\u00e9is mis testigos: Reunidos y enviados desde el Cen\u00e1culo<\/em> con la versi\u00f3n en l\u00ednea en <a href=\"\/es\/synodletter\/\">Ingl\u00e9s<\/a> y <a href=\"https:\/\/www.archspm.org\/es\/ministerio-latino\/sinodo\/\">Espa\u00f1ol<\/a>.<\/p>\t\t\t\t\t\t\t\t<\/div>\n\t\t\t\t\t<\/div>\n\t\t\t\t<\/div>\n\t\t\t\t<\/div>","protected":false},"excerpt":{"rendered":"<p>Archbishop Bernard Hebda reads his pastoral letter, You Will Be My Witnesses: Gathered and Sent from the Upper Room. The pastoral letter was issued November 20, 2022. Listen in English and Spanish on your favorite podcast provider! Listen and find your favorite podcast provider on Spotify for Podcasters. Subscribe now via your preferred platform! Follow [&hellip;]<\/p>\n","protected":false},"author":2,"featured_media":6498,"parent":0,"menu_order":0,"comment_status":"closed","ping_status":"closed","template":"","meta":{"footnotes":""},"class_list":["post-1563","page","type-page","status-publish","has-post-thumbnail","hentry"],"_links":{"self":[{"href":"https:\/\/www.archspm.org\/es\/wp-json\/wp\/v2\/pages\/1563","targetHints":{"allow":["GET"]}}],"collection":[{"href":"https:\/\/www.archspm.org\/es\/wp-json\/wp\/v2\/pages"}],"about":[{"href":"https:\/\/www.archspm.org\/es\/wp-json\/wp\/v2\/types\/page"}],"author":[{"embeddable":true,"href":"https:\/\/www.archspm.org\/es\/wp-json\/wp\/v2\/users\/2"}],"replies":[{"embeddable":true,"href":"https:\/\/www.archspm.org\/es\/wp-json\/wp\/v2\/comments?post=1563"}],"version-history":[{"count":0,"href":"https:\/\/www.archspm.org\/es\/wp-json\/wp\/v2\/pages\/1563\/revisions"}],"wp:featuredmedia":[{"embeddable":true,"href":"https:\/\/www.archspm.org\/es\/wp-json\/wp\/v2\/media\/6498"}],"wp:attachment":[{"href":"https:\/\/www.archspm.org\/es\/wp-json\/wp\/v2\/media?parent=1563"}],"curies":[{"name":"wp","href":"https:\/\/api.w.org\/{rel}","templated":true}]}}